{"id":124,"date":"2023-03-18T20:45:23","date_gmt":"2023-03-18T20:45:23","guid":{"rendered":"http:\/\/www.nordwich.com\/?page_id=124"},"modified":"2023-09-16T14:25:12","modified_gmt":"2023-09-16T14:25:12","slug":"hladam-pracovnikov","status":"publish","type":"page","link":"http:\/\/www.nordwich.com\/bs\/agentura\/hladam-pracovnikov\/","title":{"rendered":"Tra\u017eim radnike"},"content":{"rendered":"\n<p>NORDWICH spaja vi\u0161e segmenata iz oblasti ljudskih resursa u&nbsp;Slova\u010dkoj, Austriji, Nema\u010dkoj i&nbsp;na drugim tr\u017ei\u0161tima rada na teritoriji EU. NORDWICH tako\u0111e spaja vi\u0161e formi saradnje sa poslodavcima na tr\u017ei\u0161tu rada: personalna agencija, agencija za zapo\u0161ljavanje, klasi\u010dna d.o.o firma, akcionarska dru\u0161tva i&nbsp;privatnici.<\/p>\n\n\n\n<p>Na\u0161a sestrinska firma NORDWICH JOB je agencija za zapo\u0161ljavanje (ADZ). Nudimo operatore u proizvodnji, magacionere, monta\u017ene radnike i druge tipove radnika u okviru cele Slova\u010dke i \u010ce\u0161ke republike. U ponudi imamo uglavnom radnike iz Slova\u010dke i Ma\u0111arske i tre\u0107ih zemalja. Fokusiramo se na kvalitet. Pa\u017eljivo biramo podnosioca zahteva. Stopa uspe\u0161nosti zapo\u0161ljavanja na\u0161ih zaposlenih je oko 95%.<\/p>\n\n\n\n<p>Za na\u0161e ljude se kvalitetno brinemo (kavlitetan sme\u0161taj, po\u0161ten pristup, akontacije, BOZP). Iz tog razloga imamo jednu od nanji\u017eih fluktacija na na tr\u017ei\u0161tu rada.<\/p>\n\n\n\n<p>Sva na\u0161a dokumenta i&nbsp;procedure su u&nbsp;skladu sa zakonskim standardima o&nbsp;radu.<\/p>\n\n\n\n<p><strong>Nudimo:<\/strong><\/p>\n\n\n\n<ul class=\"wp-block-list\">\n<li>Usluge agencije za zapo\u0161ljavanje (ADZ, iznajmljivanje radnika) u&nbsp;celoj \u010cR, SR i&nbsp;EU<\/li>\n\n\n\n<li>Krizno obezbe\u0111ivanje proizvodnje-isporuka radnika do 24h, obezbe\u0111ivanje koordinacije proizvodnje, garantovanje broja radnika<\/li>\n\n\n\n<li>Usluge personalne agencije<\/li>\n\n\n\n<li>Ostale usluge pru\u017ea na\u0161a sestrinska firma NORDWICH (Production, Outsourcing, Control &amp; Rework)<\/li>\n<\/ul>\n\n\n\n<p><strong>Prednost rada sa nama:<\/strong><\/p>\n\n\n\n<ul class=\"wp-block-list\">\n<li>Radnike obezbe\u0111ujemo u roku od nekoliko dana od primljene potra\u017enje<\/li>\n\n\n\n<li>Radnike mo\u017eemo da obezbedimo i na lokacije gde je tr\u017ei\u0161te rada ve\u0107 popunjeno<\/li>\n\n\n\n<li>Obezbe\u0111ujemo radnike sa kojima se razumete na Slova\u010dkom jeziku<\/li>\n\n\n\n<li>Sve obra\u010dune zarade, administraciju vodimo mi \u2013 vi samo upravljate kontrolom prisutnosti radnika<\/li>\n\n\n\n<li>Obavljamo sve: komunikaciju sa zaposlenima, obezbe\u0111ujemo sme\u0161taj i uvek smo u kontaktu sa njima<\/li>\n\n\n\n<li>Na\u0161i radnici imaju veoma nisku fluktaciju<\/li>\n<\/ul>\n\n\n\n<p><strong>Odeljenje u Slova\u010dkoj:<\/strong><\/p>\n\n\n\n<p>Tel.: +421\u00a0940\u00a0603\u00a0520 (viber, whatsapp)<br>Email: <a href=\"mailto:nordwich@centrum.sk\">nordwich@centrum.sk<\/a><\/p>\n","protected":false},"excerpt":{"rendered":"<p>NORDWICH spaja vi\u0161e segmenata iz oblasti ljudskih resursa u&nbsp;Slova\u010dkoj, Austriji, Nema\u010dkoj i&nbsp;na drugim tr\u017ei\u0161tima rada na teritoriji EU. NORDWICH tako\u0111e spaja vi\u0161e formi saradnje sa&hellip;<\/p>\n","protected":false},"author":1,"featured_media":0,"parent":20,"menu_order":6,"comment_status":"closed","ping_status":"closed","template":"","meta":{"footnotes":""},"class_list":["post-124","page","type-page","status-publish","hentry"],"translation":{"provider":"WPGlobus","version":"3.0.0","language":"bs","enabled_languages":["sk","bs","de"],"languages":{"sk":{"title":true,"content":true,"excerpt":false},"bs":{"title":true,"content":true,"excerpt":false},"de":{"title":true,"content":true,"excerpt":false}}},"yoast_head":"<!-- This site is optimized with the Yoast SEO plugin v26.1.1 - https:\/\/yoast.com\/wordpress\/plugins\/seo\/ -->\n<title>Tra\u017eim radnike - Nordwich<\/title>\n<meta name=\"robots\" content=\"index, follow, max-snippet:-1, max-image-preview:large, max-video-preview:-1\" \/>\n<link rel=\"canonical\" href=\"http:\/\/www.nordwich.com\/bs\/agentura\/hladam-pracovnikov\/\" \/>\n<meta property=\"og:locale\" content=\"en_US\" \/>\n<meta property=\"og:type\" content=\"article\" \/>\n<meta property=\"og:title\" content=\"Tra\u017eim radnike - Nordwich\" \/>\n<meta property=\"og:url\" content=\"http:\/\/www.nordwich.com\/bs\/agentura\/hladam-pracovnikov\/\" \/>\n<meta property=\"og:site_name\" content=\"Nordwich\" \/>\n<meta property=\"article:modified_time\" content=\"2023-09-16T14:25:12+00:00\" \/>\n<meta name=\"twitter:card\" content=\"summary_large_image\" \/>\n<meta name=\"twitter:label1\" content=\"Est. reading time\" \/>\n\t<meta name=\"twitter:data1\" content=\"2 minutes\" \/>\n<script type=\"application\/ld+json\" class=\"yoast-schema-graph\">{\"@context\":\"https:\/\/schema.org\",\"@graph\":[{\"@type\":\"WebPage\",\"@id\":\"http:\/\/www.nordwich.com\/bs\/agentura\/hladam-pracovnikov\/\",\"url\":\"http:\/\/www.nordwich.com\/bs\/agentura\/hladam-pracovnikov\/\",\"name\":\"Tra\u017eim radnike - Nordwich\",\"isPartOf\":{\"@id\":\"http:\/\/www.nordwich.com\/#website\"},\"datePublished\":\"2023-03-18T20:45:23+00:00\",\"dateModified\":\"2023-09-16T14:25:12+00:00\",\"description\":\"NORDWICH sp\u00e1ja viacero segmentov HR pr\u00e1ce, Na\u0161a sestersk\u00e1 firma NORDWIC JOB je pracovn\u00e1 agent\u00fara (ADZ).\",\"breadcrumb\":{\"@id\":\"http:\/\/www.nordwich.com\/bs\/agentura\/hladam-pracovnikov\/#breadcrumb\"},\"inLanguage\":\"yu-YU\",\"potentialAction\":[{\"@type\":\"ReadAction\",\"target\":[\"http:\/\/www.nordwich.com\/bs\/agentura\/hladam-pracovnikov\/\"]}]},{\"@type\":\"BreadcrumbList\",\"@id\":\"http:\/\/www.nordwich.com\/bs\/agentura\/hladam-pracovnikov\/#breadcrumb\",\"itemListElement\":[{\"@type\":\"ListItem\",\"position\":1,\"name\":\"Domovsk\u00e1 str\u00e1nka\",\"item\":\"http:\/\/www.nordwich.com\/\"},{\"@type\":\"ListItem\",\"position\":2,\"name\":\"Agent\u00fara\",\"item\":\"https:\/\/www.nordwich.com\/agentura\/\"},{\"@type\":\"ListItem\",\"position\":3,\"name\":\"Tra\u017eim radnike\"}]},{\"@type\":\"WebSite\",\"@id\":\"http:\/\/www.nordwich.com\/#website\",\"url\":\"http:\/\/www.nordwich.com\/\",\"name\":\"Nordwich\",\"description\":\"Personalna agencija\",\"publisher\":{\"@id\":\"http:\/\/www.nordwich.com\/#organization\"},\"potentialAction\":[{\"@type\":\"SearchAction\",\"target\":{\"@type\":\"EntryPoint\",\"urlTemplate\":\"http:\/\/www.nordwich.com\/?s={search_term_string}\"},\"query-input\":{\"@type\":\"PropertyValueSpecification\",\"valueRequired\":true,\"valueName\":\"search_term_string\"}}],\"inLanguage\":\"yu-YU\"},{\"@type\":\"Organization\",\"@id\":\"http:\/\/www.nordwich.com\/#organization\",\"name\":\"Nordwich\",\"url\":\"http:\/\/www.nordwich.com\/\",\"logo\":{\"@type\":\"ImageObject\",\"inLanguage\":\"yu-YU\",\"@id\":\"http:\/\/www.nordwich.com\/#\/schema\/logo\/image\/\",\"url\":\"http:\/\/www.nordwich.com\/wp-content\/uploads\/2026\/01\/nordwich_partners01.jpg\",\"contentUrl\":\"http:\/\/www.nordwich.com\/wp-content\/uploads\/2026\/01\/nordwich_partners01.jpg\",\"width\":1110,\"height\":329,\"caption\":\"Nordwich\"},\"image\":{\"@id\":\"http:\/\/www.nordwich.com\/#\/schema\/logo\/image\/\"}}]}<\/script>\n<!-- \/ Yoast SEO plugin. -->","yoast_head_json":{"title":"Tra\u017eim radnike - Nordwich","robots":{"index":"index","follow":"follow","max-snippet":"max-snippet:-1","max-image-preview":"max-image-preview:large","max-video-preview":"max-video-preview:-1"},"canonical":"http:\/\/www.nordwich.com\/bs\/agentura\/hladam-pracovnikov\/","og_locale":"en_US","og_type":"article","og_title":"Tra\u017eim radnike - Nordwich","og_url":"http:\/\/www.nordwich.com\/bs\/agentura\/hladam-pracovnikov\/","og_site_name":"Nordwich","article_modified_time":"2023-09-16T14:25:12+00:00","twitter_card":"summary_large_image","twitter_misc":{"Est. reading time":"2 minutes"},"schema":{"@context":"https:\/\/schema.org","@graph":[{"@type":"WebPage","@id":"http:\/\/www.nordwich.com\/bs\/agentura\/hladam-pracovnikov\/","url":"http:\/\/www.nordwich.com\/bs\/agentura\/hladam-pracovnikov\/","name":"Tra\u017eim radnike - Nordwich","isPartOf":{"@id":"http:\/\/www.nordwich.com\/#website"},"datePublished":"2023-03-18T20:45:23+00:00","dateModified":"2023-09-16T14:25:12+00:00","description":"NORDWICH sp\u00e1ja viacero segmentov HR pr\u00e1ce, Na\u0161a sestersk\u00e1 firma NORDWIC JOB je pracovn\u00e1 agent\u00fara (ADZ).","breadcrumb":{"@id":"http:\/\/www.nordwich.com\/bs\/agentura\/hladam-pracovnikov\/#breadcrumb"},"inLanguage":"yu-YU","potentialAction":[{"@type":"ReadAction","target":["http:\/\/www.nordwich.com\/bs\/agentura\/hladam-pracovnikov\/"]}]},{"@type":"BreadcrumbList","@id":"http:\/\/www.nordwich.com\/bs\/agentura\/hladam-pracovnikov\/#breadcrumb","itemListElement":[{"@type":"ListItem","position":1,"name":"Domovsk\u00e1 str\u00e1nka","item":"http:\/\/www.nordwich.com\/"},{"@type":"ListItem","position":2,"name":"Agent\u00fara","item":"https:\/\/www.nordwich.com\/agentura\/"},{"@type":"ListItem","position":3,"name":"Tra\u017eim radnike"}]},{"@type":"WebSite","@id":"http:\/\/www.nordwich.com\/#website","url":"http:\/\/www.nordwich.com\/","name":"Nordwich","description":"Personalna agencija","publisher":{"@id":"http:\/\/www.nordwich.com\/#organization"},"potentialAction":[{"@type":"SearchAction","target":{"@type":"EntryPoint","urlTemplate":"http:\/\/www.nordwich.com\/?s={search_term_string}"},"query-input":{"@type":"PropertyValueSpecification","valueRequired":true,"valueName":"search_term_string"}}],"inLanguage":"yu-YU"},{"@type":"Organization","@id":"http:\/\/www.nordwich.com\/#organization","name":"Nordwich","url":"http:\/\/www.nordwich.com\/","logo":{"@type":"ImageObject","inLanguage":"yu-YU","@id":"http:\/\/www.nordwich.com\/#\/schema\/logo\/image\/","url":"http:\/\/www.nordwich.com\/wp-content\/uploads\/2026\/01\/nordwich_partners01.jpg","contentUrl":"http:\/\/www.nordwich.com\/wp-content\/uploads\/2026\/01\/nordwich_partners01.jpg","width":1110,"height":329,"caption":"Nordwich"},"image":{"@id":"http:\/\/www.nordwich.com\/#\/schema\/logo\/image\/"}}]}},"_links":{"self":[{"href":"http:\/\/www.nordwich.com\/bs\/wp-json\/wp\/v2\/pages\/124","targetHints":{"allow":["GET"]}}],"collection":[{"href":"http:\/\/www.nordwich.com\/bs\/wp-json\/wp\/v2\/pages"}],"about":[{"href":"http:\/\/www.nordwich.com\/bs\/wp-json\/wp\/v2\/types\/page"}],"author":[{"embeddable":true,"href":"http:\/\/www.nordwich.com\/bs\/wp-json\/wp\/v2\/users\/1"}],"replies":[{"embeddable":true,"href":"http:\/\/www.nordwich.com\/bs\/wp-json\/wp\/v2\/comments?post=124"}],"version-history":[{"count":6,"href":"http:\/\/www.nordwich.com\/bs\/wp-json\/wp\/v2\/pages\/124\/revisions"}],"predecessor-version":[{"id":1036,"href":"http:\/\/www.nordwich.com\/bs\/wp-json\/wp\/v2\/pages\/124\/revisions\/1036"}],"up":[{"embeddable":true,"href":"http:\/\/www.nordwich.com\/bs\/wp-json\/wp\/v2\/pages\/20"}],"wp:attachment":[{"href":"http:\/\/www.nordwich.com\/bs\/wp-json\/wp\/v2\/media?parent=124"}],"curies":[{"name":"wp","href":"https:\/\/api.w.org\/{rel}","templated":true}]}}