{"id":126,"date":"2023-03-18T20:53:39","date_gmt":"2023-03-18T20:53:39","guid":{"rendered":"http:\/\/www.nordwich.com\/?page_id=126"},"modified":"2023-09-11T06:49:07","modified_gmt":"2023-09-11T06:49:07","slug":"hladam-pracu","status":"publish","type":"page","link":"http:\/\/www.nordwich.com\/bs\/agentura\/hladam-pracu\/","title":{"rendered":"Tra\u017eim posao"},"content":{"rendered":"\n<p>Tra\u017eite posao ili brigadu? Imamo za Vas mnogo ponuda! Kod mnogih ponuda, nudimo i mogu\u0107nost sme\u0161taja za pristupa\u010dne cene ili besplatno.<\/p>\n\n\n\n<h3 class=\"wp-block-heading\"><strong>Kako funkcioni\u0161e plasman radnih mesta preko NORDWICH-a<\/strong><\/h3>\n\n\n\n<p>Personalna agencija u dana\u0161nje vreme igra veoma veliku ulogu na tr\u017ei\u0161tu rada. Da li znate, da mnogo firmi koristi samo njene slu\u017ebe a o nekim ponudama firmi mo\u017eda nikada i ne saznate nikako druga\u010dije osim posredstvom agencije.<\/p>\n\n\n\n<p>Personalna agencija se sre\u0107e sa dve grupe klijenata \u2013 na jednoj strani su kandidati, koji tra\u017ee posao, a sa druge strane su firme, koje tra\u017ee odgovaraju\u0107e radnike za svoju firmu. U svakom slu\u010daju personalna agencija \u017eeli da obe strane budu zadovoljne. Finansijska sredstva agencija dobija od firme, kojoj nalaze nove radnike, to zna\u010di da kanidati imaju slu\u017ebe agencije besplatno.<\/p>\n\n\n\n<p><strong>Kako funkcioni\u0161e proces selekcije:<\/strong><\/p>\n\n\n\n<p>Prema specifi\u010dnim zahtevima firme koja je u potrazi za novim radnicima, NORDWICH ogla\u0161ava ponudu za posao ne samo na svom sajtu, ve\u0107 i na nekoliko specijalizovanih portala za posao. Ljudi odgovaraju na ponudu slanjem profesionalne biografije. Agencija za zapo\u0161ljavanje koristi mnoge izvore za pronala\u017eenje radnika na tr\u017ei\u0161tu rada \u2013 bilo da se radi o online medijima i dru\u0161tvenim mre\u017eama ili direktnoj potrazi.<\/p>\n\n\n\n<p>Ukoliko kandidat ispunjava zahtev poslodavca, odvija se takozvana predizborna selekcija, koja uklju\u010duje telefonski razgovor, tokom kojeg budu\u0107i poslodavac kontaktira potencijalne kadidate i u kratkom razgovoru saznaje njihove komunikacione ili jezi\u010dke ve\u0161tine. Izabrani kandidati se potom pozivaju na li\u010dni razgovor u agenciju.<\/p>\n\n\n\n<p>Od kandidata se ponekad tra\u017ei da poka\u017eu svoje sposobnosti (npr. test jezika ili psihometrijski online test, kratka prezentacija, ili u trening centru).<\/p>\n\n\n\n<p>Ukoliko kandidat poka\u017ee potrebne sposobnosti, \u0161alje se na razgovor sa poslodavcem.<\/p>\n\n\n\n<p>Pre nego \u0161to pre\u0111e intrvju, koordinator \u0107e upozoriti kandidata na stvari na koje treba paziti, posavetovati ga da pre razgovora za posao prou\u010di osnovne informacije. Nakon toga sledi realan intrvju sa poslodavcem.<\/p>\n\n\n\n<p>Posle uspe\u0161no pre\u0111enih svih faza, dolazi ponuda za podpisivanje ugovra.<\/p>\n\n\n\n<p>Sa koordinatorima na\u0161e firme su kandidati u kontaktu za vreme procesa selekcije, tako da uvek imaju aktivne informacije o procesu. U slu\u010daju da nisu pro\u0161li selekciju, informacije se jasno prenose, i obja\u0161njavaju se gre\u0161ke, koje je kandidat napravio, na koje trba u budu\u0107nosti da prazi.<\/p>\n\n\n\n<p>Kandidati bi trebali za nove radne ponude da \u0161alju iznova CV (radnu biografiju) ili da kontaktiraju svog koordinatora.<\/p>\n\n\n\n<p>Ako tra\u017eite posao, pogledajte na\u0161u ponudu stalnih poslodavaca. Ako niste sigurni, da li ima smisla tra\u017eiti posao preko agencije, <strong>pro\u010ditajte \u010dlanak 10 razloga<\/strong>, za\u0161to ptra\u017eiti poso preko personalne agencije.<\/p>\n\n\n\n<p><strong>Za\u0161to raditi kod nas?<\/strong><\/p>\n\n\n\n<ol class=\"wp-block-list\">\n<li>Fer i korektan pristup, bez skrivenih naknada, bez neispunjenih obe\u0107anja<\/li>\n\n\n\n<li>Radite 100% legalno. Pla\u0107amo sve doprinose i osiguranja<\/li>\n\n\n\n<li>Imamo ljudski pristup. Obezbe\u0111ujemo kvalitetan sme\u0161taj<\/li>\n\n\n\n<li>Osiguravamo i obezbe\u0111ujemo prevoz<\/li>\n\n\n\n<li>Radnike po\u0161tujemo i cenimo tako i komuniciramo sa njima<\/li>\n\n\n\n<li>Na\u0161im radnicima ispla\u0107ujemo akontacije na nedeljnom nivou<\/li>\n\n\n\n<li>Samostalno zaposlenima vodimo knjige i papire<\/li>\n\n\n\n<li>Uvek se trudimo da komuniciramo na va\u0161em jeziku<\/li>\n\n\n\n<li>Ispla\u0107ujemo Bo\u017ei\u0107ni bonus ako radite vi\u0161e od 8 meseci<\/li>\n\n\n\n<li>Poma\u017eemo u karijernom rastu i potrazi za povoljnijim poslovima ili novim poslodavcima<\/li>\n<\/ol>\n","protected":false},"excerpt":{"rendered":"<p>Tra\u017eite posao ili brigadu? Imamo za Vas mnogo ponuda! Kod mnogih ponuda, nudimo i mogu\u0107nost sme\u0161taja za pristupa\u010dne cene ili besplatno. Kako funkcioni\u0161e plasman radnih&hellip;<\/p>\n","protected":false},"author":1,"featured_media":0,"parent":20,"menu_order":8,"comment_status":"closed","ping_status":"closed","template":"","meta":{"footnotes":""},"class_list":["post-126","page","type-page","status-publish","hentry"],"translation":{"provider":"WPGlobus","version":"3.0.0","language":"bs","enabled_languages":["sk","bs","de"],"languages":{"sk":{"title":true,"content":true,"excerpt":false},"bs":{"title":true,"content":true,"excerpt":false},"de":{"title":true,"content":true,"excerpt":false}}},"yoast_head":"<!-- This site is optimized with the Yoast SEO plugin v26.1.1 - https:\/\/yoast.com\/wordpress\/plugins\/seo\/ -->\n<title>Tra\u017eim posao - Nordwich<\/title>\n<meta name=\"robots\" content=\"index, follow, max-snippet:-1, max-image-preview:large, max-video-preview:-1\" \/>\n<link rel=\"canonical\" href=\"http:\/\/www.nordwich.com\/bs\/agentura\/hladam-pracu\/\" \/>\n<meta property=\"og:locale\" content=\"en_US\" \/>\n<meta property=\"og:type\" content=\"article\" \/>\n<meta property=\"og:title\" content=\"Tra\u017eim posao - Nordwich\" \/>\n<meta property=\"og:url\" content=\"http:\/\/www.nordwich.com\/bs\/agentura\/hladam-pracu\/\" \/>\n<meta property=\"og:site_name\" content=\"Nordwich\" \/>\n<meta property=\"article:modified_time\" content=\"2023-09-11T06:49:07+00:00\" \/>\n<meta name=\"twitter:card\" content=\"summary_large_image\" \/>\n<meta name=\"twitter:label1\" content=\"Est. reading time\" \/>\n\t<meta name=\"twitter:data1\" content=\"4 minutes\" \/>\n<script type=\"application\/ld+json\" class=\"yoast-schema-graph\">{\"@context\":\"https:\/\/schema.org\",\"@graph\":[{\"@type\":\"WebPage\",\"@id\":\"http:\/\/www.nordwich.com\/bs\/agentura\/hladam-pracu\/\",\"url\":\"http:\/\/www.nordwich.com\/bs\/agentura\/hladam-pracu\/\",\"name\":\"Tra\u017eim posao - Nordwich\",\"isPartOf\":{\"@id\":\"http:\/\/www.nordwich.com\/#website\"},\"datePublished\":\"2023-03-18T20:53:39+00:00\",\"dateModified\":\"2023-09-11T06:49:07+00:00\",\"breadcrumb\":{\"@id\":\"http:\/\/www.nordwich.com\/bs\/agentura\/hladam-pracu\/#breadcrumb\"},\"inLanguage\":\"yu-YU\",\"potentialAction\":[{\"@type\":\"ReadAction\",\"target\":[\"http:\/\/www.nordwich.com\/bs\/agentura\/hladam-pracu\/\"]}]},{\"@type\":\"BreadcrumbList\",\"@id\":\"http:\/\/www.nordwich.com\/bs\/agentura\/hladam-pracu\/#breadcrumb\",\"itemListElement\":[{\"@type\":\"ListItem\",\"position\":1,\"name\":\"Domovsk\u00e1 str\u00e1nka\",\"item\":\"http:\/\/www.nordwich.com\/\"},{\"@type\":\"ListItem\",\"position\":2,\"name\":\"Agent\u00fara\",\"item\":\"https:\/\/www.nordwich.com\/agentura\/\"},{\"@type\":\"ListItem\",\"position\":3,\"name\":\"Tra\u017eim posao\"}]},{\"@type\":\"WebSite\",\"@id\":\"http:\/\/www.nordwich.com\/#website\",\"url\":\"http:\/\/www.nordwich.com\/\",\"name\":\"Nordwich\",\"description\":\"Personalna agencija\",\"publisher\":{\"@id\":\"http:\/\/www.nordwich.com\/#organization\"},\"potentialAction\":[{\"@type\":\"SearchAction\",\"target\":{\"@type\":\"EntryPoint\",\"urlTemplate\":\"http:\/\/www.nordwich.com\/?s={search_term_string}\"},\"query-input\":{\"@type\":\"PropertyValueSpecification\",\"valueRequired\":true,\"valueName\":\"search_term_string\"}}],\"inLanguage\":\"yu-YU\"},{\"@type\":\"Organization\",\"@id\":\"http:\/\/www.nordwich.com\/#organization\",\"name\":\"Nordwich\",\"url\":\"http:\/\/www.nordwich.com\/\",\"logo\":{\"@type\":\"ImageObject\",\"inLanguage\":\"yu-YU\",\"@id\":\"http:\/\/www.nordwich.com\/#\/schema\/logo\/image\/\",\"url\":\"http:\/\/www.nordwich.com\/wp-content\/uploads\/2026\/01\/nordwich_partners01.jpg\",\"contentUrl\":\"http:\/\/www.nordwich.com\/wp-content\/uploads\/2026\/01\/nordwich_partners01.jpg\",\"width\":1110,\"height\":329,\"caption\":\"Nordwich\"},\"image\":{\"@id\":\"http:\/\/www.nordwich.com\/#\/schema\/logo\/image\/\"}}]}<\/script>\n<!-- \/ Yoast SEO plugin. -->","yoast_head_json":{"title":"Tra\u017eim posao - Nordwich","robots":{"index":"index","follow":"follow","max-snippet":"max-snippet:-1","max-image-preview":"max-image-preview:large","max-video-preview":"max-video-preview:-1"},"canonical":"http:\/\/www.nordwich.com\/bs\/agentura\/hladam-pracu\/","og_locale":"en_US","og_type":"article","og_title":"Tra\u017eim posao - Nordwich","og_url":"http:\/\/www.nordwich.com\/bs\/agentura\/hladam-pracu\/","og_site_name":"Nordwich","article_modified_time":"2023-09-11T06:49:07+00:00","twitter_card":"summary_large_image","twitter_misc":{"Est. reading time":"4 minutes"},"schema":{"@context":"https:\/\/schema.org","@graph":[{"@type":"WebPage","@id":"http:\/\/www.nordwich.com\/bs\/agentura\/hladam-pracu\/","url":"http:\/\/www.nordwich.com\/bs\/agentura\/hladam-pracu\/","name":"Tra\u017eim posao - Nordwich","isPartOf":{"@id":"http:\/\/www.nordwich.com\/#website"},"datePublished":"2023-03-18T20:53:39+00:00","dateModified":"2023-09-11T06:49:07+00:00","breadcrumb":{"@id":"http:\/\/www.nordwich.com\/bs\/agentura\/hladam-pracu\/#breadcrumb"},"inLanguage":"yu-YU","potentialAction":[{"@type":"ReadAction","target":["http:\/\/www.nordwich.com\/bs\/agentura\/hladam-pracu\/"]}]},{"@type":"BreadcrumbList","@id":"http:\/\/www.nordwich.com\/bs\/agentura\/hladam-pracu\/#breadcrumb","itemListElement":[{"@type":"ListItem","position":1,"name":"Domovsk\u00e1 str\u00e1nka","item":"http:\/\/www.nordwich.com\/"},{"@type":"ListItem","position":2,"name":"Agent\u00fara","item":"https:\/\/www.nordwich.com\/agentura\/"},{"@type":"ListItem","position":3,"name":"Tra\u017eim posao"}]},{"@type":"WebSite","@id":"http:\/\/www.nordwich.com\/#website","url":"http:\/\/www.nordwich.com\/","name":"Nordwich","description":"Personalna agencija","publisher":{"@id":"http:\/\/www.nordwich.com\/#organization"},"potentialAction":[{"@type":"SearchAction","target":{"@type":"EntryPoint","urlTemplate":"http:\/\/www.nordwich.com\/?s={search_term_string}"},"query-input":{"@type":"PropertyValueSpecification","valueRequired":true,"valueName":"search_term_string"}}],"inLanguage":"yu-YU"},{"@type":"Organization","@id":"http:\/\/www.nordwich.com\/#organization","name":"Nordwich","url":"http:\/\/www.nordwich.com\/","logo":{"@type":"ImageObject","inLanguage":"yu-YU","@id":"http:\/\/www.nordwich.com\/#\/schema\/logo\/image\/","url":"http:\/\/www.nordwich.com\/wp-content\/uploads\/2026\/01\/nordwich_partners01.jpg","contentUrl":"http:\/\/www.nordwich.com\/wp-content\/uploads\/2026\/01\/nordwich_partners01.jpg","width":1110,"height":329,"caption":"Nordwich"},"image":{"@id":"http:\/\/www.nordwich.com\/#\/schema\/logo\/image\/"}}]}},"_links":{"self":[{"href":"http:\/\/www.nordwich.com\/bs\/wp-json\/wp\/v2\/pages\/126","targetHints":{"allow":["GET"]}}],"collection":[{"href":"http:\/\/www.nordwich.com\/bs\/wp-json\/wp\/v2\/pages"}],"about":[{"href":"http:\/\/www.nordwich.com\/bs\/wp-json\/wp\/v2\/types\/page"}],"author":[{"embeddable":true,"href":"http:\/\/www.nordwich.com\/bs\/wp-json\/wp\/v2\/users\/1"}],"replies":[{"embeddable":true,"href":"http:\/\/www.nordwich.com\/bs\/wp-json\/wp\/v2\/comments?post=126"}],"version-history":[{"count":10,"href":"http:\/\/www.nordwich.com\/bs\/wp-json\/wp\/v2\/pages\/126\/revisions"}],"predecessor-version":[{"id":1015,"href":"http:\/\/www.nordwich.com\/bs\/wp-json\/wp\/v2\/pages\/126\/revisions\/1015"}],"up":[{"embeddable":true,"href":"http:\/\/www.nordwich.com\/bs\/wp-json\/wp\/v2\/pages\/20"}],"wp:attachment":[{"href":"http:\/\/www.nordwich.com\/bs\/wp-json\/wp\/v2\/media?parent=126"}],"curies":[{"name":"wp","href":"https:\/\/api.w.org\/{rel}","templated":true}]}}