{"id":161,"date":"2023-03-20T07:39:09","date_gmt":"2023-03-20T07:39:09","guid":{"rendered":"http:\/\/www.nordwich.com\/?page_id=161"},"modified":"2023-07-27T13:51:40","modified_gmt":"2023-07-27T13:51:40","slug":"skuska-01","status":"publish","type":"page","link":"http:\/\/www.nordwich.com\/bs\/skuska-01\/","title":{"rendered":"Sk\u00fa\u0161ka 01"},"content":{"rendered":"\n<div class=\"wpcf7 no-js\" id=\"wpcf7-f804-o1\" lang=\"sk-SK\" dir=\"ltr\" data-wpcf7-id=\"804\">\n<div class=\"screen-reader-response\"><p role=\"status\" aria-live=\"polite\" aria-atomic=\"true\"><\/p> <ul><\/ul><\/div>\n<form action=\"\/bs\/wp-json\/wp\/v2\/pages\/161#wpcf7-f804-o1\" method=\"post\" class=\"wpcf7-form init\" aria-label=\"Contact form\" novalidate=\"novalidate\" data-status=\"init\">\n<fieldset class=\"hidden-fields-container\"><input type=\"hidden\" name=\"_wpcf7\" value=\"804\" \/><input type=\"hidden\" name=\"_wpcf7_version\" value=\"6.1.5\" \/><input type=\"hidden\" name=\"_wpcf7_locale\" value=\"sk_SK\" \/><input type=\"hidden\" name=\"_wpcf7_unit_tag\" value=\"wpcf7-f804-o1\" \/><input type=\"hidden\" name=\"_wpcf7_container_post\" value=\"0\" \/><input type=\"hidden\" name=\"_wpcf7_posted_data_hash\" value=\"\" \/>\n<\/fieldset>\n<p><label> Va\u0161e meno a priezvisko*<br \/>\n<span class=\"wpcf7-form-control-wrap\" data-name=\"your-name\"><input size=\"40\" maxlength=\"400\" class=\"wpcf7-form-control wpcf7-text wpcf7-validates-as-required\" autocomplete=\"name\" aria-required=\"true\" aria-invalid=\"false\" value=\"\" type=\"text\" name=\"your-name\" \/><\/span> <\/label>\n<\/p>\n<p><label> Ob\u010dianstvo*<br \/>\n<span class=\"wpcf7-form-control-wrap\" data-name=\"your-nationality\"><input size=\"40\" maxlength=\"400\" class=\"wpcf7-form-control wpcf7-text wpcf7-validates-as-required\" autocomplete=\"nationality\" aria-required=\"true\" aria-invalid=\"false\" value=\"\" type=\"text\" name=\"your-nationality\" \/><\/span> <\/label>\n<\/p>\n<p><label> Adresa*<br \/>\n<span class=\"wpcf7-form-control-wrap\" data-name=\"your-address\"><input size=\"40\" maxlength=\"400\" class=\"wpcf7-form-control wpcf7-text wpcf7-validates-as-required\" autocomplete=\"address\" aria-required=\"true\" aria-invalid=\"false\" value=\"\" type=\"text\" name=\"your-address\" \/><\/span> <\/label>\n<\/p>\n<p><label> Kontaktn\u00fd telef\u00f3n*<br \/>\n<span class=\"wpcf7-form-control-wrap\" data-name=\"your-tel\"><input size=\"40\" maxlength=\"400\" class=\"wpcf7-form-control wpcf7-tel wpcf7-validates-as-required wpcf7-text wpcf7-validates-as-tel\" aria-required=\"true\" aria-invalid=\"false\" value=\"\" type=\"tel\" name=\"your-tel\" \/><\/span> <\/label>\n<\/p>\n<p><label> \u010eal\u0161ie sp\u00f4soby komunik\u00e1cie (volite\u013en\u00e9) <\/label><br \/>\n<span class=\"wpcf7-form-control-wrap\" data-name=\"checkbox-624\"><span class=\"wpcf7-form-control wpcf7-checkbox\"><span class=\"wpcf7-list-item first\"><label><input type=\"checkbox\" name=\"checkbox-624[]\" value=\"WhatsApp\" \/><span class=\"wpcf7-list-item-label\">WhatsApp<\/span><\/label><\/span><span class=\"wpcf7-list-item\"><label><input type=\"checkbox\" name=\"checkbox-624[]\" value=\"Viber\" \/><span class=\"wpcf7-list-item-label\">Viber<\/span><\/label><\/span><span class=\"wpcf7-list-item\"><label><input type=\"checkbox\" name=\"checkbox-624[]\" value=\"Facebook\" \/><span class=\"wpcf7-list-item-label\">Facebook<\/span><\/label><\/span><span class=\"wpcf7-list-item last\"><label><input type=\"checkbox\" name=\"checkbox-624[]\" value=\"SMS\" \/><span class=\"wpcf7-list-item-label\">SMS<\/span><\/label><\/span><\/span><\/span>\n<\/p>\n<p><label> V\u00e1\u0161 email*<br \/>\n<span class=\"wpcf7-form-control-wrap\" data-name=\"your-email\"><input size=\"40\" maxlength=\"400\" class=\"wpcf7-form-control wpcf7-email wpcf7-validates-as-required wpcf7-text wpcf7-validates-as-email\" autocomplete=\"email\" aria-required=\"true\" aria-invalid=\"false\" value=\"\" type=\"email\" name=\"your-email\" \/><\/span> <\/label>\n<\/p>\n<p><label> Dni a \u010das, kedy V\u00e1s m\u00f4\u017eeme kontaktova\u0165 (volite\u013en\u00e9)<br \/>\n<span class=\"wpcf7-form-control-wrap\" data-name=\"your-contact-time\"><input size=\"40\" maxlength=\"400\" class=\"wpcf7-form-control wpcf7-text\" aria-invalid=\"false\" value=\"\" type=\"text\" name=\"your-contact-time\" \/><\/span> <\/label>\n<\/p>\n<p><label> Druh po\u017eadovanej slu\u017eby*<br \/>\n<span class=\"wpcf7-form-control-wrap\" data-name=\"menu-001\"><select class=\"wpcf7-form-control wpcf7-select wpcf7-validates-as-required\" aria-required=\"true\" aria-invalid=\"false\" name=\"menu-001\"><option value=\"\">-- Vyberte zo zoznamu --<\/option><option value=\"Zakladanie \u017eivnost\u00ed a firiem\">Zakladanie \u017eivnost\u00ed a firiem<\/option><option value=\"Da\u0148ov\u00fd, \u00fa\u010dtovn\u00fd a administrat\u00edvny servis\">Da\u0148ov\u00fd, \u00fa\u010dtovn\u00fd a administrat\u00edvny servis<\/option><option value=\"V\u00edza a pobyt pre klientov, ktor\u00ed si chc\u00fa zalo\u017eit firmu\">V\u00edza a pobyt pre klientov, ktor\u00ed si chc\u00fa zalo\u017eit firmu<\/option><option value=\"V\u00edza a pobyt pre klientov, ktor\u00ed sa chc\u00fa zamestna\u0165\">V\u00edza a pobyt pre klientov, ktor\u00ed sa chc\u00fa zamestna\u0165<\/option><option value=\"Zastupovanie firiem \u2013 klienta pri komunik\u00e1cii s druh\u00fdmi firmami\">Zastupovanie firiem \u2013 klienta pri komunik\u00e1cii s druh\u00fdmi firmami<\/option><option value=\"Vypracovanie cenov\u00fdch a pracovn\u00fdch pon\u00fak pre stavebn\u00e9 firmy alebo pre pr\u00e1ce na stavb\u00e1ch\">Vypracovanie cenov\u00fdch a pracovn\u00fdch pon\u00fak pre stavebn\u00e9 firmy alebo pre pr\u00e1ce na stavb\u00e1ch<\/option><option value=\"Pomoc a zastupovanie na slovensk\u00fdch \u00faradoch\">Pomoc a zastupovanie na slovensk\u00fdch \u00faradoch<\/option><option value=\"Registr\u00e1cia \u017eivnostn\u00edka na nemeck\u00fdch a rak\u00faskych \u00faradoch\">Registr\u00e1cia \u017eivnostn\u00edka na nemeck\u00fdch a rak\u00faskych \u00faradoch<\/option><option value=\"Pomoc pri zakladan\u00ed a servisovan\u00ed \u00fa\u010dtu v banke\">Pomoc pri zakladan\u00ed a servisovan\u00ed \u00fa\u010dtu v banke<\/option><option value=\"Vodi\u010dsk\u00fd preukaz\">Vodi\u010dsk\u00fd preukaz<\/option><option value=\"Pomoc pri komunik\u00e1cii s exek\u00fatorsk\u00fdmi \u00faradmi\">Pomoc pri komunik\u00e1cii s exek\u00fatorsk\u00fdmi \u00faradmi<\/option><option value=\"Poistenie\">Poistenie<\/option><\/select><\/span> <\/label>\n<\/p>\n<p><label> Dopl\u0148uj\u00face inform\u00e1cie k \u017eiadosti (volite\u013en\u00e9)<br \/>\n<span class=\"wpcf7-form-control-wrap\" data-name=\"your-message\"><textarea cols=\"40\" rows=\"10\" maxlength=\"2000\" class=\"wpcf7-form-control wpcf7-textarea\" aria-invalid=\"false\" name=\"your-message\"><\/textarea><\/span> <\/label>\n<\/p>\n<p><label> S\u00fahlas so spracovan\u00edm osobn\u00fdch \u00fadajov*<br \/>\n<span class=\"wpcf7-form-control-wrap\" data-name=\"gdpr_confirm\"><span class=\"wpcf7-form-control wpcf7-checkbox wpcf7-validates-as-required\"><span class=\"wpcf7-list-item first last\"><label><input type=\"checkbox\" name=\"gdpr_confirm[]\" value=\"S\u00fahlas\u00edm so spracovan\u00edm tu uveden\u00fdch osobn\u00fdch \u00fadajov spolo\u010dnos\u0165ou Nordwich s.r.o za \u00fa\u010delom zasielania pon\u00fak, zml\u00fav, organiza\u010dnej komunik\u00e1cie p\u00edsomne, telefonicky alebo elektronicky (najm\u00e4 e-mailom). S\u00fahlas je udelen\u00fd dobrovo\u013ene a m\u00f4\u017eem ho kedyko\u013evek odvola\u0165 s \u00fa\u010dinnos\u0165ou do bud\u00facnosti (napr. telefonicky, e-mailom alebo listom).\" \/><span class=\"wpcf7-list-item-label\">S\u00fahlas\u00edm so spracovan\u00edm tu uveden\u00fdch osobn\u00fdch \u00fadajov spolo\u010dnos\u0165ou Nordwich s.r.o za \u00fa\u010delom zasielania pon\u00fak, zml\u00fav, organiza\u010dnej komunik\u00e1cie p\u00edsomne, telefonicky alebo elektronicky (najm\u00e4 e-mailom). S\u00fahlas je udelen\u00fd dobrovo\u013ene a m\u00f4\u017eem ho kedyko\u013evek odvola\u0165 s \u00fa\u010dinnos\u0165ou do bud\u00facnosti (napr. telefonicky, e-mailom alebo listom).<\/span><\/label><\/span><\/span><\/span><br \/>\n<\/label>\n<\/p>\n<p><input class=\"wpcf7-form-control wpcf7-submit has-spinner\" type=\"submit\" value=\"Odosla\u0165\" \/>\n<\/p><p style=\"display: none !important;\" class=\"akismet-fields-container\" data-prefix=\"_wpcf7_ak_\"><label>&#916;<textarea name=\"_wpcf7_ak_hp_textarea\" cols=\"45\" rows=\"8\" maxlength=\"100\"><\/textarea><\/label><input type=\"hidden\" id=\"ak_js_1\" name=\"_wpcf7_ak_js\" value=\"167\"\/><script type=\"text\/javascript\">\n\/* <![CDATA[ *\/\ndocument.getElementById( \"ak_js_1\" ).setAttribute( \"value\", ( new Date() ).getTime() );\n\/* ]]> *\/\n<\/script>\n<\/p><div class=\"wpcf7-response-output\" aria-hidden=\"true\"><\/div>\n<\/form>\n<\/div>\n\n\n\n\n\n\n\n<div class=\"oblast-team-wprapper\">\n    <div class=\"oblast-team-foto\">\n         <img decoding=\"async\" src=\"\/\/www.nordwich.com\/wp-content\/uploads\/2023\/06\/damir_01.jpg\" alt=\"Damir\"> \n    <\/div>\n    <div class=\"oblast-team-text\">\n        <h4 slyle=\"color: green;\">Damir<\/h4> \n        <p class=\"team-text pozicia\">konate\u013e NW, NW-W, prokurista NW-J, BPC<\/p>\n        <p class=\"team-text zrucnovsti\">Strat\u00e9gie firiem na Slovensku a v zahrani\u010d\u00ed<\/p>\n        <p class=\"team-text komunikacia\">Komunik\u00e1cia: SK, CZ, SRB, HRV<\/p>\n        <p class=\"team-text kontakty\">\n            <i class='fas fa-phone-alt'><\/i> 0905 xxx xxx  &nbsp; &nbsp;\n            <i class='fas fa-envelope'><\/i> damir@centrum.sk  &nbsp; &nbsp;\n            <i class='fas fa-envelope'><\/i> damir@nordwich.com \n        <\/p>\n    <\/div>\n<\/div>\n\n\n\n<div class=\"oblast-team-wprapper\">\n    <div class=\"oblast-team-foto\">\n         <img decoding=\"async\" src=\"\/\/www.nordwich.com\/wp-content\/uploads\/2023\/06\/avatar_01.jpg\" alt=\"Jana\"> \n    <\/div>\n    <div class=\"oblast-team-text\">\n        <h4 slyle=\"color: green;\">Jana<\/h4> \n        <p class=\"team-text pozicia\">manager<\/p>\n        <p class=\"team-text zrucnovsti\"><\/p>\n        <p class=\"team-text komunikacia\">Komunik\u00e1cia: SK, CZ<\/p>\n    <\/div>\n<\/div>\n\n\n\n<div class=\"oblast-viac-wprapper\">\n  <div class=\"oblast-viac-left\">\n      <div class=\"oblast-viac-text\">\n<strong>ZAKLADANIE FIRIEM:<\/strong> roz\u0161\u00edrenie, zru\u0161enie, re\u0161trukturaliz\u00e1cia, zmeny vo firm\u00e1ch, roz\u0161\u00edrenie a zmena predmetu \u010dinnosti, zah\u0155\u0148aj\u00fac aj poskytovanie virtu\u00e1lneho s\u00eddla spolo\u010dnosti \u2013 adresy.\n      <\/div>\n  <\/div>\n  <div class=\"oblast-viac-more\">\n<i class=\"fa more-service fa-arrow-circle-down\" aria-hidden=\"true\" style=\"font-size: 36px;\"><\/i>\n  <\/div>\n<\/div>\n","protected":false},"excerpt":{"rendered":"<p>Damir konate\u013e NW, NW-W, prokurista NW-J, BPC Strat\u00e9gie firiem na Slovensku a v zahrani\u010d\u00ed Komunik\u00e1cia: SK, CZ, SRB, HRV 0905 xxx xxx &nbsp; &nbsp; damir@centrum.sk&hellip;<\/p>\n","protected":false},"author":1,"featured_media":50,"parent":0,"menu_order":0,"comment_status":"closed","ping_status":"closed","template":"","meta":{"footnotes":""},"class_list":["post-161","page","type-page","status-publish","has-post-thumbnail","hentry"],"translation":{"provider":"WPGlobus","version":"3.0.0","language":"bs","enabled_languages":["sk","bs","de"],"languages":{"sk":{"title":true,"content":true,"excerpt":false},"bs":{"title":false,"content":false,"excerpt":false},"de":{"title":false,"content":false,"excerpt":false}}},"yoast_head":"<!-- This site is optimized with the Yoast SEO plugin v26.1.1 - https:\/\/yoast.com\/wordpress\/plugins\/seo\/ -->\n<title>Sk\u00fa\u0161ka 01 - Nordwich<\/title>\n<meta name=\"robots\" content=\"index, follow, max-snippet:-1, max-image-preview:large, max-video-preview:-1\" \/>\n<link rel=\"canonical\" href=\"http:\/\/www.nordwich.com\/bs\/skuska-01\/\" \/>\n<meta property=\"og:locale\" content=\"en_US\" \/>\n<meta property=\"og:type\" content=\"article\" \/>\n<meta property=\"og:title\" content=\"Sk\u00fa\u0161ka 01 - Nordwich\" \/>\n<meta property=\"og:url\" content=\"http:\/\/www.nordwich.com\/bs\/skuska-01\/\" \/>\n<meta property=\"og:site_name\" content=\"Nordwich\" \/>\n<meta property=\"article:modified_time\" content=\"2023-07-27T13:51:40+00:00\" \/>\n<meta property=\"og:image\" content=\"http:\/\/www.nordwich.com\/wp-content\/uploads\/2023\/03\/construction-g82660f3d4_1920.jpg\" \/>\n\t<meta property=\"og:image:width\" content=\"1920\" \/>\n\t<meta property=\"og:image:height\" content=\"1440\" \/>\n\t<meta property=\"og:image:type\" content=\"image\/jpeg\" \/>\n<meta name=\"twitter:card\" content=\"summary_large_image\" \/>\n<meta name=\"twitter:label1\" content=\"Est. reading time\" \/>\n\t<meta name=\"twitter:data1\" content=\"1 minute\" \/>\n<script type=\"application\/ld+json\" class=\"yoast-schema-graph\">{\"@context\":\"https:\/\/schema.org\",\"@graph\":[{\"@type\":\"WebPage\",\"@id\":\"http:\/\/www.nordwich.com\/bs\/skuska-01\/\",\"url\":\"http:\/\/www.nordwich.com\/bs\/skuska-01\/\",\"name\":\"Sk\u00fa\u0161ka 01 - Nordwich\",\"isPartOf\":{\"@id\":\"https:\/\/www.nordwich.com\/#website\"},\"primaryImageOfPage\":{\"@id\":\"http:\/\/www.nordwich.com\/bs\/skuska-01\/#primaryimage\"},\"image\":{\"@id\":\"http:\/\/www.nordwich.com\/bs\/skuska-01\/#primaryimage\"},\"thumbnailUrl\":\"http:\/\/www.nordwich.com\/wp-content\/uploads\/2023\/03\/construction-g82660f3d4_1920.jpg\",\"datePublished\":\"2023-03-20T07:39:09+00:00\",\"dateModified\":\"2023-07-27T13:51:40+00:00\",\"breadcrumb\":{\"@id\":\"http:\/\/www.nordwich.com\/bs\/skuska-01\/#breadcrumb\"},\"inLanguage\":\"yu-YU\",\"potentialAction\":[{\"@type\":\"ReadAction\",\"target\":[\"http:\/\/www.nordwich.com\/bs\/skuska-01\/\"]}]},{\"@type\":\"ImageObject\",\"inLanguage\":\"yu-YU\",\"@id\":\"http:\/\/www.nordwich.com\/bs\/skuska-01\/#primaryimage\",\"url\":\"http:\/\/www.nordwich.com\/wp-content\/uploads\/2023\/03\/construction-g82660f3d4_1920.jpg\",\"contentUrl\":\"http:\/\/www.nordwich.com\/wp-content\/uploads\/2023\/03\/construction-g82660f3d4_1920.jpg\",\"width\":1920,\"height\":1440,\"caption\":\"Mont\u00e1\u017e\"},{\"@type\":\"BreadcrumbList\",\"@id\":\"http:\/\/www.nordwich.com\/bs\/skuska-01\/#breadcrumb\",\"itemListElement\":[{\"@type\":\"ListItem\",\"position\":1,\"name\":\"Domovsk\u00e1 str\u00e1nka\",\"item\":\"https:\/\/www.nordwich.com\/\"},{\"@type\":\"ListItem\",\"position\":2,\"name\":\"Sk\u00fa\u0161ka 01\"}]},{\"@type\":\"WebSite\",\"@id\":\"https:\/\/www.nordwich.com\/#website\",\"url\":\"https:\/\/www.nordwich.com\/\",\"name\":\"Nordwich\",\"description\":\"Personalna agencija\",\"publisher\":{\"@id\":\"https:\/\/www.nordwich.com\/#organization\"},\"potentialAction\":[{\"@type\":\"SearchAction\",\"target\":{\"@type\":\"EntryPoint\",\"urlTemplate\":\"https:\/\/www.nordwich.com\/?s={search_term_string}\"},\"query-input\":{\"@type\":\"PropertyValueSpecification\",\"valueRequired\":true,\"valueName\":\"search_term_string\"}}],\"inLanguage\":\"yu-YU\"},{\"@type\":\"Organization\",\"@id\":\"https:\/\/www.nordwich.com\/#organization\",\"name\":\"Nordwich\",\"url\":\"https:\/\/www.nordwich.com\/\",\"logo\":{\"@type\":\"ImageObject\",\"inLanguage\":\"yu-YU\",\"@id\":\"https:\/\/www.nordwich.com\/#\/schema\/logo\/image\/\",\"url\":\"http:\/\/www.nordwich.com\/wp-content\/uploads\/2026\/01\/nordwich_partners01.jpg\",\"contentUrl\":\"http:\/\/www.nordwich.com\/wp-content\/uploads\/2026\/01\/nordwich_partners01.jpg\",\"width\":1110,\"height\":329,\"caption\":\"Nordwich\"},\"image\":{\"@id\":\"https:\/\/www.nordwich.com\/#\/schema\/logo\/image\/\"}}]}<\/script>\n<!-- \/ Yoast SEO plugin. -->","yoast_head_json":{"title":"Sk\u00fa\u0161ka 01 - Nordwich","robots":{"index":"index","follow":"follow","max-snippet":"max-snippet:-1","max-image-preview":"max-image-preview:large","max-video-preview":"max-video-preview:-1"},"canonical":"http:\/\/www.nordwich.com\/bs\/skuska-01\/","og_locale":"en_US","og_type":"article","og_title":"Sk\u00fa\u0161ka 01 - Nordwich","og_url":"http:\/\/www.nordwich.com\/bs\/skuska-01\/","og_site_name":"Nordwich","article_modified_time":"2023-07-27T13:51:40+00:00","og_image":[{"width":1920,"height":1440,"url":"http:\/\/www.nordwich.com\/wp-content\/uploads\/2023\/03\/construction-g82660f3d4_1920.jpg","type":"image\/jpeg"}],"twitter_card":"summary_large_image","twitter_misc":{"Est. reading time":"1 minute"},"schema":{"@context":"https:\/\/schema.org","@graph":[{"@type":"WebPage","@id":"http:\/\/www.nordwich.com\/bs\/skuska-01\/","url":"http:\/\/www.nordwich.com\/bs\/skuska-01\/","name":"Sk\u00fa\u0161ka 01 - Nordwich","isPartOf":{"@id":"https:\/\/www.nordwich.com\/#website"},"primaryImageOfPage":{"@id":"http:\/\/www.nordwich.com\/bs\/skuska-01\/#primaryimage"},"image":{"@id":"http:\/\/www.nordwich.com\/bs\/skuska-01\/#primaryimage"},"thumbnailUrl":"http:\/\/www.nordwich.com\/wp-content\/uploads\/2023\/03\/construction-g82660f3d4_1920.jpg","datePublished":"2023-03-20T07:39:09+00:00","dateModified":"2023-07-27T13:51:40+00:00","breadcrumb":{"@id":"http:\/\/www.nordwich.com\/bs\/skuska-01\/#breadcrumb"},"inLanguage":"yu-YU","potentialAction":[{"@type":"ReadAction","target":["http:\/\/www.nordwich.com\/bs\/skuska-01\/"]}]},{"@type":"ImageObject","inLanguage":"yu-YU","@id":"http:\/\/www.nordwich.com\/bs\/skuska-01\/#primaryimage","url":"http:\/\/www.nordwich.com\/wp-content\/uploads\/2023\/03\/construction-g82660f3d4_1920.jpg","contentUrl":"http:\/\/www.nordwich.com\/wp-content\/uploads\/2023\/03\/construction-g82660f3d4_1920.jpg","width":1920,"height":1440,"caption":"Mont\u00e1\u017e"},{"@type":"BreadcrumbList","@id":"http:\/\/www.nordwich.com\/bs\/skuska-01\/#breadcrumb","itemListElement":[{"@type":"ListItem","position":1,"name":"Domovsk\u00e1 str\u00e1nka","item":"https:\/\/www.nordwich.com\/"},{"@type":"ListItem","position":2,"name":"Sk\u00fa\u0161ka 01"}]},{"@type":"WebSite","@id":"https:\/\/www.nordwich.com\/#website","url":"https:\/\/www.nordwich.com\/","name":"Nordwich","description":"Personalna agencija","publisher":{"@id":"https:\/\/www.nordwich.com\/#organization"},"potentialAction":[{"@type":"SearchAction","target":{"@type":"EntryPoint","urlTemplate":"https:\/\/www.nordwich.com\/?s={search_term_string}"},"query-input":{"@type":"PropertyValueSpecification","valueRequired":true,"valueName":"search_term_string"}}],"inLanguage":"yu-YU"},{"@type":"Organization","@id":"https:\/\/www.nordwich.com\/#organization","name":"Nordwich","url":"https:\/\/www.nordwich.com\/","logo":{"@type":"ImageObject","inLanguage":"yu-YU","@id":"https:\/\/www.nordwich.com\/#\/schema\/logo\/image\/","url":"http:\/\/www.nordwich.com\/wp-content\/uploads\/2026\/01\/nordwich_partners01.jpg","contentUrl":"http:\/\/www.nordwich.com\/wp-content\/uploads\/2026\/01\/nordwich_partners01.jpg","width":1110,"height":329,"caption":"Nordwich"},"image":{"@id":"https:\/\/www.nordwich.com\/#\/schema\/logo\/image\/"}}]}},"_links":{"self":[{"href":"http:\/\/www.nordwich.com\/bs\/wp-json\/wp\/v2\/pages\/161","targetHints":{"allow":["GET"]}}],"collection":[{"href":"http:\/\/www.nordwich.com\/bs\/wp-json\/wp\/v2\/pages"}],"about":[{"href":"http:\/\/www.nordwich.com\/bs\/wp-json\/wp\/v2\/types\/page"}],"author":[{"embeddable":true,"href":"http:\/\/www.nordwich.com\/bs\/wp-json\/wp\/v2\/users\/1"}],"replies":[{"embeddable":true,"href":"http:\/\/www.nordwich.com\/bs\/wp-json\/wp\/v2\/comments?post=161"}],"version-history":[{"count":65,"href":"http:\/\/www.nordwich.com\/bs\/wp-json\/wp\/v2\/pages\/161\/revisions"}],"predecessor-version":[{"id":806,"href":"http:\/\/www.nordwich.com\/bs\/wp-json\/wp\/v2\/pages\/161\/revisions\/806"}],"wp:featuredmedia":[{"embeddable":true,"href":"http:\/\/www.nordwich.com\/bs\/wp-json\/wp\/v2\/media\/50"}],"wp:attachment":[{"href":"http:\/\/www.nordwich.com\/bs\/wp-json\/wp\/v2\/media?parent=161"}],"curies":[{"name":"wp","href":"https:\/\/api.w.org\/{rel}","templated":true}]}}