{"id":18,"date":"2023-03-16T12:56:17","date_gmt":"2023-03-16T12:56:17","guid":{"rendered":"http:\/\/www.nordwich.com\/?page_id=18"},"modified":"2023-09-16T13:58:43","modified_gmt":"2023-09-16T13:58:43","slug":"o-nas","status":"publish","type":"page","link":"http:\/\/www.nordwich.com\/bs\/o-nas\/","title":{"rendered":"O\u00a0nama"},"content":{"rendered":"\n<div class=\"wp-block-columns is-layout-flex wp-container-core-columns-is-layout-9d6595d7 wp-block-columns-is-layout-flex\">\n<div class=\"wp-block-column is-layout-flow wp-block-column-is-layout-flow\">\n<div class=\"wp-block-columns is-layout-flex wp-container-core-columns-is-layout-9d6595d7 wp-block-columns-is-layout-flex\">\n<div class=\"wp-block-column is-layout-flow wp-block-column-is-layout-flow\" style=\"flex-basis:100%\"><div class=\"wp-block-image\">\n<figure class=\"alignleft\"><img loading=\"lazy\" decoding=\"async\" width=\"1024\" height=\"605\" src=\"http:\/\/www.nordwich.com\/wp-content\/uploads\/2023\/03\/man-g732d83f03_1920-1024x605.jpg\" alt=\"Pracovn\u00e1 ponuka\" class=\"wp-image-52\" srcset=\"http:\/\/www.nordwich.com\/wp-content\/uploads\/2023\/03\/man-g732d83f03_1920-1024x605.jpg 1024w, http:\/\/www.nordwich.com\/wp-content\/uploads\/2023\/03\/man-g732d83f03_1920-300x177.jpg 300w, http:\/\/www.nordwich.com\/wp-content\/uploads\/2023\/03\/man-g732d83f03_1920-768x454.jpg 768w, http:\/\/www.nordwich.com\/wp-content\/uploads\/2023\/03\/man-g732d83f03_1920-1536x908.jpg 1536w, http:\/\/www.nordwich.com\/wp-content\/uploads\/2023\/03\/man-g732d83f03_1920.jpg 1920w\" sizes=\"auto, (max-width: 1024px) 100vw, 1024px\" \/><\/figure>\n<\/div><\/div>\n<\/div>\n<\/div>\n\n\n\n<div class=\"wp-block-column is-layout-flow wp-block-column-is-layout-flow\">\n<p>NORDWICH spaja vi\u0161e segmenata iz oblasti ljudskih resursa u&nbsp;Slova\u010dkoj, Austriji, Nema\u010dkoj i&nbsp;na drugim tr\u017ei\u0161tima rada na teritoriji EU. NORDWICH tako\u0111e spaja vi\u0161e formi saradnje sa poslodavcima na tr\u017ei\u0161tu rada: personalna agencija, agencija za zapo\u0161ljavanje, klasi\u010dna d.o.o firma, akcionarska dru\u0161tva i&nbsp;privatnici.<\/p>\n<\/div>\n<\/div>\n\n\n\n<h3 class=\"wp-block-heading\"><strong>Zidarski i&nbsp;gra<\/strong><strong>\u0111<\/strong><strong>evinarski radovi, rekonstrukcija objekata<\/strong><\/h3>\n\n\n\n<p>Samostalna aktivnost jedne od na\u0161ih firmi. Anga\u017euje sa na realizaciji grubih gra\u0111evinskih radova , ROH bau, instalacioni poslovi, sanacija i\u00a0rekonstrukcija starih objekata itd&#8230; Osim gra\u0111evinarskih radova, vr\u0161i i \u010di\u0161\u0107enje \u2013 za klijenta mo\u017eemo o\u010distiti i pripremiti objekte (potkrovlje, podrume, gara\u017ee i \u017eivotne prostore) kao i prostorije po zavr\u0161etku izgradnje i sli\u010dne radove za inspekciju ili legalizaciju. Drugi segment na\u0161e delatnosti je rad na ru\u0161enju: uklanjanje plo\u010dica, podova, tapeta, vrata, prozora itd. Odlaganje otpadnog materijala se podrazumeva.<\/p>\n\n\n\n<p><strong>Prlikom zapo\u0161ljavanja potrebnih radnika i tra\u017eenja saradnika koristimo \u010dinjenicu da u okviru ponude na\u0161ih usluga upravljamo radnom, administrativnom i ra\u010dunovodstvenom agendom sa vi\u0161e od 100 privatnika iz raznih profesija sa kojima smo svakodnevno u kontaktu<\/strong>.<\/p>\n\n\n\n<h3 class=\"wp-block-heading\"><strong>Personalna agencija<\/strong><\/h3>\n\n\n\n<p>Personalna agencija radi sa pre svega posredovanjem u zapo\u0161ljavanju. Na engleskom \u201epermanent placanet\u201c. Firma \u2013 klijent personalne agencije, potra\u017euje od personalne agencije da na\u0111e odgovaraju\u0107e radnike za konkretne pozicije, personalna agencija takvog radnika na\u0111e za jednokratnu proviziju.<\/p>\n\n\n\n<h3 class=\"wp-block-heading\"><strong>Agencija za zapo\u0161ljavanje<\/strong><\/h3>\n\n\n\n<p>Personalna agencija ili <strong>APZ (<\/strong> u Slova\u010dkoj <strong>ADZ) . ADZ <\/strong>skra\u0107enica se koristi samo u Slova\u010dkoj i zna\u010di \u201eAgencija privremenog zaposlenja\u201c. ADZ za kandidate ne posreduje u radu kao personalna agencija, ADZ ima svoje radnike, koje \u201epozajmljuje\u201c svojim klijentima (korisnicima). Agencija za zapo\u0161ljavanje ima svoje precizne pravne uredbe koje se moraju pratiti. U Slova\u010dkoj \u00daPSVaR ( Radna grupa za pitanja zapo\u0161ljavanja i socialnih pitanja i sektor za brigu o porodici) odlu\u010duje o izdavanju dozvola za obavljanje usluga agencije za privremeno zapo\u0161ljavanje.<\/p>\n\n\n\n<h3 class=\"wp-block-heading\"><strong>Usluge<\/strong><\/h3>\n\n\n\n<p>Osim usluga, koje su uklju\u010dene u&nbsp;poslovanje personalne agencije (regrutacija, zapo\u0161ljavanje, podr\u0161ka pri zapo\u0161ljavanu), NORDWICH nudi usluge administrativno-pravnog karaktera. Pomo\u0107 pri realizaciji radno-boravi\u0161ne dozvole. Za ljude, koji dobiju boravi\u0161nu i&nbsp;radnu dozvolu , proisti\u010du obaveze koje su u&nbsp;obavezi jednom ili redovno da ispunjavanju, ako \u017eele legalno da rade i&nbsp;posluju na slova\u010dkom tr\u017ei\u0161tu rada ili na teritoriji \u0160engena ili EU. To mo\u017ee da bude veliki izazov za ljude, koji su ve\u0107inom zanatlije i&nbsp;ne poznaju pravni i&nbsp;ra\u010dunovodstveni sistem zemalja, koje su za njih novim radnim i&nbsp;\u017eivotnim prostorom.<\/p>\n\n\n\n<p><strong>Osim pru\u017eanja svih potrebnih administrativnih, pravnih, finansijskih i&nbsp;knjigovodstvenih usluga komuniciramo na jezicima na\u0161ih klijenata (srpski, makedonski, ukrajinski, nema\u010dki&#8230; itd..)<\/strong><\/p>\n\n\n\n<h3 class=\"wp-block-heading\"><strong>Rad u&nbsp;magacinu<\/strong><\/h3>\n\n\n\n<p>U&nbsp;okviru saradnje sa velikim i&nbsp;renomiranim firmama (Tesco, Kaufland, Lidl, Billa, Vviss i&nbsp;sl.) mo\u017eemo obezbediti potreban broj magacionera \u2013 picker-ov. Na\u0161i radnici imaju sertifikat BOZP (bezbednost i&nbsp;zdravlje na radu) i&nbsp;licencu za VZV ( vilju\u0161kar), kao i&nbsp;lekarske preglede. Mi se brinemo o&nbsp;tome, da svi radnici rade legalno na tr\u017ei\u0161tu rada sa legalnim ugovorima ili ugovorom o&nbsp;saradnji sa na\u0161om firmom. O&nbsp;spom radnicima se kompletno brinemo: dovoz i&nbsp;odvoz na i&nbsp;sa posla, ako je potrebno sme\u0161taj, obezbe\u0111ujemo radnu uniformu i&nbsp;obu\u0107u, i&nbsp;sli\u010dno. Na\u0161i magacioneri su sposobni raditi u&nbsp;skladi\u0161tima na razli\u010ditim tehni\u010dkim nivoima u&nbsp;Slova\u010dkoj i&nbsp;Austriji.<\/p>\n","protected":false},"excerpt":{"rendered":"<p>NORDWICH spaja vi\u0161e segmenata iz oblasti ljudskih resursa u&nbsp;Slova\u010dkoj, Austriji, Nema\u010dkoj i&nbsp;na drugim tr\u017ei\u0161tima rada na teritoriji EU. NORDWICH tako\u0111e spaja vi\u0161e formi saradnje sa&hellip;<\/p>\n","protected":false},"author":1,"featured_media":0,"parent":0,"menu_order":0,"comment_status":"closed","ping_status":"closed","template":"","meta":{"footnotes":""},"class_list":["post-18","page","type-page","status-publish","hentry"],"translation":{"provider":"WPGlobus","version":"3.0.0","language":"bs","enabled_languages":["sk","bs","de"],"languages":{"sk":{"title":true,"content":true,"excerpt":false},"bs":{"title":true,"content":true,"excerpt":false},"de":{"title":true,"content":true,"excerpt":false}}},"yoast_head":"<!-- This site is optimized with the Yoast SEO plugin v26.1.1 - https:\/\/yoast.com\/wordpress\/plugins\/seo\/ -->\n<title>O\u00a0nama - Nordwich<\/title>\n<meta name=\"robots\" content=\"index, follow, max-snippet:-1, max-image-preview:large, max-video-preview:-1\" \/>\n<link rel=\"canonical\" href=\"http:\/\/www.nordwich.com\/de\/o-nas\/\" \/>\n<meta property=\"og:locale\" content=\"en_US\" \/>\n<meta property=\"og:type\" content=\"article\" \/>\n<meta property=\"og:title\" content=\"O\u00a0nama - Nordwich\" \/>\n<meta property=\"og:url\" content=\"http:\/\/www.nordwich.com\/de\/o-nas\/\" \/>\n<meta property=\"og:site_name\" content=\"Nordwich\" \/>\n<meta property=\"article:modified_time\" content=\"2023-09-16T13:58:43+00:00\" \/>\n<meta property=\"og:image\" content=\"http:\/\/www.nordwich.com\/wp-content\/uploads\/2023\/03\/man-g732d83f03_1920-1024x605.jpg\" \/>\n<meta name=\"twitter:card\" content=\"summary_large_image\" \/>\n<meta name=\"twitter:label1\" content=\"Est. reading time\" \/>\n\t<meta name=\"twitter:data1\" content=\"3 minutes\" \/>\n<script type=\"application\/ld+json\" class=\"yoast-schema-graph\">{\"@context\":\"https:\/\/schema.org\",\"@graph\":[{\"@type\":\"WebPage\",\"@id\":\"http:\/\/www.nordwich.com\/de\/o-nas\/\",\"url\":\"http:\/\/www.nordwich.com\/de\/o-nas\/\",\"name\":\"O\u00a0nama - Nordwich\",\"isPartOf\":{\"@id\":\"http:\/\/www.nordwich.com\/#website\"},\"primaryImageOfPage\":{\"@id\":\"http:\/\/www.nordwich.com\/de\/o-nas\/#primaryimage\"},\"image\":{\"@id\":\"http:\/\/www.nordwich.com\/de\/o-nas\/#primaryimage\"},\"thumbnailUrl\":\"http:\/\/www.nordwich.com\/wp-content\/uploads\/2023\/03\/man-g732d83f03_1920-1024x605.jpg\",\"datePublished\":\"2023-03-16T12:56:17+00:00\",\"dateModified\":\"2023-09-16T13:58:43+00:00\",\"description\":\"V Nordwich sp\u00e1jame person\u00e1lnu a pracovn\u00fa agent\u00faru, slu\u017eby v stavebn\u00edctve, upratovan\u00ed a skladovan\u00ed, tie\u017e pr\u00e1vny a administra\u010dn\u00fd servis firm\u00e1m.\",\"breadcrumb\":{\"@id\":\"http:\/\/www.nordwich.com\/de\/o-nas\/#breadcrumb\"},\"inLanguage\":\"yu-YU\",\"potentialAction\":[{\"@type\":\"ReadAction\",\"target\":[\"http:\/\/www.nordwich.com\/de\/o-nas\/\"]}]},{\"@type\":\"ImageObject\",\"inLanguage\":\"yu-YU\",\"@id\":\"http:\/\/www.nordwich.com\/de\/o-nas\/#primaryimage\",\"url\":\"http:\/\/www.nordwich.com\/wp-content\/uploads\/2023\/03\/man-g732d83f03_1920-1024x605.jpg\",\"contentUrl\":\"http:\/\/www.nordwich.com\/wp-content\/uploads\/2023\/03\/man-g732d83f03_1920-1024x605.jpg\"},{\"@type\":\"BreadcrumbList\",\"@id\":\"http:\/\/www.nordwich.com\/de\/o-nas\/#breadcrumb\",\"itemListElement\":[{\"@type\":\"ListItem\",\"position\":1,\"name\":\"Domovsk\u00e1 str\u00e1nka\",\"item\":\"http:\/\/www.nordwich.com\/\"},{\"@type\":\"ListItem\",\"position\":2,\"name\":\"\u00dcber uns\"}]},{\"@type\":\"WebSite\",\"@id\":\"http:\/\/www.nordwich.com\/#website\",\"url\":\"http:\/\/www.nordwich.com\/\",\"name\":\"Nordwich\",\"description\":\"Personalna agencija\",\"publisher\":{\"@id\":\"http:\/\/www.nordwich.com\/#organization\"},\"potentialAction\":[{\"@type\":\"SearchAction\",\"target\":{\"@type\":\"EntryPoint\",\"urlTemplate\":\"http:\/\/www.nordwich.com\/?s={search_term_string}\"},\"query-input\":{\"@type\":\"PropertyValueSpecification\",\"valueRequired\":true,\"valueName\":\"search_term_string\"}}],\"inLanguage\":\"yu-YU\"},{\"@type\":\"Organization\",\"@id\":\"http:\/\/www.nordwich.com\/#organization\",\"name\":\"Nordwich\",\"url\":\"http:\/\/www.nordwich.com\/\",\"logo\":{\"@type\":\"ImageObject\",\"inLanguage\":\"yu-YU\",\"@id\":\"http:\/\/www.nordwich.com\/#\/schema\/logo\/image\/\",\"url\":\"http:\/\/www.nordwich.com\/wp-content\/uploads\/2026\/01\/nordwich_partners01.jpg\",\"contentUrl\":\"http:\/\/www.nordwich.com\/wp-content\/uploads\/2026\/01\/nordwich_partners01.jpg\",\"width\":1110,\"height\":329,\"caption\":\"Nordwich\"},\"image\":{\"@id\":\"http:\/\/www.nordwich.com\/#\/schema\/logo\/image\/\"}}]}<\/script>\n<!-- \/ Yoast SEO plugin. -->","yoast_head_json":{"title":"O\u00a0nama - Nordwich","robots":{"index":"index","follow":"follow","max-snippet":"max-snippet:-1","max-image-preview":"max-image-preview:large","max-video-preview":"max-video-preview:-1"},"canonical":"http:\/\/www.nordwich.com\/de\/o-nas\/","og_locale":"en_US","og_type":"article","og_title":"O\u00a0nama - Nordwich","og_url":"http:\/\/www.nordwich.com\/de\/o-nas\/","og_site_name":"Nordwich","article_modified_time":"2023-09-16T13:58:43+00:00","og_image":[{"url":"http:\/\/www.nordwich.com\/wp-content\/uploads\/2023\/03\/man-g732d83f03_1920-1024x605.jpg","type":"","width":"","height":""}],"twitter_card":"summary_large_image","twitter_misc":{"Est. reading time":"3 minutes"},"schema":{"@context":"https:\/\/schema.org","@graph":[{"@type":"WebPage","@id":"http:\/\/www.nordwich.com\/de\/o-nas\/","url":"http:\/\/www.nordwich.com\/de\/o-nas\/","name":"O\u00a0nama - Nordwich","isPartOf":{"@id":"http:\/\/www.nordwich.com\/#website"},"primaryImageOfPage":{"@id":"http:\/\/www.nordwich.com\/de\/o-nas\/#primaryimage"},"image":{"@id":"http:\/\/www.nordwich.com\/de\/o-nas\/#primaryimage"},"thumbnailUrl":"http:\/\/www.nordwich.com\/wp-content\/uploads\/2023\/03\/man-g732d83f03_1920-1024x605.jpg","datePublished":"2023-03-16T12:56:17+00:00","dateModified":"2023-09-16T13:58:43+00:00","description":"V Nordwich sp\u00e1jame person\u00e1lnu a pracovn\u00fa agent\u00faru, slu\u017eby v stavebn\u00edctve, upratovan\u00ed a skladovan\u00ed, tie\u017e pr\u00e1vny a administra\u010dn\u00fd servis firm\u00e1m.","breadcrumb":{"@id":"http:\/\/www.nordwich.com\/de\/o-nas\/#breadcrumb"},"inLanguage":"yu-YU","potentialAction":[{"@type":"ReadAction","target":["http:\/\/www.nordwich.com\/de\/o-nas\/"]}]},{"@type":"ImageObject","inLanguage":"yu-YU","@id":"http:\/\/www.nordwich.com\/de\/o-nas\/#primaryimage","url":"http:\/\/www.nordwich.com\/wp-content\/uploads\/2023\/03\/man-g732d83f03_1920-1024x605.jpg","contentUrl":"http:\/\/www.nordwich.com\/wp-content\/uploads\/2023\/03\/man-g732d83f03_1920-1024x605.jpg"},{"@type":"BreadcrumbList","@id":"http:\/\/www.nordwich.com\/de\/o-nas\/#breadcrumb","itemListElement":[{"@type":"ListItem","position":1,"name":"Domovsk\u00e1 str\u00e1nka","item":"http:\/\/www.nordwich.com\/"},{"@type":"ListItem","position":2,"name":"\u00dcber uns"}]},{"@type":"WebSite","@id":"http:\/\/www.nordwich.com\/#website","url":"http:\/\/www.nordwich.com\/","name":"Nordwich","description":"Personalna agencija","publisher":{"@id":"http:\/\/www.nordwich.com\/#organization"},"potentialAction":[{"@type":"SearchAction","target":{"@type":"EntryPoint","urlTemplate":"http:\/\/www.nordwich.com\/?s={search_term_string}"},"query-input":{"@type":"PropertyValueSpecification","valueRequired":true,"valueName":"search_term_string"}}],"inLanguage":"yu-YU"},{"@type":"Organization","@id":"http:\/\/www.nordwich.com\/#organization","name":"Nordwich","url":"http:\/\/www.nordwich.com\/","logo":{"@type":"ImageObject","inLanguage":"yu-YU","@id":"http:\/\/www.nordwich.com\/#\/schema\/logo\/image\/","url":"http:\/\/www.nordwich.com\/wp-content\/uploads\/2026\/01\/nordwich_partners01.jpg","contentUrl":"http:\/\/www.nordwich.com\/wp-content\/uploads\/2026\/01\/nordwich_partners01.jpg","width":1110,"height":329,"caption":"Nordwich"},"image":{"@id":"http:\/\/www.nordwich.com\/#\/schema\/logo\/image\/"}}]}},"_links":{"self":[{"href":"http:\/\/www.nordwich.com\/bs\/wp-json\/wp\/v2\/pages\/18","targetHints":{"allow":["GET"]}}],"collection":[{"href":"http:\/\/www.nordwich.com\/bs\/wp-json\/wp\/v2\/pages"}],"about":[{"href":"http:\/\/www.nordwich.com\/bs\/wp-json\/wp\/v2\/types\/page"}],"author":[{"embeddable":true,"href":"http:\/\/www.nordwich.com\/bs\/wp-json\/wp\/v2\/users\/1"}],"replies":[{"embeddable":true,"href":"http:\/\/www.nordwich.com\/bs\/wp-json\/wp\/v2\/comments?post=18"}],"version-history":[{"count":33,"href":"http:\/\/www.nordwich.com\/bs\/wp-json\/wp\/v2\/pages\/18\/revisions"}],"predecessor-version":[{"id":1030,"href":"http:\/\/www.nordwich.com\/bs\/wp-json\/wp\/v2\/pages\/18\/revisions\/1030"}],"wp:attachment":[{"href":"http:\/\/www.nordwich.com\/bs\/wp-json\/wp\/v2\/media?parent=18"}],"curies":[{"name":"wp","href":"https:\/\/api.w.org\/{rel}","templated":true}]}}