{"id":20,"date":"2023-03-16T12:56:43","date_gmt":"2023-03-16T12:56:43","guid":{"rendered":"http:\/\/www.nordwich.com\/?page_id=20"},"modified":"2023-07-26T12:21:36","modified_gmt":"2023-07-26T12:21:36","slug":"agentura","status":"publish","type":"page","link":"http:\/\/www.nordwich.com\/bs\/agentura\/","title":{"rendered":"Agencija"},"content":{"rendered":"\n<div class=\"wp-block-columns is-layout-flex wp-container-core-columns-is-layout-9d6595d7 wp-block-columns-is-layout-flex\">\n<div class=\"wp-block-column is-layout-flow wp-block-column-is-layout-flow\">\n<div class=\"wp-block-columns is-layout-flex wp-container-core-columns-is-layout-9d6595d7 wp-block-columns-is-layout-flex\">\n<div class=\"wp-block-column is-layout-flow wp-block-column-is-layout-flow\">\n<h4 class=\"wp-block-heading\">Personalna agencija<\/h4>\n\n\n\n<figure class=\"wp-block-image size-full\"><img loading=\"lazy\" decoding=\"async\" width=\"400\" height=\"249\" src=\"http:\/\/www.nordwich.com\/wp-content\/uploads\/2023\/06\/personalna_agentura_400.jpg\" alt=\"Person\u00e1lna agent\u00fara\" class=\"wp-image-592\" srcset=\"http:\/\/www.nordwich.com\/wp-content\/uploads\/2023\/06\/personalna_agentura_400.jpg 400w, http:\/\/www.nordwich.com\/wp-content\/uploads\/2023\/06\/personalna_agentura_400-300x187.jpg 300w\" sizes=\"auto, (max-width: 400px) 100vw, 400px\" \/><\/figure>\n\n\n\n<div class=\"wp-block-buttons is-layout-flex wp-block-buttons-is-layout-flex\">\n<div class=\"wp-block-button\"><a class=\"wp-block-button__link wp-element-button\" href=\"\/\/www.nordwich.com\/bs\/agentura\/personalna-agentura\/\">Saznajte vi\u0161e&#8230;<\/a><\/div>\n<\/div>\n<\/div>\n\n\n\n<div class=\"wp-block-column is-layout-flow wp-block-column-is-layout-flow\">\n<h4 class=\"wp-block-heading\">Agencija za zapo\u0161ljavanje<\/h4>\n\n\n\n<figure class=\"wp-block-image size-full is-style-default\"><img loading=\"lazy\" decoding=\"async\" width=\"400\" height=\"249\" src=\"http:\/\/www.nordwich.com\/wp-content\/uploads\/2023\/06\/pracovna_agentura_400.jpg\" alt=\"Pracovn\u00e1 agent\u00fara\" class=\"wp-image-591\" srcset=\"http:\/\/www.nordwich.com\/wp-content\/uploads\/2023\/06\/pracovna_agentura_400.jpg 400w, http:\/\/www.nordwich.com\/wp-content\/uploads\/2023\/06\/pracovna_agentura_400-300x187.jpg 300w\" sizes=\"auto, (max-width: 400px) 100vw, 400px\" \/><\/figure>\n\n\n\n<div class=\"wp-block-buttons is-layout-flex wp-block-buttons-is-layout-flex\">\n<div class=\"wp-block-button\"><a class=\"wp-block-button__link wp-element-button\" href=\"\/\/www.nordwich.com\/bs\/agentura\/pracovna-agentura\/\">Saznajte vi\u0161e&#8230;<\/a><\/div>\n<\/div>\n<\/div>\n<\/div>\n<\/div>\n\n\n\n<div class=\"wp-block-column is-layout-flow wp-block-column-is-layout-flow\">\n<div class=\"wp-block-columns is-layout-flex wp-container-core-columns-is-layout-9d6595d7 wp-block-columns-is-layout-flex\">\n<div class=\"wp-block-column is-layout-flow wp-block-column-is-layout-flow\">\n<h4 class=\"wp-block-heading\">Tra\u017eim radnike<\/h4>\n\n\n\n<figure class=\"wp-block-image size-full\"><img loading=\"lazy\" decoding=\"async\" width=\"400\" height=\"249\" src=\"http:\/\/www.nordwich.com\/wp-content\/uploads\/2023\/06\/hladam_pracovnikov_400.jpg\" alt=\"H\u013ead\u00e1m pracovn\u00edkov\" class=\"wp-image-590\" srcset=\"http:\/\/www.nordwich.com\/wp-content\/uploads\/2023\/06\/hladam_pracovnikov_400.jpg 400w, http:\/\/www.nordwich.com\/wp-content\/uploads\/2023\/06\/hladam_pracovnikov_400-300x187.jpg 300w\" sizes=\"auto, (max-width: 400px) 100vw, 400px\" \/><\/figure>\n\n\n\n<div class=\"wp-block-buttons is-layout-flex wp-block-buttons-is-layout-flex\">\n<div class=\"wp-block-button\"><a class=\"wp-block-button__link wp-element-button\" href=\"\/\/www.nordwich.com\/bs\/agentura\/hladam-pracovnikov\/\">Saznajte vi\u0161e&#8230;<\/a><\/div>\n<\/div>\n<\/div>\n\n\n\n<div class=\"wp-block-column is-layout-flow wp-block-column-is-layout-flow\">\n<h4 class=\"wp-block-heading\">Tra\u017eim posao<\/h4>\n\n\n\n<figure class=\"wp-block-image size-full\"><img loading=\"lazy\" decoding=\"async\" width=\"400\" height=\"249\" src=\"http:\/\/www.nordwich.com\/wp-content\/uploads\/2023\/06\/hladam_pracu_400.jpg\" alt=\"H\u013ead\u00e1m pr\u00e1cu\" class=\"wp-image-589\" srcset=\"http:\/\/www.nordwich.com\/wp-content\/uploads\/2023\/06\/hladam_pracu_400.jpg 400w, http:\/\/www.nordwich.com\/wp-content\/uploads\/2023\/06\/hladam_pracu_400-300x187.jpg 300w\" sizes=\"auto, (max-width: 400px) 100vw, 400px\" \/><\/figure>\n\n\n\n<div class=\"wp-block-buttons is-layout-flex wp-block-buttons-is-layout-flex\">\n<div class=\"wp-block-button\"><a class=\"wp-block-button__link wp-element-button\" href=\"http:\/\/www.nordwich.com\/bs\/agentura\/hladam-pracu\/\">Saznajte vi\u0161e&#8230;<\/a><\/div>\n<\/div>\n<\/div>\n<\/div>\n<\/div>\n<\/div>\n","protected":false},"excerpt":{"rendered":"<p>Personalna agencija Agencija za zapo\u0161ljavanje Tra\u017eim radnike Tra\u017eim posao<\/p>\n","protected":false},"author":1,"featured_media":0,"parent":0,"menu_order":0,"comment_status":"closed","ping_status":"closed","template":"","meta":{"footnotes":""},"class_list":["post-20","page","type-page","status-publish","hentry"],"translation":{"provider":"WPGlobus","version":"3.0.0","language":"bs","enabled_languages":["sk","bs","de"],"languages":{"sk":{"title":true,"content":true,"excerpt":false},"bs":{"title":true,"content":true,"excerpt":false},"de":{"title":true,"content":true,"excerpt":false}}},"yoast_head":"<!-- This site is optimized with the Yoast SEO plugin v26.1.1 - https:\/\/yoast.com\/wordpress\/plugins\/seo\/ -->\n<title>Agencija - Nordwich<\/title>\n<meta name=\"robots\" content=\"index, follow, max-snippet:-1, max-image-preview:large, max-video-preview:-1\" \/>\n<link rel=\"canonical\" href=\"https:\/\/www.nordwich.com\/agentura\/\" \/>\n<meta property=\"og:locale\" content=\"en_US\" \/>\n<meta property=\"og:type\" content=\"article\" \/>\n<meta property=\"og:title\" content=\"Agencija - Nordwich\" \/>\n<meta property=\"og:url\" content=\"https:\/\/www.nordwich.com\/agentura\/\" \/>\n<meta property=\"og:site_name\" content=\"Nordwich\" \/>\n<meta property=\"article:modified_time\" content=\"2023-07-26T12:21:36+00:00\" \/>\n<meta property=\"og:image\" content=\"http:\/\/www.nordwich.com\/wp-content\/uploads\/2023\/06\/personalna_agentura_400.jpg\" \/>\n<meta name=\"twitter:card\" content=\"summary_large_image\" \/>\n<meta name=\"twitter:label1\" content=\"Est. reading time\" \/>\n\t<meta name=\"twitter:data1\" content=\"1 minute\" \/>\n<script type=\"application\/ld+json\" class=\"yoast-schema-graph\">{\"@context\":\"https:\/\/schema.org\",\"@graph\":[{\"@type\":\"WebPage\",\"@id\":\"https:\/\/www.nordwich.com\/agentura\/\",\"url\":\"https:\/\/www.nordwich.com\/agentura\/\",\"name\":\"Agencija - Nordwich\",\"isPartOf\":{\"@id\":\"http:\/\/www.nordwich.com\/#website\"},\"primaryImageOfPage\":{\"@id\":\"https:\/\/www.nordwich.com\/agentura\/#primaryimage\"},\"image\":{\"@id\":\"https:\/\/www.nordwich.com\/agentura\/#primaryimage\"},\"thumbnailUrl\":\"http:\/\/www.nordwich.com\/wp-content\/uploads\/2023\/06\/personalna_agentura_400.jpg\",\"datePublished\":\"2023-03-16T12:56:43+00:00\",\"dateModified\":\"2023-07-26T12:21:36+00:00\",\"description\":\"Sme person\u00e1lna a pracovn\u00e1 agent\u00fara, ktor\u00e1 pon\u00faka pr\u00e1cu z\u00e1ujemcom vo vybran\u00fdch profesi\u00e1ch a vyh\u013ead\u00e1va pracovn\u00edkov pre firmy.\",\"breadcrumb\":{\"@id\":\"https:\/\/www.nordwich.com\/agentura\/#breadcrumb\"},\"inLanguage\":\"yu-YU\",\"potentialAction\":[{\"@type\":\"ReadAction\",\"target\":[\"https:\/\/www.nordwich.com\/agentura\/\"]}]},{\"@type\":\"ImageObject\",\"inLanguage\":\"yu-YU\",\"@id\":\"https:\/\/www.nordwich.com\/agentura\/#primaryimage\",\"url\":\"http:\/\/www.nordwich.com\/wp-content\/uploads\/2023\/06\/personalna_agentura_400.jpg\",\"contentUrl\":\"http:\/\/www.nordwich.com\/wp-content\/uploads\/2023\/06\/personalna_agentura_400.jpg\"},{\"@type\":\"BreadcrumbList\",\"@id\":\"https:\/\/www.nordwich.com\/agentura\/#breadcrumb\",\"itemListElement\":[{\"@type\":\"ListItem\",\"position\":1,\"name\":\"Domovsk\u00e1 str\u00e1nka\",\"item\":\"http:\/\/www.nordwich.com\/\"},{\"@type\":\"ListItem\",\"position\":2,\"name\":\"Agent\u00fara\"}]},{\"@type\":\"WebSite\",\"@id\":\"http:\/\/www.nordwich.com\/#website\",\"url\":\"http:\/\/www.nordwich.com\/\",\"name\":\"Nordwich\",\"description\":\"Personalna agencija\",\"publisher\":{\"@id\":\"http:\/\/www.nordwich.com\/#organization\"},\"potentialAction\":[{\"@type\":\"SearchAction\",\"target\":{\"@type\":\"EntryPoint\",\"urlTemplate\":\"http:\/\/www.nordwich.com\/?s={search_term_string}\"},\"query-input\":{\"@type\":\"PropertyValueSpecification\",\"valueRequired\":true,\"valueName\":\"search_term_string\"}}],\"inLanguage\":\"yu-YU\"},{\"@type\":\"Organization\",\"@id\":\"http:\/\/www.nordwich.com\/#organization\",\"name\":\"Nordwich\",\"url\":\"http:\/\/www.nordwich.com\/\",\"logo\":{\"@type\":\"ImageObject\",\"inLanguage\":\"yu-YU\",\"@id\":\"http:\/\/www.nordwich.com\/#\/schema\/logo\/image\/\",\"url\":\"http:\/\/www.nordwich.com\/wp-content\/uploads\/2026\/01\/nordwich_partners01.jpg\",\"contentUrl\":\"http:\/\/www.nordwich.com\/wp-content\/uploads\/2026\/01\/nordwich_partners01.jpg\",\"width\":1110,\"height\":329,\"caption\":\"Nordwich\"},\"image\":{\"@id\":\"http:\/\/www.nordwich.com\/#\/schema\/logo\/image\/\"}}]}<\/script>\n<!-- \/ Yoast SEO plugin. -->","yoast_head_json":{"title":"Agencija - Nordwich","robots":{"index":"index","follow":"follow","max-snippet":"max-snippet:-1","max-image-preview":"max-image-preview:large","max-video-preview":"max-video-preview:-1"},"canonical":"https:\/\/www.nordwich.com\/agentura\/","og_locale":"en_US","og_type":"article","og_title":"Agencija - Nordwich","og_url":"https:\/\/www.nordwich.com\/agentura\/","og_site_name":"Nordwich","article_modified_time":"2023-07-26T12:21:36+00:00","og_image":[{"url":"http:\/\/www.nordwich.com\/wp-content\/uploads\/2023\/06\/personalna_agentura_400.jpg","type":"","width":"","height":""}],"twitter_card":"summary_large_image","twitter_misc":{"Est. reading time":"1 minute"},"schema":{"@context":"https:\/\/schema.org","@graph":[{"@type":"WebPage","@id":"https:\/\/www.nordwich.com\/agentura\/","url":"https:\/\/www.nordwich.com\/agentura\/","name":"Agencija - Nordwich","isPartOf":{"@id":"http:\/\/www.nordwich.com\/#website"},"primaryImageOfPage":{"@id":"https:\/\/www.nordwich.com\/agentura\/#primaryimage"},"image":{"@id":"https:\/\/www.nordwich.com\/agentura\/#primaryimage"},"thumbnailUrl":"http:\/\/www.nordwich.com\/wp-content\/uploads\/2023\/06\/personalna_agentura_400.jpg","datePublished":"2023-03-16T12:56:43+00:00","dateModified":"2023-07-26T12:21:36+00:00","description":"Sme person\u00e1lna a pracovn\u00e1 agent\u00fara, ktor\u00e1 pon\u00faka pr\u00e1cu z\u00e1ujemcom vo vybran\u00fdch profesi\u00e1ch a vyh\u013ead\u00e1va pracovn\u00edkov pre firmy.","breadcrumb":{"@id":"https:\/\/www.nordwich.com\/agentura\/#breadcrumb"},"inLanguage":"yu-YU","potentialAction":[{"@type":"ReadAction","target":["https:\/\/www.nordwich.com\/agentura\/"]}]},{"@type":"ImageObject","inLanguage":"yu-YU","@id":"https:\/\/www.nordwich.com\/agentura\/#primaryimage","url":"http:\/\/www.nordwich.com\/wp-content\/uploads\/2023\/06\/personalna_agentura_400.jpg","contentUrl":"http:\/\/www.nordwich.com\/wp-content\/uploads\/2023\/06\/personalna_agentura_400.jpg"},{"@type":"BreadcrumbList","@id":"https:\/\/www.nordwich.com\/agentura\/#breadcrumb","itemListElement":[{"@type":"ListItem","position":1,"name":"Domovsk\u00e1 str\u00e1nka","item":"http:\/\/www.nordwich.com\/"},{"@type":"ListItem","position":2,"name":"Agent\u00fara"}]},{"@type":"WebSite","@id":"http:\/\/www.nordwich.com\/#website","url":"http:\/\/www.nordwich.com\/","name":"Nordwich","description":"Personalna agencija","publisher":{"@id":"http:\/\/www.nordwich.com\/#organization"},"potentialAction":[{"@type":"SearchAction","target":{"@type":"EntryPoint","urlTemplate":"http:\/\/www.nordwich.com\/?s={search_term_string}"},"query-input":{"@type":"PropertyValueSpecification","valueRequired":true,"valueName":"search_term_string"}}],"inLanguage":"yu-YU"},{"@type":"Organization","@id":"http:\/\/www.nordwich.com\/#organization","name":"Nordwich","url":"http:\/\/www.nordwich.com\/","logo":{"@type":"ImageObject","inLanguage":"yu-YU","@id":"http:\/\/www.nordwich.com\/#\/schema\/logo\/image\/","url":"http:\/\/www.nordwich.com\/wp-content\/uploads\/2026\/01\/nordwich_partners01.jpg","contentUrl":"http:\/\/www.nordwich.com\/wp-content\/uploads\/2026\/01\/nordwich_partners01.jpg","width":1110,"height":329,"caption":"Nordwich"},"image":{"@id":"http:\/\/www.nordwich.com\/#\/schema\/logo\/image\/"}}]}},"_links":{"self":[{"href":"http:\/\/www.nordwich.com\/bs\/wp-json\/wp\/v2\/pages\/20","targetHints":{"allow":["GET"]}}],"collection":[{"href":"http:\/\/www.nordwich.com\/bs\/wp-json\/wp\/v2\/pages"}],"about":[{"href":"http:\/\/www.nordwich.com\/bs\/wp-json\/wp\/v2\/types\/page"}],"author":[{"embeddable":true,"href":"http:\/\/www.nordwich.com\/bs\/wp-json\/wp\/v2\/users\/1"}],"replies":[{"embeddable":true,"href":"http:\/\/www.nordwich.com\/bs\/wp-json\/wp\/v2\/comments?post=20"}],"version-history":[{"count":25,"href":"http:\/\/www.nordwich.com\/bs\/wp-json\/wp\/v2\/pages\/20\/revisions"}],"predecessor-version":[{"id":776,"href":"http:\/\/www.nordwich.com\/bs\/wp-json\/wp\/v2\/pages\/20\/revisions\/776"}],"wp:attachment":[{"href":"http:\/\/www.nordwich.com\/bs\/wp-json\/wp\/v2\/media?parent=20"}],"curies":[{"name":"wp","href":"https:\/\/api.w.org\/{rel}","templated":true}]}}