{"id":235,"date":"2023-06-01T15:56:16","date_gmt":"2023-06-01T15:56:16","guid":{"rendered":"http:\/\/www.nordwich.com\/?page_id=235"},"modified":"2023-09-11T07:12:29","modified_gmt":"2023-09-11T07:12:29","slug":"sluzby","status":"publish","type":"page","link":"http:\/\/www.nordwich.com\/bs\/sluzby\/","title":{"rendered":"Usluge"},"content":{"rendered":"\n<div class=\"wp-block-media-text alignwide is-stacked-on-mobile\"><figure class=\"wp-block-media-text__media\"><img loading=\"lazy\" decoding=\"async\" width=\"1024\" height=\"646\" src=\"http:\/\/www.nordwich.com\/wp-content\/uploads\/2023\/06\/sluzby_office02-1024x646.jpg\" alt=\"Slu\u017eby\" class=\"wp-image-275 size-full\" srcset=\"http:\/\/www.nordwich.com\/wp-content\/uploads\/2023\/06\/sluzby_office02-1024x646.jpg 1024w, http:\/\/www.nordwich.com\/wp-content\/uploads\/2023\/06\/sluzby_office02-300x189.jpg 300w, http:\/\/www.nordwich.com\/wp-content\/uploads\/2023\/06\/sluzby_office02-768x484.jpg 768w, http:\/\/www.nordwich.com\/wp-content\/uploads\/2023\/06\/sluzby_office02.jpg 1280w\" sizes=\"auto, (max-width: 1024px) 100vw, 1024px\" \/><\/figure><div class=\"wp-block-media-text__content\">\n<div style=\"height:33px\" aria-hidden=\"true\" class=\"wp-block-spacer\"><\/div>\n\n\n\n<p>Osim pru\u017eanja usluga koji suvise sa personalnim radom\u00ad (konkurs, zapo\u0161ljavanje, podr\u0161ka radnicima) NORDWICH pru\u017ea usluge administrativno pravnog karaktera.<\/p>\n<\/div><\/div>\n\n\n\n<div style=\"height:25px\" aria-hidden=\"true\" class=\"wp-block-spacer\"><\/div>\n\n\n\n<div class=\"wp-block-buttons is-layout-flex wp-block-buttons-is-layout-flex\">\n<div class=\"wp-block-button\"><a class=\"wp-block-button__link wp-element-button\" href=\"\/\/www.nordwich.com\/bs\/sluzby-on-line-formular\/\">PITAJTE<\/a><\/div>\n<\/div>\n\n\n\n<div style=\"height:30px\" aria-hidden=\"true\" class=\"wp-block-spacer\"><\/div>\n\n\n\n<p><strong>OSNIVANJE PREDUZE\u0106A<\/strong> ( njihovog pro\u0161irenja, zatvaranja, restrukturalizacije, promena u&nbsp;firmama, \u0161irenje i&nbsp;promena delatnosti, uklju\u010duju\u0107i i&nbsp;pru\u017eanja virtualne adrese)<\/p>\n\n\n\n<p><strong>POREZNE, RA\u010cUNOVODSTVENE, ADMINISTRATIVNE USLUGE<\/strong> (ugovori na SK i&nbsp;DE jeziku, , A1, fakturisanje, porezni broj, obra\u010dun poreza,re\u0161avanje administrativnih poslova u&nbsp;ustanovama za Vas , zdrastveno osiguranje, socijalno, poreska rezidencija, potvrda poreske uprave za policiju za strance itd)<\/p>\n\n\n\n<p><strong>VIZE I&nbsp;BORAVI\u0160NE DOZVOLE ZA RAD ZA KLIJENTE KOJI IMAJU ILI \u017dELE DA OSNUJU FIRMU <\/strong>(samostalno zaposlenje, pr., zaposlenje, spajanje porodice)<\/p>\n\n\n\n<p><strong>VIZE I&nbsp;BORAVI\u0160NE DOZVOLE ZA KLIJENTE KOJI \u017dELE DA SE ZAPOSLE U&nbsp;EU<\/strong> (EU i&nbsp;non EU klijenti)<\/p>\n\n\n\n<p><strong>ZASTUPANJE FIRMI \u2013 KLIJENATA U&nbsp;KOMUNIKACIJI SA DRUGIM FIRMAMA<\/strong> (u Slova\u010dkoj, Nema\u010dkoj, Austriji)<\/p>\n\n\n\n<p><strong>PONUDE<\/strong> (izrada cenovnika i&nbsp;ponuda rada za gra\u0111evinske firme ili za poslove na gra\u0111evini)<\/p>\n\n\n\n<p><strong>POMO\u0106 I&nbsp;ZASTUPANJE U&nbsp;SLOVA\u010cKIM USTANOVAMA<\/strong> (biro rada, policija za strance, inspekcija rada, poreska uprava, carina i sli\u010dno)<\/p>\n\n\n\n<p><strong>REGISTRACIJA SAMOZAPOSLENIH U&nbsp;NEMA\u010cKIM I&nbsp;AUSTRIJSKIM USTANOVAMA <\/strong>( porezni broj,<strong> <\/strong>Freistellung \u2013 osloba\u0111anje od pla\u0107anja poreza , privremeno prebivali\u0161te i&nbsp;sli\u010dno)<\/p>\n\n\n\n<p><strong>POMO\u0106 PRI OTVARANJU I&nbsp;ODR\u017dAVANJU RA\u010cUNA U&nbsp;BANCI<\/strong> (komunikacija sa bankom, izvodi, potvrda o&nbsp;poreskoj rezidenciji atd)<\/p>\n\n\n\n<p><strong>VOZA\u010cKA DOZVOLA<\/strong> (pomo\u0107 kod upisa u&nbsp;auto \u0161kolu ili prevod strane dozvole na slova\u010dku dozvolu)<\/p>\n\n\n\n<p><strong>POMO\u0106 U&nbsp;KOMUNIKACIJI SA SUDSKIM IZVR\u0160ITELJIMA<\/strong> ( kod prisilne naplate va\u0161ih obaveza, mo\u017eemo da pomognemo)<\/p>\n\n\n\n<p><strong>OSIGURANJE<\/strong> (pomo\u0107 pri prijavnljivanju na osiguanje, kod osiguranja koje tra\u017ee Va\u0161i poslovni partneri zbog naplate \u0161tete koju mo\u017eete napraviti, osiguranje i&nbsp;registracija vozila i&nbsp;ostala osiguranja)<\/p>\n\n\n\n<div class=\"wp-block-buttons is-layout-flex wp-block-buttons-is-layout-flex\">\n<div class=\"wp-block-button\"><a class=\"wp-block-button__link wp-element-button\" href=\"\/\/www.nordwich.com\/bs\/sluzby-on-line-formular\/\">PITAJTE<\/a><\/div>\n<\/div>\n","protected":false},"excerpt":{"rendered":"<p>OSNIVANJE PREDUZE\u0106A ( njihovog pro\u0161irenja, zatvaranja, restrukturalizacije, promena u&nbsp;firmama, \u0161irenje i&nbsp;promena delatnosti, uklju\u010duju\u0107i i&nbsp;pru\u017eanja virtualne adrese) POREZNE, RA\u010cUNOVODSTVENE, ADMINISTRATIVNE USLUGE (ugovori na SK i&nbsp;DE jeziku,&hellip;<\/p>\n","protected":false},"author":1,"featured_media":0,"parent":0,"menu_order":0,"comment_status":"closed","ping_status":"closed","template":"","meta":{"footnotes":""},"class_list":["post-235","page","type-page","status-publish","hentry"],"translation":{"provider":"WPGlobus","version":"3.0.0","language":"bs","enabled_languages":["sk","bs","de"],"languages":{"sk":{"title":true,"content":true,"excerpt":false},"bs":{"title":true,"content":true,"excerpt":false},"de":{"title":true,"content":true,"excerpt":false}}},"yoast_head":"<!-- This site is optimized with the Yoast SEO plugin v26.1.1 - https:\/\/yoast.com\/wordpress\/plugins\/seo\/ -->\n<title>Usluge - Nordwich<\/title>\n<meta name=\"robots\" content=\"index, follow, max-snippet:-1, max-image-preview:large, max-video-preview:-1\" \/>\n<link rel=\"canonical\" href=\"http:\/\/www.nordwich.com\/sluzby\/\" \/>\n<meta property=\"og:locale\" content=\"en_US\" \/>\n<meta property=\"og:type\" content=\"article\" \/>\n<meta property=\"og:title\" content=\"Usluge - Nordwich\" \/>\n<meta property=\"og:url\" content=\"http:\/\/www.nordwich.com\/sluzby\/\" \/>\n<meta property=\"og:site_name\" content=\"Nordwich\" \/>\n<meta property=\"article:modified_time\" content=\"2023-09-11T07:12:29+00:00\" \/>\n<meta property=\"og:image\" content=\"http:\/\/www.nordwich.com\/wp-content\/uploads\/2023\/06\/sluzby_office02-1024x646.jpg\" \/>\n<meta name=\"twitter:card\" content=\"summary_large_image\" \/>\n<meta name=\"twitter:label1\" content=\"Est. reading time\" \/>\n\t<meta name=\"twitter:data1\" content=\"2 minutes\" \/>\n<script type=\"application\/ld+json\" class=\"yoast-schema-graph\">{\"@context\":\"https:\/\/schema.org\",\"@graph\":[{\"@type\":\"WebPage\",\"@id\":\"http:\/\/www.nordwich.com\/sluzby\/\",\"url\":\"http:\/\/www.nordwich.com\/sluzby\/\",\"name\":\"Usluge - Nordwich\",\"isPartOf\":{\"@id\":\"https:\/\/www.nordwich.com\/#website\"},\"primaryImageOfPage\":{\"@id\":\"http:\/\/www.nordwich.com\/sluzby\/#primaryimage\"},\"image\":{\"@id\":\"http:\/\/www.nordwich.com\/sluzby\/#primaryimage\"},\"thumbnailUrl\":\"http:\/\/www.nordwich.com\/wp-content\/uploads\/2023\/06\/sluzby_office02-1024x646.jpg\",\"datePublished\":\"2023-06-01T15:56:16+00:00\",\"dateModified\":\"2023-09-11T07:12:29+00:00\",\"description\":\"Aadministrat\u00edvno-pr\u00e1vne slu\u017eby: zakladanie a registr\u00e1cia firiem, da\u0148ov\u00fd a administrat\u00edvny servis, v\u00edza, poistenie, vodi\u010dsk\u00fd preukaz.\",\"breadcrumb\":{\"@id\":\"http:\/\/www.nordwich.com\/sluzby\/#breadcrumb\"},\"inLanguage\":\"yu-YU\",\"potentialAction\":[{\"@type\":\"ReadAction\",\"target\":[\"http:\/\/www.nordwich.com\/sluzby\/\"]}]},{\"@type\":\"ImageObject\",\"inLanguage\":\"yu-YU\",\"@id\":\"http:\/\/www.nordwich.com\/sluzby\/#primaryimage\",\"url\":\"http:\/\/www.nordwich.com\/wp-content\/uploads\/2023\/06\/sluzby_office02-1024x646.jpg\",\"contentUrl\":\"http:\/\/www.nordwich.com\/wp-content\/uploads\/2023\/06\/sluzby_office02-1024x646.jpg\"},{\"@type\":\"BreadcrumbList\",\"@id\":\"http:\/\/www.nordwich.com\/sluzby\/#breadcrumb\",\"itemListElement\":[{\"@type\":\"ListItem\",\"position\":1,\"name\":\"Domovsk\u00e1 str\u00e1nka\",\"item\":\"https:\/\/www.nordwich.com\/\"},{\"@type\":\"ListItem\",\"position\":2,\"name\":\"Slu\u017eby\"}]},{\"@type\":\"WebSite\",\"@id\":\"https:\/\/www.nordwich.com\/#website\",\"url\":\"https:\/\/www.nordwich.com\/\",\"name\":\"Nordwich\",\"description\":\"Personalna agencija\",\"publisher\":{\"@id\":\"https:\/\/www.nordwich.com\/#organization\"},\"potentialAction\":[{\"@type\":\"SearchAction\",\"target\":{\"@type\":\"EntryPoint\",\"urlTemplate\":\"https:\/\/www.nordwich.com\/?s={search_term_string}\"},\"query-input\":{\"@type\":\"PropertyValueSpecification\",\"valueRequired\":true,\"valueName\":\"search_term_string\"}}],\"inLanguage\":\"yu-YU\"},{\"@type\":\"Organization\",\"@id\":\"https:\/\/www.nordwich.com\/#organization\",\"name\":\"Nordwich\",\"url\":\"https:\/\/www.nordwich.com\/\",\"logo\":{\"@type\":\"ImageObject\",\"inLanguage\":\"yu-YU\",\"@id\":\"https:\/\/www.nordwich.com\/#\/schema\/logo\/image\/\",\"url\":\"http:\/\/www.nordwich.com\/wp-content\/uploads\/2026\/01\/nordwich_partners01.jpg\",\"contentUrl\":\"http:\/\/www.nordwich.com\/wp-content\/uploads\/2026\/01\/nordwich_partners01.jpg\",\"width\":1110,\"height\":329,\"caption\":\"Nordwich\"},\"image\":{\"@id\":\"https:\/\/www.nordwich.com\/#\/schema\/logo\/image\/\"}}]}<\/script>\n<!-- \/ Yoast SEO plugin. -->","yoast_head_json":{"title":"Usluge - Nordwich","robots":{"index":"index","follow":"follow","max-snippet":"max-snippet:-1","max-image-preview":"max-image-preview:large","max-video-preview":"max-video-preview:-1"},"canonical":"http:\/\/www.nordwich.com\/sluzby\/","og_locale":"en_US","og_type":"article","og_title":"Usluge - Nordwich","og_url":"http:\/\/www.nordwich.com\/sluzby\/","og_site_name":"Nordwich","article_modified_time":"2023-09-11T07:12:29+00:00","og_image":[{"url":"http:\/\/www.nordwich.com\/wp-content\/uploads\/2023\/06\/sluzby_office02-1024x646.jpg","type":"","width":"","height":""}],"twitter_card":"summary_large_image","twitter_misc":{"Est. reading time":"2 minutes"},"schema":{"@context":"https:\/\/schema.org","@graph":[{"@type":"WebPage","@id":"http:\/\/www.nordwich.com\/sluzby\/","url":"http:\/\/www.nordwich.com\/sluzby\/","name":"Usluge - Nordwich","isPartOf":{"@id":"https:\/\/www.nordwich.com\/#website"},"primaryImageOfPage":{"@id":"http:\/\/www.nordwich.com\/sluzby\/#primaryimage"},"image":{"@id":"http:\/\/www.nordwich.com\/sluzby\/#primaryimage"},"thumbnailUrl":"http:\/\/www.nordwich.com\/wp-content\/uploads\/2023\/06\/sluzby_office02-1024x646.jpg","datePublished":"2023-06-01T15:56:16+00:00","dateModified":"2023-09-11T07:12:29+00:00","description":"Aadministrat\u00edvno-pr\u00e1vne slu\u017eby: zakladanie a registr\u00e1cia firiem, da\u0148ov\u00fd a administrat\u00edvny servis, v\u00edza, poistenie, vodi\u010dsk\u00fd preukaz.","breadcrumb":{"@id":"http:\/\/www.nordwich.com\/sluzby\/#breadcrumb"},"inLanguage":"yu-YU","potentialAction":[{"@type":"ReadAction","target":["http:\/\/www.nordwich.com\/sluzby\/"]}]},{"@type":"ImageObject","inLanguage":"yu-YU","@id":"http:\/\/www.nordwich.com\/sluzby\/#primaryimage","url":"http:\/\/www.nordwich.com\/wp-content\/uploads\/2023\/06\/sluzby_office02-1024x646.jpg","contentUrl":"http:\/\/www.nordwich.com\/wp-content\/uploads\/2023\/06\/sluzby_office02-1024x646.jpg"},{"@type":"BreadcrumbList","@id":"http:\/\/www.nordwich.com\/sluzby\/#breadcrumb","itemListElement":[{"@type":"ListItem","position":1,"name":"Domovsk\u00e1 str\u00e1nka","item":"https:\/\/www.nordwich.com\/"},{"@type":"ListItem","position":2,"name":"Slu\u017eby"}]},{"@type":"WebSite","@id":"https:\/\/www.nordwich.com\/#website","url":"https:\/\/www.nordwich.com\/","name":"Nordwich","description":"Personalna agencija","publisher":{"@id":"https:\/\/www.nordwich.com\/#organization"},"potentialAction":[{"@type":"SearchAction","target":{"@type":"EntryPoint","urlTemplate":"https:\/\/www.nordwich.com\/?s={search_term_string}"},"query-input":{"@type":"PropertyValueSpecification","valueRequired":true,"valueName":"search_term_string"}}],"inLanguage":"yu-YU"},{"@type":"Organization","@id":"https:\/\/www.nordwich.com\/#organization","name":"Nordwich","url":"https:\/\/www.nordwich.com\/","logo":{"@type":"ImageObject","inLanguage":"yu-YU","@id":"https:\/\/www.nordwich.com\/#\/schema\/logo\/image\/","url":"http:\/\/www.nordwich.com\/wp-content\/uploads\/2026\/01\/nordwich_partners01.jpg","contentUrl":"http:\/\/www.nordwich.com\/wp-content\/uploads\/2026\/01\/nordwich_partners01.jpg","width":1110,"height":329,"caption":"Nordwich"},"image":{"@id":"https:\/\/www.nordwich.com\/#\/schema\/logo\/image\/"}}]}},"_links":{"self":[{"href":"http:\/\/www.nordwich.com\/bs\/wp-json\/wp\/v2\/pages\/235","targetHints":{"allow":["GET"]}}],"collection":[{"href":"http:\/\/www.nordwich.com\/bs\/wp-json\/wp\/v2\/pages"}],"about":[{"href":"http:\/\/www.nordwich.com\/bs\/wp-json\/wp\/v2\/types\/page"}],"author":[{"embeddable":true,"href":"http:\/\/www.nordwich.com\/bs\/wp-json\/wp\/v2\/users\/1"}],"replies":[{"embeddable":true,"href":"http:\/\/www.nordwich.com\/bs\/wp-json\/wp\/v2\/comments?post=235"}],"version-history":[{"count":26,"href":"http:\/\/www.nordwich.com\/bs\/wp-json\/wp\/v2\/pages\/235\/revisions"}],"predecessor-version":[{"id":1017,"href":"http:\/\/www.nordwich.com\/bs\/wp-json\/wp\/v2\/pages\/235\/revisions\/1017"}],"wp:attachment":[{"href":"http:\/\/www.nordwich.com\/bs\/wp-json\/wp\/v2\/media?parent=235"}],"curies":[{"name":"wp","href":"https:\/\/api.w.org\/{rel}","templated":true}]}}