{"id":244,"date":"2023-06-03T18:33:13","date_gmt":"2023-06-03T18:33:13","guid":{"rendered":"http:\/\/www.nordwich.com\/?page_id=244"},"modified":"2023-08-03T08:29:32","modified_gmt":"2023-08-03T08:29:32","slug":"nordwich-bau","status":"publish","type":"page","link":"http:\/\/www.nordwich.com\/bs\/nordwich-bau\/","title":{"rendered":"Nordwich BAU"},"content":{"rendered":"\n<div style=\"height:25px\" aria-hidden=\"true\" class=\"wp-block-spacer\"><\/div>\n\n\n\n<div class=\"wp-block-columns is-layout-flex wp-container-core-columns-is-layout-9d6595d7 wp-block-columns-is-layout-flex\">\n<div class=\"wp-block-column is-layout-flow wp-block-column-is-layout-flow\">\n<div class=\"wp-block-columns is-layout-flex wp-container-core-columns-is-layout-9d6595d7 wp-block-columns-is-layout-flex\">\n<div class=\"wp-block-column is-layout-flow wp-block-column-is-layout-flow\">\n<h4 class=\"wp-block-heading\">ROH BAU<\/h4>\n\n\n\n<figure class=\"wp-block-image size-full\"><img loading=\"lazy\" decoding=\"async\" width=\"600\" height=\"375\" src=\"http:\/\/www.nordwich.com\/wp-content\/uploads\/2023\/07\/roh_bau_600.jpg\" alt=\"ROH BAU\" class=\"wp-image-685\" srcset=\"http:\/\/www.nordwich.com\/wp-content\/uploads\/2023\/07\/roh_bau_600.jpg 600w, http:\/\/www.nordwich.com\/wp-content\/uploads\/2023\/07\/roh_bau_600-300x188.jpg 300w\" sizes=\"auto, (max-width: 600px) 100vw, 600px\" \/><\/figure>\n\n\n\n<div class=\"wp-block-buttons is-layout-flex wp-block-buttons-is-layout-flex\">\n<div class=\"wp-block-button\"><a class=\"wp-block-button__link wp-element-button\" href=\"\/\/www.nordwich.com\/bs\/nordwich-bau\/roh-bau\/\">Saznajte vi\u0161e&#8230;<\/a><\/div>\n<\/div>\n<\/div>\n\n\n\n<div class=\"wp-block-column is-layout-flow wp-block-column-is-layout-flow\">\n<h4 class=\"wp-block-heading\">Rekonstrukcija<\/h4>\n\n\n\n<figure class=\"wp-block-image size-full is-style-default\"><img loading=\"lazy\" decoding=\"async\" width=\"600\" height=\"375\" src=\"http:\/\/www.nordwich.com\/wp-content\/uploads\/2023\/07\/rekonstrukcie_600.jpg\" alt=\"Rekon\u0161trukcie\" class=\"wp-image-684\" srcset=\"http:\/\/www.nordwich.com\/wp-content\/uploads\/2023\/07\/rekonstrukcie_600.jpg 600w, http:\/\/www.nordwich.com\/wp-content\/uploads\/2023\/07\/rekonstrukcie_600-300x188.jpg 300w\" sizes=\"auto, (max-width: 600px) 100vw, 600px\" \/><\/figure>\n\n\n\n<div class=\"wp-block-buttons is-layout-flex wp-block-buttons-is-layout-flex\">\n<div class=\"wp-block-button\"><a class=\"wp-block-button__link wp-element-button\" href=\"\/\/www.nordwich.com\/bs\/nordwich-bau\/rekonstrukcia-starych-bytov-a-budov\/\">Saznajte vi\u0161e&#8230;<\/a><\/div>\n<\/div>\n<\/div>\n<\/div>\n<\/div>\n\n\n\n<div class=\"wp-block-column is-layout-flow wp-block-column-is-layout-flow\">\n<div class=\"wp-block-columns is-layout-flex wp-container-core-columns-is-layout-9d6595d7 wp-block-columns-is-layout-flex\">\n<div class=\"wp-block-column is-layout-flow wp-block-column-is-layout-flow\">\n<h4 class=\"wp-block-heading\">\u010ci\u0161\u0107enje<\/h4>\n\n\n\n<figure class=\"wp-block-image size-full\"><img loading=\"lazy\" decoding=\"async\" width=\"600\" height=\"375\" src=\"http:\/\/www.nordwich.com\/wp-content\/uploads\/2023\/07\/upratovanie_600.jpg\" alt=\"Upratovanie\" class=\"wp-image-683\" srcset=\"http:\/\/www.nordwich.com\/wp-content\/uploads\/2023\/07\/upratovanie_600.jpg 600w, http:\/\/www.nordwich.com\/wp-content\/uploads\/2023\/07\/upratovanie_600-300x188.jpg 300w\" sizes=\"auto, (max-width: 600px) 100vw, 600px\" \/><\/figure>\n\n\n\n<div class=\"wp-block-buttons is-layout-flex wp-block-buttons-is-layout-flex\">\n<div class=\"wp-block-button\"><a class=\"wp-block-button__link wp-element-button\" href=\"\/\/www.nordwich.com\/bs\/nordwich-bau\/upratovanie-stavieb\/\">Saznajte vi\u0161e&#8230;<\/a><\/div>\n<\/div>\n<\/div>\n\n\n\n<div class=\"wp-block-column is-layout-flow wp-block-column-is-layout-flow\">\n<h4 class=\"wp-block-heading\">Elektro radov<\/h4>\n\n\n\n<figure class=\"wp-block-image size-full is-style-default\"><img loading=\"lazy\" decoding=\"async\" width=\"600\" height=\"375\" src=\"http:\/\/www.nordwich.com\/wp-content\/uploads\/2023\/08\/elektro_600.jpg\" alt=\"Elektroin\u0161tal\u00e1cie\" class=\"wp-image-889\" srcset=\"http:\/\/www.nordwich.com\/wp-content\/uploads\/2023\/08\/elektro_600.jpg 600w, http:\/\/www.nordwich.com\/wp-content\/uploads\/2023\/08\/elektro_600-300x188.jpg 300w\" sizes=\"auto, (max-width: 600px) 100vw, 600px\" \/><\/figure>\n\n\n\n<div class=\"wp-block-buttons is-layout-flex wp-block-buttons-is-layout-flex\"><\/div>\n<\/div>\n<\/div>\n<\/div>\n<\/div>\n\n\n\n<div class=\"wp-block-columns is-layout-flex wp-container-core-columns-is-layout-9d6595d7 wp-block-columns-is-layout-flex\">\n<div class=\"wp-block-column is-layout-flow wp-block-column-is-layout-flow\">\n<div class=\"wp-block-columns is-layout-flex wp-container-core-columns-is-layout-9d6595d7 wp-block-columns-is-layout-flex\">\n<div class=\"wp-block-column is-layout-flow wp-block-column-is-layout-flow\">\n<h4 class=\"wp-block-heading\">Stolarija<\/h4>\n\n\n\n<figure class=\"wp-block-image size-full\"><img loading=\"lazy\" decoding=\"async\" width=\"600\" height=\"375\" src=\"http:\/\/www.nordwich.com\/wp-content\/uploads\/2023\/08\/stolar_600.jpg\" alt=\"Stol\u00e1rske pr\u00e1ce\" class=\"wp-image-890\" srcset=\"http:\/\/www.nordwich.com\/wp-content\/uploads\/2023\/08\/stolar_600.jpg 600w, http:\/\/www.nordwich.com\/wp-content\/uploads\/2023\/08\/stolar_600-300x188.jpg 300w\" sizes=\"auto, (max-width: 600px) 100vw, 600px\" \/><\/figure>\n\n\n\n<div class=\"wp-block-buttons is-layout-flex wp-block-buttons-is-layout-flex\"><\/div>\n<\/div>\n\n\n\n<div class=\"wp-block-column is-layout-flow wp-block-column-is-layout-flow\"><\/div>\n<\/div>\n<\/div>\n\n\n\n<div class=\"wp-block-column is-layout-flow wp-block-column-is-layout-flow\">\n<div class=\"wp-block-columns is-layout-flex wp-container-core-columns-is-layout-9d6595d7 wp-block-columns-is-layout-flex\">\n<div class=\"wp-block-column is-layout-flow wp-block-column-is-layout-flow\"><\/div>\n\n\n\n<div class=\"wp-block-column is-layout-flow wp-block-column-is-layout-flow\">\n<h4 class=\"wp-block-heading\"><\/h4>\n\n\n\n<div class=\"wp-block-buttons is-layout-flex wp-block-buttons-is-layout-flex\"><\/div>\n<\/div>\n<\/div>\n<\/div>\n<\/div>\n\n\n\n<p>U oblasit gra\u0111evinarstva i kao deo NORDWICH tima, nudimo grube gra\u0111evinske radove (ROH bau). Pored grubih radova, nudimo i gra\u0111evinske i vodoinstalaterske radove i realizacije kako u zatvorenom tako i na otvorenom.<\/p>\n\n\n\n<p>Vr\u0161imo: ru\u0161enje, pripremu i \u010di\u0161\u0107enje pre i posle rekonstrukcije, kao i rekonstrukcije stanova i ku\u0107a: suvi zid, postavljanje podova, plo\u010dica, gipsani radovi, kre\u010denje. Spolja\u0161nje rekonstrukcije \u2013 fasade, trotoari, ograde.<\/p>\n\n\n\n<p>Tako\u0111e mo\u017eemo samostalno da sprovodimo razne instalacione radove na va\u0161em projektu: struja, vodv, grejanje itd..<\/p>\n\n\n\n<p>Ukoliko ve\u0107 imate novi gra\u0111evinski projekat ili projekat rekonstukcije objekata, nakom definisanja radova, izvr\u0161i\u0107emo obra\u010dune i na\u0161i stru\u010dnjaci \u0107e vam pripremiti ponudu, sa datumom po\u010detka i trajanja radova.<\/p>\n\n\n\n<p> Tako\u0111e sara\u0111ujemo i na realizaciji ve\u0107ih gra\u0111evinskih objekata, gde na\u0161 tim obavlja poslove na elektorinstalacijama, vodovodnim mre\u017eama, i ugradnji grejanja.<\/p>\n","protected":false},"excerpt":{"rendered":"<p>ROH BAU Rekonstrukcija \u010ci\u0161\u0107enje Elektro radov Stolarija U oblasit gra\u0111evinarstva i kao deo NORDWICH tima, nudimo grube gra\u0111evinske radove (ROH bau). Pored grubih radova, nudimo&hellip;<\/p>\n","protected":false},"author":1,"featured_media":0,"parent":0,"menu_order":0,"comment_status":"closed","ping_status":"closed","template":"","meta":{"footnotes":""},"class_list":["post-244","page","type-page","status-publish","hentry"],"translation":{"provider":"WPGlobus","version":"3.0.0","language":"bs","enabled_languages":["sk","bs","de"],"languages":{"sk":{"title":true,"content":true,"excerpt":false},"bs":{"title":true,"content":true,"excerpt":false},"de":{"title":false,"content":true,"excerpt":false}}},"yoast_head":"<!-- This site is optimized with the Yoast SEO plugin v26.1.1 - https:\/\/yoast.com\/wordpress\/plugins\/seo\/ -->\n<title>Nordwich BAU - Nordwich<\/title>\n<meta name=\"robots\" content=\"index, follow, max-snippet:-1, max-image-preview:large, max-video-preview:-1\" \/>\n<link rel=\"canonical\" href=\"https:\/\/www.nordwich.com\/nordwich-bau\/\" \/>\n<meta property=\"og:locale\" content=\"en_US\" \/>\n<meta property=\"og:type\" content=\"article\" \/>\n<meta property=\"og:title\" content=\"Nordwich BAU - Nordwich\" \/>\n<meta property=\"og:url\" content=\"https:\/\/www.nordwich.com\/nordwich-bau\/\" \/>\n<meta property=\"og:site_name\" content=\"Nordwich\" \/>\n<meta property=\"article:modified_time\" content=\"2023-08-03T08:29:32+00:00\" \/>\n<meta property=\"og:image\" content=\"http:\/\/www.nordwich.com\/wp-content\/uploads\/2023\/07\/roh_bau_600.jpg\" \/>\n<meta name=\"twitter:card\" content=\"summary_large_image\" \/>\n<meta name=\"twitter:label1\" content=\"Est. reading time\" \/>\n\t<meta name=\"twitter:data1\" content=\"2 minutes\" \/>\n<script type=\"application\/ld+json\" class=\"yoast-schema-graph\">{\"@context\":\"https:\/\/schema.org\",\"@graph\":[{\"@type\":\"WebPage\",\"@id\":\"https:\/\/www.nordwich.com\/nordwich-bau\/\",\"url\":\"https:\/\/www.nordwich.com\/nordwich-bau\/\",\"name\":\"Nordwich BAU - Nordwich\",\"isPartOf\":{\"@id\":\"http:\/\/www.nordwich.com\/#website\"},\"primaryImageOfPage\":{\"@id\":\"https:\/\/www.nordwich.com\/nordwich-bau\/#primaryimage\"},\"image\":{\"@id\":\"https:\/\/www.nordwich.com\/nordwich-bau\/#primaryimage\"},\"thumbnailUrl\":\"http:\/\/www.nordwich.com\/wp-content\/uploads\/2023\/07\/roh_bau_600.jpg\",\"datePublished\":\"2023-06-03T18:33:13+00:00\",\"dateModified\":\"2023-08-03T08:29:32+00:00\",\"breadcrumb\":{\"@id\":\"https:\/\/www.nordwich.com\/nordwich-bau\/#breadcrumb\"},\"inLanguage\":\"yu-YU\",\"potentialAction\":[{\"@type\":\"ReadAction\",\"target\":[\"https:\/\/www.nordwich.com\/nordwich-bau\/\"]}]},{\"@type\":\"ImageObject\",\"inLanguage\":\"yu-YU\",\"@id\":\"https:\/\/www.nordwich.com\/nordwich-bau\/#primaryimage\",\"url\":\"http:\/\/www.nordwich.com\/wp-content\/uploads\/2023\/07\/roh_bau_600.jpg\",\"contentUrl\":\"http:\/\/www.nordwich.com\/wp-content\/uploads\/2023\/07\/roh_bau_600.jpg\"},{\"@type\":\"BreadcrumbList\",\"@id\":\"https:\/\/www.nordwich.com\/nordwich-bau\/#breadcrumb\",\"itemListElement\":[{\"@type\":\"ListItem\",\"position\":1,\"name\":\"Domovsk\u00e1 str\u00e1nka\",\"item\":\"http:\/\/www.nordwich.com\/\"},{\"@type\":\"ListItem\",\"position\":2,\"name\":\"Nordwich BAU\"}]},{\"@type\":\"WebSite\",\"@id\":\"http:\/\/www.nordwich.com\/#website\",\"url\":\"http:\/\/www.nordwich.com\/\",\"name\":\"Nordwich\",\"description\":\"Personalna agencija\",\"publisher\":{\"@id\":\"http:\/\/www.nordwich.com\/#organization\"},\"potentialAction\":[{\"@type\":\"SearchAction\",\"target\":{\"@type\":\"EntryPoint\",\"urlTemplate\":\"http:\/\/www.nordwich.com\/?s={search_term_string}\"},\"query-input\":{\"@type\":\"PropertyValueSpecification\",\"valueRequired\":true,\"valueName\":\"search_term_string\"}}],\"inLanguage\":\"yu-YU\"},{\"@type\":\"Organization\",\"@id\":\"http:\/\/www.nordwich.com\/#organization\",\"name\":\"Nordwich\",\"url\":\"http:\/\/www.nordwich.com\/\",\"logo\":{\"@type\":\"ImageObject\",\"inLanguage\":\"yu-YU\",\"@id\":\"http:\/\/www.nordwich.com\/#\/schema\/logo\/image\/\",\"url\":\"http:\/\/www.nordwich.com\/wp-content\/uploads\/2026\/01\/nordwich_partners01.jpg\",\"contentUrl\":\"http:\/\/www.nordwich.com\/wp-content\/uploads\/2026\/01\/nordwich_partners01.jpg\",\"width\":1110,\"height\":329,\"caption\":\"Nordwich\"},\"image\":{\"@id\":\"http:\/\/www.nordwich.com\/#\/schema\/logo\/image\/\"}}]}<\/script>\n<!-- \/ Yoast SEO plugin. -->","yoast_head_json":{"title":"Nordwich BAU - Nordwich","robots":{"index":"index","follow":"follow","max-snippet":"max-snippet:-1","max-image-preview":"max-image-preview:large","max-video-preview":"max-video-preview:-1"},"canonical":"https:\/\/www.nordwich.com\/nordwich-bau\/","og_locale":"en_US","og_type":"article","og_title":"Nordwich BAU - Nordwich","og_url":"https:\/\/www.nordwich.com\/nordwich-bau\/","og_site_name":"Nordwich","article_modified_time":"2023-08-03T08:29:32+00:00","og_image":[{"url":"http:\/\/www.nordwich.com\/wp-content\/uploads\/2023\/07\/roh_bau_600.jpg","type":"","width":"","height":""}],"twitter_card":"summary_large_image","twitter_misc":{"Est. reading time":"2 minutes"},"schema":{"@context":"https:\/\/schema.org","@graph":[{"@type":"WebPage","@id":"https:\/\/www.nordwich.com\/nordwich-bau\/","url":"https:\/\/www.nordwich.com\/nordwich-bau\/","name":"Nordwich BAU - Nordwich","isPartOf":{"@id":"http:\/\/www.nordwich.com\/#website"},"primaryImageOfPage":{"@id":"https:\/\/www.nordwich.com\/nordwich-bau\/#primaryimage"},"image":{"@id":"https:\/\/www.nordwich.com\/nordwich-bau\/#primaryimage"},"thumbnailUrl":"http:\/\/www.nordwich.com\/wp-content\/uploads\/2023\/07\/roh_bau_600.jpg","datePublished":"2023-06-03T18:33:13+00:00","dateModified":"2023-08-03T08:29:32+00:00","breadcrumb":{"@id":"https:\/\/www.nordwich.com\/nordwich-bau\/#breadcrumb"},"inLanguage":"yu-YU","potentialAction":[{"@type":"ReadAction","target":["https:\/\/www.nordwich.com\/nordwich-bau\/"]}]},{"@type":"ImageObject","inLanguage":"yu-YU","@id":"https:\/\/www.nordwich.com\/nordwich-bau\/#primaryimage","url":"http:\/\/www.nordwich.com\/wp-content\/uploads\/2023\/07\/roh_bau_600.jpg","contentUrl":"http:\/\/www.nordwich.com\/wp-content\/uploads\/2023\/07\/roh_bau_600.jpg"},{"@type":"BreadcrumbList","@id":"https:\/\/www.nordwich.com\/nordwich-bau\/#breadcrumb","itemListElement":[{"@type":"ListItem","position":1,"name":"Domovsk\u00e1 str\u00e1nka","item":"http:\/\/www.nordwich.com\/"},{"@type":"ListItem","position":2,"name":"Nordwich BAU"}]},{"@type":"WebSite","@id":"http:\/\/www.nordwich.com\/#website","url":"http:\/\/www.nordwich.com\/","name":"Nordwich","description":"Personalna agencija","publisher":{"@id":"http:\/\/www.nordwich.com\/#organization"},"potentialAction":[{"@type":"SearchAction","target":{"@type":"EntryPoint","urlTemplate":"http:\/\/www.nordwich.com\/?s={search_term_string}"},"query-input":{"@type":"PropertyValueSpecification","valueRequired":true,"valueName":"search_term_string"}}],"inLanguage":"yu-YU"},{"@type":"Organization","@id":"http:\/\/www.nordwich.com\/#organization","name":"Nordwich","url":"http:\/\/www.nordwich.com\/","logo":{"@type":"ImageObject","inLanguage":"yu-YU","@id":"http:\/\/www.nordwich.com\/#\/schema\/logo\/image\/","url":"http:\/\/www.nordwich.com\/wp-content\/uploads\/2026\/01\/nordwich_partners01.jpg","contentUrl":"http:\/\/www.nordwich.com\/wp-content\/uploads\/2026\/01\/nordwich_partners01.jpg","width":1110,"height":329,"caption":"Nordwich"},"image":{"@id":"http:\/\/www.nordwich.com\/#\/schema\/logo\/image\/"}}]}},"_links":{"self":[{"href":"http:\/\/www.nordwich.com\/bs\/wp-json\/wp\/v2\/pages\/244","targetHints":{"allow":["GET"]}}],"collection":[{"href":"http:\/\/www.nordwich.com\/bs\/wp-json\/wp\/v2\/pages"}],"about":[{"href":"http:\/\/www.nordwich.com\/bs\/wp-json\/wp\/v2\/types\/page"}],"author":[{"embeddable":true,"href":"http:\/\/www.nordwich.com\/bs\/wp-json\/wp\/v2\/users\/1"}],"replies":[{"embeddable":true,"href":"http:\/\/www.nordwich.com\/bs\/wp-json\/wp\/v2\/comments?post=244"}],"version-history":[{"count":31,"href":"http:\/\/www.nordwich.com\/bs\/wp-json\/wp\/v2\/pages\/244\/revisions"}],"predecessor-version":[{"id":919,"href":"http:\/\/www.nordwich.com\/bs\/wp-json\/wp\/v2\/pages\/244\/revisions\/919"}],"wp:attachment":[{"href":"http:\/\/www.nordwich.com\/bs\/wp-json\/wp\/v2\/media?parent=244"}],"curies":[{"name":"wp","href":"https:\/\/api.w.org\/{rel}","templated":true}]}}