{"id":249,"date":"2023-06-03T18:47:30","date_gmt":"2023-06-03T18:47:30","guid":{"rendered":"http:\/\/www.nordwich.com\/?page_id=249"},"modified":"2023-09-11T07:24:54","modified_gmt":"2023-09-11T07:24:54","slug":"roh-bau","status":"publish","type":"page","link":"http:\/\/www.nordwich.com\/bs\/nordwich-bau\/roh-bau\/","title":{"rendered":"ROH BAU"},"content":{"rendered":"\n<div class=\"wp-block-media-text alignwide is-stacked-on-mobile\"><figure class=\"wp-block-media-text__media\"><img loading=\"lazy\" decoding=\"async\" width=\"736\" height=\"420\" src=\"http:\/\/www.nordwich.com\/wp-content\/uploads\/2023\/06\/bau_04-1.jpg\" alt=\"Mur\u00e1rske, tes\u00e1rske, armovacie a zemn\u00e9 pr\u00e1ce\" class=\"wp-image-265 size-full\" srcset=\"http:\/\/www.nordwich.com\/wp-content\/uploads\/2023\/06\/bau_04-1.jpg 736w, http:\/\/www.nordwich.com\/wp-content\/uploads\/2023\/06\/bau_04-1-300x171.jpg 300w\" sizes=\"auto, (max-width: 736px) 100vw, 736px\" \/><\/figure><div class=\"wp-block-media-text__content\">\n<h2 class=\"wp-block-heading\"><strong>ZIDARSKI, STOLARKSI, ARMIRA\u010cKI, ZEMLJANI RADOVI<\/strong><\/h2>\n<\/div><\/div>\n\n\n\n<div style=\"height:41px\" aria-hidden=\"true\" class=\"wp-block-spacer\"><\/div>\n\n\n\n<p><\/p>\n\n\n\n<p><\/p>\n\n\n\n<p>Na\u0161 svakodnevni rad se sastoji od slede\u0107ih gra\u0111evinskih usluga:<\/p>\n\n\n\n<ul class=\"wp-block-list\">\n<li>\u017delezarski radovi, vezivanje gvor\u017e\u0111a<\/li>\n\n\n\n<li>Poslovi se\u010denja \u2013 rada sa sistemom DOKA, PERI<\/li>\n\n\n\n<li>Betonski radovi<\/li>\n\n\n\n<li>Ru\u0161enje i sanacija<\/li>\n\n\n\n<li>Oja\u010davanje temelja i temeljne plo\u010de ( strukturno umetanje \u010delika) i betoniranje<\/li>\n\n\n\n<li>Ogra\u0111ivanje podrumskih zidova napravljenih od betona sa velikim peri formama, obi\u010dno i u vodootpornom dizajnu, ili potporne konstrukcije<\/li>\n\n\n\n<li>Zidarstvo ili se\u010denje i betoniranje pregradnih zidova u podrumu, filigranskih plafona<\/li>\n\n\n\n<li>Zidanje spoljnih zidova od perforirane cigle aerificirani betonski blokovi (Ytong)<\/li>\n\n\n\n<li>Zidanej unutra\u0161njih zidova(cigla, Ytong, itd.,) sa prevodima i lukovima<\/li>\n\n\n\n<li>Pregrade apartmana sa kre\u010dnjakom ili betonskim zidovima<\/li>\n\n\n\n<li>Stepeni\u0161ta od izlivanog betona, monta\u017enih jedinica, podijuma<\/li>\n\n\n\n<li>Izgradnja balkona, podova, prozora<\/li>\n\n\n\n<li>Polaganje podnih plo\u010da, uklju\u010duju\u0107i izolaciju, betoniranje<\/li>\n<\/ul>\n\n\n\n<div class=\"wp-block-media-text alignwide is-stacked-on-mobile\" style=\"grid-template-columns:30% auto\"><figure class=\"wp-block-media-text__media\"><img loading=\"lazy\" decoding=\"async\" width=\"480\" height=\"600\" src=\"http:\/\/www.nordwich.com\/wp-content\/uploads\/2023\/06\/bau_01.jpg\" alt=\"Mur\u00e1rske, tes\u00e1rske, armovacie a zemn\u00e9 pr\u00e1ce\" class=\"wp-image-266 size-full\" srcset=\"http:\/\/www.nordwich.com\/wp-content\/uploads\/2023\/06\/bau_01.jpg 480w, http:\/\/www.nordwich.com\/wp-content\/uploads\/2023\/06\/bau_01-240x300.jpg 240w\" sizes=\"auto, (max-width: 480px) 100vw, 480px\" \/><\/figure><div class=\"wp-block-media-text__content\">\n<div style=\"height:37px\" aria-hidden=\"true\" class=\"wp-block-spacer\"><\/div>\n\n\n\n<p><strong>Na\u0161i stru\u010dni radni tim se sastoji od slede\u0107ih zanimanja:<\/strong><\/p>\n\n\n\n<ol class=\"wp-block-list\">\n<li>\u0160efovi gra\u0111evine<\/li>\n\n\n\n<li>Zidari<\/li>\n\n\n\n<li>Stolari<\/li>\n\n\n\n<li>Gvo\u017e\u0111ar<\/li>\n\n\n\n<li>Voza\u010d krana<\/li>\n\n\n\n<li>Pomo\u0107ni radnici<\/li>\n<\/ol>\n<\/div><\/div>\n","protected":false},"excerpt":{"rendered":"<p>ZIDARSKI, STOLARKSI, ARMIRA\u010cKI, ZEMLJANI RADOVI Na\u0161 svakodnevni rad se sastoji od slede\u0107ih gra\u0111evinskih usluga:<\/p>\n","protected":false},"author":1,"featured_media":0,"parent":244,"menu_order":0,"comment_status":"closed","ping_status":"closed","template":"","meta":{"footnotes":""},"class_list":["post-249","page","type-page","status-publish","hentry"],"translation":{"provider":"WPGlobus","version":"3.0.0","language":"bs","enabled_languages":["sk","bs","de"],"languages":{"sk":{"title":true,"content":true,"excerpt":false},"bs":{"title":true,"content":true,"excerpt":false},"de":{"title":true,"content":true,"excerpt":false}}},"yoast_head":"<!-- This site is optimized with the Yoast SEO plugin v26.1.1 - https:\/\/yoast.com\/wordpress\/plugins\/seo\/ -->\n<title>ROH BAU - Nordwich<\/title>\n<meta name=\"robots\" content=\"index, follow, max-snippet:-1, max-image-preview:large, max-video-preview:-1\" \/>\n<link rel=\"canonical\" href=\"https:\/\/www.nordwich.com\/bs\/nordwich-bau\/roh-bau\/\" \/>\n<meta property=\"og:locale\" content=\"en_US\" \/>\n<meta property=\"og:type\" content=\"article\" \/>\n<meta property=\"og:title\" content=\"ROH BAU - Nordwich\" \/>\n<meta property=\"og:url\" content=\"https:\/\/www.nordwich.com\/bs\/nordwich-bau\/roh-bau\/\" \/>\n<meta property=\"og:site_name\" content=\"Nordwich\" \/>\n<meta property=\"article:modified_time\" content=\"2023-09-11T07:24:54+00:00\" \/>\n<meta property=\"og:image\" content=\"http:\/\/www.nordwich.com\/wp-content\/uploads\/2023\/06\/bau_04-1.jpg\" \/>\n<meta name=\"twitter:card\" content=\"summary_large_image\" \/>\n<meta name=\"twitter:label1\" content=\"Est. reading time\" \/>\n\t<meta name=\"twitter:data1\" content=\"2 minutes\" \/>\n<script type=\"application\/ld+json\" class=\"yoast-schema-graph\">{\"@context\":\"https:\/\/schema.org\",\"@graph\":[{\"@type\":\"WebPage\",\"@id\":\"https:\/\/www.nordwich.com\/bs\/nordwich-bau\/roh-bau\/\",\"url\":\"https:\/\/www.nordwich.com\/bs\/nordwich-bau\/roh-bau\/\",\"name\":\"ROH BAU - Nordwich\",\"isPartOf\":{\"@id\":\"http:\/\/www.nordwich.com\/#website\"},\"primaryImageOfPage\":{\"@id\":\"https:\/\/www.nordwich.com\/bs\/nordwich-bau\/roh-bau\/#primaryimage\"},\"image\":{\"@id\":\"https:\/\/www.nordwich.com\/bs\/nordwich-bau\/roh-bau\/#primaryimage\"},\"thumbnailUrl\":\"http:\/\/www.nordwich.com\/wp-content\/uploads\/2023\/06\/bau_04-1.jpg\",\"datePublished\":\"2023-06-03T18:47:30+00:00\",\"dateModified\":\"2023-09-11T07:24:54+00:00\",\"breadcrumb\":{\"@id\":\"https:\/\/www.nordwich.com\/bs\/nordwich-bau\/roh-bau\/#breadcrumb\"},\"inLanguage\":\"yu-YU\",\"potentialAction\":[{\"@type\":\"ReadAction\",\"target\":[\"https:\/\/www.nordwich.com\/bs\/nordwich-bau\/roh-bau\/\"]}]},{\"@type\":\"ImageObject\",\"inLanguage\":\"yu-YU\",\"@id\":\"https:\/\/www.nordwich.com\/bs\/nordwich-bau\/roh-bau\/#primaryimage\",\"url\":\"http:\/\/www.nordwich.com\/wp-content\/uploads\/2023\/06\/bau_04-1.jpg\",\"contentUrl\":\"http:\/\/www.nordwich.com\/wp-content\/uploads\/2023\/06\/bau_04-1.jpg\"},{\"@type\":\"BreadcrumbList\",\"@id\":\"https:\/\/www.nordwich.com\/bs\/nordwich-bau\/roh-bau\/#breadcrumb\",\"itemListElement\":[{\"@type\":\"ListItem\",\"position\":1,\"name\":\"Domovsk\u00e1 str\u00e1nka\",\"item\":\"http:\/\/www.nordwich.com\/\"},{\"@type\":\"ListItem\",\"position\":2,\"name\":\"Nordwich BAU\",\"item\":\"https:\/\/www.nordwich.com\/nordwich-bau\/\"},{\"@type\":\"ListItem\",\"position\":3,\"name\":\"ROH BAU\"}]},{\"@type\":\"WebSite\",\"@id\":\"http:\/\/www.nordwich.com\/#website\",\"url\":\"http:\/\/www.nordwich.com\/\",\"name\":\"Nordwich\",\"description\":\"Personalna agencija\",\"publisher\":{\"@id\":\"http:\/\/www.nordwich.com\/#organization\"},\"potentialAction\":[{\"@type\":\"SearchAction\",\"target\":{\"@type\":\"EntryPoint\",\"urlTemplate\":\"http:\/\/www.nordwich.com\/?s={search_term_string}\"},\"query-input\":{\"@type\":\"PropertyValueSpecification\",\"valueRequired\":true,\"valueName\":\"search_term_string\"}}],\"inLanguage\":\"yu-YU\"},{\"@type\":\"Organization\",\"@id\":\"http:\/\/www.nordwich.com\/#organization\",\"name\":\"Nordwich\",\"url\":\"http:\/\/www.nordwich.com\/\",\"logo\":{\"@type\":\"ImageObject\",\"inLanguage\":\"yu-YU\",\"@id\":\"http:\/\/www.nordwich.com\/#\/schema\/logo\/image\/\",\"url\":\"http:\/\/www.nordwich.com\/wp-content\/uploads\/2026\/01\/nordwich_partners01.jpg\",\"contentUrl\":\"http:\/\/www.nordwich.com\/wp-content\/uploads\/2026\/01\/nordwich_partners01.jpg\",\"width\":1110,\"height\":329,\"caption\":\"Nordwich\"},\"image\":{\"@id\":\"http:\/\/www.nordwich.com\/#\/schema\/logo\/image\/\"}}]}<\/script>\n<!-- \/ Yoast SEO plugin. -->","yoast_head_json":{"title":"ROH BAU - Nordwich","robots":{"index":"index","follow":"follow","max-snippet":"max-snippet:-1","max-image-preview":"max-image-preview:large","max-video-preview":"max-video-preview:-1"},"canonical":"https:\/\/www.nordwich.com\/bs\/nordwich-bau\/roh-bau\/","og_locale":"en_US","og_type":"article","og_title":"ROH BAU - Nordwich","og_url":"https:\/\/www.nordwich.com\/bs\/nordwich-bau\/roh-bau\/","og_site_name":"Nordwich","article_modified_time":"2023-09-11T07:24:54+00:00","og_image":[{"url":"http:\/\/www.nordwich.com\/wp-content\/uploads\/2023\/06\/bau_04-1.jpg","type":"","width":"","height":""}],"twitter_card":"summary_large_image","twitter_misc":{"Est. reading time":"2 minutes"},"schema":{"@context":"https:\/\/schema.org","@graph":[{"@type":"WebPage","@id":"https:\/\/www.nordwich.com\/bs\/nordwich-bau\/roh-bau\/","url":"https:\/\/www.nordwich.com\/bs\/nordwich-bau\/roh-bau\/","name":"ROH BAU - Nordwich","isPartOf":{"@id":"http:\/\/www.nordwich.com\/#website"},"primaryImageOfPage":{"@id":"https:\/\/www.nordwich.com\/bs\/nordwich-bau\/roh-bau\/#primaryimage"},"image":{"@id":"https:\/\/www.nordwich.com\/bs\/nordwich-bau\/roh-bau\/#primaryimage"},"thumbnailUrl":"http:\/\/www.nordwich.com\/wp-content\/uploads\/2023\/06\/bau_04-1.jpg","datePublished":"2023-06-03T18:47:30+00:00","dateModified":"2023-09-11T07:24:54+00:00","breadcrumb":{"@id":"https:\/\/www.nordwich.com\/bs\/nordwich-bau\/roh-bau\/#breadcrumb"},"inLanguage":"yu-YU","potentialAction":[{"@type":"ReadAction","target":["https:\/\/www.nordwich.com\/bs\/nordwich-bau\/roh-bau\/"]}]},{"@type":"ImageObject","inLanguage":"yu-YU","@id":"https:\/\/www.nordwich.com\/bs\/nordwich-bau\/roh-bau\/#primaryimage","url":"http:\/\/www.nordwich.com\/wp-content\/uploads\/2023\/06\/bau_04-1.jpg","contentUrl":"http:\/\/www.nordwich.com\/wp-content\/uploads\/2023\/06\/bau_04-1.jpg"},{"@type":"BreadcrumbList","@id":"https:\/\/www.nordwich.com\/bs\/nordwich-bau\/roh-bau\/#breadcrumb","itemListElement":[{"@type":"ListItem","position":1,"name":"Domovsk\u00e1 str\u00e1nka","item":"http:\/\/www.nordwich.com\/"},{"@type":"ListItem","position":2,"name":"Nordwich BAU","item":"https:\/\/www.nordwich.com\/nordwich-bau\/"},{"@type":"ListItem","position":3,"name":"ROH BAU"}]},{"@type":"WebSite","@id":"http:\/\/www.nordwich.com\/#website","url":"http:\/\/www.nordwich.com\/","name":"Nordwich","description":"Personalna agencija","publisher":{"@id":"http:\/\/www.nordwich.com\/#organization"},"potentialAction":[{"@type":"SearchAction","target":{"@type":"EntryPoint","urlTemplate":"http:\/\/www.nordwich.com\/?s={search_term_string}"},"query-input":{"@type":"PropertyValueSpecification","valueRequired":true,"valueName":"search_term_string"}}],"inLanguage":"yu-YU"},{"@type":"Organization","@id":"http:\/\/www.nordwich.com\/#organization","name":"Nordwich","url":"http:\/\/www.nordwich.com\/","logo":{"@type":"ImageObject","inLanguage":"yu-YU","@id":"http:\/\/www.nordwich.com\/#\/schema\/logo\/image\/","url":"http:\/\/www.nordwich.com\/wp-content\/uploads\/2026\/01\/nordwich_partners01.jpg","contentUrl":"http:\/\/www.nordwich.com\/wp-content\/uploads\/2026\/01\/nordwich_partners01.jpg","width":1110,"height":329,"caption":"Nordwich"},"image":{"@id":"http:\/\/www.nordwich.com\/#\/schema\/logo\/image\/"}}]}},"_links":{"self":[{"href":"http:\/\/www.nordwich.com\/bs\/wp-json\/wp\/v2\/pages\/249","targetHints":{"allow":["GET"]}}],"collection":[{"href":"http:\/\/www.nordwich.com\/bs\/wp-json\/wp\/v2\/pages"}],"about":[{"href":"http:\/\/www.nordwich.com\/bs\/wp-json\/wp\/v2\/types\/page"}],"author":[{"embeddable":true,"href":"http:\/\/www.nordwich.com\/bs\/wp-json\/wp\/v2\/users\/1"}],"replies":[{"embeddable":true,"href":"http:\/\/www.nordwich.com\/bs\/wp-json\/wp\/v2\/comments?post=249"}],"version-history":[{"count":11,"href":"http:\/\/www.nordwich.com\/bs\/wp-json\/wp\/v2\/pages\/249\/revisions"}],"predecessor-version":[{"id":1019,"href":"http:\/\/www.nordwich.com\/bs\/wp-json\/wp\/v2\/pages\/249\/revisions\/1019"}],"up":[{"embeddable":true,"href":"http:\/\/www.nordwich.com\/bs\/wp-json\/wp\/v2\/pages\/244"}],"wp:attachment":[{"href":"http:\/\/www.nordwich.com\/bs\/wp-json\/wp\/v2\/media?parent=249"}],"curies":[{"name":"wp","href":"https:\/\/api.w.org\/{rel}","templated":true}]}}