{"id":251,"date":"2023-06-03T19:04:26","date_gmt":"2023-06-03T19:04:26","guid":{"rendered":"http:\/\/www.nordwich.com\/?page_id=251"},"modified":"2023-09-16T14:42:47","modified_gmt":"2023-09-16T14:42:47","slug":"rekonstrukcia-starych-bytov-a-budov","status":"publish","type":"page","link":"http:\/\/www.nordwich.com\/bs\/nordwich-bau\/rekonstrukcia-starych-bytov-a-budov\/","title":{"rendered":"Rekonstrukcija starih stanova i zgrada"},"content":{"rendered":"\n<h2 class=\"wp-block-heading\"><strong>Renoviranje starih zgrada u Slova\u010dkoj i Austriji (Be\u010du)<\/strong><\/h2>\n\n\n\n<div class=\"wp-block-media-text alignwide has-media-on-the-right is-stacked-on-mobile\" style=\"grid-template-columns:auto 24%\"><div class=\"wp-block-media-text__content\">\n<div style=\"height:32px\" aria-hidden=\"true\" class=\"wp-block-spacer\"><\/div>\n\n\n\n<p><strong>Va\u0161u star\u00fa budovu zrekon\u0161truujeme a zrenovujeme z jedn\u00e9ho zdroja &#8211; aj za pau\u0161\u00e1lnu cenu.<\/strong><\/p>\n<\/div><figure class=\"wp-block-media-text__media\"><img loading=\"lazy\" decoding=\"async\" width=\"405\" height=\"460\" src=\"http:\/\/www.nordwich.com\/wp-content\/uploads\/2023\/06\/rekonstrukcie_02.jpg\" alt=\"Rekon\u0161trukcie stavieb\" class=\"wp-image-262 size-full\" srcset=\"http:\/\/www.nordwich.com\/wp-content\/uploads\/2023\/06\/rekonstrukcie_02.jpg 405w, http:\/\/www.nordwich.com\/wp-content\/uploads\/2023\/06\/rekonstrukcie_02-264x300.jpg 264w\" sizes=\"auto, (max-width: 405px) 100vw, 405px\" \/><\/figure><\/div>\n\n\n\n<h4 class=\"wp-block-heading\"><strong>Renoviranje starih zgrade u Be\u010du<\/strong><\/h4>\n\n\n\n<p>Kompletno renoviranje stare zgrade je kompleksan gra\u0111evinski projekat koji uklju\u010duje trgovinu. Ako renovirate svoju staru zgradu uz pomo\u0107 Nordwich s.r.o \u2013 Slova\u010dka ili Nordwich GmbH &#8211; Austrija, obezbedi\u0107emo Vam sve radove iz jednog izvora, bez potrebe da brinete o bilo \u010demu. Ne postoji jednostavniji i manje stresan na\u010din da se sprovede tako slo\u017een gra\u0111evinski projekat. Bilo da se radi o kompletnom renoviranju, delimi\u010dnom renoviranju, NORDWICH u Slova\u010dkoj i Be\u010du je Va\u0161 kompetentan partner kada je u pitanju renoviranje starih zgrada.<\/p>\n\n\n\n<h4 class=\"wp-block-heading\"><strong>Pove\u0107ajte vrednost va\u0161e stare gra\u0111evine sveobuhvatnim renoviranjem stare zgrade<\/strong><\/h4>\n\n\n\n<p>Ve\u0107ini starih zgrada je potrebno renoviranje, iako renoviranje starih zgrada u po\u010detku podrazumeva investiciju, to dugoro\u010dno donosi beneficije. Iznad svega, imate dugoro\u010dnu i trajnu korist od obnove energije, jer sveobuhvatno energetsko renoviranje stare zgrade mo\u017ee da u\u0161tedi i do 75% tro\u0161kova grejanja. \u0160to su energetske vrednosti va\u0161e stare zgrade gore, to su ve\u0107i va\u0161i godi\u0161nji tro\u0161kovi grejanja i potreba za hitnnim renoviranje je ve\u0107a. Ako sprovedete sveobuhvatnu energetsku rekonstrukciju, zgradu mo\u017eete dovesti na nivo energije prose\u010dne moderne stambene zgrade i tako u\u0161tedeti dosta tro\u0161kova za grejanje u budu\u0107nosti. Me\u0111utim, nije samo energetska rekonstrukcija ta koja ima smisla i koja je porfitabilna. Svi ostali radovi na renoviranju, i modernizaciji va\u0161e stare zgrade tako\u0111e poma\u017eu da se izbegne renoviranje kada je ve\u0107 kasno, jer je renoviranje starih zgrada va\u017eno za odr\u017eavanje vrednosti Va\u0161e nekretnine. Ako imate naro\u010dito obimne radove na renoviranju, ne samo da mo\u017eete da odr\u017eite vrednost nekretnine, ve\u0107 \u010dak i da je pove\u0107ate, \u010dine\u0107i Va\u0161u nekretninu vrednijom kao investiciju.<\/p>\n\n\n\n<p><\/p>\n\n\n<div class=\"wp-block-image\">\n<figure class=\"aligncenter size-full\"><img loading=\"lazy\" decoding=\"async\" width=\"800\" height=\"249\" src=\"http:\/\/www.nordwich.com\/wp-content\/uploads\/2023\/06\/rekonstrukcie_03.jpg\" alt=\"Rekon\u0161trukcie stavieb\" class=\"wp-image-263\" srcset=\"http:\/\/www.nordwich.com\/wp-content\/uploads\/2023\/06\/rekonstrukcie_03.jpg 800w, http:\/\/www.nordwich.com\/wp-content\/uploads\/2023\/06\/rekonstrukcie_03-300x93.jpg 300w, http:\/\/www.nordwich.com\/wp-content\/uploads\/2023\/06\/rekonstrukcie_03-768x239.jpg 768w\" sizes=\"auto, (max-width: 800px) 100vw, 800px\" \/><figcaption class=\"wp-element-caption\">Rekonstrukcija zgrada<\/figcaption><\/figure>\n<\/div>\n\n\n<p>Rekonstrukcija objekata u Nordwich s.r.o \u0107ete dobiti ne samo pouzdanog partnera ve\u0107 i po\u0161tene zanatlije&#8230; i, naravno, sveobuhvatne, besplatne i neobavezuju\u0107e savete.<\/p>\n\n\n\n<p>\u017delite li da renovirate staru zgradu, ali ne znate koji radovi su va\u017eni i odakle po\u010deti? Nordwich Slova\u010dka \u0107e rado do\u0107i u va\u0161 dom i obi\u0107i va\u0161u staru zgradu na licu mesta. Zajedno sa Vama \u0107emo razgovarati o tome koji radovi na renoviranju su najhitniji ili imaju najvi\u0161e smisla i sa Vama napraviti detaljan plan renoviranja. Posebnu pa\u017enju posve\u0107ujemo radovima na rekonstrukciji energije, sa kojima \u0107ete u\u0161tedeti veliki deo tro\u0161kova grejanja, kao i predstoje\u0107im radovima na odr\u017eavanju, kao \u0161to su zamena vodovodnih cevi ili \u017eica. Ako previ\u0161e odla\u017eete ovaj rad, mo\u017eete se suo\u010diti sa visokim tro\u0161kovima za puknute vodovodne cevi ili izbijanje po\u017eara na elektri\u010dnim instalacijama.<\/p>\n\n\n\n<p>Tako\u0111e postoji rizik zakasnelog renoviranja, \u0161to mo\u017ee smanjiti vrednost Va\u0161e nekretnine.<\/p>\n\n\n\n<p>Do plana rekonstrukcije uklju\u010dujemo i radove na rekonstrukciji i modernizaciji, kako bi va\u0161a zgrada bila u atraktivna. Vi odlu\u010dujete, koje poslove \u017eelite da se radimo, a koje ne.<\/p>\n\n\n\n<p>Prilikom renoviranja stare zgrade modernizova\u0107emo Va\u0161u nekretinu po fiksnoj ceni.<\/p>\n\n\n\n<p>Na osnovu plana rekonstrukcije pripremi\u0107emo obra\u010dun cena, koji pored materijala i tro\u0161kova rada ve\u0107 uklju\u010duje PDV. To Vam omogu\u0107ava da dobro izra\u010dunate tro\u0161kove na smom po\u010detku i da radite sa realnim brojevima prolikom finansiranja. Naravno, ista\u0107i \u0107emo i razne opcije finansiranja i pomo\u0107i Vam oko legalizacije.<\/p>\n\n\n\n<h4 class=\"wp-block-heading\"><strong>Kod nas dobijate sve usluge iz jednog centra<\/strong><\/h4>\n\n\n\n<p>Velika prednost prilikom renoviranja stare zgrade sa NORDWICH-om je \u010dinjanica da zapo\u0161ljavate jednu od najve\u0107ih firmi koje se bave rekonstrukcijom i modernizacijom &#8211; Bossmann GmbH. Ovo nam omogu\u0107ava da Vam ponudimo sve usluge iz jednog izvora, obezbe\u0111uju\u0107i brz i nesmetan tok posla.<\/p>\n\n\n\n<p>Od prvog do poslednjeg dana, iskusni gra\u0111evinski menad\u017eer \u0107e voditi ra\u010duna o svim organizacionim pitanjima va\u0161e izgradnje, voditi ra\u010duna o naru\u010divanju potrebnih materijala i dolasku na gradili\u0161te kada je to potrebno, i koordinisati rad izvo\u0111a\u010da radova, kvalifokovanih radnika, tako da svako uvek nesmetano i i bez faza neaktivnosti sprovodi svoj zadatak. To \u0161tedi vreme i novac i imate koristi dva puta: jednom od na\u0161ih niskih ponuda fiksne cene i kratkog vremena gradnje.<\/p>\n\n\n\n<p>Mi \u0107emo se pobrinuti za ove radove na renoviranju za vas u Slova\u010dkoj, Be\u010du i okolini:<\/p>\n\n\n\n<ul class=\"wp-block-list\">\n<li>Svi radovi na toplotnoj izolaciji, bilo da su fasade, krovovi ili plafoni<\/li>\n\n\n\n<li>Renoviranje fasade<\/li>\n\n\n\n<li>Svi molerski radovi<\/li>\n\n\n\n<li>Zidarski radovi<\/li>\n\n\n\n<li>Stolarija<\/li>\n\n\n\n<li>Instalacije<\/li>\n\n\n\n<li>Vodoinstalaterske instalacije<\/li>\n\n\n\n<li>Sanitarne instalacije<\/li>\n\n\n\n<li>Instalacije grejanja<\/li>\n\n\n\n<li>Plo\u010dice<\/li>\n\n\n\n<li>Polaganje parketa i laminata<\/li>\n\n\n\n<li>Popravka, renoviranje, izgradnja stepeni\u0161ta<\/li>\n\n\n\n<li>Rad sa rigipsom<\/li>\n\n\n\n<li>Ku\u0107na oprema<\/li>\n\n\n\n<li>Kompletno renoviranje kupatila<\/li>\n\n\n\n<li>Izrada kuhinjskog i kupatilskog name\u0161taja na meru kao i kliznih vrata, i ugradnih garderobera<\/li>\n\n\n\n<li>Ugradnja modernih prozora i vrata<\/li>\n\n\n\n<li>Kontorla bu\u0111i<\/li>\n<\/ul>\n\n\n\n<p>Bez obzira koliko kompleksno treba da bude renoviranje va\u0161e stare zgrade, uvek ste u sigurnim rukama sa NORDWICH Slova\u010dkom i korporativnim partnerom Bossman GmbH u Be\u010du. Sa puno iskustva, stru\u010dnosti i dobro obu\u010denih radnika, pretvori\u0107emo Va\u0161u staru zgradu u nekretninu iz snova.<\/p>\n\n\n\n<h4 class=\"wp-block-heading\"><strong>Iskoristite mnoge pogodnosti renoviranja starih zgrada sa NORDWICH-om<\/strong><\/h4>\n\n\n\n<p>\u010cak i ako morate da ulo\u017eite novac u renoviranje stare zgrade, na kraju imate samo prednosti. Pobolj\u0161a\u0107ete energetske vrednosti svoje imovine i tako dugoro\u010dno u\u0161tedeti na tro\u0161kovima grejanja i istovremeno za\u0161titi \u017eivotnu sredinu. \u017dive\u0107i u modernom, savremenom \u017eivotnom prostoru sa udobnim dodirom stare zgrade, pobolj\u0161a\u0107ete sopstveni odnos prema \u017eivotu.<\/p>\n\n\n\n<p>Mo\u017eete iskoristiti brojne dr\u017eavne subvencije da renovirate staru zgradu. Odr\u017eavate ili pove\u0107avate vrednost svoje imovine i, zahvaljuju\u0107i renoviranju, spre\u010davate da se nakupe stvari za renoviranje ili sanacije, \u0161to ima sna\u017ean uticaj na vrednost va\u0161e nekretnine. Redovnim radovima na renoviranju izbegava se rizik od neo\u010dekivanih tro\u0161kova popravke, uklju\u010duju\u010di naknadne tro\u0161kove i neprijatnosti koje mogu naneti, na primer, pucanje vodovodnih cevi.<\/p>\n\n\n\n<p>Ako renovriate staru zgradu iz NORDWICH-a, sve usluge dobijate iz jednog izvora i ne morate vi\u0161e da brinete ni o \u010demu. Pored toga , imate koristi od vi\u0161egodi\u0161njeg iskustva NAS I NA\u0160IH PARTNERA I MAJSTORA u oblasti renoviranja starih zgrada i od na\u0161ih povoljnih ponuda fiksne cene.<\/p>\n\n\n\n<p>Pre nego \u0161to renoviramo i preuredimo Va\u0161u staru zgradu, dobi\u0107ete pa\u017eljiv i opse\u017ean savet od nas o Va\u0161em planiranom renoviranju stare zgrade.<\/p>\n\n\n\n<p>Za detaljnije informacije nas mo\u017eete kontaktirati. <strong>Mo\u017eete nam napisati poruku <\/strong>(info@nordwich.com) koriste\u0107i kontakt formu ili nas pozovite na <strong>+421&nbsp;948&nbsp;420&nbsp;838 ili +436 8 120&nbsp;385&nbsp;479<\/strong><\/p>\n","protected":false},"excerpt":{"rendered":"<p>Renoviranje starih zgrada u Slova\u010dkoj i Austriji (Be\u010du) Renoviranje starih zgrade u Be\u010du Kompletno renoviranje stare zgrade je kompleksan gra\u0111evinski projekat koji uklju\u010duje trgovinu. Ako&hellip;<\/p>\n","protected":false},"author":1,"featured_media":0,"parent":244,"menu_order":5,"comment_status":"closed","ping_status":"closed","template":"","meta":{"footnotes":""},"class_list":["post-251","page","type-page","status-publish","hentry"],"translation":{"provider":"WPGlobus","version":"3.0.0","language":"bs","enabled_languages":["sk","bs","de"],"languages":{"sk":{"title":true,"content":true,"excerpt":false},"bs":{"title":true,"content":true,"excerpt":false},"de":{"title":true,"content":true,"excerpt":false}}},"yoast_head":"<!-- This site is optimized with the Yoast SEO plugin v26.1.1 - https:\/\/yoast.com\/wordpress\/plugins\/seo\/ -->\n<title>Rekonstrukcija starih stanova i zgrada - Nordwich<\/title>\n<meta name=\"robots\" content=\"index, follow, max-snippet:-1, max-image-preview:large, max-video-preview:-1\" \/>\n<link rel=\"canonical\" href=\"https:\/\/www.nordwich.com\/nordwich-bau\/rekonstrukcia-starych-bytov-a-budov\/\" \/>\n<meta property=\"og:locale\" content=\"en_US\" \/>\n<meta property=\"og:type\" content=\"article\" \/>\n<meta property=\"og:title\" content=\"Rekonstrukcija starih stanova i zgrada - Nordwich\" \/>\n<meta property=\"og:url\" content=\"https:\/\/www.nordwich.com\/nordwich-bau\/rekonstrukcia-starych-bytov-a-budov\/\" \/>\n<meta property=\"og:site_name\" content=\"Nordwich\" \/>\n<meta property=\"article:modified_time\" content=\"2023-09-16T14:42:47+00:00\" \/>\n<meta property=\"og:image\" content=\"http:\/\/www.nordwich.com\/wp-content\/uploads\/2023\/06\/rekonstrukcie_02.jpg\" \/>\n<meta name=\"twitter:card\" content=\"summary_large_image\" \/>\n<meta name=\"twitter:label1\" content=\"Est. reading time\" \/>\n\t<meta name=\"twitter:data1\" content=\"6 minutes\" \/>\n<script type=\"application\/ld+json\" class=\"yoast-schema-graph\">{\"@context\":\"https:\/\/schema.org\",\"@graph\":[{\"@type\":\"WebPage\",\"@id\":\"https:\/\/www.nordwich.com\/nordwich-bau\/rekonstrukcia-starych-bytov-a-budov\/\",\"url\":\"https:\/\/www.nordwich.com\/nordwich-bau\/rekonstrukcia-starych-bytov-a-budov\/\",\"name\":\"Rekonstrukcija starih stanova i zgrada - Nordwich\",\"isPartOf\":{\"@id\":\"http:\/\/www.nordwich.com\/#website\"},\"primaryImageOfPage\":{\"@id\":\"https:\/\/www.nordwich.com\/nordwich-bau\/rekonstrukcia-starych-bytov-a-budov\/#primaryimage\"},\"image\":{\"@id\":\"https:\/\/www.nordwich.com\/nordwich-bau\/rekonstrukcia-starych-bytov-a-budov\/#primaryimage\"},\"thumbnailUrl\":\"http:\/\/www.nordwich.com\/wp-content\/uploads\/2023\/06\/rekonstrukcie_02.jpg\",\"datePublished\":\"2023-06-03T19:04:26+00:00\",\"dateModified\":\"2023-09-16T14:42:47+00:00\",\"breadcrumb\":{\"@id\":\"https:\/\/www.nordwich.com\/nordwich-bau\/rekonstrukcia-starych-bytov-a-budov\/#breadcrumb\"},\"inLanguage\":\"yu-YU\",\"potentialAction\":[{\"@type\":\"ReadAction\",\"target\":[\"https:\/\/www.nordwich.com\/nordwich-bau\/rekonstrukcia-starych-bytov-a-budov\/\"]}]},{\"@type\":\"ImageObject\",\"inLanguage\":\"yu-YU\",\"@id\":\"https:\/\/www.nordwich.com\/nordwich-bau\/rekonstrukcia-starych-bytov-a-budov\/#primaryimage\",\"url\":\"http:\/\/www.nordwich.com\/wp-content\/uploads\/2023\/06\/rekonstrukcie_02.jpg\",\"contentUrl\":\"http:\/\/www.nordwich.com\/wp-content\/uploads\/2023\/06\/rekonstrukcie_02.jpg\"},{\"@type\":\"BreadcrumbList\",\"@id\":\"https:\/\/www.nordwich.com\/nordwich-bau\/rekonstrukcia-starych-bytov-a-budov\/#breadcrumb\",\"itemListElement\":[{\"@type\":\"ListItem\",\"position\":1,\"name\":\"Domovsk\u00e1 str\u00e1nka\",\"item\":\"http:\/\/www.nordwich.com\/\"},{\"@type\":\"ListItem\",\"position\":2,\"name\":\"Nordwich BAU\",\"item\":\"https:\/\/www.nordwich.com\/nordwich-bau\/\"},{\"@type\":\"ListItem\",\"position\":3,\"name\":\"Rekon\u0161trukcia star\u00fdch bytov a budov\"}]},{\"@type\":\"WebSite\",\"@id\":\"http:\/\/www.nordwich.com\/#website\",\"url\":\"http:\/\/www.nordwich.com\/\",\"name\":\"Nordwich\",\"description\":\"Personalna agencija\",\"publisher\":{\"@id\":\"http:\/\/www.nordwich.com\/#organization\"},\"potentialAction\":[{\"@type\":\"SearchAction\",\"target\":{\"@type\":\"EntryPoint\",\"urlTemplate\":\"http:\/\/www.nordwich.com\/?s={search_term_string}\"},\"query-input\":{\"@type\":\"PropertyValueSpecification\",\"valueRequired\":true,\"valueName\":\"search_term_string\"}}],\"inLanguage\":\"yu-YU\"},{\"@type\":\"Organization\",\"@id\":\"http:\/\/www.nordwich.com\/#organization\",\"name\":\"Nordwich\",\"url\":\"http:\/\/www.nordwich.com\/\",\"logo\":{\"@type\":\"ImageObject\",\"inLanguage\":\"yu-YU\",\"@id\":\"http:\/\/www.nordwich.com\/#\/schema\/logo\/image\/\",\"url\":\"http:\/\/www.nordwich.com\/wp-content\/uploads\/2026\/01\/nordwich_partners01.jpg\",\"contentUrl\":\"http:\/\/www.nordwich.com\/wp-content\/uploads\/2026\/01\/nordwich_partners01.jpg\",\"width\":1110,\"height\":329,\"caption\":\"Nordwich\"},\"image\":{\"@id\":\"http:\/\/www.nordwich.com\/#\/schema\/logo\/image\/\"}}]}<\/script>\n<!-- \/ Yoast SEO plugin. -->","yoast_head_json":{"title":"Rekonstrukcija starih stanova i zgrada - Nordwich","robots":{"index":"index","follow":"follow","max-snippet":"max-snippet:-1","max-image-preview":"max-image-preview:large","max-video-preview":"max-video-preview:-1"},"canonical":"https:\/\/www.nordwich.com\/nordwich-bau\/rekonstrukcia-starych-bytov-a-budov\/","og_locale":"en_US","og_type":"article","og_title":"Rekonstrukcija starih stanova i zgrada - Nordwich","og_url":"https:\/\/www.nordwich.com\/nordwich-bau\/rekonstrukcia-starych-bytov-a-budov\/","og_site_name":"Nordwich","article_modified_time":"2023-09-16T14:42:47+00:00","og_image":[{"url":"http:\/\/www.nordwich.com\/wp-content\/uploads\/2023\/06\/rekonstrukcie_02.jpg","type":"","width":"","height":""}],"twitter_card":"summary_large_image","twitter_misc":{"Est. reading time":"6 minutes"},"schema":{"@context":"https:\/\/schema.org","@graph":[{"@type":"WebPage","@id":"https:\/\/www.nordwich.com\/nordwich-bau\/rekonstrukcia-starych-bytov-a-budov\/","url":"https:\/\/www.nordwich.com\/nordwich-bau\/rekonstrukcia-starych-bytov-a-budov\/","name":"Rekonstrukcija starih stanova i zgrada - Nordwich","isPartOf":{"@id":"http:\/\/www.nordwich.com\/#website"},"primaryImageOfPage":{"@id":"https:\/\/www.nordwich.com\/nordwich-bau\/rekonstrukcia-starych-bytov-a-budov\/#primaryimage"},"image":{"@id":"https:\/\/www.nordwich.com\/nordwich-bau\/rekonstrukcia-starych-bytov-a-budov\/#primaryimage"},"thumbnailUrl":"http:\/\/www.nordwich.com\/wp-content\/uploads\/2023\/06\/rekonstrukcie_02.jpg","datePublished":"2023-06-03T19:04:26+00:00","dateModified":"2023-09-16T14:42:47+00:00","breadcrumb":{"@id":"https:\/\/www.nordwich.com\/nordwich-bau\/rekonstrukcia-starych-bytov-a-budov\/#breadcrumb"},"inLanguage":"yu-YU","potentialAction":[{"@type":"ReadAction","target":["https:\/\/www.nordwich.com\/nordwich-bau\/rekonstrukcia-starych-bytov-a-budov\/"]}]},{"@type":"ImageObject","inLanguage":"yu-YU","@id":"https:\/\/www.nordwich.com\/nordwich-bau\/rekonstrukcia-starych-bytov-a-budov\/#primaryimage","url":"http:\/\/www.nordwich.com\/wp-content\/uploads\/2023\/06\/rekonstrukcie_02.jpg","contentUrl":"http:\/\/www.nordwich.com\/wp-content\/uploads\/2023\/06\/rekonstrukcie_02.jpg"},{"@type":"BreadcrumbList","@id":"https:\/\/www.nordwich.com\/nordwich-bau\/rekonstrukcia-starych-bytov-a-budov\/#breadcrumb","itemListElement":[{"@type":"ListItem","position":1,"name":"Domovsk\u00e1 str\u00e1nka","item":"http:\/\/www.nordwich.com\/"},{"@type":"ListItem","position":2,"name":"Nordwich BAU","item":"https:\/\/www.nordwich.com\/nordwich-bau\/"},{"@type":"ListItem","position":3,"name":"Rekon\u0161trukcia star\u00fdch bytov a budov"}]},{"@type":"WebSite","@id":"http:\/\/www.nordwich.com\/#website","url":"http:\/\/www.nordwich.com\/","name":"Nordwich","description":"Personalna agencija","publisher":{"@id":"http:\/\/www.nordwich.com\/#organization"},"potentialAction":[{"@type":"SearchAction","target":{"@type":"EntryPoint","urlTemplate":"http:\/\/www.nordwich.com\/?s={search_term_string}"},"query-input":{"@type":"PropertyValueSpecification","valueRequired":true,"valueName":"search_term_string"}}],"inLanguage":"yu-YU"},{"@type":"Organization","@id":"http:\/\/www.nordwich.com\/#organization","name":"Nordwich","url":"http:\/\/www.nordwich.com\/","logo":{"@type":"ImageObject","inLanguage":"yu-YU","@id":"http:\/\/www.nordwich.com\/#\/schema\/logo\/image\/","url":"http:\/\/www.nordwich.com\/wp-content\/uploads\/2026\/01\/nordwich_partners01.jpg","contentUrl":"http:\/\/www.nordwich.com\/wp-content\/uploads\/2026\/01\/nordwich_partners01.jpg","width":1110,"height":329,"caption":"Nordwich"},"image":{"@id":"http:\/\/www.nordwich.com\/#\/schema\/logo\/image\/"}}]}},"_links":{"self":[{"href":"http:\/\/www.nordwich.com\/bs\/wp-json\/wp\/v2\/pages\/251","targetHints":{"allow":["GET"]}}],"collection":[{"href":"http:\/\/www.nordwich.com\/bs\/wp-json\/wp\/v2\/pages"}],"about":[{"href":"http:\/\/www.nordwich.com\/bs\/wp-json\/wp\/v2\/types\/page"}],"author":[{"embeddable":true,"href":"http:\/\/www.nordwich.com\/bs\/wp-json\/wp\/v2\/users\/1"}],"replies":[{"embeddable":true,"href":"http:\/\/www.nordwich.com\/bs\/wp-json\/wp\/v2\/comments?post=251"}],"version-history":[{"count":17,"href":"http:\/\/www.nordwich.com\/bs\/wp-json\/wp\/v2\/pages\/251\/revisions"}],"predecessor-version":[{"id":1038,"href":"http:\/\/www.nordwich.com\/bs\/wp-json\/wp\/v2\/pages\/251\/revisions\/1038"}],"up":[{"embeddable":true,"href":"http:\/\/www.nordwich.com\/bs\/wp-json\/wp\/v2\/pages\/244"}],"wp:attachment":[{"href":"http:\/\/www.nordwich.com\/bs\/wp-json\/wp\/v2\/media?parent=251"}],"curies":[{"name":"wp","href":"https:\/\/api.w.org\/{rel}","templated":true}]}}