{"id":283,"date":"2023-06-05T15:44:47","date_gmt":"2023-06-05T15:44:47","guid":{"rendered":"http:\/\/www.nordwich.com\/?page_id=283"},"modified":"2023-09-11T07:55:51","modified_gmt":"2023-09-11T07:55:51","slug":"upratovanie-stavieb","status":"publish","type":"page","link":"http:\/\/www.nordwich.com\/bs\/upratovanie\/upratovanie-stavieb\/","title":{"rendered":"\u010ci\u0161\u0107enje zgrada"},"content":{"rendered":"\n<div class=\"wp-block-media-text alignwide is-stacked-on-mobile\"><figure class=\"wp-block-media-text__media\"><img loading=\"lazy\" decoding=\"async\" width=\"735\" height=\"419\" src=\"http:\/\/www.nordwich.com\/wp-content\/uploads\/2023\/06\/upratovanie_02.jpg\" alt=\"Upratovanie\" class=\"wp-image-286 size-full\" srcset=\"http:\/\/www.nordwich.com\/wp-content\/uploads\/2023\/06\/upratovanie_02.jpg 735w, http:\/\/www.nordwich.com\/wp-content\/uploads\/2023\/06\/upratovanie_02-300x171.jpg 300w\" sizes=\"auto, (max-width: 735px) 100vw, 735px\" \/><\/figure><div class=\"wp-block-media-text__content\">\n<p><strong>\u010cistimo i sre\u0111ujemo:<\/strong><\/p>\n\n\n\n<ul class=\"wp-block-list\">\n<li>Gradili\u0161ta<\/li>\n\n\n\n<li>Stanove<\/li>\n\n\n\n<li>Gara\u017ee i podrume<\/li>\n\n\n\n<li>Potkrovlja<\/li>\n<\/ul>\n<\/div><\/div>\n\n\n\n<div style=\"height:30px\" aria-hidden=\"true\" class=\"wp-block-spacer\"><\/div>\n\n\n\n<p>Nudimo slu\u017ebe \u010di\u0161\u0107enja \u2013 \u010di\u0161\u0107enje i sre\u0111ivanje posle rekonstrukcija, preure\u0111ivanja i kre\u010denja. \u010cistimo exterijer i interijer, kancelarije, hodnike i cele povr\u0161ine.<\/p>\n\n\n\n<h4 class=\"wp-block-heading\"><strong>\u010ci\u0161\u0107enje objekata u Bratislavi i Be\u010du<\/strong><\/h4>\n\n\n\n<p>Potrebno je da pripremite prostor zgrade za legalizaciju, ili \u017eelite da zgrada bude \u010dista. Nudimo kompletno \u010di\u0161\u0107enje za radnicima i majstorima. Obezbedi\u0107emo \u010di\u0161\u0107enje svih Va\u0161ih zgrada od malih porodi\u010dnih ku\u0107a do stambenih kompleksa. Mo\u017eemo da \u010distimo jednom, ili \u0107emo i\u0107i redovno da \u010distimo na dogovorene datume kako bi Va\u0161e zgrade izgledale tip-top.<\/p>\n\n\n\n<h4 class=\"wp-block-heading\"><strong>\u010ci\u0161\u0107enje objekata u izgranji<\/strong><\/h4>\n\n\n\n<ul class=\"wp-block-list\">\n<li>Kompletno \u010distimo prostore po dogovoru<\/li>\n\n\n\n<li>Pranje, usisavanje, brisanje, sve to mo\u017eete prepustiti nama<\/li>\n\n\n\n<li>Vi se mo\u017eete posvetiti drugim projektima<\/li>\n\n\n\n<li>\u0160tedimo Va\u0161e vreme i novac<\/li>\n<\/ul>\n\n\n\n<h4 class=\"wp-block-heading\"><strong>\u010ci\u0161\u0107enje posle majstora<\/strong><\/h4>\n\n\n\n<p>Znamo da posle majstora ostaje nered. Zato \u010distimo sve \u0161to oni zaprljaju. O\u010disti\u0107emo zgradu za inspekciju, legalizaciju ili pripremiti prostorije za druge majstore.<\/p>\n\n\n\n<ul class=\"wp-block-list\">\n<li>\u010ci\u0161\u0107enje prozora posle kre\u010denja<\/li>\n\n\n\n<li>\u010ci\u0161\u0107enje novih podova posle fugovanja plo\u010dica<\/li>\n\n\n\n<li>\u010ci\u0161\u0107enje pra\u0161ine posle bu\u0161enja i se\u010denja<\/li>\n\n\n\n<li>\u010cistimo sav nered, tako da prostori ostaju \u010disti<\/li>\n<\/ul>\n\n\n\n<h4 class=\"wp-block-heading\"><br><strong>\u010ci\u0161\u0107enje posle rekostrukcija (\u010di\u0161\u0107enje posle izgradnje)<\/strong><\/h4>\n\n\n\n<p>Kompletno \u010distimo prostore, u&nbsp;kojima se realizovala rekonsturkcija, ili bilo kakvi radovi.<\/p>\n\n\n\n<div class=\"wp-block-media-text alignwide is-stacked-on-mobile\"><figure class=\"wp-block-media-text__media\"><img loading=\"lazy\" decoding=\"async\" width=\"995\" height=\"557\" src=\"http:\/\/www.nordwich.com\/wp-content\/uploads\/2023\/06\/upratovanie_03.jpg\" alt=\"Upratovanie\" class=\"wp-image-285 size-full\" srcset=\"http:\/\/www.nordwich.com\/wp-content\/uploads\/2023\/06\/upratovanie_03.jpg 995w, http:\/\/www.nordwich.com\/wp-content\/uploads\/2023\/06\/upratovanie_03-300x168.jpg 300w, http:\/\/www.nordwich.com\/wp-content\/uploads\/2023\/06\/upratovanie_03-768x430.jpg 768w\" sizes=\"auto, (max-width: 995px) 100vw, 995px\" \/><\/figure><div class=\"wp-block-media-text__content\">\n<div style=\"height:31px\" aria-hidden=\"true\" class=\"wp-block-spacer\"><\/div>\n\n\n\n<h4 class=\"wp-block-heading\"><strong>\u010cI\u0160\u0106ENJE STANOVA, GARA\u017dA, PODRUMA, POTKROVLJA<\/strong><\/h4>\n\n\n\n<p>U ponudi imamo \u010di\u0161\u0107enje stanova, gara\u017ea, ra\u0161\u010di\u0161\u0107avanje podruma, potkrovlja potpuno ra\u0161\u010di\u0161\u0107avanje svih vrsta prostora pre i posle prodaje, prikupljanje otpada pre i posle rekonstrukcie, ra\u0161\u010di\u0161\u0107avanje prostorija, ra\u0161\u010di\u0161\u0107avanje porodi\u010dnih ku\u0107a, \u010di\u0161\u0107enje kancelarija i magacina 7 dana u nedelji.<\/p>\n<\/div><\/div>\n\n\n\n<div style=\"height:28px\" aria-hidden=\"true\" class=\"wp-block-spacer\"><\/div>\n\n\n\n<h4 class=\"wp-block-heading\"><strong><strong>RU\u0160ENJE I DEMONTA\u017dA<\/strong><\/strong><\/h4>\n\n\n\n<p>Na\u0161a firma se bavi i realizacijom radova na ru\u0161enju manjih i ve\u0107ih razmera. U gra\u0111evinskim objektima, ku\u0107ama, stanovima ili prostorima gde je neophodno sanirati celinu ili deo objekta, ako uslovi ne dozvoljavaju upotrebu tehnologije, obavljamo ru\u010dne radove na ru\u0161enju. To su uglavnom se\u010denje, bu\u0161enje, ru\u0161enje pregrada, stambenog jezgra, demonta\u017ea instalacija, demonta\u017ea prozora i vrata&#8230; Obezbe\u0111ujemo sortiranje, uklanjanje i odlaganje gra\u0111evinskog otpada iz sanitarnih zgrada.<\/p>\n\n\n\n<blockquote class=\"wp-block-quote is-layout-flow wp-block-quote-is-layout-flow\">\n<p><em>Ostavite Va\u0161e brige nama.<\/em><\/p>\n<\/blockquote>\n","protected":false},"excerpt":{"rendered":"<p>Nudimo slu\u017ebe \u010di\u0161\u0107enja \u2013 \u010di\u0161\u0107enje i sre\u0111ivanje posle rekonstrukcija, preure\u0111ivanja i kre\u010denja. \u010cistimo exterijer i interijer, kancelarije, hodnike i cele povr\u0161ine. \u010ci\u0161\u0107enje objekata u Bratislavi&hellip;<\/p>\n","protected":false},"author":1,"featured_media":0,"parent":951,"menu_order":30,"comment_status":"closed","ping_status":"closed","template":"","meta":{"footnotes":""},"class_list":["post-283","page","type-page","status-publish","hentry"],"translation":{"provider":"WPGlobus","version":"3.0.0","language":"bs","enabled_languages":["sk","bs","de"],"languages":{"sk":{"title":true,"content":true,"excerpt":false},"bs":{"title":true,"content":true,"excerpt":false},"de":{"title":true,"content":true,"excerpt":false}}},"yoast_head":"<!-- This site is optimized with the Yoast SEO plugin v26.1.1 - https:\/\/yoast.com\/wordpress\/plugins\/seo\/ -->\n<title>\u010ci\u0161\u0107enje zgrada - Nordwich<\/title>\n<meta name=\"robots\" content=\"index, follow, max-snippet:-1, max-image-preview:large, max-video-preview:-1\" \/>\n<link rel=\"canonical\" href=\"https:\/\/www.nordwich.com\/de\/upratovanie\/upratovanie-stavieb\/\" \/>\n<meta property=\"og:locale\" content=\"en_US\" \/>\n<meta property=\"og:type\" content=\"article\" \/>\n<meta property=\"og:title\" content=\"\u010ci\u0161\u0107enje zgrada - Nordwich\" \/>\n<meta property=\"og:url\" content=\"https:\/\/www.nordwich.com\/de\/upratovanie\/upratovanie-stavieb\/\" \/>\n<meta property=\"og:site_name\" content=\"Nordwich\" \/>\n<meta property=\"article:modified_time\" content=\"2023-09-11T07:55:51+00:00\" \/>\n<meta property=\"og:image\" content=\"http:\/\/www.nordwich.com\/wp-content\/uploads\/2023\/06\/upratovanie_02.jpg\" \/>\n<meta name=\"twitter:card\" content=\"summary_large_image\" \/>\n<meta name=\"twitter:label1\" content=\"Est. reading time\" \/>\n\t<meta name=\"twitter:data1\" content=\"3 minutes\" \/>\n<script type=\"application\/ld+json\" class=\"yoast-schema-graph\">{\"@context\":\"https:\/\/schema.org\",\"@graph\":[{\"@type\":\"WebPage\",\"@id\":\"https:\/\/www.nordwich.com\/de\/upratovanie\/upratovanie-stavieb\/\",\"url\":\"https:\/\/www.nordwich.com\/de\/upratovanie\/upratovanie-stavieb\/\",\"name\":\"\u010ci\u0161\u0107enje zgrada - Nordwich\",\"isPartOf\":{\"@id\":\"http:\/\/www.nordwich.com\/#website\"},\"primaryImageOfPage\":{\"@id\":\"https:\/\/www.nordwich.com\/de\/upratovanie\/upratovanie-stavieb\/#primaryimage\"},\"image\":{\"@id\":\"https:\/\/www.nordwich.com\/de\/upratovanie\/upratovanie-stavieb\/#primaryimage\"},\"thumbnailUrl\":\"http:\/\/www.nordwich.com\/wp-content\/uploads\/2023\/06\/upratovanie_02.jpg\",\"datePublished\":\"2023-06-05T15:44:47+00:00\",\"dateModified\":\"2023-09-11T07:55:51+00:00\",\"breadcrumb\":{\"@id\":\"https:\/\/www.nordwich.com\/de\/upratovanie\/upratovanie-stavieb\/#breadcrumb\"},\"inLanguage\":\"yu-YU\",\"potentialAction\":[{\"@type\":\"ReadAction\",\"target\":[\"https:\/\/www.nordwich.com\/de\/upratovanie\/upratovanie-stavieb\/\"]}]},{\"@type\":\"ImageObject\",\"inLanguage\":\"yu-YU\",\"@id\":\"https:\/\/www.nordwich.com\/de\/upratovanie\/upratovanie-stavieb\/#primaryimage\",\"url\":\"http:\/\/www.nordwich.com\/wp-content\/uploads\/2023\/06\/upratovanie_02.jpg\",\"contentUrl\":\"http:\/\/www.nordwich.com\/wp-content\/uploads\/2023\/06\/upratovanie_02.jpg\"},{\"@type\":\"BreadcrumbList\",\"@id\":\"https:\/\/www.nordwich.com\/de\/upratovanie\/upratovanie-stavieb\/#breadcrumb\",\"itemListElement\":[{\"@type\":\"ListItem\",\"position\":1,\"name\":\"Domovsk\u00e1 str\u00e1nka\",\"item\":\"http:\/\/www.nordwich.com\/\"},{\"@type\":\"ListItem\",\"position\":2,\"name\":\"Reinigung\",\"item\":\"https:\/\/www.nordwich.com\/de\/upratovanie\/\"},{\"@type\":\"ListItem\",\"position\":3,\"name\":\"Reinigung\"}]},{\"@type\":\"WebSite\",\"@id\":\"http:\/\/www.nordwich.com\/#website\",\"url\":\"http:\/\/www.nordwich.com\/\",\"name\":\"Nordwich\",\"description\":\"Personalna agencija\",\"publisher\":{\"@id\":\"http:\/\/www.nordwich.com\/#organization\"},\"potentialAction\":[{\"@type\":\"SearchAction\",\"target\":{\"@type\":\"EntryPoint\",\"urlTemplate\":\"http:\/\/www.nordwich.com\/?s={search_term_string}\"},\"query-input\":{\"@type\":\"PropertyValueSpecification\",\"valueRequired\":true,\"valueName\":\"search_term_string\"}}],\"inLanguage\":\"yu-YU\"},{\"@type\":\"Organization\",\"@id\":\"http:\/\/www.nordwich.com\/#organization\",\"name\":\"Nordwich\",\"url\":\"http:\/\/www.nordwich.com\/\",\"logo\":{\"@type\":\"ImageObject\",\"inLanguage\":\"yu-YU\",\"@id\":\"http:\/\/www.nordwich.com\/#\/schema\/logo\/image\/\",\"url\":\"http:\/\/www.nordwich.com\/wp-content\/uploads\/2026\/01\/nordwich_partners01.jpg\",\"contentUrl\":\"http:\/\/www.nordwich.com\/wp-content\/uploads\/2026\/01\/nordwich_partners01.jpg\",\"width\":1110,\"height\":329,\"caption\":\"Nordwich\"},\"image\":{\"@id\":\"http:\/\/www.nordwich.com\/#\/schema\/logo\/image\/\"}}]}<\/script>\n<!-- \/ Yoast SEO plugin. -->","yoast_head_json":{"title":"\u010ci\u0161\u0107enje zgrada - Nordwich","robots":{"index":"index","follow":"follow","max-snippet":"max-snippet:-1","max-image-preview":"max-image-preview:large","max-video-preview":"max-video-preview:-1"},"canonical":"https:\/\/www.nordwich.com\/de\/upratovanie\/upratovanie-stavieb\/","og_locale":"en_US","og_type":"article","og_title":"\u010ci\u0161\u0107enje zgrada - Nordwich","og_url":"https:\/\/www.nordwich.com\/de\/upratovanie\/upratovanie-stavieb\/","og_site_name":"Nordwich","article_modified_time":"2023-09-11T07:55:51+00:00","og_image":[{"url":"http:\/\/www.nordwich.com\/wp-content\/uploads\/2023\/06\/upratovanie_02.jpg","type":"","width":"","height":""}],"twitter_card":"summary_large_image","twitter_misc":{"Est. reading time":"3 minutes"},"schema":{"@context":"https:\/\/schema.org","@graph":[{"@type":"WebPage","@id":"https:\/\/www.nordwich.com\/de\/upratovanie\/upratovanie-stavieb\/","url":"https:\/\/www.nordwich.com\/de\/upratovanie\/upratovanie-stavieb\/","name":"\u010ci\u0161\u0107enje zgrada - Nordwich","isPartOf":{"@id":"http:\/\/www.nordwich.com\/#website"},"primaryImageOfPage":{"@id":"https:\/\/www.nordwich.com\/de\/upratovanie\/upratovanie-stavieb\/#primaryimage"},"image":{"@id":"https:\/\/www.nordwich.com\/de\/upratovanie\/upratovanie-stavieb\/#primaryimage"},"thumbnailUrl":"http:\/\/www.nordwich.com\/wp-content\/uploads\/2023\/06\/upratovanie_02.jpg","datePublished":"2023-06-05T15:44:47+00:00","dateModified":"2023-09-11T07:55:51+00:00","breadcrumb":{"@id":"https:\/\/www.nordwich.com\/de\/upratovanie\/upratovanie-stavieb\/#breadcrumb"},"inLanguage":"yu-YU","potentialAction":[{"@type":"ReadAction","target":["https:\/\/www.nordwich.com\/de\/upratovanie\/upratovanie-stavieb\/"]}]},{"@type":"ImageObject","inLanguage":"yu-YU","@id":"https:\/\/www.nordwich.com\/de\/upratovanie\/upratovanie-stavieb\/#primaryimage","url":"http:\/\/www.nordwich.com\/wp-content\/uploads\/2023\/06\/upratovanie_02.jpg","contentUrl":"http:\/\/www.nordwich.com\/wp-content\/uploads\/2023\/06\/upratovanie_02.jpg"},{"@type":"BreadcrumbList","@id":"https:\/\/www.nordwich.com\/de\/upratovanie\/upratovanie-stavieb\/#breadcrumb","itemListElement":[{"@type":"ListItem","position":1,"name":"Domovsk\u00e1 str\u00e1nka","item":"http:\/\/www.nordwich.com\/"},{"@type":"ListItem","position":2,"name":"Reinigung","item":"https:\/\/www.nordwich.com\/de\/upratovanie\/"},{"@type":"ListItem","position":3,"name":"Reinigung"}]},{"@type":"WebSite","@id":"http:\/\/www.nordwich.com\/#website","url":"http:\/\/www.nordwich.com\/","name":"Nordwich","description":"Personalna agencija","publisher":{"@id":"http:\/\/www.nordwich.com\/#organization"},"potentialAction":[{"@type":"SearchAction","target":{"@type":"EntryPoint","urlTemplate":"http:\/\/www.nordwich.com\/?s={search_term_string}"},"query-input":{"@type":"PropertyValueSpecification","valueRequired":true,"valueName":"search_term_string"}}],"inLanguage":"yu-YU"},{"@type":"Organization","@id":"http:\/\/www.nordwich.com\/#organization","name":"Nordwich","url":"http:\/\/www.nordwich.com\/","logo":{"@type":"ImageObject","inLanguage":"yu-YU","@id":"http:\/\/www.nordwich.com\/#\/schema\/logo\/image\/","url":"http:\/\/www.nordwich.com\/wp-content\/uploads\/2026\/01\/nordwich_partners01.jpg","contentUrl":"http:\/\/www.nordwich.com\/wp-content\/uploads\/2026\/01\/nordwich_partners01.jpg","width":1110,"height":329,"caption":"Nordwich"},"image":{"@id":"http:\/\/www.nordwich.com\/#\/schema\/logo\/image\/"}}]}},"_links":{"self":[{"href":"http:\/\/www.nordwich.com\/bs\/wp-json\/wp\/v2\/pages\/283","targetHints":{"allow":["GET"]}}],"collection":[{"href":"http:\/\/www.nordwich.com\/bs\/wp-json\/wp\/v2\/pages"}],"about":[{"href":"http:\/\/www.nordwich.com\/bs\/wp-json\/wp\/v2\/types\/page"}],"author":[{"embeddable":true,"href":"http:\/\/www.nordwich.com\/bs\/wp-json\/wp\/v2\/users\/1"}],"replies":[{"embeddable":true,"href":"http:\/\/www.nordwich.com\/bs\/wp-json\/wp\/v2\/comments?post=283"}],"version-history":[{"count":14,"href":"http:\/\/www.nordwich.com\/bs\/wp-json\/wp\/v2\/pages\/283\/revisions"}],"predecessor-version":[{"id":1025,"href":"http:\/\/www.nordwich.com\/bs\/wp-json\/wp\/v2\/pages\/283\/revisions\/1025"}],"up":[{"embeddable":true,"href":"http:\/\/www.nordwich.com\/bs\/wp-json\/wp\/v2\/pages\/951"}],"wp:attachment":[{"href":"http:\/\/www.nordwich.com\/bs\/wp-json\/wp\/v2\/media?parent=283"}],"curies":[{"name":"wp","href":"https:\/\/api.w.org\/{rel}","templated":true}]}}