{"id":36,"date":"2023-03-16T15:59:26","date_gmt":"2023-03-16T15:59:26","guid":{"rendered":"http:\/\/www.nordwich.com\/?page_id=36"},"modified":"2023-09-16T14:04:02","modified_gmt":"2023-09-16T14:04:02","slug":"personalna-agentura","status":"publish","type":"page","link":"http:\/\/www.nordwich.com\/bs\/agentura\/personalna-agentura\/","title":{"rendered":"Personalna agencija"},"content":{"rendered":"\n<p>Na\u0161a firma NORDWICH je personalna agencija se pre svega posredovanjem u zapo\u0161ljavanju. Na engleskom \u201epermanent placement\u201c. Firma \u2013 klijent personalne agencije, potra\u017euje od personalne agencije da na\u0111e odgovaraju\u0107e radnike za konkretne pozicije, personalna agencija takvog radnika na\u0111e za jednokratnu proviziju. Radnik u\u00a0ovom slu\u010daju nije zaposlenik agencije, postaje zaposlenik firme.<\/p>\n\n\n\n<h3 class=\"wp-block-heading\">Cenovnik personalne agencije<\/h3>\n\n\n\n<p>Personalne agencije obi\u010dno za posredovanje napla\u0107uju provizije od 1,5 do 3 bruto mese\u010dne zarade radnika. Ta provizija se obi\u010dno podeli na 2 do 3 mese\u010dne rate a&nbsp;maximalno na 3 meseca. Neke agencije imaju ugovore, da \u0107e se u&nbsp;slu\u010daju odlaska radnika za vreme probnog rada zarada smanjiti za unapred odre\u0111eni deo. Na primer personalna agencija Nordwich Personnel Agency ima standarde uvedene u&nbsp;uslovima, u&nbsp;slu\u010daju odlaska radnika za vreme probnog rada, je u&nbsp;obavezi da klijentu na\u0111e novog radnika u zamenu, besplatno.<\/p>\n\n\n\n<h3 class=\"wp-block-heading\">Prednosti saradnje sa personalnim agencijama<\/h3>\n\n\n\n<p>Personalne agencije imaju veliku bazu podataka za razne profesije, \u010desto im se neki experti obra\u0107aju vi\u0161e puta. Personalne agencije \u0161tede vreme i novac za organizaciju oglasa za posao, i razgovora. Obi\u010dno su sposobne da prona\u0111u experte za pozicije, za koje je te\u0161ko nekoga na\u0107i i za koje se firmi niko ne javlja firmi. Agencija bi trebalo da filtrira kandidate a ne da optere\u0107uje kompanije nepodobnim kandidatima.<\/p>\n","protected":false},"excerpt":{"rendered":"<p>Na\u0161a firma NORDWICH je personalna agencija se pre svega posredovanjem u zapo\u0161ljavanju. Na engleskom \u201epermanent placement\u201c. Firma \u2013 klijent personalne agencije, potra\u017euje od personalne agencije&hellip;<\/p>\n","protected":false},"author":1,"featured_media":0,"parent":20,"menu_order":0,"comment_status":"closed","ping_status":"closed","template":"","meta":{"footnotes":""},"class_list":["post-36","page","type-page","status-publish","hentry"],"translation":{"provider":"WPGlobus","version":"3.0.0","language":"bs","enabled_languages":["sk","bs","de"],"languages":{"sk":{"title":true,"content":true,"excerpt":false},"bs":{"title":true,"content":true,"excerpt":false},"de":{"title":true,"content":true,"excerpt":false}}},"yoast_head":"<!-- This site is optimized with the Yoast SEO plugin v26.1.1 - https:\/\/yoast.com\/wordpress\/plugins\/seo\/ -->\n<title>Personalna agencija - Nordwich<\/title>\n<meta name=\"robots\" content=\"index, follow, max-snippet:-1, max-image-preview:large, max-video-preview:-1\" \/>\n<link rel=\"canonical\" href=\"http:\/\/www.nordwich.com\/bs\/agentura\/personalna-agentura\/\" \/>\n<meta property=\"og:locale\" content=\"en_US\" \/>\n<meta property=\"og:type\" content=\"article\" \/>\n<meta property=\"og:title\" content=\"Personalna agencija - Nordwich\" \/>\n<meta property=\"og:url\" content=\"http:\/\/www.nordwich.com\/bs\/agentura\/personalna-agentura\/\" \/>\n<meta property=\"og:site_name\" content=\"Nordwich\" \/>\n<meta property=\"article:modified_time\" content=\"2023-09-16T14:04:02+00:00\" \/>\n<meta name=\"twitter:card\" content=\"summary_large_image\" \/>\n<meta name=\"twitter:label1\" content=\"Est. reading time\" \/>\n\t<meta name=\"twitter:data1\" content=\"2 minutes\" \/>\n<script type=\"application\/ld+json\" class=\"yoast-schema-graph\">{\"@context\":\"https:\/\/schema.org\",\"@graph\":[{\"@type\":\"WebPage\",\"@id\":\"http:\/\/www.nordwich.com\/bs\/agentura\/personalna-agentura\/\",\"url\":\"http:\/\/www.nordwich.com\/bs\/agentura\/personalna-agentura\/\",\"name\":\"Personalna agencija - Nordwich\",\"isPartOf\":{\"@id\":\"http:\/\/www.nordwich.com\/#website\"},\"datePublished\":\"2023-03-16T15:59:26+00:00\",\"dateModified\":\"2023-09-16T14:04:02+00:00\",\"description\":\"Sme person\u00e1lna a pracovn\u00e1 agent\u00fara, ktor\u00e1 pon\u00faka pr\u00e1cu z\u00e1ujemcom vo vybran\u00fdch profesi\u00e1ch a vyh\u013ead\u00e1va pracovn\u00edkov pre firmy.\",\"breadcrumb\":{\"@id\":\"http:\/\/www.nordwich.com\/bs\/agentura\/personalna-agentura\/#breadcrumb\"},\"inLanguage\":\"yu-YU\",\"potentialAction\":[{\"@type\":\"ReadAction\",\"target\":[\"http:\/\/www.nordwich.com\/bs\/agentura\/personalna-agentura\/\"]}]},{\"@type\":\"BreadcrumbList\",\"@id\":\"http:\/\/www.nordwich.com\/bs\/agentura\/personalna-agentura\/#breadcrumb\",\"itemListElement\":[{\"@type\":\"ListItem\",\"position\":1,\"name\":\"Domovsk\u00e1 str\u00e1nka\",\"item\":\"http:\/\/www.nordwich.com\/\"},{\"@type\":\"ListItem\",\"position\":2,\"name\":\"Agent\u00fara\",\"item\":\"https:\/\/www.nordwich.com\/agentura\/\"},{\"@type\":\"ListItem\",\"position\":3,\"name\":\"Personalna agencija\"}]},{\"@type\":\"WebSite\",\"@id\":\"http:\/\/www.nordwich.com\/#website\",\"url\":\"http:\/\/www.nordwich.com\/\",\"name\":\"Nordwich\",\"description\":\"Personalna agencija\",\"publisher\":{\"@id\":\"http:\/\/www.nordwich.com\/#organization\"},\"potentialAction\":[{\"@type\":\"SearchAction\",\"target\":{\"@type\":\"EntryPoint\",\"urlTemplate\":\"http:\/\/www.nordwich.com\/?s={search_term_string}\"},\"query-input\":{\"@type\":\"PropertyValueSpecification\",\"valueRequired\":true,\"valueName\":\"search_term_string\"}}],\"inLanguage\":\"yu-YU\"},{\"@type\":\"Organization\",\"@id\":\"http:\/\/www.nordwich.com\/#organization\",\"name\":\"Nordwich\",\"url\":\"http:\/\/www.nordwich.com\/\",\"logo\":{\"@type\":\"ImageObject\",\"inLanguage\":\"yu-YU\",\"@id\":\"http:\/\/www.nordwich.com\/#\/schema\/logo\/image\/\",\"url\":\"http:\/\/www.nordwich.com\/wp-content\/uploads\/2026\/01\/nordwich_partners01.jpg\",\"contentUrl\":\"http:\/\/www.nordwich.com\/wp-content\/uploads\/2026\/01\/nordwich_partners01.jpg\",\"width\":1110,\"height\":329,\"caption\":\"Nordwich\"},\"image\":{\"@id\":\"http:\/\/www.nordwich.com\/#\/schema\/logo\/image\/\"}}]}<\/script>\n<!-- \/ Yoast SEO plugin. -->","yoast_head_json":{"title":"Personalna agencija - Nordwich","robots":{"index":"index","follow":"follow","max-snippet":"max-snippet:-1","max-image-preview":"max-image-preview:large","max-video-preview":"max-video-preview:-1"},"canonical":"http:\/\/www.nordwich.com\/bs\/agentura\/personalna-agentura\/","og_locale":"en_US","og_type":"article","og_title":"Personalna agencija - Nordwich","og_url":"http:\/\/www.nordwich.com\/bs\/agentura\/personalna-agentura\/","og_site_name":"Nordwich","article_modified_time":"2023-09-16T14:04:02+00:00","twitter_card":"summary_large_image","twitter_misc":{"Est. reading time":"2 minutes"},"schema":{"@context":"https:\/\/schema.org","@graph":[{"@type":"WebPage","@id":"http:\/\/www.nordwich.com\/bs\/agentura\/personalna-agentura\/","url":"http:\/\/www.nordwich.com\/bs\/agentura\/personalna-agentura\/","name":"Personalna agencija - Nordwich","isPartOf":{"@id":"http:\/\/www.nordwich.com\/#website"},"datePublished":"2023-03-16T15:59:26+00:00","dateModified":"2023-09-16T14:04:02+00:00","description":"Sme person\u00e1lna a pracovn\u00e1 agent\u00fara, ktor\u00e1 pon\u00faka pr\u00e1cu z\u00e1ujemcom vo vybran\u00fdch profesi\u00e1ch a vyh\u013ead\u00e1va pracovn\u00edkov pre firmy.","breadcrumb":{"@id":"http:\/\/www.nordwich.com\/bs\/agentura\/personalna-agentura\/#breadcrumb"},"inLanguage":"yu-YU","potentialAction":[{"@type":"ReadAction","target":["http:\/\/www.nordwich.com\/bs\/agentura\/personalna-agentura\/"]}]},{"@type":"BreadcrumbList","@id":"http:\/\/www.nordwich.com\/bs\/agentura\/personalna-agentura\/#breadcrumb","itemListElement":[{"@type":"ListItem","position":1,"name":"Domovsk\u00e1 str\u00e1nka","item":"http:\/\/www.nordwich.com\/"},{"@type":"ListItem","position":2,"name":"Agent\u00fara","item":"https:\/\/www.nordwich.com\/agentura\/"},{"@type":"ListItem","position":3,"name":"Personalna agencija"}]},{"@type":"WebSite","@id":"http:\/\/www.nordwich.com\/#website","url":"http:\/\/www.nordwich.com\/","name":"Nordwich","description":"Personalna agencija","publisher":{"@id":"http:\/\/www.nordwich.com\/#organization"},"potentialAction":[{"@type":"SearchAction","target":{"@type":"EntryPoint","urlTemplate":"http:\/\/www.nordwich.com\/?s={search_term_string}"},"query-input":{"@type":"PropertyValueSpecification","valueRequired":true,"valueName":"search_term_string"}}],"inLanguage":"yu-YU"},{"@type":"Organization","@id":"http:\/\/www.nordwich.com\/#organization","name":"Nordwich","url":"http:\/\/www.nordwich.com\/","logo":{"@type":"ImageObject","inLanguage":"yu-YU","@id":"http:\/\/www.nordwich.com\/#\/schema\/logo\/image\/","url":"http:\/\/www.nordwich.com\/wp-content\/uploads\/2026\/01\/nordwich_partners01.jpg","contentUrl":"http:\/\/www.nordwich.com\/wp-content\/uploads\/2026\/01\/nordwich_partners01.jpg","width":1110,"height":329,"caption":"Nordwich"},"image":{"@id":"http:\/\/www.nordwich.com\/#\/schema\/logo\/image\/"}}]}},"_links":{"self":[{"href":"http:\/\/www.nordwich.com\/bs\/wp-json\/wp\/v2\/pages\/36","targetHints":{"allow":["GET"]}}],"collection":[{"href":"http:\/\/www.nordwich.com\/bs\/wp-json\/wp\/v2\/pages"}],"about":[{"href":"http:\/\/www.nordwich.com\/bs\/wp-json\/wp\/v2\/types\/page"}],"author":[{"embeddable":true,"href":"http:\/\/www.nordwich.com\/bs\/wp-json\/wp\/v2\/users\/1"}],"replies":[{"embeddable":true,"href":"http:\/\/www.nordwich.com\/bs\/wp-json\/wp\/v2\/comments?post=36"}],"version-history":[{"count":7,"href":"http:\/\/www.nordwich.com\/bs\/wp-json\/wp\/v2\/pages\/36\/revisions"}],"predecessor-version":[{"id":1032,"href":"http:\/\/www.nordwich.com\/bs\/wp-json\/wp\/v2\/pages\/36\/revisions\/1032"}],"up":[{"embeddable":true,"href":"http:\/\/www.nordwich.com\/bs\/wp-json\/wp\/v2\/pages\/20"}],"wp:attachment":[{"href":"http:\/\/www.nordwich.com\/bs\/wp-json\/wp\/v2\/media?parent=36"}],"curies":[{"name":"wp","href":"https:\/\/api.w.org\/{rel}","templated":true}]}}