{"id":38,"date":"2023-03-16T16:01:12","date_gmt":"2023-03-16T16:01:12","guid":{"rendered":"http:\/\/www.nordwich.com\/?page_id=38"},"modified":"2023-09-16T14:13:55","modified_gmt":"2023-09-16T14:13:55","slug":"pracovna-agentura","status":"publish","type":"page","link":"http:\/\/www.nordwich.com\/bs\/agentura\/pracovna-agentura\/","title":{"rendered":"Agencija za zapo\u0161ljavanje"},"content":{"rendered":"\n<p>Ovaj na\u010din saradnje pokriva na\u0161a sestrinska kompanija NORDWICH JOB.<\/p>\n\n\n\n<p>Personalna agencija ili <strong>APZ (<\/strong> u Slova\u010dkoj <strong>ADZ) . ADZ <\/strong>skra\u0107enica se koristi samo u Slova\u010dkoj i zna\u010di \u201eAgencija privremenog zaposlenja\u201c. ADZ za kandidate ne posreduje u radu kao personalna agencija, ADZ ima svoje radnike, koje \u201epozajmljuje\u201c svojim klijentima (korisnicima). Agencija za zapo\u0161ljavanje ima svoje precizne pravne uredbe koje se moraju pratiti. U Slova\u010dkoj \u00daPSVaR (Radna grupa za pitanja zapo\u0161ljavanja i socialnih pitanja i sektor za brigu o porodici) odlu\u010duje o izdavanju dozvola za obavljanje usluga agencije za privremeno zapo\u0161ljavanje.<\/p>\n\n\n\n<h4 class=\"wp-block-heading\">Uporedni uslovi<\/h4>\n\n\n\n<p>Jedna od specifi\u010dnosti agencija za zapo\u0161ljavanje je da moraju da se pridr\u017eavaju takozvanih &#8216;uporedivih uslova&#8217;. To zna\u010di , da korisnik \u2013 klijent agencije- firma gde radnici agencije rade, moraju na ADZ da predaju na po\u010detku saradnje informacije o zaradi i uslovima rada njihovih radnika. Te uslove agencija za zapo\u0161ljavanje mora da ponuditi svojim agtencijskim radnicima, koje firmama dodelji. To je strogo kontrolisano od strane vladine kancelarije . Ako se to ne po\u0161tuje, odgovorna je ADZ \u0161to radniku nisu uslovi ispunjeni ili firma, koja agenciji nije predala informacije. Uporedivi uslovi se zato standardno predaju korisnik agenciji psimeno, da bi o tome bio zapis.<\/p>\n\n\n\n<h3 class=\"wp-block-heading\">Prednosti i&nbsp;mane saradnje sa agencijama za zapo\u0161ljavanje<\/h3>\n\n\n\n<p><i class=\"fa fa-plus-circle\" aria-hidden=\"true\" style=\"color: green; font-size: 1.5em;\"><\/i> \nKompanije vi\u0161e ne moraju da brinu o\u00a0kadrovskim planiranjima  u\u00a0vezi zaposlenih. Plate, registracija, odjavljivanje radnika, re\u0161enja, i\u00a0sankcionisanja. O\u00a0svemu ovome se brine agencija za zapo\u0161ljavanje.<\/p>\n\n<p><i class=\"fa fa-plus-circle\" aria-hidden=\"true\" style=\"color: green; font-size: 1.5em;\"><\/i> \nRadnici na poziv. Kompanije ne moraju da se bave ogla\u0161avanjem, dobra agencija filtrira radnike i\u00a0pre nego \u0161to ih predstavi firmi.<\/p>\n\n<p><i class=\"fa fa-plus-circle\" aria-hidden=\"true\" style=\"color: green; font-size: 1.5em;\"><\/i> \nVe\u0107inom se agencije brinu o\u00a0radniku. Obezbe\u0111uju im sme\u0161taj, re\u0161avaju prevoz do posla, pla\u0107a  avanse, re\u0161ava razne situacije. Ne deluje tako, ali sve ovo je prili\u010dno skupo i dugotrajno, korisnici nisu u\u00a0stanju da to re\u0161avaju sami.<\/p>\n\n<p><i class=\"fa fa-plus-circle\" aria-hidden=\"true\" style=\"color: green; font-size: 1.5em;\"><\/i> \nVe\u0107ina ADZ ima dobro isplaniran proces pronala\u017eenja radnika . Agencije su sposobne brzo i\u00a0efikasno prona\u0107i radnike za klijenta.<\/p>\n\n<p><i class=\"fa fa-minus-circle\" aria-hidden=\"true\" style=\"color: red; font-size: 1.5em;\"><\/i> \nAgencije naravno napla\u0107uju nagrade za svoj rad.<\/p>\n\n\n\n<h4 class=\"wp-block-heading\">Cene slu\u017ebi agencija za zapo\u0161ljavanje<\/h4>\n\n\n\n<p>Cene slu\u017ebi legalnih agencija za zapo\u0161ljavanje obi\u010dno se ne defini\u0161u kao fiksna cena po satu rada radnika, ve\u0107 se daju u\u00a0vidu takozvanog koeficijenta bruto zarade. Kako to funkcioni\u0161e?<\/p>\n\n\n\n<p>Izabrani radnici rade za klijenta za jednake uslove kao i direktno zaposleni radnici korisnika, na jednakim pozicijama, korisnik im evidentira prisusvto, to prisustvo potom na po\u010detku meseca \u0161alje u agenciju. Agencija radnicima obra\u010dun zaradu i njihovu neto zaradu pomno\u017ei sa koeficijentom, koji ima dogovoren sa klijentom. Suma, koja je pomno\u017eena neto zaradom i koeficijentom, agencija fakturi\u0161e. Obi\u010dno visina tog koeficijent u Slova\u010dkoj je oko 1,75. Taj koeficijent ve\u0107 sadr\u017ei sve tro\u0161kove zarade za radnike, koji su u Slova\u010dkoj oko 1,35 (bruto zarada + doprinosi poslodavca).<\/p>\n\n\n\n<h4 class=\"wp-block-heading\">Nelegalne agnecije za privremeni rad<\/h4>\n\n\n\n<p>U Slova\u010dkoj postoji veliki broj firmi koje se predstavljaju kao ADZ, ali nemaju potrebne dozvole i ne pridr\u017eavaju se zakona. Takve \u201eagencije\u201c obi\u010dno ne pitaju kupce o uporedivim uslovima i obi\u010dno nude fiksnu stopu. Anga\u017euju radnike kao samostalno zaposlene, firmama-klijentima nude umesto okvirnog ugovora za privremeno dodeljivanje radnika, ugovor za rad.<\/p>\n\n\n\n<p>Saradnja sa takvim agencijama je veoma rizi\u010dna. Firme koje uzimaju radnike iz takvih \u201eagencija\u201c rizikuju velike nov\u010dane kazne, vlasnici la\u017enih agencija \u010desto zavr\u0161e u zatvoru.<\/p>\n","protected":false},"excerpt":{"rendered":"<p>Ovaj na\u010din saradnje pokriva na\u0161a sestrinska kompanija NORDWICH JOB. Personalna agencija ili APZ ( u Slova\u010dkoj ADZ) . ADZ skra\u0107enica se koristi samo u Slova\u010dkoj&hellip;<\/p>\n","protected":false},"author":1,"featured_media":0,"parent":20,"menu_order":2,"comment_status":"closed","ping_status":"closed","template":"","meta":{"footnotes":""},"class_list":["post-38","page","type-page","status-publish","hentry"],"translation":{"provider":"WPGlobus","version":"3.0.0","language":"bs","enabled_languages":["sk","bs","de"],"languages":{"sk":{"title":true,"content":true,"excerpt":false},"bs":{"title":true,"content":true,"excerpt":false},"de":{"title":true,"content":true,"excerpt":false}}},"yoast_head":"<!-- This site is optimized with the Yoast SEO plugin v26.1.1 - https:\/\/yoast.com\/wordpress\/plugins\/seo\/ -->\n<title>Agencija za zapo\u0161ljavanje - Nordwich<\/title>\n<meta name=\"robots\" content=\"index, follow, max-snippet:-1, max-image-preview:large, max-video-preview:-1\" \/>\n<link rel=\"canonical\" href=\"https:\/\/www.nordwich.com\/de\/agentura\/pracovna-agentura\/\" \/>\n<meta property=\"og:locale\" content=\"en_US\" \/>\n<meta property=\"og:type\" content=\"article\" \/>\n<meta property=\"og:title\" content=\"Agencija za zapo\u0161ljavanje - Nordwich\" \/>\n<meta property=\"og:url\" content=\"https:\/\/www.nordwich.com\/de\/agentura\/pracovna-agentura\/\" \/>\n<meta property=\"og:site_name\" content=\"Nordwich\" \/>\n<meta property=\"article:modified_time\" content=\"2023-09-16T14:13:55+00:00\" \/>\n<meta name=\"twitter:card\" content=\"summary_large_image\" \/>\n<meta name=\"twitter:label1\" content=\"Est. reading time\" \/>\n\t<meta name=\"twitter:data1\" content=\"3 minutes\" \/>\n<script type=\"application\/ld+json\" class=\"yoast-schema-graph\">{\"@context\":\"https:\/\/schema.org\",\"@graph\":[{\"@type\":\"WebPage\",\"@id\":\"https:\/\/www.nordwich.com\/de\/agentura\/pracovna-agentura\/\",\"url\":\"https:\/\/www.nordwich.com\/de\/agentura\/pracovna-agentura\/\",\"name\":\"Agencija za zapo\u0161ljavanje - Nordwich\",\"isPartOf\":{\"@id\":\"http:\/\/www.nordwich.com\/#website\"},\"datePublished\":\"2023-03-16T16:01:12+00:00\",\"dateModified\":\"2023-09-16T14:13:55+00:00\",\"description\":\"Sme person\u00e1lna a pracovn\u00e1 agent\u00fara, ktor\u00e1 pon\u00faka pr\u00e1cu z\u00e1ujemcom vo vybran\u00fdch profesi\u00e1ch a vyh\u013ead\u00e1va pracovn\u00edkov pre firmy.\",\"breadcrumb\":{\"@id\":\"https:\/\/www.nordwich.com\/de\/agentura\/pracovna-agentura\/#breadcrumb\"},\"inLanguage\":\"yu-YU\",\"potentialAction\":[{\"@type\":\"ReadAction\",\"target\":[\"https:\/\/www.nordwich.com\/de\/agentura\/pracovna-agentura\/\"]}]},{\"@type\":\"BreadcrumbList\",\"@id\":\"https:\/\/www.nordwich.com\/de\/agentura\/pracovna-agentura\/#breadcrumb\",\"itemListElement\":[{\"@type\":\"ListItem\",\"position\":1,\"name\":\"Domovsk\u00e1 str\u00e1nka\",\"item\":\"http:\/\/www.nordwich.com\/\"},{\"@type\":\"ListItem\",\"position\":2,\"name\":\"Agent\u00fara\",\"item\":\"https:\/\/www.nordwich.com\/agentura\/\"},{\"@type\":\"ListItem\",\"position\":3,\"name\":\"Agentur f\u00fcr Arbeit\"}]},{\"@type\":\"WebSite\",\"@id\":\"http:\/\/www.nordwich.com\/#website\",\"url\":\"http:\/\/www.nordwich.com\/\",\"name\":\"Nordwich\",\"description\":\"Personalna agencija\",\"publisher\":{\"@id\":\"http:\/\/www.nordwich.com\/#organization\"},\"potentialAction\":[{\"@type\":\"SearchAction\",\"target\":{\"@type\":\"EntryPoint\",\"urlTemplate\":\"http:\/\/www.nordwich.com\/?s={search_term_string}\"},\"query-input\":{\"@type\":\"PropertyValueSpecification\",\"valueRequired\":true,\"valueName\":\"search_term_string\"}}],\"inLanguage\":\"yu-YU\"},{\"@type\":\"Organization\",\"@id\":\"http:\/\/www.nordwich.com\/#organization\",\"name\":\"Nordwich\",\"url\":\"http:\/\/www.nordwich.com\/\",\"logo\":{\"@type\":\"ImageObject\",\"inLanguage\":\"yu-YU\",\"@id\":\"http:\/\/www.nordwich.com\/#\/schema\/logo\/image\/\",\"url\":\"http:\/\/www.nordwich.com\/wp-content\/uploads\/2026\/01\/nordwich_partners01.jpg\",\"contentUrl\":\"http:\/\/www.nordwich.com\/wp-content\/uploads\/2026\/01\/nordwich_partners01.jpg\",\"width\":1110,\"height\":329,\"caption\":\"Nordwich\"},\"image\":{\"@id\":\"http:\/\/www.nordwich.com\/#\/schema\/logo\/image\/\"}}]}<\/script>\n<!-- \/ Yoast SEO plugin. -->","yoast_head_json":{"title":"Agencija za zapo\u0161ljavanje - Nordwich","robots":{"index":"index","follow":"follow","max-snippet":"max-snippet:-1","max-image-preview":"max-image-preview:large","max-video-preview":"max-video-preview:-1"},"canonical":"https:\/\/www.nordwich.com\/de\/agentura\/pracovna-agentura\/","og_locale":"en_US","og_type":"article","og_title":"Agencija za zapo\u0161ljavanje - Nordwich","og_url":"https:\/\/www.nordwich.com\/de\/agentura\/pracovna-agentura\/","og_site_name":"Nordwich","article_modified_time":"2023-09-16T14:13:55+00:00","twitter_card":"summary_large_image","twitter_misc":{"Est. reading time":"3 minutes"},"schema":{"@context":"https:\/\/schema.org","@graph":[{"@type":"WebPage","@id":"https:\/\/www.nordwich.com\/de\/agentura\/pracovna-agentura\/","url":"https:\/\/www.nordwich.com\/de\/agentura\/pracovna-agentura\/","name":"Agencija za zapo\u0161ljavanje - Nordwich","isPartOf":{"@id":"http:\/\/www.nordwich.com\/#website"},"datePublished":"2023-03-16T16:01:12+00:00","dateModified":"2023-09-16T14:13:55+00:00","description":"Sme person\u00e1lna a pracovn\u00e1 agent\u00fara, ktor\u00e1 pon\u00faka pr\u00e1cu z\u00e1ujemcom vo vybran\u00fdch profesi\u00e1ch a vyh\u013ead\u00e1va pracovn\u00edkov pre firmy.","breadcrumb":{"@id":"https:\/\/www.nordwich.com\/de\/agentura\/pracovna-agentura\/#breadcrumb"},"inLanguage":"yu-YU","potentialAction":[{"@type":"ReadAction","target":["https:\/\/www.nordwich.com\/de\/agentura\/pracovna-agentura\/"]}]},{"@type":"BreadcrumbList","@id":"https:\/\/www.nordwich.com\/de\/agentura\/pracovna-agentura\/#breadcrumb","itemListElement":[{"@type":"ListItem","position":1,"name":"Domovsk\u00e1 str\u00e1nka","item":"http:\/\/www.nordwich.com\/"},{"@type":"ListItem","position":2,"name":"Agent\u00fara","item":"https:\/\/www.nordwich.com\/agentura\/"},{"@type":"ListItem","position":3,"name":"Agentur f\u00fcr Arbeit"}]},{"@type":"WebSite","@id":"http:\/\/www.nordwich.com\/#website","url":"http:\/\/www.nordwich.com\/","name":"Nordwich","description":"Personalna agencija","publisher":{"@id":"http:\/\/www.nordwich.com\/#organization"},"potentialAction":[{"@type":"SearchAction","target":{"@type":"EntryPoint","urlTemplate":"http:\/\/www.nordwich.com\/?s={search_term_string}"},"query-input":{"@type":"PropertyValueSpecification","valueRequired":true,"valueName":"search_term_string"}}],"inLanguage":"yu-YU"},{"@type":"Organization","@id":"http:\/\/www.nordwich.com\/#organization","name":"Nordwich","url":"http:\/\/www.nordwich.com\/","logo":{"@type":"ImageObject","inLanguage":"yu-YU","@id":"http:\/\/www.nordwich.com\/#\/schema\/logo\/image\/","url":"http:\/\/www.nordwich.com\/wp-content\/uploads\/2026\/01\/nordwich_partners01.jpg","contentUrl":"http:\/\/www.nordwich.com\/wp-content\/uploads\/2026\/01\/nordwich_partners01.jpg","width":1110,"height":329,"caption":"Nordwich"},"image":{"@id":"http:\/\/www.nordwich.com\/#\/schema\/logo\/image\/"}}]}},"_links":{"self":[{"href":"http:\/\/www.nordwich.com\/bs\/wp-json\/wp\/v2\/pages\/38","targetHints":{"allow":["GET"]}}],"collection":[{"href":"http:\/\/www.nordwich.com\/bs\/wp-json\/wp\/v2\/pages"}],"about":[{"href":"http:\/\/www.nordwich.com\/bs\/wp-json\/wp\/v2\/types\/page"}],"author":[{"embeddable":true,"href":"http:\/\/www.nordwich.com\/bs\/wp-json\/wp\/v2\/users\/1"}],"replies":[{"embeddable":true,"href":"http:\/\/www.nordwich.com\/bs\/wp-json\/wp\/v2\/comments?post=38"}],"version-history":[{"count":26,"href":"http:\/\/www.nordwich.com\/bs\/wp-json\/wp\/v2\/pages\/38\/revisions"}],"predecessor-version":[{"id":1034,"href":"http:\/\/www.nordwich.com\/bs\/wp-json\/wp\/v2\/pages\/38\/revisions\/1034"}],"up":[{"embeddable":true,"href":"http:\/\/www.nordwich.com\/bs\/wp-json\/wp\/v2\/pages\/20"}],"wp:attachment":[{"href":"http:\/\/www.nordwich.com\/bs\/wp-json\/wp\/v2\/media?parent=38"}],"curies":[{"name":"wp","href":"https:\/\/api.w.org\/{rel}","templated":true}]}}