{"id":812,"date":"2023-07-28T06:03:12","date_gmt":"2023-07-28T06:03:12","guid":{"rendered":"http:\/\/www.nordwich.com\/?page_id=812"},"modified":"2023-07-28T12:47:19","modified_gmt":"2023-07-28T12:47:19","slug":"sluzby-on-line-formular","status":"publish","type":"page","link":"http:\/\/www.nordwich.com\/bs\/sluzby-on-line-formular\/","title":{"rendered":"Usluge"},"content":{"rendered":"\n<div class=\"wp-block-contact-form-7-contact-form-selector\">\n<div class=\"wpcf7 no-js\" id=\"wpcf7-f857-o1\" lang=\"sk-SK\" dir=\"ltr\" data-wpcf7-id=\"857\">\n<div class=\"screen-reader-response\"><p role=\"status\" aria-live=\"polite\" aria-atomic=\"true\"><\/p> <ul><\/ul><\/div>\n<form action=\"\/bs\/wp-json\/wp\/v2\/pages\/812#wpcf7-f857-o1\" method=\"post\" class=\"wpcf7-form init\" aria-label=\"Contact form\" novalidate=\"novalidate\" data-status=\"init\">\n<fieldset class=\"hidden-fields-container\"><input type=\"hidden\" name=\"_wpcf7\" value=\"857\" \/><input type=\"hidden\" name=\"_wpcf7_version\" value=\"6.1.5\" \/><input type=\"hidden\" name=\"_wpcf7_locale\" value=\"sk_SK\" \/><input type=\"hidden\" name=\"_wpcf7_unit_tag\" value=\"wpcf7-f857-o1\" \/><input type=\"hidden\" name=\"_wpcf7_container_post\" value=\"0\" \/><input type=\"hidden\" name=\"_wpcf7_posted_data_hash\" value=\"\" \/>\n<\/fieldset>\n<p><label> Ime i prezime*<br \/>\n<span class=\"wpcf7-form-control-wrap\" data-name=\"your-name\"><input size=\"40\" maxlength=\"400\" class=\"wpcf7-form-control wpcf7-text wpcf7-validates-as-required\" autocomplete=\"name\" aria-required=\"true\" aria-invalid=\"false\" value=\"\" type=\"text\" name=\"your-name\" \/><\/span> <\/label>\n<\/p>\n<p><label> Dr\u017eavljanstvo*<br \/>\n<span class=\"wpcf7-form-control-wrap\" data-name=\"your-nationality\"><input size=\"40\" maxlength=\"400\" class=\"wpcf7-form-control wpcf7-text wpcf7-validates-as-required\" autocomplete=\"nationality\" aria-required=\"true\" aria-invalid=\"false\" value=\"\" type=\"text\" name=\"your-nationality\" \/><\/span> <\/label>\n<\/p>\n<p><label> Adresa*<br \/>\n<span class=\"wpcf7-form-control-wrap\" data-name=\"your-address\"><input size=\"40\" maxlength=\"400\" class=\"wpcf7-form-control wpcf7-text wpcf7-validates-as-required\" autocomplete=\"address\" aria-required=\"true\" aria-invalid=\"false\" value=\"\" type=\"text\" name=\"your-address\" \/><\/span> <\/label>\n<\/p>\n<p><label> Kontakt telefon*<br \/>\n<span class=\"wpcf7-form-control-wrap\" data-name=\"your-tel\"><input size=\"40\" maxlength=\"400\" class=\"wpcf7-form-control wpcf7-tel wpcf7-validates-as-required wpcf7-text wpcf7-validates-as-tel\" aria-required=\"true\" aria-invalid=\"false\" value=\"\" type=\"tel\" name=\"your-tel\" \/><\/span> <\/label>\n<\/p>\n<p><label> Drugi na\u010dini komunikacije <\/label><br \/>\n<span class=\"wpcf7-form-control-wrap\" data-name=\"comm-methods\"><span class=\"wpcf7-form-control wpcf7-checkbox\"><span class=\"wpcf7-list-item first\"><label><input type=\"checkbox\" name=\"comm-methods[]\" value=\"WhatsApp\" \/><span class=\"wpcf7-list-item-label\">WhatsApp<\/span><\/label><\/span><span class=\"wpcf7-list-item\"><label><input type=\"checkbox\" name=\"comm-methods[]\" value=\"Viber\" \/><span class=\"wpcf7-list-item-label\">Viber<\/span><\/label><\/span><span class=\"wpcf7-list-item\"><label><input type=\"checkbox\" name=\"comm-methods[]\" value=\"Facebook\" \/><span class=\"wpcf7-list-item-label\">Facebook<\/span><\/label><\/span><span class=\"wpcf7-list-item last\"><label><input type=\"checkbox\" name=\"comm-methods[]\" value=\"SMS\" \/><span class=\"wpcf7-list-item-label\">SMS<\/span><\/label><\/span><\/span><\/span>\n<\/p>\n<p><label> E-mail*<br \/>\n<span class=\"wpcf7-form-control-wrap\" data-name=\"your-email\"><input size=\"40\" maxlength=\"400\" class=\"wpcf7-form-control wpcf7-email wpcf7-validates-as-required wpcf7-text wpcf7-validates-as-email\" autocomplete=\"email\" aria-required=\"true\" aria-invalid=\"false\" value=\"\" type=\"email\" name=\"your-email\" \/><\/span> <\/label>\n<\/p>\n<p><label> Vreme kada Vas mo\u017eemo kontaktirati (dan, \u010das)<br \/>\n<span class=\"wpcf7-form-control-wrap\" data-name=\"your-contact-time\"><input size=\"40\" maxlength=\"400\" class=\"wpcf7-form-control wpcf7-text\" aria-invalid=\"false\" value=\"\" type=\"text\" name=\"your-contact-time\" \/><\/span> <\/label>\n<\/p>\n<p><label> Vrsta usluge*<br \/>\n<span class=\"wpcf7-form-control-wrap\" data-name=\"menu-001\"><select class=\"wpcf7-form-control wpcf7-select wpcf7-validates-as-required\" aria-required=\"true\" aria-invalid=\"false\" name=\"menu-001\"><option value=\"\">-- Odaberite ponudu --<\/option><option value=\"Osnivanje preduze\u0107a i \u017eivnosti (SZR)\">Osnivanje preduze\u0107a i \u017eivnosti (SZR)<\/option><option value=\"Poreski, knjigovodstveni i administrativni servis\">Poreski, knjigovodstveni i administrativni servis<\/option><option value=\"Viza i boravi\u0161na dozvola za klijente koji \u017eele da osnuju firmu\">Viza i boravi\u0161na dozvola za klijente koji \u017eele da osnuju firmu<\/option><option value=\"Viza i boravi\u0161na dozvola za klijente koji \u017eele da se zaposle\">Viza i boravi\u0161na dozvola za klijente koji \u017eele da se zaposle<\/option><option value=\"Zastupanje firmi - klijenta u komunikaciji sa drugim firmama\">Zastupanje firmi - klijenta u komunikaciji sa drugim firmama<\/option><option value=\"Izrada cenovnika i poslovnih ponuda za gra\u0111evinske firme ili poslove na gra\u0111evini\">Izrada cenovnika i poslovnih ponuda za gra\u0111evinske firme ili poslove na gra\u0111evini<\/option><option value=\"Pomo\u0107 i zastupanje u slova\u010dkim institucijama\">Pomo\u0107 i zastupanje u slova\u010dkim institucijama<\/option><option value=\"Registracija samostalno zaposlenih u nema\u010dkim i austrijskim institucijama\">Registracija samostalno zaposlenih u nema\u010dkim i austrijskim institucijama<\/option><option value=\"Pomo\u0107 pri registraciji i od\u017eavanju ra\u010duna u banci\">Pomo\u0107 pri registraciji i od\u017eavanju ra\u010duna u banci<\/option><option value=\"Voza\u010dke dozvole\">Voza\u010dke dozvole<\/option><option value=\"Pomo\u0107 u komunikaciji sa sudskim izvr\u0161iteljima\">Pomo\u0107 u komunikaciji sa sudskim izvr\u0161iteljima<\/option><option value=\"Osiguranje\">Osiguranje<\/option><\/select><\/span> <\/label>\n<\/p>\n<p><label> Dodatni opis zahteva<br \/>\n<span class=\"wpcf7-form-control-wrap\" data-name=\"your-message\"><textarea cols=\"40\" rows=\"10\" maxlength=\"2000\" class=\"wpcf7-form-control wpcf7-textarea\" aria-invalid=\"false\" name=\"your-message\"><\/textarea><\/span> <\/label>\n<\/p>\n<p><label> S\u00fahlas so spracovan\u00edm osobn\u00fdch \u00fadajov*<br \/>\n<span class=\"wpcf7-form-control-wrap\" data-name=\"gdpr_confirm\"><span class=\"wpcf7-form-control wpcf7-checkbox wpcf7-validates-as-required\"><span class=\"wpcf7-list-item first last\"><label><input type=\"checkbox\" name=\"gdpr_confirm[]\" value=\"S\u00fahlas\u00edm so spracovan\u00edm mojich osobn\u00fdch \u00fadajov po dobu poskytovania slu\u017eby.\" \/><span class=\"wpcf7-list-item-label\">S\u00fahlas\u00edm so spracovan\u00edm mojich osobn\u00fdch \u00fadajov po dobu poskytovania slu\u017eby.<\/span><\/label><\/span><\/span><\/span><br \/>\n<\/label>\n<\/p>\n<p><input class=\"wpcf7-form-control wpcf7-submit has-spinner\" type=\"submit\" value=\"Poslati\" \/>\n<\/p><p style=\"display: none !important;\" class=\"akismet-fields-container\" data-prefix=\"_wpcf7_ak_\"><label>&#916;<textarea name=\"_wpcf7_ak_hp_textarea\" cols=\"45\" rows=\"8\" maxlength=\"100\"><\/textarea><\/label><input type=\"hidden\" id=\"ak_js_1\" name=\"_wpcf7_ak_js\" value=\"151\"\/><script>document.getElementById( \"ak_js_1\" ).setAttribute( \"value\", ( new Date() ).getTime() );<\/script><\/p><div class=\"wpcf7-response-output\" aria-hidden=\"true\"><\/div>\n<\/form>\n<\/div>\n<\/div>\n","protected":false},"excerpt":{"rendered":"","protected":false},"author":1,"featured_media":0,"parent":0,"menu_order":0,"comment_status":"closed","ping_status":"closed","template":"","meta":{"footnotes":""},"class_list":["post-812","page","type-page","status-publish","hentry"],"translation":{"provider":"WPGlobus","version":"3.0.0","language":"bs","enabled_languages":["sk","bs","de"],"languages":{"sk":{"title":true,"content":true,"excerpt":false},"bs":{"title":true,"content":true,"excerpt":false},"de":{"title":false,"content":false,"excerpt":false}}},"yoast_head":"<!-- This site is optimized with the Yoast SEO plugin v26.1.1 - https:\/\/yoast.com\/wordpress\/plugins\/seo\/ -->\n<title>Usluge - Nordwich<\/title>\n<meta name=\"robots\" content=\"index, follow, max-snippet:-1, max-image-preview:large, max-video-preview:-1\" \/>\n<link rel=\"canonical\" href=\"https:\/\/www.nordwich.com\/de\/sluzby-on-line-formular\/\" \/>\n<meta property=\"og:locale\" content=\"en_US\" \/>\n<meta property=\"og:type\" content=\"article\" \/>\n<meta property=\"og:title\" content=\"Usluge - Nordwich\" \/>\n<meta property=\"og:url\" content=\"https:\/\/www.nordwich.com\/de\/sluzby-on-line-formular\/\" \/>\n<meta property=\"og:site_name\" content=\"Nordwich\" \/>\n<meta property=\"article:modified_time\" content=\"2023-07-28T12:47:19+00:00\" \/>\n<meta name=\"twitter:card\" content=\"summary_large_image\" \/>\n<meta name=\"twitter:label1\" content=\"Est. reading time\" \/>\n\t<meta name=\"twitter:data1\" content=\"1 minute\" \/>\n<script type=\"application\/ld+json\" class=\"yoast-schema-graph\">{\"@context\":\"https:\/\/schema.org\",\"@graph\":[{\"@type\":\"WebPage\",\"@id\":\"https:\/\/www.nordwich.com\/de\/sluzby-on-line-formular\/\",\"url\":\"https:\/\/www.nordwich.com\/de\/sluzby-on-line-formular\/\",\"name\":\"Usluge - Nordwich\",\"isPartOf\":{\"@id\":\"http:\/\/www.nordwich.com\/#website\"},\"datePublished\":\"2023-07-28T06:03:12+00:00\",\"dateModified\":\"2023-07-28T12:47:19+00:00\",\"breadcrumb\":{\"@id\":\"https:\/\/www.nordwich.com\/de\/sluzby-on-line-formular\/#breadcrumb\"},\"inLanguage\":\"yu-YU\",\"potentialAction\":[{\"@type\":\"ReadAction\",\"target\":[\"https:\/\/www.nordwich.com\/de\/sluzby-on-line-formular\/\"]}]},{\"@type\":\"BreadcrumbList\",\"@id\":\"https:\/\/www.nordwich.com\/de\/sluzby-on-line-formular\/#breadcrumb\",\"itemListElement\":[{\"@type\":\"ListItem\",\"position\":1,\"name\":\"Domovsk\u00e1 str\u00e1nka\",\"item\":\"http:\/\/www.nordwich.com\/\"},{\"@type\":\"ListItem\",\"position\":2,\"name\":\"Slu\u017eby: On-line formul\u00e1r\"}]},{\"@type\":\"WebSite\",\"@id\":\"http:\/\/www.nordwich.com\/#website\",\"url\":\"http:\/\/www.nordwich.com\/\",\"name\":\"Nordwich\",\"description\":\"Personalna agencija\",\"publisher\":{\"@id\":\"http:\/\/www.nordwich.com\/#organization\"},\"potentialAction\":[{\"@type\":\"SearchAction\",\"target\":{\"@type\":\"EntryPoint\",\"urlTemplate\":\"http:\/\/www.nordwich.com\/?s={search_term_string}\"},\"query-input\":{\"@type\":\"PropertyValueSpecification\",\"valueRequired\":true,\"valueName\":\"search_term_string\"}}],\"inLanguage\":\"yu-YU\"},{\"@type\":\"Organization\",\"@id\":\"http:\/\/www.nordwich.com\/#organization\",\"name\":\"Nordwich\",\"url\":\"http:\/\/www.nordwich.com\/\",\"logo\":{\"@type\":\"ImageObject\",\"inLanguage\":\"yu-YU\",\"@id\":\"http:\/\/www.nordwich.com\/#\/schema\/logo\/image\/\",\"url\":\"http:\/\/www.nordwich.com\/wp-content\/uploads\/2026\/01\/nordwich_partners01.jpg\",\"contentUrl\":\"http:\/\/www.nordwich.com\/wp-content\/uploads\/2026\/01\/nordwich_partners01.jpg\",\"width\":1110,\"height\":329,\"caption\":\"Nordwich\"},\"image\":{\"@id\":\"http:\/\/www.nordwich.com\/#\/schema\/logo\/image\/\"}}]}<\/script>\n<!-- \/ Yoast SEO plugin. -->","yoast_head_json":{"title":"Usluge - Nordwich","robots":{"index":"index","follow":"follow","max-snippet":"max-snippet:-1","max-image-preview":"max-image-preview:large","max-video-preview":"max-video-preview:-1"},"canonical":"https:\/\/www.nordwich.com\/de\/sluzby-on-line-formular\/","og_locale":"en_US","og_type":"article","og_title":"Usluge - Nordwich","og_url":"https:\/\/www.nordwich.com\/de\/sluzby-on-line-formular\/","og_site_name":"Nordwich","article_modified_time":"2023-07-28T12:47:19+00:00","twitter_card":"summary_large_image","twitter_misc":{"Est. reading time":"1 minute"},"schema":{"@context":"https:\/\/schema.org","@graph":[{"@type":"WebPage","@id":"https:\/\/www.nordwich.com\/de\/sluzby-on-line-formular\/","url":"https:\/\/www.nordwich.com\/de\/sluzby-on-line-formular\/","name":"Usluge - Nordwich","isPartOf":{"@id":"http:\/\/www.nordwich.com\/#website"},"datePublished":"2023-07-28T06:03:12+00:00","dateModified":"2023-07-28T12:47:19+00:00","breadcrumb":{"@id":"https:\/\/www.nordwich.com\/de\/sluzby-on-line-formular\/#breadcrumb"},"inLanguage":"yu-YU","potentialAction":[{"@type":"ReadAction","target":["https:\/\/www.nordwich.com\/de\/sluzby-on-line-formular\/"]}]},{"@type":"BreadcrumbList","@id":"https:\/\/www.nordwich.com\/de\/sluzby-on-line-formular\/#breadcrumb","itemListElement":[{"@type":"ListItem","position":1,"name":"Domovsk\u00e1 str\u00e1nka","item":"http:\/\/www.nordwich.com\/"},{"@type":"ListItem","position":2,"name":"Slu\u017eby: On-line formul\u00e1r"}]},{"@type":"WebSite","@id":"http:\/\/www.nordwich.com\/#website","url":"http:\/\/www.nordwich.com\/","name":"Nordwich","description":"Personalna agencija","publisher":{"@id":"http:\/\/www.nordwich.com\/#organization"},"potentialAction":[{"@type":"SearchAction","target":{"@type":"EntryPoint","urlTemplate":"http:\/\/www.nordwich.com\/?s={search_term_string}"},"query-input":{"@type":"PropertyValueSpecification","valueRequired":true,"valueName":"search_term_string"}}],"inLanguage":"yu-YU"},{"@type":"Organization","@id":"http:\/\/www.nordwich.com\/#organization","name":"Nordwich","url":"http:\/\/www.nordwich.com\/","logo":{"@type":"ImageObject","inLanguage":"yu-YU","@id":"http:\/\/www.nordwich.com\/#\/schema\/logo\/image\/","url":"http:\/\/www.nordwich.com\/wp-content\/uploads\/2026\/01\/nordwich_partners01.jpg","contentUrl":"http:\/\/www.nordwich.com\/wp-content\/uploads\/2026\/01\/nordwich_partners01.jpg","width":1110,"height":329,"caption":"Nordwich"},"image":{"@id":"http:\/\/www.nordwich.com\/#\/schema\/logo\/image\/"}}]}},"_links":{"self":[{"href":"http:\/\/www.nordwich.com\/bs\/wp-json\/wp\/v2\/pages\/812","targetHints":{"allow":["GET"]}}],"collection":[{"href":"http:\/\/www.nordwich.com\/bs\/wp-json\/wp\/v2\/pages"}],"about":[{"href":"http:\/\/www.nordwich.com\/bs\/wp-json\/wp\/v2\/types\/page"}],"author":[{"embeddable":true,"href":"http:\/\/www.nordwich.com\/bs\/wp-json\/wp\/v2\/users\/1"}],"replies":[{"embeddable":true,"href":"http:\/\/www.nordwich.com\/bs\/wp-json\/wp\/v2\/comments?post=812"}],"version-history":[{"count":3,"href":"http:\/\/www.nordwich.com\/bs\/wp-json\/wp\/v2\/pages\/812\/revisions"}],"predecessor-version":[{"id":863,"href":"http:\/\/www.nordwich.com\/bs\/wp-json\/wp\/v2\/pages\/812\/revisions\/863"}],"wp:attachment":[{"href":"http:\/\/www.nordwich.com\/bs\/wp-json\/wp\/v2\/media?parent=812"}],"curies":[{"name":"wp","href":"https:\/\/api.w.org\/{rel}","templated":true}]}}