{"id":84,"date":"2023-03-16T21:16:55","date_gmt":"2023-03-16T21:16:55","guid":{"rendered":"http:\/\/www.nordwich.com\/?page_id=84"},"modified":"2026-01-09T12:38:14","modified_gmt":"2026-01-09T12:38:14","slug":"kontakt","status":"publish","type":"page","link":"http:\/\/www.nordwich.com\/bs\/kontakt\/","title":{"rendered":"Kontakt"},"content":{"rendered":"\n<div class=\"wp-block-columns is-layout-flex wp-container-core-columns-is-layout-9d6595d7 wp-block-columns-is-layout-flex\">\n<div class=\"wp-block-column is-layout-flow wp-block-column-is-layout-flow\">\n<h4 class=\"wp-block-heading\" id=\"block-2efe3866-4f1c-4ddf-82d8-f4de804df241\"><strong>Kontaktirajte nas<\/strong>:<\/h4>\n<\/div>\n\n\n\n<div class=\"wp-block-column is-layout-flow wp-block-column-is-layout-flow\">\n<p class=\"has-text-align-left\"><strong>E-mail:<\/strong><a href=\"E-mail: info@nordwich.comnordwich@centrum.skTel.: Slovensko: +421 940 603 520Rak\u00fasko: +43 681 20385479\"> <\/a><br><a href=\"mailto:info@nordwich.com\" target=\"_blank\" rel=\"noreferrer noopener\">info@nordwich.com<\/a><a href=\"mailto:nordwich@centrum.sk\"><br>nordwich@centrum.sk<\/a><\/p>\n\n\n\n<p class=\"has-text-align-left\"><strong>Tel. Slova\u010dka: <\/strong>+421 940 603 520<br><strong>Tel. Austrija: <\/strong>+43 681 20385479<\/p>\n<\/div>\n\n\n\n<div class=\"wp-block-column is-layout-flow wp-block-column-is-layout-flow\"><div class=\"wp-block-image is-style-default\">\n<figure class=\"alignleft size-large is-resized\"><img loading=\"lazy\" decoding=\"async\" width=\"1024\" height=\"683\" src=\"http:\/\/www.nordwich.com\/wp-content\/uploads\/2023\/03\/office-g7ca99da3a_1920-1024x683.jpg\" alt=\"Office\" class=\"wp-image-96\" style=\"width:333px;height:222px\" srcset=\"http:\/\/www.nordwich.com\/wp-content\/uploads\/2023\/03\/office-g7ca99da3a_1920-1024x683.jpg 1024w, http:\/\/www.nordwich.com\/wp-content\/uploads\/2023\/03\/office-g7ca99da3a_1920-300x200.jpg 300w, http:\/\/www.nordwich.com\/wp-content\/uploads\/2023\/03\/office-g7ca99da3a_1920-768x512.jpg 768w, http:\/\/www.nordwich.com\/wp-content\/uploads\/2023\/03\/office-g7ca99da3a_1920-1536x1024.jpg 1536w, http:\/\/www.nordwich.com\/wp-content\/uploads\/2023\/03\/office-g7ca99da3a_1920.jpg 1920w\" sizes=\"auto, (max-width: 1024px) 100vw, 1024px\" \/><\/figure>\n<\/div><\/div>\n<\/div>\n\n\n\n<div class=\"wp-block-group\"><div class=\"wp-block-group__inner-container is-layout-constrained wp-block-group-is-layout-constrained\">\n<h4 style=\"width: 100%; background-color: #EEEEEE; padding: 5px 10px;\">Posetite nas:<\/h4>\n\n\n\n<div class=\"wp-block-columns is-layout-flex wp-container-core-columns-is-layout-9d6595d7 wp-block-columns-is-layout-flex\">\n<div class=\"wp-block-column is-layout-flow wp-block-column-is-layout-flow\">\n<p><strong><strong>Slova\u010dka<\/strong>:<\/strong><br><strong>Nordwich s.r.o.<\/strong><br>Priemyseln\u00e1 2678\/1<br>917 01 Trnava<\/p>\n\n\n\n<iframe src=\"https:\/\/www.google.com\/maps\/embed?pb=!1m18!1m12!1m3!1d2650.8552395431007!2d17.598510375442558!3d48.363305235420825!2m3!1f0!2f0!3f0!3m2!1i1024!2i768!4f13.1!3m3!1m2!1s0x476b5f9a8a8dc2a5%3A0xbaec32babff061b5!2sPriemyseln%C3%A1%202678%2F1%2C%20917%2001%20Trnava!5e0!3m2!1ssk!2ssk!4v1687254141067!5m2!1ssk!2ssk\" width=\"100%\" height=\"300\" style=\"border:0;\" allowfullscreen=\"\" loading=\"lazy\" referrerpolicy=\"no-referrer-when-downgrade\"><\/iframe>\n<\/div>\n\n\n\n<div class=\"wp-block-column is-layout-flow wp-block-column-is-layout-flow\">\n<p><strong><strong>Austrija<\/strong>:<\/strong><br><strong>Nordwich GmbH<\/strong><br>Mariannengasse 27\/1<br>1090 Be\u010d<\/p>\n\n\n\n<iframe src=\"https:\/\/www.google.com\/maps\/embed?pb=!1m18!1m12!1m3!1d2658.501855198206!2d16.34371557543227!3d48.21621024568495!2m3!1f0!2f0!3f0!3m2!1i1024!2i768!4f13.1!3m3!1m2!1s0x476d07c231e1dab1%3A0xc427465b5e620904!2sMariannengasse%2027%2F1%2C%201090%20Wien%2C%20Rak%C3%BAsko!5e0!3m2!1ssk!2ssk!4v1687254228864!5m2!1ssk!2ssk\" width=\"100%\" height=\"300\" style=\"border:0;\" allowfullscreen=\"\" loading=\"lazy\" referrerpolicy=\"no-referrer-when-downgrade\"><\/iframe>\n<\/div>\n<\/div>\n<\/div><\/div>\n\n\n\n<h4 style=\"width: 100%; background-color: #EEEEEE; padding: 5px 10px;\">Na\u0161e firme:<\/h4>\n\n\n\n<div class=\"wp-block-columns is-layout-flex wp-container-core-columns-is-layout-9d6595d7 wp-block-columns-is-layout-flex\">\n<div class=\"wp-block-column is-layout-flow wp-block-column-is-layout-flow\">\n<p><strong>1. Nordwich s.r.o. (NW)<\/strong><\/p>\n\n\n\n<p><strong>Adresa : <\/strong>Priemyseln\u00e1&nbsp;2678\/1, Trnava&nbsp;917 01<br><strong>Privredni registar: <\/strong>Okresn\u00fd s\u00fad Trnava<br><strong><strong>Broj:<\/strong>&nbsp;<\/strong>&nbsp;41850\/T<br><strong><strong>MB:<\/strong> <\/strong>51 480 964<br><strong><strong>PIB:<\/strong> <\/strong>2120736662<br><strong><strong>PDV obveznik:<\/strong> <\/strong>SK2120736662<br><strong>IBAN:<\/strong> SK46 0200 0000 0039 3327 3653<br><strong>SWIFT:<\/strong> SUBASKBX<br><strong>BANKA: <\/strong>VUB Banka<\/p>\n<\/div>\n\n\n\n<div class=\"wp-block-column is-layout-flow wp-block-column-is-layout-flow\">\n<p><strong>2. Nordwich Job s.r.o. (NWJ)<\/strong><\/p>\n\n\n\n<p><strong>Adresa : <\/strong>Priemyseln\u00e1&nbsp;2678\/1, Trnava&nbsp;917 01<br><strong>Privredni registar:<\/strong> Okresn\u00fd s\u00fad Trnava<br><strong>Broj:<\/strong> 47806\/T<br><strong><strong>MB:<\/strong><\/strong> 53 379 861<br><strong><strong>PIB:<\/strong><\/strong> 2121349340<br><strong><strong>PDV obveznik:<\/strong><\/strong> SK2121349340<br><strong>IBAN: S<\/strong>K60 1100 0000 0029 4810 9560<br><strong>SWIFT: <\/strong>TATRSKBX<br><strong>BANKA: <\/strong>TATRA Banka<\/p>\n<\/div>\n<\/div>\n\n\n\n<div class=\"wp-block-columns is-layout-flex wp-container-core-columns-is-layout-9d6595d7 wp-block-columns-is-layout-flex\">\n<div class=\"wp-block-column is-layout-flow wp-block-column-is-layout-flow\">\n<div class=\"wp-block-columns is-layout-flex wp-container-core-columns-is-layout-9d6595d7 wp-block-columns-is-layout-flex\">\n<div class=\"wp-block-column is-layout-flow wp-block-column-is-layout-flow\">\n<p><strong>3. Nordwich GmbH (NWW)<\/strong><\/p>\n\n\n\n<p><strong>Adresa: <\/strong>Mariannengasse 27\/1, 1090 Wien<br><strong>Privredni registar:<br><strong>MB:<\/strong><\/strong> FN 576586x<br><strong><strong>PIB:<\/strong><\/strong> 074190190<br><strong><strong>PDV obveznik:<\/strong> <\/strong>ATU78568845<strong><br>IBAN: <\/strong>AT06 2011 1845 4813 4500<br><strong>SWIFT: <\/strong>GIBAATWWXXX<br><strong>BANKA: <\/strong>ERSTE Banka<\/p>\n<\/div>\n\n\n\n<div class=\"wp-block-column is-layout-flow wp-block-column-is-layout-flow\">\n<p><strong>4. BLUE POINT CONSULTING s.r.o. (BPC)<\/strong><\/p>\n\n\n\n<p><strong>Adresa : <\/strong>Priemyseln\u00e1&nbsp;2678\/1, Trnava&nbsp;917 01<br><strong>Privredni registar:<\/strong> Okresn\u00fd s\u00fad Trnava<br><strong>Broj:<\/strong> 48931\/T<br><strong>MB: <\/strong>53&nbsp;703&nbsp;766<br><strong><strong>PIB:<\/strong><\/strong> 2121471220<br><strong><strong>PDV obveznik:<\/strong><\/strong> SK2121471220<br><strong>IBAN: <\/strong>SK81 0200 0000 0044 4899 5251<br><strong>SWIFT:<\/strong> SUBASKBX<br><strong>BANKA:<\/strong> VUB Banka<\/p>\n<\/div>\n<\/div>\n<\/div>\n<\/div>\n","protected":false},"excerpt":{"rendered":"<p>Kontaktirajte nas: E-mail: info@nordwich.comnordwich@centrum.sk Tel. Slova\u010dka: +421 940 603 520Tel. Austrija: +43 681 20385479 Posetite nas: Slova\u010dka:Nordwich s.r.o.Priemyseln\u00e1 2678\/1917 01 Trnava Austrija:Nordwich GmbHMariannengasse 27\/11090 Be\u010d&hellip;<\/p>\n","protected":false},"author":1,"featured_media":0,"parent":0,"menu_order":0,"comment_status":"closed","ping_status":"closed","template":"","meta":{"footnotes":""},"class_list":["post-84","page","type-page","status-publish","hentry"],"translation":{"provider":"WPGlobus","version":"3.0.0","language":"bs","enabled_languages":["sk","bs","de"],"languages":{"sk":{"title":true,"content":true,"excerpt":false},"bs":{"title":true,"content":true,"excerpt":false},"de":{"title":false,"content":true,"excerpt":false}}},"yoast_head":"<!-- This site is optimized with the Yoast SEO plugin v26.1.1 - https:\/\/yoast.com\/wordpress\/plugins\/seo\/ -->\n<title>Kontakt - Nordwich<\/title>\n<meta name=\"robots\" content=\"index, follow, max-snippet:-1, max-image-preview:large, max-video-preview:-1\" \/>\n<link rel=\"canonical\" href=\"http:\/\/www.nordwich.com\/de\/kontakt\/\" \/>\n<meta property=\"og:locale\" content=\"en_US\" \/>\n<meta property=\"og:type\" content=\"article\" \/>\n<meta property=\"og:title\" content=\"Kontakt - Nordwich\" \/>\n<meta property=\"og:url\" content=\"http:\/\/www.nordwich.com\/de\/kontakt\/\" \/>\n<meta property=\"og:site_name\" content=\"Nordwich\" \/>\n<meta property=\"article:modified_time\" content=\"2026-01-09T12:38:14+00:00\" \/>\n<meta property=\"og:image\" content=\"http:\/\/www.nordwich.com\/wp-content\/uploads\/2023\/03\/office-g7ca99da3a_1920-1024x683.jpg\" \/>\n<meta name=\"twitter:card\" content=\"summary_large_image\" \/>\n<meta name=\"twitter:label1\" content=\"Est. reading time\" \/>\n\t<meta name=\"twitter:data1\" content=\"2 minutes\" \/>\n<script type=\"application\/ld+json\" class=\"yoast-schema-graph\">{\"@context\":\"https:\/\/schema.org\",\"@graph\":[{\"@type\":\"WebPage\",\"@id\":\"http:\/\/www.nordwich.com\/de\/kontakt\/\",\"url\":\"http:\/\/www.nordwich.com\/de\/kontakt\/\",\"name\":\"Kontakt - Nordwich\",\"isPartOf\":{\"@id\":\"http:\/\/www.nordwich.com\/#website\"},\"primaryImageOfPage\":{\"@id\":\"http:\/\/www.nordwich.com\/de\/kontakt\/#primaryimage\"},\"image\":{\"@id\":\"http:\/\/www.nordwich.com\/de\/kontakt\/#primaryimage\"},\"thumbnailUrl\":\"http:\/\/www.nordwich.com\/wp-content\/uploads\/2023\/03\/office-g7ca99da3a_1920-1024x683.jpg\",\"datePublished\":\"2023-03-16T21:16:55+00:00\",\"dateModified\":\"2026-01-09T12:38:14+00:00\",\"breadcrumb\":{\"@id\":\"http:\/\/www.nordwich.com\/de\/kontakt\/#breadcrumb\"},\"inLanguage\":\"yu-YU\",\"potentialAction\":[{\"@type\":\"ReadAction\",\"target\":[\"http:\/\/www.nordwich.com\/de\/kontakt\/\"]}]},{\"@type\":\"ImageObject\",\"inLanguage\":\"yu-YU\",\"@id\":\"http:\/\/www.nordwich.com\/de\/kontakt\/#primaryimage\",\"url\":\"http:\/\/www.nordwich.com\/wp-content\/uploads\/2023\/03\/office-g7ca99da3a_1920-1024x683.jpg\",\"contentUrl\":\"http:\/\/www.nordwich.com\/wp-content\/uploads\/2023\/03\/office-g7ca99da3a_1920-1024x683.jpg\"},{\"@type\":\"BreadcrumbList\",\"@id\":\"http:\/\/www.nordwich.com\/de\/kontakt\/#breadcrumb\",\"itemListElement\":[{\"@type\":\"ListItem\",\"position\":1,\"name\":\"Domovsk\u00e1 str\u00e1nka\",\"item\":\"http:\/\/www.nordwich.com\/\"},{\"@type\":\"ListItem\",\"position\":2,\"name\":\"Kontakt\"}]},{\"@type\":\"WebSite\",\"@id\":\"http:\/\/www.nordwich.com\/#website\",\"url\":\"http:\/\/www.nordwich.com\/\",\"name\":\"Nordwich\",\"description\":\"Personalna agencija\",\"publisher\":{\"@id\":\"http:\/\/www.nordwich.com\/#organization\"},\"potentialAction\":[{\"@type\":\"SearchAction\",\"target\":{\"@type\":\"EntryPoint\",\"urlTemplate\":\"http:\/\/www.nordwich.com\/?s={search_term_string}\"},\"query-input\":{\"@type\":\"PropertyValueSpecification\",\"valueRequired\":true,\"valueName\":\"search_term_string\"}}],\"inLanguage\":\"yu-YU\"},{\"@type\":\"Organization\",\"@id\":\"http:\/\/www.nordwich.com\/#organization\",\"name\":\"Nordwich\",\"url\":\"http:\/\/www.nordwich.com\/\",\"logo\":{\"@type\":\"ImageObject\",\"inLanguage\":\"yu-YU\",\"@id\":\"http:\/\/www.nordwich.com\/#\/schema\/logo\/image\/\",\"url\":\"http:\/\/www.nordwich.com\/wp-content\/uploads\/2026\/01\/nordwich_partners01.jpg\",\"contentUrl\":\"http:\/\/www.nordwich.com\/wp-content\/uploads\/2026\/01\/nordwich_partners01.jpg\",\"width\":1110,\"height\":329,\"caption\":\"Nordwich\"},\"image\":{\"@id\":\"http:\/\/www.nordwich.com\/#\/schema\/logo\/image\/\"}}]}<\/script>\n<!-- \/ Yoast SEO plugin. -->","yoast_head_json":{"title":"Kontakt - Nordwich","robots":{"index":"index","follow":"follow","max-snippet":"max-snippet:-1","max-image-preview":"max-image-preview:large","max-video-preview":"max-video-preview:-1"},"canonical":"http:\/\/www.nordwich.com\/de\/kontakt\/","og_locale":"en_US","og_type":"article","og_title":"Kontakt - Nordwich","og_url":"http:\/\/www.nordwich.com\/de\/kontakt\/","og_site_name":"Nordwich","article_modified_time":"2026-01-09T12:38:14+00:00","og_image":[{"url":"http:\/\/www.nordwich.com\/wp-content\/uploads\/2023\/03\/office-g7ca99da3a_1920-1024x683.jpg","type":"","width":"","height":""}],"twitter_card":"summary_large_image","twitter_misc":{"Est. reading time":"2 minutes"},"schema":{"@context":"https:\/\/schema.org","@graph":[{"@type":"WebPage","@id":"http:\/\/www.nordwich.com\/de\/kontakt\/","url":"http:\/\/www.nordwich.com\/de\/kontakt\/","name":"Kontakt - Nordwich","isPartOf":{"@id":"http:\/\/www.nordwich.com\/#website"},"primaryImageOfPage":{"@id":"http:\/\/www.nordwich.com\/de\/kontakt\/#primaryimage"},"image":{"@id":"http:\/\/www.nordwich.com\/de\/kontakt\/#primaryimage"},"thumbnailUrl":"http:\/\/www.nordwich.com\/wp-content\/uploads\/2023\/03\/office-g7ca99da3a_1920-1024x683.jpg","datePublished":"2023-03-16T21:16:55+00:00","dateModified":"2026-01-09T12:38:14+00:00","breadcrumb":{"@id":"http:\/\/www.nordwich.com\/de\/kontakt\/#breadcrumb"},"inLanguage":"yu-YU","potentialAction":[{"@type":"ReadAction","target":["http:\/\/www.nordwich.com\/de\/kontakt\/"]}]},{"@type":"ImageObject","inLanguage":"yu-YU","@id":"http:\/\/www.nordwich.com\/de\/kontakt\/#primaryimage","url":"http:\/\/www.nordwich.com\/wp-content\/uploads\/2023\/03\/office-g7ca99da3a_1920-1024x683.jpg","contentUrl":"http:\/\/www.nordwich.com\/wp-content\/uploads\/2023\/03\/office-g7ca99da3a_1920-1024x683.jpg"},{"@type":"BreadcrumbList","@id":"http:\/\/www.nordwich.com\/de\/kontakt\/#breadcrumb","itemListElement":[{"@type":"ListItem","position":1,"name":"Domovsk\u00e1 str\u00e1nka","item":"http:\/\/www.nordwich.com\/"},{"@type":"ListItem","position":2,"name":"Kontakt"}]},{"@type":"WebSite","@id":"http:\/\/www.nordwich.com\/#website","url":"http:\/\/www.nordwich.com\/","name":"Nordwich","description":"Personalna agencija","publisher":{"@id":"http:\/\/www.nordwich.com\/#organization"},"potentialAction":[{"@type":"SearchAction","target":{"@type":"EntryPoint","urlTemplate":"http:\/\/www.nordwich.com\/?s={search_term_string}"},"query-input":{"@type":"PropertyValueSpecification","valueRequired":true,"valueName":"search_term_string"}}],"inLanguage":"yu-YU"},{"@type":"Organization","@id":"http:\/\/www.nordwich.com\/#organization","name":"Nordwich","url":"http:\/\/www.nordwich.com\/","logo":{"@type":"ImageObject","inLanguage":"yu-YU","@id":"http:\/\/www.nordwich.com\/#\/schema\/logo\/image\/","url":"http:\/\/www.nordwich.com\/wp-content\/uploads\/2026\/01\/nordwich_partners01.jpg","contentUrl":"http:\/\/www.nordwich.com\/wp-content\/uploads\/2026\/01\/nordwich_partners01.jpg","width":1110,"height":329,"caption":"Nordwich"},"image":{"@id":"http:\/\/www.nordwich.com\/#\/schema\/logo\/image\/"}}]}},"_links":{"self":[{"href":"http:\/\/www.nordwich.com\/bs\/wp-json\/wp\/v2\/pages\/84","targetHints":{"allow":["GET"]}}],"collection":[{"href":"http:\/\/www.nordwich.com\/bs\/wp-json\/wp\/v2\/pages"}],"about":[{"href":"http:\/\/www.nordwich.com\/bs\/wp-json\/wp\/v2\/types\/page"}],"author":[{"embeddable":true,"href":"http:\/\/www.nordwich.com\/bs\/wp-json\/wp\/v2\/users\/1"}],"replies":[{"embeddable":true,"href":"http:\/\/www.nordwich.com\/bs\/wp-json\/wp\/v2\/comments?post=84"}],"version-history":[{"count":51,"href":"http:\/\/www.nordwich.com\/bs\/wp-json\/wp\/v2\/pages\/84\/revisions"}],"predecessor-version":[{"id":1095,"href":"http:\/\/www.nordwich.com\/bs\/wp-json\/wp\/v2\/pages\/84\/revisions\/1095"}],"wp:attachment":[{"href":"http:\/\/www.nordwich.com\/bs\/wp-json\/wp\/v2\/media?parent=84"}],"curies":[{"name":"wp","href":"https:\/\/api.w.org\/{rel}","templated":true}]}}