{"id":866,"date":"2023-08-01T05:44:46","date_gmt":"2023-08-01T05:44:46","guid":{"rendered":"http:\/\/www.nordwich.com\/?page_id=866"},"modified":"2023-08-04T08:55:50","modified_gmt":"2023-08-04T08:55:50","slug":"nasa-ponuka","status":"publish","type":"page","link":"http:\/\/www.nordwich.com\/bs\/upratovanie\/nasa-ponuka\/","title":{"rendered":"Na\u0161a ponuda \u010di\u0161\u0107enja"},"content":{"rendered":"\n<h2 class=\"wp-block-heading\"><strong>TRETIRAMO VA\u0160U KU\u0106U I OBJEKTE KAO DA SU NA\u0160I<\/strong><\/h2>\n\n\n\n<div class=\"wp-block-buttons is-layout-flex wp-block-buttons-is-layout-flex\">\n<div class=\"wp-block-button\"><a class=\"wp-block-button__link wp-element-button\" href=\"\/\/www.nordwich.com\/bs\/upratovanie\/ziadost-o-informacie\/\">Zahtjev za informacijama<\/a><\/div>\n<\/div>\n\n\n\n<h3 class=\"wp-block-heading\">O nama<\/h3>\n\n\n\n<p>Cilj nam je pru\u017eati kvalitetnu uslugu \u010di\u0161\u0107enja i posve\u0107ivati pa\u017enju detaljima. Imati kvalitetne i predane poslu radnike koji \u0107e posve\u0107ivati pa\u017enju detaljima kao da se nalaze u vlastitoj ku\u0107i gdje koriste adekvatna i neagresivna sredstva za \u010di\u0161\u0107enje. Tako\u0111e mo\u017eemo garantovati da nam iskustvo u poslu omogu\u0107ava da koristimo optimalne metode \u010di\u0161\u0107enja tim se uvek prilago\u0111avamo specifi\u010dnim potrebama projekta \u0161to garantuje rezultat i optimalnu cijenu. Naravno sve to u dogovoreno vreme i na vreme.<\/p>\n\n\n\n<h3 class=\"wp-block-heading\">Kontakt<\/h3>\n\n\n\n<p>Vrlo su nam va\u017eni kontakti sa klijentima i povratne informacije. Nemate vremena pratiti na\u0161 rad? na Va\u0161 zahtev vam \u0161aljemo fotografije \u201epre-posle\u201c. Prema potrebi \u0107emo to isto poslati i nadle\u017enoj firmi koja upravlja nekretninom kako bi to prosledili stanovnicima zgrade. Ako su Vam potrebne dodatne informacije, na obrascu ispod mo\u017eete potra\u017eiti od nas.<\/p>\n\n\n\n<p>Eventualno neobaveznu ponudu tako\u0111e mo\u017eete zatra\u017eiti putem kontak obrasca.<\/p>\n\n\n\n<h3 class=\"wp-block-heading\">Usluge<\/h3>\n\n\n\n<p>Blistavo \u010disti hodnici, prilaz zgradi i zajedni\u010dke prostorije najbolja su vizitka na\u0161eg rada i truda da to radimo dobro i sa ponosom. U svim prilikama koristimo neagresivna sredstva za \u010di\u0161\u0107enje brinemo o va\u0161oj imovini kao i&nbsp;o prirodi. Nismo specijalisti za dnevni boravak&#8230; \u010distimo celu zgradu od tavana do podruma&#8230;gara\u017ee.<\/p>\n\n\n\n<ul class=\"wp-block-list\">\n<li><strong>\u010di\u0161\u0107enje ku\u0107e <\/strong><\/li>\n\n\n\n<li><strong>\u010di\u0161\u0107enje zgrada <\/strong><\/li>\n\n\n\n<li><strong>\u010di\u0161\u0107enje stanova <\/strong><\/li>\n\n\n\n<li><strong>\u010di\u0161\u0107enje kancelarija <\/strong><\/li>\n\n\n\n<li><strong>\u010di\u0161\u0107enje hotela <\/strong><\/li>\n\n\n\n<li><strong>\u010di\u0161\u0107enje gradili\u0161ta u toku gradnje i nakon <\/strong><\/li>\n\n\n\n<li><strong>posebna \u010di\u0161\u0107enja<\/strong><\/li>\n<\/ul>\n\n\n\n<p><strong>Kao \u0161to rekoh na po\u010detku&#8230;. bez obzira \u0161to \u010distimo i o kakvom se na\u010dinu \u010di\u0161\u0107enja radi mi Va\u0161u ku\u0107u ili objekt\/imanje tretiramo kao da je na\u0161e. Vjerujte nam na re\u010d i dozvolite da izradimo ponudu po va\u0161oj meri<\/strong><\/p>\n\n\n\n<div class=\"wp-block-buttons is-layout-flex wp-block-buttons-is-layout-flex\">\n<div class=\"wp-block-button\"><a class=\"wp-block-button__link wp-element-button\" href=\"\/\/www.nordwich.com\/bs\/upratovanie\/ziadost-o-informacie\/\">Zahtjev za informacijama<\/a><\/div>\n<\/div>\n","protected":false},"excerpt":{"rendered":"<p>TRETIRAMO VA\u0160U KU\u0106U I OBJEKTE KAO DA SU NA\u0160I O nama Cilj nam je pru\u017eati kvalitetnu uslugu \u010di\u0161\u0107enja i posve\u0107ivati pa\u017enju detaljima. Imati kvalitetne i&hellip;<\/p>\n","protected":false},"author":1,"featured_media":0,"parent":951,"menu_order":0,"comment_status":"closed","ping_status":"closed","template":"","meta":{"footnotes":""},"class_list":["post-866","page","type-page","status-publish","hentry"],"translation":{"provider":"WPGlobus","version":"3.0.0","language":"bs","enabled_languages":["sk","bs","de"],"languages":{"sk":{"title":true,"content":true,"excerpt":false},"bs":{"title":true,"content":true,"excerpt":false},"de":{"title":true,"content":true,"excerpt":false}}},"yoast_head":"<!-- This site is optimized with the Yoast SEO plugin v26.1.1 - https:\/\/yoast.com\/wordpress\/plugins\/seo\/ -->\n<title>Na\u0161a ponuda \u010di\u0161\u0107enja - Nordwich<\/title>\n<meta name=\"robots\" content=\"index, follow, max-snippet:-1, max-image-preview:large, max-video-preview:-1\" \/>\n<link rel=\"canonical\" href=\"http:\/\/www.nordwich.com\/de\/upratovanie\/nasa-ponuka\/\" \/>\n<meta property=\"og:locale\" content=\"en_US\" \/>\n<meta property=\"og:type\" content=\"article\" \/>\n<meta property=\"og:title\" content=\"Na\u0161a ponuda \u010di\u0161\u0107enja - Nordwich\" \/>\n<meta property=\"og:url\" content=\"http:\/\/www.nordwich.com\/de\/upratovanie\/nasa-ponuka\/\" \/>\n<meta property=\"og:site_name\" content=\"Nordwich\" \/>\n<meta property=\"article:modified_time\" content=\"2023-08-04T08:55:50+00:00\" \/>\n<meta name=\"twitter:card\" content=\"summary_large_image\" \/>\n<meta name=\"twitter:label1\" content=\"Est. reading time\" \/>\n\t<meta name=\"twitter:data1\" content=\"2 minutes\" \/>\n<script type=\"application\/ld+json\" class=\"yoast-schema-graph\">{\"@context\":\"https:\/\/schema.org\",\"@graph\":[{\"@type\":\"WebPage\",\"@id\":\"http:\/\/www.nordwich.com\/de\/upratovanie\/nasa-ponuka\/\",\"url\":\"http:\/\/www.nordwich.com\/de\/upratovanie\/nasa-ponuka\/\",\"name\":\"Na\u0161a ponuda \u010di\u0161\u0107enja - Nordwich\",\"isPartOf\":{\"@id\":\"http:\/\/www.nordwich.com\/#website\"},\"datePublished\":\"2023-08-01T05:44:46+00:00\",\"dateModified\":\"2023-08-04T08:55:50+00:00\",\"description\":\"Ponuka slu\u017eieb upratovania dom\u00e1cnost\u00ed a firiem (kancel\u00e1ri\u00ed, hotelov, budov...). ale tie\u017e staveniska po\u010das v\u00fdstavby...\",\"breadcrumb\":{\"@id\":\"http:\/\/www.nordwich.com\/de\/upratovanie\/nasa-ponuka\/#breadcrumb\"},\"inLanguage\":\"yu-YU\",\"potentialAction\":[{\"@type\":\"ReadAction\",\"target\":[\"http:\/\/www.nordwich.com\/de\/upratovanie\/nasa-ponuka\/\"]}]},{\"@type\":\"BreadcrumbList\",\"@id\":\"http:\/\/www.nordwich.com\/de\/upratovanie\/nasa-ponuka\/#breadcrumb\",\"itemListElement\":[{\"@type\":\"ListItem\",\"position\":1,\"name\":\"Domovsk\u00e1 str\u00e1nka\",\"item\":\"http:\/\/www.nordwich.com\/\"},{\"@type\":\"ListItem\",\"position\":2,\"name\":\"Reinigung\",\"item\":\"https:\/\/www.nordwich.com\/de\/upratovanie\/\"},{\"@type\":\"ListItem\",\"position\":3,\"name\":\"Reinigung\"}]},{\"@type\":\"WebSite\",\"@id\":\"http:\/\/www.nordwich.com\/#website\",\"url\":\"http:\/\/www.nordwich.com\/\",\"name\":\"Nordwich\",\"description\":\"Personalna agencija\",\"publisher\":{\"@id\":\"http:\/\/www.nordwich.com\/#organization\"},\"potentialAction\":[{\"@type\":\"SearchAction\",\"target\":{\"@type\":\"EntryPoint\",\"urlTemplate\":\"http:\/\/www.nordwich.com\/?s={search_term_string}\"},\"query-input\":{\"@type\":\"PropertyValueSpecification\",\"valueRequired\":true,\"valueName\":\"search_term_string\"}}],\"inLanguage\":\"yu-YU\"},{\"@type\":\"Organization\",\"@id\":\"http:\/\/www.nordwich.com\/#organization\",\"name\":\"Nordwich\",\"url\":\"http:\/\/www.nordwich.com\/\",\"logo\":{\"@type\":\"ImageObject\",\"inLanguage\":\"yu-YU\",\"@id\":\"http:\/\/www.nordwich.com\/#\/schema\/logo\/image\/\",\"url\":\"http:\/\/www.nordwich.com\/wp-content\/uploads\/2026\/01\/nordwich_partners01.jpg\",\"contentUrl\":\"http:\/\/www.nordwich.com\/wp-content\/uploads\/2026\/01\/nordwich_partners01.jpg\",\"width\":1110,\"height\":329,\"caption\":\"Nordwich\"},\"image\":{\"@id\":\"http:\/\/www.nordwich.com\/#\/schema\/logo\/image\/\"}}]}<\/script>\n<!-- \/ Yoast SEO plugin. -->","yoast_head_json":{"title":"Na\u0161a ponuda \u010di\u0161\u0107enja - Nordwich","robots":{"index":"index","follow":"follow","max-snippet":"max-snippet:-1","max-image-preview":"max-image-preview:large","max-video-preview":"max-video-preview:-1"},"canonical":"http:\/\/www.nordwich.com\/de\/upratovanie\/nasa-ponuka\/","og_locale":"en_US","og_type":"article","og_title":"Na\u0161a ponuda \u010di\u0161\u0107enja - Nordwich","og_url":"http:\/\/www.nordwich.com\/de\/upratovanie\/nasa-ponuka\/","og_site_name":"Nordwich","article_modified_time":"2023-08-04T08:55:50+00:00","twitter_card":"summary_large_image","twitter_misc":{"Est. reading time":"2 minutes"},"schema":{"@context":"https:\/\/schema.org","@graph":[{"@type":"WebPage","@id":"http:\/\/www.nordwich.com\/de\/upratovanie\/nasa-ponuka\/","url":"http:\/\/www.nordwich.com\/de\/upratovanie\/nasa-ponuka\/","name":"Na\u0161a ponuda \u010di\u0161\u0107enja - Nordwich","isPartOf":{"@id":"http:\/\/www.nordwich.com\/#website"},"datePublished":"2023-08-01T05:44:46+00:00","dateModified":"2023-08-04T08:55:50+00:00","description":"Ponuka slu\u017eieb upratovania dom\u00e1cnost\u00ed a firiem (kancel\u00e1ri\u00ed, hotelov, budov...). ale tie\u017e staveniska po\u010das v\u00fdstavby...","breadcrumb":{"@id":"http:\/\/www.nordwich.com\/de\/upratovanie\/nasa-ponuka\/#breadcrumb"},"inLanguage":"yu-YU","potentialAction":[{"@type":"ReadAction","target":["http:\/\/www.nordwich.com\/de\/upratovanie\/nasa-ponuka\/"]}]},{"@type":"BreadcrumbList","@id":"http:\/\/www.nordwich.com\/de\/upratovanie\/nasa-ponuka\/#breadcrumb","itemListElement":[{"@type":"ListItem","position":1,"name":"Domovsk\u00e1 str\u00e1nka","item":"http:\/\/www.nordwich.com\/"},{"@type":"ListItem","position":2,"name":"Reinigung","item":"https:\/\/www.nordwich.com\/de\/upratovanie\/"},{"@type":"ListItem","position":3,"name":"Reinigung"}]},{"@type":"WebSite","@id":"http:\/\/www.nordwich.com\/#website","url":"http:\/\/www.nordwich.com\/","name":"Nordwich","description":"Personalna agencija","publisher":{"@id":"http:\/\/www.nordwich.com\/#organization"},"potentialAction":[{"@type":"SearchAction","target":{"@type":"EntryPoint","urlTemplate":"http:\/\/www.nordwich.com\/?s={search_term_string}"},"query-input":{"@type":"PropertyValueSpecification","valueRequired":true,"valueName":"search_term_string"}}],"inLanguage":"yu-YU"},{"@type":"Organization","@id":"http:\/\/www.nordwich.com\/#organization","name":"Nordwich","url":"http:\/\/www.nordwich.com\/","logo":{"@type":"ImageObject","inLanguage":"yu-YU","@id":"http:\/\/www.nordwich.com\/#\/schema\/logo\/image\/","url":"http:\/\/www.nordwich.com\/wp-content\/uploads\/2026\/01\/nordwich_partners01.jpg","contentUrl":"http:\/\/www.nordwich.com\/wp-content\/uploads\/2026\/01\/nordwich_partners01.jpg","width":1110,"height":329,"caption":"Nordwich"},"image":{"@id":"http:\/\/www.nordwich.com\/#\/schema\/logo\/image\/"}}]}},"_links":{"self":[{"href":"http:\/\/www.nordwich.com\/bs\/wp-json\/wp\/v2\/pages\/866","targetHints":{"allow":["GET"]}}],"collection":[{"href":"http:\/\/www.nordwich.com\/bs\/wp-json\/wp\/v2\/pages"}],"about":[{"href":"http:\/\/www.nordwich.com\/bs\/wp-json\/wp\/v2\/types\/page"}],"author":[{"embeddable":true,"href":"http:\/\/www.nordwich.com\/bs\/wp-json\/wp\/v2\/users\/1"}],"replies":[{"embeddable":true,"href":"http:\/\/www.nordwich.com\/bs\/wp-json\/wp\/v2\/comments?post=866"}],"version-history":[{"count":16,"href":"http:\/\/www.nordwich.com\/bs\/wp-json\/wp\/v2\/pages\/866\/revisions"}],"predecessor-version":[{"id":989,"href":"http:\/\/www.nordwich.com\/bs\/wp-json\/wp\/v2\/pages\/866\/revisions\/989"}],"up":[{"embeddable":true,"href":"http:\/\/www.nordwich.com\/bs\/wp-json\/wp\/v2\/pages\/951"}],"wp:attachment":[{"href":"http:\/\/www.nordwich.com\/bs\/wp-json\/wp\/v2\/media?parent=866"}],"curies":[{"name":"wp","href":"https:\/\/api.w.org\/{rel}","templated":true}]}}