{"id":9,"date":"2023-03-16T11:05:04","date_gmt":"2023-03-16T11:05:04","guid":{"rendered":"http:\/\/www.nordwich.com\/?page_id=9"},"modified":"2023-09-16T13:46:42","modified_gmt":"2023-09-16T13:46:42","slug":"home","status":"publish","type":"page","link":"http:\/\/www.nordwich.com\/bs\/","title":{"rendered":"Home"},"content":{"rendered":"\n<div class=\"wp-block-columns is-layout-flex wp-container-core-columns-is-layout-9d6595d7 wp-block-columns-is-layout-flex\">\n<div class=\"wp-block-column is-layout-flow wp-block-column-is-layout-flow\" style=\"flex-basis:66.66%\">\n<div class=\"wp-block-soliloquy-soliloquywp\"><div aria-live=\"polite\" id=\"soliloquy-container-169\" class=\"soliloquy-container soliloquy-transition-fade  soliloquy-theme-classic\" style=\"max-width:960px;max-height:400px;\"><ul id=\"soliloquy-169\" class=\"soliloquy-slider soliloquy-slides soliloquy-wrap soliloquy-clear\"><li aria-hidden=\"true\" class=\"soliloquy-item soliloquy-item-1 soliloquy-image-slide\" draggable=\"false\" style=\"list-style:none\"><img decoding=\"async\" id=\"soliloquy-image-170\" class=\"soliloquy-image soliloquy-image-1\" src=\"http:\/\/www.nordwich.com\/wp-content\/uploads\/2023\/03\/man-g7fbe6ac2c_1920-1-960x400_c.jpg\" alt=\"man-g7fbe6ac2c_1920\" \/><\/li><li aria-hidden=\"true\" class=\"soliloquy-item soliloquy-item-2 soliloquy-image-slide\" draggable=\"false\" style=\"list-style:none\"><img decoding=\"async\" id=\"soliloquy-image-171\" class=\"soliloquy-image soliloquy-image-2\" src=\"http:\/\/www.nordwich.com\/wp-content\/uploads\/2023\/03\/construction-g276ee5f97_1920-1-960x400_c.jpg\" alt=\"construction-g276ee5f97_1920\" \/><\/li><li aria-hidden=\"true\" class=\"soliloquy-item soliloquy-item-3 soliloquy-image-slide\" draggable=\"false\" style=\"list-style:none\"><img decoding=\"async\" id=\"soliloquy-image-173\" class=\"soliloquy-image soliloquy-image-3\" src=\"http:\/\/www.nordwich.com\/wp-content\/uploads\/2023\/03\/welding-g0e67406bc_1920-1-960x400_c.jpg\" alt=\"welding-g0e67406bc_1920\" \/><\/li><\/ul><\/div><noscript><style type=\"text\/css\">#soliloquy-container-169{opacity:1}<\/style><\/noscript><\/div>\n\n\n\n<div style=\"height:25px\" aria-hidden=\"true\" class=\"wp-block-spacer\"><\/div>\n\n\n\n<p>Davno mi je jedan, tada jo\u0161 student ekonomije, sada moj bliski \u010dovek, prijatelj i&nbsp;moj najve\u0107i kriti\u010dar rekao: \u201eNikad nemoj da stavlja\u0161 sva jaja u&nbsp;jednu korpu\u201c, poslu\u0161ao sam savet, zato i&nbsp;zbog toga, na prvi pogled, velika promena u&nbsp;aktivnosti na\u0161e firme, agencije, kancelarije&#8230; kako god nazvali. Mo\u017eda jednostavno NORDWICH.<\/p>\n\n\n\n<p>Sada sam stariji, iskusniji i&nbsp;znam, da treba slu\u0161ati a&nbsp;nekad i&nbsp;poslu\u0161ati druge. Znam, treba slu\u0161ati i&nbsp;pratiti okolinu, u&nbsp;kojoj radite, \u0161to je za nas tr\u017ei\u0161te rada i&nbsp;radna snaga, za nas je potrebno i&nbsp;jeste , svaki dan novi izazov. Moramo stalno da \u0161irimo poglede, znanja i&nbsp;saznanja, o&nbsp;na\u0161em \u201ebiznisu\u201c, anga\u017emanu i&nbsp;poslovanju. Naravno, za to su nam potrebni ljudi, saradnici, experti, zbog toga smo otvoreni za saradnju, zato ste uvek dobrodo\u0161li na \u201e\u0161oljicu razgovora\u201c, sve \u0161to je iz dobre namere i&nbsp;mo\u017ee doprineti na\u0161oj firmi, misiji &#8230; za na\u0161 NORDWICH.<\/p>\n<\/div>\n\n\n\n<div class=\"wp-block-column is-layout-flow wp-block-column-is-layout-flow\" style=\"flex-basis:33.33%\"><div class=\"n2-section-smartslider fitvidsignore  n2_clear\" data-ssid=\"4\" tabindex=\"0\" role=\"region\" aria-label=\"Slider\"><div id=\"n2-ss-4-align\" class=\"n2-ss-align\"><div class=\"n2-padding\"><div id=\"n2-ss-4\" data-creator=\"Smart Slider 3\" data-responsive=\"auto\" class=\"n2-ss-slider n2-ow n2-has-hover n2notransition  \">\n        <div class=\"n2-ss-slider-1 n2_ss__touch_element n2-ow\">\n            <div class=\"n2-ss-slider-2 n2-ow\">\n                                                <div class=\"n2-ss-slider-3 n2-ow\">\n\n                    <div class=\"n2-ss-slide-backgrounds n2-ow-all\"><div class=\"n2-ss-slide-background\" data-public-id=\"1\" data-mode=\"fill\"><div data-gradient=\"diagonal1\" data-color-start=\"RGBA(85,170,57,1)\" data-color-end=\"RGBA(255,255,255,0)\" style=\"background:linear-gradient(45deg, RGBA(85,170,57,1) 0%,RGBA(255,255,255,0) 100%);\" class=\"n2-ss-slide-background-color\"><\/div><\/div><div class=\"n2-ss-slide-background\" data-public-id=\"2\" data-mode=\"fill\"><div data-gradient=\"diagonal1\" data-color-start=\"RGBA(92,186,60,1)\" data-color-end=\"RGBA(255,255,255,0)\" style=\"background:linear-gradient(45deg, RGBA(92,186,60,1) 0%,RGBA(255,255,255,0) 100%);\" class=\"n2-ss-slide-background-color\"><\/div><\/div><div class=\"n2-ss-slide-background\" data-public-id=\"3\" data-mode=\"fill\"><div data-gradient=\"diagonal1\" data-color-start=\"RGBA(92,186,60,1)\" data-color-end=\"RGBA(255,255,255,0)\" style=\"background:linear-gradient(45deg, RGBA(92,186,60,1) 0%,RGBA(255,255,255,0) 100%);\" class=\"n2-ss-slide-background-color\"><\/div><\/div><\/div>                    <div class=\"n2-ss-slider-4 n2-ow\">\n                        <svg xmlns=\"http:\/\/www.w3.org\/2000\/svg\" viewBox=\"0 0 500 500\" data-related-device=\"desktopPortrait\" class=\"n2-ow n2-ss-preserve-size n2-ss-preserve-size--slider n2-ss-slide-limiter\"><\/svg><div data-first=\"1\" data-slide-duration=\"0\" data-id=\"12\" data-slide-public-id=\"1\" data-title=\"Slide 1\" class=\"n2-ss-slide n2-ow  n2-ss-slide-12\"><div role=\"note\" class=\"n2-ss-slide--focus\" tabindex=\"-1\">Slide 1<\/div><div class=\"n2-ss-layers-container n2-ss-slide-limiter n2-ow\"><div class=\"n2-ss-layer n2-ow n-uc-026a52fMWWCC\" data-sstype=\"slide\" data-pm=\"default\"><div class=\"n2-ss-layer n2-ow n-uc-tbRiaueR141O\" data-pm=\"default\" data-sstype=\"content\" data-hasbackground=\"0\"><div class=\"n2-ss-section-main-content n2-ss-layer-with-background n2-ss-layer-content n2-ow n-uc-tbRiaueR141O-inner\"><div class=\"n2-ss-layer n2-ow n2-ss-layer--block n2-ss-has-self-align n-uc-3hXibe0vWqEp\" data-pm=\"normal\" data-sstype=\"row\"><div class=\"n2-ss-layer-row n2-ss-layer-with-background n-uc-3hXibe0vWqEp-inner\"><div class=\"n2-ss-layer-row-inner \"><div class=\"n2-ss-layer n2-ow n-uc-BmFeO3IMN17F\" data-pm=\"default\" data-sstype=\"col\"><div class=\"n2-ss-layer-col n2-ss-layer-with-background n2-ss-layer-content n-uc-BmFeO3IMN17F-inner\"><div class=\"n2-ss-layer n2-ow n-uc-oYCunzuiW6Z0\" data-pm=\"normal\" data-sstype=\"layer\"><div class=\" n2-ss-item-image-content n2-ss-item-content n2-ow-all\"><img loading=\"lazy\" decoding=\"async\" id=\"n2-ss-4item1\" alt=\"nordwich_logo3\" class=\"skip-lazy\" style=\"width:40%;height:auto\" width=\"1113\" height=\"761\" data-skip-lazy=\"1\" src=\"\/\/www.nordwich.com\/wp-content\/uploads\/2023\/03\/nordwich_logo3.jpg\" \/><\/div><\/div><div class=\"n2-ss-layer n2-ow n-uc-5LsOpoJLopv9\" data-pm=\"normal\" data-sstype=\"layer\"><div id=\"n2-ss-4item2\" class=\"n2-font-24d4d52a6ffb12479dda6f737a1614c7-hover   n2-ss-item-content n2-ss-text n2-ow\" style=\"display:block;\">Tra\u017eimo re\u0161enje<\/div><\/div><div class=\"n2-ss-layer n2-ow n-uc-dRbJh1f8dc26\" data-pm=\"normal\" data-sstype=\"layer\"><div class=\"n2-ss-item-content n2-ss-text n2-ow-all\"><div class=\"\"><p class=\"n2-font-d8c44cea5017ee1b07389013bb4dd6b2-paragraph   \">Svaki zahtev klijenta je projekat i\u00a0treba ga dovesti uspe\u0161no do kraja.<\/p>\n<\/div><\/div><\/div><div class=\"n2-ss-layer n2-ow n-uc-5le9rGFnTJ5H\" data-pm=\"normal\" data-sstype=\"layer\"><div class=\"n2-ss-item-content n2-ss-text n2-ow-all\"><div class=\"\"><p class=\"n2-font-a696dcf7b158ff1bf4c20df9c9afba80-paragraph   \">Rado \u0107emo Vam pomo\u0107i! <\/p>\n<\/div><\/div><\/div><\/div><\/div><\/div><\/div><\/div><\/div><\/div><\/div><\/div><\/div><div data-slide-duration=\"0\" data-id=\"13\" data-slide-public-id=\"2\" data-title=\"Slide 1\" class=\"n2-ss-slide n2-ow  n2-ss-slide-13\"><div role=\"note\" class=\"n2-ss-slide--focus\" tabindex=\"-1\">Slide 1<\/div><div class=\"n2-ss-layers-container n2-ss-slide-limiter n2-ow\"><div class=\"n2-ss-layer n2-ow n-uc-pZKUFe6kUuQz\" data-sstype=\"slide\" data-pm=\"default\"><div class=\"n2-ss-layer n2-ow n-uc-tDMGLFcJv546\" data-pm=\"default\" data-sstype=\"content\" data-hasbackground=\"0\"><div class=\"n2-ss-section-main-content n2-ss-layer-with-background n2-ss-layer-content n2-ow n-uc-tDMGLFcJv546-inner\"><div class=\"n2-ss-layer n2-ow n2-ss-layer--block n2-ss-has-self-align n-uc-5XS92Fu9nP4l\" data-pm=\"normal\" data-sstype=\"row\"><div class=\"n2-ss-layer-row n2-ss-layer-with-background n-uc-5XS92Fu9nP4l-inner\"><div class=\"n2-ss-layer-row-inner \"><div class=\"n2-ss-layer n2-ow n-uc-KYyQ8b9sdgpY\" data-pm=\"default\" data-sstype=\"col\"><div class=\"n2-ss-layer-col n2-ss-layer-with-background n2-ss-layer-content n-uc-KYyQ8b9sdgpY-inner\"><div class=\"n2-ss-layer n2-ow n-uc-bsVdl63tkM55\" data-pm=\"normal\" data-sstype=\"layer\"><div class=\" n2-ss-item-image-content n2-ss-item-content n2-ow-all\"><img decoding=\"async\" id=\"n2-ss-4item5\" alt=\"nordwich_logo3\" class=\"skip-lazy\" style=\"width:40%;height:auto\" loading=\"lazy\" width=\"1113\" height=\"761\" data-skip-lazy=\"1\" src=\"\/\/www.nordwich.com\/wp-content\/uploads\/2023\/03\/nordwich_logo3.jpg\" \/><\/div><\/div><div class=\"n2-ss-layer n2-ow n-uc-4gl2g44yEeqs\" data-pm=\"normal\" data-sstype=\"layer\"><div id=\"n2-ss-4item6\" class=\"n2-font-24d4d52a6ffb12479dda6f737a1614c7-hover   n2-ss-item-content n2-ss-text n2-ow\" style=\"display:block;\">Imamo dugoro\u010dno iskustvo&#8230;<\/div><\/div><div class=\"n2-ss-layer n2-ow n-uc-zCKBLckCNQAK\" data-pm=\"normal\" data-sstype=\"layer\"><div class=\"n2-ss-item-content n2-ss-text n2-ow-all\"><div class=\"\"><p class=\"n2-font-d8c44cea5017ee1b07389013bb4dd6b2-paragraph   \">&#8230;a neprestano se usavr\u0161avamo.<\/p>\n<\/div><\/div><\/div><div class=\"n2-ss-layer n2-ow n-uc-TEVnzFk7ntpw\" data-pm=\"normal\" data-sstype=\"layer\"><div class=\"n2-ss-item-content n2-ss-text n2-ow-all\"><div class=\"\"><p class=\"n2-font-a696dcf7b158ff1bf4c20df9c9afba80-paragraph   \">To nas pomera napred!<\/p>\n<\/div><\/div><\/div><\/div><\/div><\/div><\/div><\/div><\/div><\/div><\/div><\/div><\/div><div data-slide-duration=\"0\" data-id=\"14\" data-slide-public-id=\"3\" data-title=\"Slide 1\" class=\"n2-ss-slide n2-ow  n2-ss-slide-14\"><div role=\"note\" class=\"n2-ss-slide--focus\" tabindex=\"-1\">Slide 1<\/div><div class=\"n2-ss-layers-container n2-ss-slide-limiter n2-ow\"><div class=\"n2-ss-layer n2-ow n-uc-T1hOZgcgqC01\" data-sstype=\"slide\" data-pm=\"default\"><div class=\"n2-ss-layer n2-ow n-uc-jsMFcvjt8CHo\" data-pm=\"default\" data-sstype=\"content\" data-hasbackground=\"0\"><div class=\"n2-ss-section-main-content n2-ss-layer-with-background n2-ss-layer-content n2-ow n-uc-jsMFcvjt8CHo-inner\"><div class=\"n2-ss-layer n2-ow n2-ss-layer--block n2-ss-has-self-align n-uc-zCQI1qQKtuGe\" data-pm=\"normal\" data-sstype=\"row\"><div class=\"n2-ss-layer-row n2-ss-layer-with-background n-uc-zCQI1qQKtuGe-inner\"><div class=\"n2-ss-layer-row-inner \"><div class=\"n2-ss-layer n2-ow n-uc-titoRRA0dGdT\" data-pm=\"default\" data-sstype=\"col\"><div class=\"n2-ss-layer-col n2-ss-layer-with-background n2-ss-layer-content n-uc-titoRRA0dGdT-inner\"><div class=\"n2-ss-layer n2-ow n-uc-ggjHh4lryhX5\" data-pm=\"normal\" data-sstype=\"layer\"><div class=\" n2-ss-item-image-content n2-ss-item-content n2-ow-all\"><img decoding=\"async\" id=\"n2-ss-4item9\" alt=\"nordwich_logo3\" class=\"skip-lazy\" style=\"width:40%;height:auto\" loading=\"lazy\" width=\"1113\" height=\"761\" data-skip-lazy=\"1\" src=\"\/\/www.nordwich.com\/wp-content\/uploads\/2023\/03\/nordwich_logo3.jpg\" \/><\/div><\/div><div class=\"n2-ss-layer n2-ow n-uc-BdBtBUk52GHX\" data-pm=\"normal\" data-sstype=\"layer\"><div id=\"n2-ss-4item10\" class=\"n2-font-24d4d52a6ffb12479dda6f737a1614c7-hover   n2-ss-item-content n2-ss-text n2-ow\" style=\"display:block;\">Postupamo po\u0161teno i\u00a0direktno.<\/div><\/div><div class=\"n2-ss-layer n2-ow n-uc-ziAV9x56u1yb\" data-pm=\"normal\" data-sstype=\"layer\"><div class=\"n2-ss-item-content n2-ss-text n2-ow-all\"><div class=\"\"><p class=\"n2-font-d8c44cea5017ee1b07389013bb4dd6b2-paragraph   \">Ostvarujemo se u\u00a0onome \u0161to nas Ispunjava i\u00a0opu\u0161ta.<\/p>\n<\/div><\/div><\/div><div class=\"n2-ss-layer n2-ow n-uc-gPPHgzU1siy0\" data-pm=\"normal\" data-sstype=\"layer\"><div id=\"n2-ss-4item12\" class=\"n2-font-6728942dbb077db2c2c33cbf28459a76-hover   n2-ss-item-content n2-ss-text n2-ow\" style=\"display:block;\">Redovno komuniciramo.<\/div><\/div><\/div><\/div><\/div><\/div><\/div><\/div><\/div><\/div><\/div><\/div>                    <\/div>\n\n                                    <\/div>\n            <\/div>\n        <\/div>\n        <\/div><ss3-loader><\/ss3-loader><\/div><\/div><div class=\"n2_clear\"><\/div><\/div><\/div>\n<\/div>\n","protected":false},"excerpt":{"rendered":"<p>Davno mi je jedan, tada jo\u0161 student ekonomije, sada moj bliski \u010dovek, prijatelj i&nbsp;moj najve\u0107i kriti\u010dar rekao: \u201eNikad nemoj da stavlja\u0161 sva jaja u&nbsp;jednu korpu\u201c,&hellip;<\/p>\n","protected":false},"author":1,"featured_media":0,"parent":0,"menu_order":0,"comment_status":"closed","ping_status":"closed","template":"","meta":{"footnotes":""},"class_list":["post-9","page","type-page","status-publish","hentry"],"translation":{"provider":"WPGlobus","version":"3.0.0","language":"bs","enabled_languages":["sk","bs","de"],"languages":{"sk":{"title":true,"content":true,"excerpt":false},"bs":{"title":true,"content":true,"excerpt":false},"de":{"title":true,"content":true,"excerpt":false}}},"yoast_head":"<!-- This site is optimized with the Yoast SEO plugin v26.1.1 - https:\/\/yoast.com\/wordpress\/plugins\/seo\/ -->\n<title>Home - Nordwich<\/title>\n<meta name=\"robots\" content=\"index, follow, max-snippet:-1, max-image-preview:large, max-video-preview:-1\" \/>\n<link rel=\"canonical\" href=\"http:\/\/www.nordwich.com\/\" \/>\n<meta property=\"og:locale\" content=\"en_US\" \/>\n<meta property=\"og:type\" content=\"article\" \/>\n<meta property=\"og:title\" content=\"Home - Nordwich\" \/>\n<meta property=\"og:url\" content=\"http:\/\/www.nordwich.com\/\" \/>\n<meta property=\"og:site_name\" content=\"Nordwich\" \/>\n<meta property=\"article:modified_time\" content=\"2023-09-16T13:46:42+00:00\" \/>\n<meta name=\"twitter:card\" content=\"summary_large_image\" \/>\n<meta name=\"twitter:label1\" content=\"Est. reading time\" \/>\n\t<meta name=\"twitter:data1\" content=\"1 minute\" \/>\n<script type=\"application\/ld+json\" class=\"yoast-schema-graph\">{\"@context\":\"https:\/\/schema.org\",\"@graph\":[{\"@type\":\"WebPage\",\"@id\":\"http:\/\/www.nordwich.com\/\",\"url\":\"http:\/\/www.nordwich.com\/\",\"name\":\"Home - Nordwich\",\"isPartOf\":{\"@id\":\"http:\/\/www.nordwich.com\/#website\"},\"datePublished\":\"2023-03-16T11:05:04+00:00\",\"dateModified\":\"2023-09-16T13:46:42+00:00\",\"description\":\"Nordwich predstavuje \u0161irok\u00e9 spektrum \u010dinnost\u00ed. Je to person\u00e1lna a pracovn\u00e1 agent\u00fara, pon\u00faka tie\u017e slu\u017eby v oblasti stavebn\u00edctva a upratovania.\",\"breadcrumb\":{\"@id\":\"http:\/\/www.nordwich.com\/#breadcrumb\"},\"inLanguage\":\"yu-YU\",\"potentialAction\":[{\"@type\":\"ReadAction\",\"target\":[\"http:\/\/www.nordwich.com\/\"]}]},{\"@type\":\"BreadcrumbList\",\"@id\":\"http:\/\/www.nordwich.com\/#breadcrumb\",\"itemListElement\":[{\"@type\":\"ListItem\",\"position\":1,\"name\":\"Domovsk\u00e1 str\u00e1nka\",\"item\":\"http:\/\/www.nordwich.com\/\"},{\"@type\":\"ListItem\",\"position\":2,\"name\":\"Home\"}]},{\"@type\":\"WebSite\",\"@id\":\"http:\/\/www.nordwich.com\/#website\",\"url\":\"http:\/\/www.nordwich.com\/\",\"name\":\"Nordwich\",\"description\":\"Personalna agencija\",\"publisher\":{\"@id\":\"http:\/\/www.nordwich.com\/#organization\"},\"potentialAction\":[{\"@type\":\"SearchAction\",\"target\":{\"@type\":\"EntryPoint\",\"urlTemplate\":\"http:\/\/www.nordwich.com\/?s={search_term_string}\"},\"query-input\":{\"@type\":\"PropertyValueSpecification\",\"valueRequired\":true,\"valueName\":\"search_term_string\"}}],\"inLanguage\":\"yu-YU\"},{\"@type\":\"Organization\",\"@id\":\"http:\/\/www.nordwich.com\/#organization\",\"name\":\"Nordwich\",\"url\":\"http:\/\/www.nordwich.com\/\",\"logo\":{\"@type\":\"ImageObject\",\"inLanguage\":\"yu-YU\",\"@id\":\"http:\/\/www.nordwich.com\/#\/schema\/logo\/image\/\",\"url\":\"http:\/\/www.nordwich.com\/wp-content\/uploads\/2026\/01\/nordwich_partners01.jpg\",\"contentUrl\":\"http:\/\/www.nordwich.com\/wp-content\/uploads\/2026\/01\/nordwich_partners01.jpg\",\"width\":1110,\"height\":329,\"caption\":\"Nordwich\"},\"image\":{\"@id\":\"http:\/\/www.nordwich.com\/#\/schema\/logo\/image\/\"}}]}<\/script>\n<!-- \/ Yoast SEO plugin. -->","yoast_head_json":{"title":"Home - Nordwich","robots":{"index":"index","follow":"follow","max-snippet":"max-snippet:-1","max-image-preview":"max-image-preview:large","max-video-preview":"max-video-preview:-1"},"canonical":"http:\/\/www.nordwich.com\/","og_locale":"en_US","og_type":"article","og_title":"Home - Nordwich","og_url":"http:\/\/www.nordwich.com\/","og_site_name":"Nordwich","article_modified_time":"2023-09-16T13:46:42+00:00","twitter_card":"summary_large_image","twitter_misc":{"Est. reading time":"1 minute"},"schema":{"@context":"https:\/\/schema.org","@graph":[{"@type":"WebPage","@id":"http:\/\/www.nordwich.com\/","url":"http:\/\/www.nordwich.com\/","name":"Home - Nordwich","isPartOf":{"@id":"http:\/\/www.nordwich.com\/#website"},"datePublished":"2023-03-16T11:05:04+00:00","dateModified":"2023-09-16T13:46:42+00:00","description":"Nordwich predstavuje \u0161irok\u00e9 spektrum \u010dinnost\u00ed. Je to person\u00e1lna a pracovn\u00e1 agent\u00fara, pon\u00faka tie\u017e slu\u017eby v oblasti stavebn\u00edctva a upratovania.","breadcrumb":{"@id":"http:\/\/www.nordwich.com\/#breadcrumb"},"inLanguage":"yu-YU","potentialAction":[{"@type":"ReadAction","target":["http:\/\/www.nordwich.com\/"]}]},{"@type":"BreadcrumbList","@id":"http:\/\/www.nordwich.com\/#breadcrumb","itemListElement":[{"@type":"ListItem","position":1,"name":"Domovsk\u00e1 str\u00e1nka","item":"http:\/\/www.nordwich.com\/"},{"@type":"ListItem","position":2,"name":"Home"}]},{"@type":"WebSite","@id":"http:\/\/www.nordwich.com\/#website","url":"http:\/\/www.nordwich.com\/","name":"Nordwich","description":"Personalna agencija","publisher":{"@id":"http:\/\/www.nordwich.com\/#organization"},"potentialAction":[{"@type":"SearchAction","target":{"@type":"EntryPoint","urlTemplate":"http:\/\/www.nordwich.com\/?s={search_term_string}"},"query-input":{"@type":"PropertyValueSpecification","valueRequired":true,"valueName":"search_term_string"}}],"inLanguage":"yu-YU"},{"@type":"Organization","@id":"http:\/\/www.nordwich.com\/#organization","name":"Nordwich","url":"http:\/\/www.nordwich.com\/","logo":{"@type":"ImageObject","inLanguage":"yu-YU","@id":"http:\/\/www.nordwich.com\/#\/schema\/logo\/image\/","url":"http:\/\/www.nordwich.com\/wp-content\/uploads\/2026\/01\/nordwich_partners01.jpg","contentUrl":"http:\/\/www.nordwich.com\/wp-content\/uploads\/2026\/01\/nordwich_partners01.jpg","width":1110,"height":329,"caption":"Nordwich"},"image":{"@id":"http:\/\/www.nordwich.com\/#\/schema\/logo\/image\/"}}]}},"_links":{"self":[{"href":"http:\/\/www.nordwich.com\/bs\/wp-json\/wp\/v2\/pages\/9","targetHints":{"allow":["GET"]}}],"collection":[{"href":"http:\/\/www.nordwich.com\/bs\/wp-json\/wp\/v2\/pages"}],"about":[{"href":"http:\/\/www.nordwich.com\/bs\/wp-json\/wp\/v2\/types\/page"}],"author":[{"embeddable":true,"href":"http:\/\/www.nordwich.com\/bs\/wp-json\/wp\/v2\/users\/1"}],"replies":[{"embeddable":true,"href":"http:\/\/www.nordwich.com\/bs\/wp-json\/wp\/v2\/comments?post=9"}],"version-history":[{"count":25,"href":"http:\/\/www.nordwich.com\/bs\/wp-json\/wp\/v2\/pages\/9\/revisions"}],"predecessor-version":[{"id":1027,"href":"http:\/\/www.nordwich.com\/bs\/wp-json\/wp\/v2\/pages\/9\/revisions\/1027"}],"wp:attachment":[{"href":"http:\/\/www.nordwich.com\/bs\/wp-json\/wp\/v2\/media?parent=9"}],"curies":[{"name":"wp","href":"https:\/\/api.w.org\/{rel}","templated":true}]}}