{"id":951,"date":"2023-08-04T06:45:56","date_gmt":"2023-08-04T06:45:56","guid":{"rendered":"http:\/\/www.nordwich.com\/?page_id=951"},"modified":"2023-08-04T08:36:05","modified_gmt":"2023-08-04T08:36:05","slug":"upratovanie","status":"publish","type":"page","link":"http:\/\/www.nordwich.com\/bs\/upratovanie\/","title":{"rendered":"\u010ci\u0161\u0107enje"},"content":{"rendered":"\n<div class=\"wp-block-columns is-layout-flex wp-container-core-columns-is-layout-9d6595d7 wp-block-columns-is-layout-flex\">\n<div class=\"wp-block-column is-layout-flow wp-block-column-is-layout-flow\">\n<div class=\"wp-block-columns is-layout-flex wp-container-core-columns-is-layout-9d6595d7 wp-block-columns-is-layout-flex\">\n<div class=\"wp-block-column is-layout-flow wp-block-column-is-layout-flow\">\n<h4 class=\"wp-block-heading\">Na\u0161a ponuda<\/h4>\n\n\n\n<figure class=\"wp-block-image size-full\"><img loading=\"lazy\" decoding=\"async\" width=\"600\" height=\"375\" src=\"http:\/\/www.nordwich.com\/wp-content\/uploads\/2023\/08\/upratovanie_ponuka_600.jpg\" alt=\"Upratovanie\" class=\"wp-image-967\" srcset=\"http:\/\/www.nordwich.com\/wp-content\/uploads\/2023\/08\/upratovanie_ponuka_600.jpg 600w, http:\/\/www.nordwich.com\/wp-content\/uploads\/2023\/08\/upratovanie_ponuka_600-300x188.jpg 300w\" sizes=\"auto, (max-width: 600px) 100vw, 600px\" \/><\/figure>\n\n\n\n<div class=\"wp-block-buttons is-layout-flex wp-block-buttons-is-layout-flex\">\n<div class=\"wp-block-button\"><a class=\"wp-block-button__link wp-element-button\" href=\"\/\/www.nordwich.com\/bs\/upratovanie\/nasa-ponuka\/\">Saznajte vi\u0161e&#8230;<\/a><\/div>\n<\/div>\n<\/div>\n\n\n\n<div class=\"wp-block-column is-layout-flow wp-block-column-is-layout-flow\">\n<h4 class=\"wp-block-heading\">\u010ci\u0161\u0107enje zgrada<\/h4>\n\n\n\n<figure class=\"wp-block-image size-full is-style-default\"><img loading=\"lazy\" decoding=\"async\" width=\"600\" height=\"375\" src=\"http:\/\/www.nordwich.com\/wp-content\/uploads\/2023\/07\/upratovanie_600.jpg\" alt=\"Upratovanie\" class=\"wp-image-683\" srcset=\"http:\/\/www.nordwich.com\/wp-content\/uploads\/2023\/07\/upratovanie_600.jpg 600w, http:\/\/www.nordwich.com\/wp-content\/uploads\/2023\/07\/upratovanie_600-300x188.jpg 300w\" sizes=\"auto, (max-width: 600px) 100vw, 600px\" \/><\/figure>\n\n\n\n<div class=\"wp-block-buttons is-layout-flex wp-block-buttons-is-layout-flex\">\n<div class=\"wp-block-button\"><a class=\"wp-block-button__link wp-element-button\" href=\"\/\/www.nordwich.com\/bs\/upratovanie\/upratovanie-stavieb\/\">Saznajte vi\u0161e&#8230;<\/a><\/div>\n<\/div>\n<\/div>\n<\/div>\n<\/div>\n\n\n\n<div class=\"wp-block-column is-layout-flow wp-block-column-is-layout-flow\">\n<div class=\"wp-block-columns is-layout-flex wp-container-core-columns-is-layout-9d6595d7 wp-block-columns-is-layout-flex\">\n<div class=\"wp-block-column is-layout-flow wp-block-column-is-layout-flow\">\n<h4 class=\"wp-block-heading\">Neobvezuju\u0107a ponuda<\/h4>\n\n\n\n<figure class=\"wp-block-image size-full\"><img loading=\"lazy\" decoding=\"async\" width=\"600\" height=\"375\" src=\"http:\/\/www.nordwich.com\/wp-content\/uploads\/2023\/08\/upratovanie_formular_600.jpg\" alt=\"Formul\u00e1r\" class=\"wp-image-968\" srcset=\"http:\/\/www.nordwich.com\/wp-content\/uploads\/2023\/08\/upratovanie_formular_600.jpg 600w, http:\/\/www.nordwich.com\/wp-content\/uploads\/2023\/08\/upratovanie_formular_600-300x188.jpg 300w\" sizes=\"auto, (max-width: 600px) 100vw, 600px\" \/><\/figure>\n\n\n\n<div class=\"wp-block-buttons is-layout-flex wp-block-buttons-is-layout-flex\">\n<div class=\"wp-block-button\"><a class=\"wp-block-button__link wp-element-button\" href=\"\/\/www.nordwich.com\/bs\/upratovanie\/cenova-ponuka\/\">Saznajte vi\u0161e..<\/a><\/div>\n<\/div>\n<\/div>\n\n\n\n<div class=\"wp-block-column is-layout-flow wp-block-column-is-layout-flow\">\n<h4 class=\"wp-block-heading\"><\/h4>\n<\/div>\n<\/div>\n<\/div>\n<\/div>\n","protected":false},"excerpt":{"rendered":"<p>Na\u0161a ponuda \u010ci\u0161\u0107enje zgrada Neobvezuju\u0107a ponuda<\/p>\n","protected":false},"author":1,"featured_media":0,"parent":0,"menu_order":0,"comment_status":"closed","ping_status":"closed","template":"","meta":{"footnotes":""},"class_list":["post-951","page","type-page","status-publish","hentry"],"translation":{"provider":"WPGlobus","version":"3.0.0","language":"bs","enabled_languages":["sk","bs","de"],"languages":{"sk":{"title":true,"content":true,"excerpt":false},"bs":{"title":true,"content":true,"excerpt":false},"de":{"title":true,"content":true,"excerpt":false}}},"yoast_head":"<!-- This site is optimized with the Yoast SEO plugin v26.1.1 - https:\/\/yoast.com\/wordpress\/plugins\/seo\/ -->\n<title>\u010ci\u0161\u0107enje - Nordwich<\/title>\n<meta name=\"robots\" content=\"index, follow, max-snippet:-1, max-image-preview:large, max-video-preview:-1\" \/>\n<link rel=\"canonical\" href=\"https:\/\/www.nordwich.com\/de\/upratovanie\/\" \/>\n<meta property=\"og:locale\" content=\"en_US\" \/>\n<meta property=\"og:type\" content=\"article\" \/>\n<meta property=\"og:title\" content=\"\u010ci\u0161\u0107enje - Nordwich\" \/>\n<meta property=\"og:url\" content=\"https:\/\/www.nordwich.com\/de\/upratovanie\/\" \/>\n<meta property=\"og:site_name\" content=\"Nordwich\" \/>\n<meta property=\"article:modified_time\" content=\"2023-08-04T08:36:05+00:00\" \/>\n<meta property=\"og:image\" content=\"http:\/\/www.nordwich.com\/wp-content\/uploads\/2023\/08\/upratovanie_ponuka_600.jpg\" \/>\n<meta name=\"twitter:card\" content=\"summary_large_image\" \/>\n<meta name=\"twitter:label1\" content=\"Est. reading time\" \/>\n\t<meta name=\"twitter:data1\" content=\"1 minute\" \/>\n<script type=\"application\/ld+json\" class=\"yoast-schema-graph\">{\"@context\":\"https:\/\/schema.org\",\"@graph\":[{\"@type\":\"WebPage\",\"@id\":\"https:\/\/www.nordwich.com\/de\/upratovanie\/\",\"url\":\"https:\/\/www.nordwich.com\/de\/upratovanie\/\",\"name\":\"\u010ci\u0161\u0107enje - Nordwich\",\"isPartOf\":{\"@id\":\"http:\/\/www.nordwich.com\/#website\"},\"primaryImageOfPage\":{\"@id\":\"https:\/\/www.nordwich.com\/de\/upratovanie\/#primaryimage\"},\"image\":{\"@id\":\"https:\/\/www.nordwich.com\/de\/upratovanie\/#primaryimage\"},\"thumbnailUrl\":\"http:\/\/www.nordwich.com\/wp-content\/uploads\/2023\/08\/upratovanie_ponuka_600.jpg\",\"datePublished\":\"2023-08-04T06:45:56+00:00\",\"dateModified\":\"2023-08-04T08:36:05+00:00\",\"breadcrumb\":{\"@id\":\"https:\/\/www.nordwich.com\/de\/upratovanie\/#breadcrumb\"},\"inLanguage\":\"yu-YU\",\"potentialAction\":[{\"@type\":\"ReadAction\",\"target\":[\"https:\/\/www.nordwich.com\/de\/upratovanie\/\"]}]},{\"@type\":\"ImageObject\",\"inLanguage\":\"yu-YU\",\"@id\":\"https:\/\/www.nordwich.com\/de\/upratovanie\/#primaryimage\",\"url\":\"http:\/\/www.nordwich.com\/wp-content\/uploads\/2023\/08\/upratovanie_ponuka_600.jpg\",\"contentUrl\":\"http:\/\/www.nordwich.com\/wp-content\/uploads\/2023\/08\/upratovanie_ponuka_600.jpg\"},{\"@type\":\"BreadcrumbList\",\"@id\":\"https:\/\/www.nordwich.com\/de\/upratovanie\/#breadcrumb\",\"itemListElement\":[{\"@type\":\"ListItem\",\"position\":1,\"name\":\"Domovsk\u00e1 str\u00e1nka\",\"item\":\"http:\/\/www.nordwich.com\/\"},{\"@type\":\"ListItem\",\"position\":2,\"name\":\"Reinigung\"}]},{\"@type\":\"WebSite\",\"@id\":\"http:\/\/www.nordwich.com\/#website\",\"url\":\"http:\/\/www.nordwich.com\/\",\"name\":\"Nordwich\",\"description\":\"Personalna agencija\",\"publisher\":{\"@id\":\"http:\/\/www.nordwich.com\/#organization\"},\"potentialAction\":[{\"@type\":\"SearchAction\",\"target\":{\"@type\":\"EntryPoint\",\"urlTemplate\":\"http:\/\/www.nordwich.com\/?s={search_term_string}\"},\"query-input\":{\"@type\":\"PropertyValueSpecification\",\"valueRequired\":true,\"valueName\":\"search_term_string\"}}],\"inLanguage\":\"yu-YU\"},{\"@type\":\"Organization\",\"@id\":\"http:\/\/www.nordwich.com\/#organization\",\"name\":\"Nordwich\",\"url\":\"http:\/\/www.nordwich.com\/\",\"logo\":{\"@type\":\"ImageObject\",\"inLanguage\":\"yu-YU\",\"@id\":\"http:\/\/www.nordwich.com\/#\/schema\/logo\/image\/\",\"url\":\"http:\/\/www.nordwich.com\/wp-content\/uploads\/2026\/01\/nordwich_partners01.jpg\",\"contentUrl\":\"http:\/\/www.nordwich.com\/wp-content\/uploads\/2026\/01\/nordwich_partners01.jpg\",\"width\":1110,\"height\":329,\"caption\":\"Nordwich\"},\"image\":{\"@id\":\"http:\/\/www.nordwich.com\/#\/schema\/logo\/image\/\"}}]}<\/script>\n<!-- \/ Yoast SEO plugin. -->","yoast_head_json":{"title":"\u010ci\u0161\u0107enje - Nordwich","robots":{"index":"index","follow":"follow","max-snippet":"max-snippet:-1","max-image-preview":"max-image-preview:large","max-video-preview":"max-video-preview:-1"},"canonical":"https:\/\/www.nordwich.com\/de\/upratovanie\/","og_locale":"en_US","og_type":"article","og_title":"\u010ci\u0161\u0107enje - Nordwich","og_url":"https:\/\/www.nordwich.com\/de\/upratovanie\/","og_site_name":"Nordwich","article_modified_time":"2023-08-04T08:36:05+00:00","og_image":[{"url":"http:\/\/www.nordwich.com\/wp-content\/uploads\/2023\/08\/upratovanie_ponuka_600.jpg","type":"","width":"","height":""}],"twitter_card":"summary_large_image","twitter_misc":{"Est. reading time":"1 minute"},"schema":{"@context":"https:\/\/schema.org","@graph":[{"@type":"WebPage","@id":"https:\/\/www.nordwich.com\/de\/upratovanie\/","url":"https:\/\/www.nordwich.com\/de\/upratovanie\/","name":"\u010ci\u0161\u0107enje - Nordwich","isPartOf":{"@id":"http:\/\/www.nordwich.com\/#website"},"primaryImageOfPage":{"@id":"https:\/\/www.nordwich.com\/de\/upratovanie\/#primaryimage"},"image":{"@id":"https:\/\/www.nordwich.com\/de\/upratovanie\/#primaryimage"},"thumbnailUrl":"http:\/\/www.nordwich.com\/wp-content\/uploads\/2023\/08\/upratovanie_ponuka_600.jpg","datePublished":"2023-08-04T06:45:56+00:00","dateModified":"2023-08-04T08:36:05+00:00","breadcrumb":{"@id":"https:\/\/www.nordwich.com\/de\/upratovanie\/#breadcrumb"},"inLanguage":"yu-YU","potentialAction":[{"@type":"ReadAction","target":["https:\/\/www.nordwich.com\/de\/upratovanie\/"]}]},{"@type":"ImageObject","inLanguage":"yu-YU","@id":"https:\/\/www.nordwich.com\/de\/upratovanie\/#primaryimage","url":"http:\/\/www.nordwich.com\/wp-content\/uploads\/2023\/08\/upratovanie_ponuka_600.jpg","contentUrl":"http:\/\/www.nordwich.com\/wp-content\/uploads\/2023\/08\/upratovanie_ponuka_600.jpg"},{"@type":"BreadcrumbList","@id":"https:\/\/www.nordwich.com\/de\/upratovanie\/#breadcrumb","itemListElement":[{"@type":"ListItem","position":1,"name":"Domovsk\u00e1 str\u00e1nka","item":"http:\/\/www.nordwich.com\/"},{"@type":"ListItem","position":2,"name":"Reinigung"}]},{"@type":"WebSite","@id":"http:\/\/www.nordwich.com\/#website","url":"http:\/\/www.nordwich.com\/","name":"Nordwich","description":"Personalna agencija","publisher":{"@id":"http:\/\/www.nordwich.com\/#organization"},"potentialAction":[{"@type":"SearchAction","target":{"@type":"EntryPoint","urlTemplate":"http:\/\/www.nordwich.com\/?s={search_term_string}"},"query-input":{"@type":"PropertyValueSpecification","valueRequired":true,"valueName":"search_term_string"}}],"inLanguage":"yu-YU"},{"@type":"Organization","@id":"http:\/\/www.nordwich.com\/#organization","name":"Nordwich","url":"http:\/\/www.nordwich.com\/","logo":{"@type":"ImageObject","inLanguage":"yu-YU","@id":"http:\/\/www.nordwich.com\/#\/schema\/logo\/image\/","url":"http:\/\/www.nordwich.com\/wp-content\/uploads\/2026\/01\/nordwich_partners01.jpg","contentUrl":"http:\/\/www.nordwich.com\/wp-content\/uploads\/2026\/01\/nordwich_partners01.jpg","width":1110,"height":329,"caption":"Nordwich"},"image":{"@id":"http:\/\/www.nordwich.com\/#\/schema\/logo\/image\/"}}]}},"_links":{"self":[{"href":"http:\/\/www.nordwich.com\/bs\/wp-json\/wp\/v2\/pages\/951","targetHints":{"allow":["GET"]}}],"collection":[{"href":"http:\/\/www.nordwich.com\/bs\/wp-json\/wp\/v2\/pages"}],"about":[{"href":"http:\/\/www.nordwich.com\/bs\/wp-json\/wp\/v2\/types\/page"}],"author":[{"embeddable":true,"href":"http:\/\/www.nordwich.com\/bs\/wp-json\/wp\/v2\/users\/1"}],"replies":[{"embeddable":true,"href":"http:\/\/www.nordwich.com\/bs\/wp-json\/wp\/v2\/comments?post=951"}],"version-history":[{"count":8,"href":"http:\/\/www.nordwich.com\/bs\/wp-json\/wp\/v2\/pages\/951\/revisions"}],"predecessor-version":[{"id":988,"href":"http:\/\/www.nordwich.com\/bs\/wp-json\/wp\/v2\/pages\/951\/revisions\/988"}],"wp:attachment":[{"href":"http:\/\/www.nordwich.com\/bs\/wp-json\/wp\/v2\/media?parent=951"}],"curies":[{"name":"wp","href":"https:\/\/api.w.org\/{rel}","templated":true}]}}