{"id":124,"date":"2023-03-18T20:45:23","date_gmt":"2023-03-18T20:45:23","guid":{"rendered":"http:\/\/www.nordwich.com\/?page_id=124"},"modified":"2023-09-16T14:25:12","modified_gmt":"2023-09-16T14:25:12","slug":"hladam-pracovnikov","status":"publish","type":"page","link":"http:\/\/www.nordwich.com\/de\/agentura\/hladam-pracovnikov\/","title":{"rendered":"Ich suche Mitarbeiter\/innen"},"content":{"rendered":"\n<p>NORDWICH vereint mehrere Segmente im Bereich Human Resources in der Slowakei, \u00d6sterreich, Deutschland und anderen Arbeitsm\u00e4rkten im EU-Gebiet. NORDWICH vereint zudem mehrere Formen der Zusammenarbeit mit Arbeitgeber\/innen auf dem Arbeitsmarkt: Personalvermittlung, Arbeitsvermittlung, klassische GmbH, Aktiengesellschaften und Privatpersonen.<\/p>\n\n\n\n<p>Unser Schwesterunternehmen NORDWICH JOB ist ein Arbeitsvermittlungsunternehmen (ADZ). Als Arbeitsvermittlungsunternehmen stellt NORDWICH JOB Produktionsmitarbeiter\/innen, Lagerarbeiter\/innen, Montagearbeiter\/innen und andere Arten von Arbeitskr\u00e4ften in der gesamten Slowakei und Tschechischen Republik zur Verf\u00fcgung. Wir bieten haupts\u00e4chlich Arbeitskr\u00e4fte aus der Slowakei und Ungarn sowie Drittl\u00e4ndern an. Wir setzen auf Qualit\u00e4t. Wir w\u00e4hlen die Bewerber\/innen sorgf\u00e4ltig aus. Die Besch\u00e4ftigungserfolgsquote unserer Mitarbeiter\/innen liegt bei rund 95 %.<\/p>\n\n\n\n<p>Wir k\u00fcmmern uns gut um unsere Arbeitskr\u00e4fte (durch z.B. hochwertige Unterk\u00fcnfte, fairen Zugang zur Besch\u00e4ftigung, Vorauszahlungen, Krankenversicherung). Aus diesem Grund haben wir eine der geringsten Fluktuationen auf dem Arbeitsmarkt.<\/p>\n\n\n\n<p>Alle unsere Dokumente und Verfahren entsprechen den arbeitsrechtlichen Grundlagen.<\/p>\n\n\n\n<p><strong>Wir bieten Folgendes an:<\/strong><\/p>\n\n\n\n<ul class=\"wp-block-list\">\n<li>Dienstleistungen zur Arbeitskr\u00e4ftevermittlung (ADZ, Arbeitnehmer\u00fcberlassung) in der gesamten Tschechischen Republik, SR und EU<\/li>\n\n\n\n<li>Bereitstellung von Arbeitskr\u00e4ften innerhalb von 24 Stunden zur Krisenbew\u00e4ltigung bei hohem Produktionsumfang \u2013 Bereitstellung der Produktionskoordination, Gew\u00e4hrleistung der Anzahl an Arbeitskr\u00e4ften<\/li>\n\n\n\n<li>Dienstleistungen unserer HR-Agentur<\/li>\n\n\n\n<li>Weitere Dienstleistungen werden von unserem Schwesterunternehmen NORDWICH angeboten (wie bsp. Produktion, Outsourcing, Control &amp; Rework)<\/li>\n<\/ul>\n\n\n\n<p><strong>Vorteil einer Zusammenarbeit mit uns:<\/strong><\/p>\n\n\n\n<ul class=\"wp-block-list\">\n<li>Wir stellen Arbeitskr\u00e4fte innerhalb wenigen Tagen nach Eingang der Nachfrage zur Verf\u00fcgung<\/li>\n\n\n\n<li>Wir k\u00f6nnen Arbeitskr\u00e4fte auch an Standorte vermitteln, an denen der Arbeitsmarkt bereits ges\u00e4ttigt ist<\/li>\n\n\n\n<li>Wir stellen Arbeitskr\u00e4fte zur Verf\u00fcgung, mit denen Sie in slowakischer Sprache kommunizieren k\u00f6nnen<\/li>\n\n\n\n<li>Die gesamte Gehaltsabrechnung und Administration wird von uns \u00fcbernommen \u2013 Sie k\u00fcmmern sich lediglich um die Anwesenheitskontrolle der Mitarbeiter\/innen<\/li>\n\n\n\n<li>Wir k\u00fcmmern uns um alles andere: Kommunikation mit den Mitarbeiter\/innen, Bereitstellung von Unterk\u00fcnften und st\u00e4ndiger Kontakt zu ihnen<\/li>\n\n\n\n<li>Die Fluktuation unserer Mitarbeiter\/innen ist sehr gering<\/li>\n<\/ul>\n\n\n\n<p><strong>Abteilung in der Slowakei:<\/strong><\/p>\n\n\n\n<p>Tel.: +421 940 603 520 (Viber, WhatsApp)<\/p>\n\n\n\n<p>E-Mail: <a href=\"mailto:nordwich@centrum.sk\">nordwich@centrum.sk<\/a><\/p>\n","protected":false},"excerpt":{"rendered":"<p>NORDWICH vereint mehrere Segmente im Bereich Human Resources in der Slowakei, \u00d6sterreich, Deutschland und anderen Arbeitsm\u00e4rkten im EU-Gebiet. NORDWICH vereint zudem mehrere Formen der Zusammenarbeit&hellip;<\/p>\n","protected":false},"author":1,"featured_media":0,"parent":20,"menu_order":6,"comment_status":"closed","ping_status":"closed","template":"","meta":{"footnotes":""},"class_list":["post-124","page","type-page","status-publish","hentry"],"translation":{"provider":"WPGlobus","version":"3.0.0","language":"de","enabled_languages":["sk","bs","de"],"languages":{"sk":{"title":true,"content":true,"excerpt":false},"bs":{"title":true,"content":true,"excerpt":false},"de":{"title":true,"content":true,"excerpt":false}}},"yoast_head":"<!-- This site is optimized with the Yoast SEO plugin v26.1.1 - https:\/\/yoast.com\/wordpress\/plugins\/seo\/ -->\n<title>Ich suche Mitarbeiter\/innen - Nordwich<\/title>\n<meta name=\"robots\" content=\"index, follow, max-snippet:-1, max-image-preview:large, max-video-preview:-1\" \/>\n<link rel=\"canonical\" href=\"http:\/\/www.nordwich.com\/bs\/agentura\/hladam-pracovnikov\/\" \/>\n<meta property=\"og:locale\" content=\"de_DE\" \/>\n<meta property=\"og:type\" content=\"article\" \/>\n<meta property=\"og:title\" content=\"Ich suche Mitarbeiter\/innen - Nordwich\" \/>\n<meta property=\"og:url\" content=\"http:\/\/www.nordwich.com\/bs\/agentura\/hladam-pracovnikov\/\" \/>\n<meta property=\"og:site_name\" content=\"Nordwich\" \/>\n<meta property=\"article:modified_time\" content=\"2023-09-16T14:25:12+00:00\" \/>\n<meta name=\"twitter:card\" content=\"summary_large_image\" \/>\n<meta name=\"twitter:label1\" content=\"Est. reading time\" \/>\n\t<meta name=\"twitter:data1\" content=\"2 minutes\" \/>\n<script type=\"application\/ld+json\" class=\"yoast-schema-graph\">{\"@context\":\"https:\/\/schema.org\",\"@graph\":[{\"@type\":\"WebPage\",\"@id\":\"http:\/\/www.nordwich.com\/bs\/agentura\/hladam-pracovnikov\/\",\"url\":\"http:\/\/www.nordwich.com\/bs\/agentura\/hladam-pracovnikov\/\",\"name\":\"Ich suche Mitarbeiter\/innen - Nordwich\",\"isPartOf\":{\"@id\":\"http:\/\/www.nordwich.com\/#website\"},\"datePublished\":\"2023-03-18T20:45:23+00:00\",\"dateModified\":\"2023-09-16T14:25:12+00:00\",\"description\":\"NORDWICH sp\u00e1ja viacero segmentov HR pr\u00e1ce, Na\u0161a sestersk\u00e1 firma NORDWIC JOB je pracovn\u00e1 agent\u00fara (ADZ).\",\"breadcrumb\":{\"@id\":\"http:\/\/www.nordwich.com\/bs\/agentura\/hladam-pracovnikov\/#breadcrumb\"},\"inLanguage\":\"de-DE\",\"potentialAction\":[{\"@type\":\"ReadAction\",\"target\":[\"http:\/\/www.nordwich.com\/bs\/agentura\/hladam-pracovnikov\/\"]}]},{\"@type\":\"BreadcrumbList\",\"@id\":\"http:\/\/www.nordwich.com\/bs\/agentura\/hladam-pracovnikov\/#breadcrumb\",\"itemListElement\":[{\"@type\":\"ListItem\",\"position\":1,\"name\":\"Domovsk\u00e1 str\u00e1nka\",\"item\":\"http:\/\/www.nordwich.com\/\"},{\"@type\":\"ListItem\",\"position\":2,\"name\":\"Agent\u00fara\",\"item\":\"https:\/\/www.nordwich.com\/agentura\/\"},{\"@type\":\"ListItem\",\"position\":3,\"name\":\"Tra\u017eim radnike\"}]},{\"@type\":\"WebSite\",\"@id\":\"http:\/\/www.nordwich.com\/#website\",\"url\":\"http:\/\/www.nordwich.com\/\",\"name\":\"Nordwich\",\"description\":\"HR-Agentur\",\"publisher\":{\"@id\":\"http:\/\/www.nordwich.com\/#organization\"},\"potentialAction\":[{\"@type\":\"SearchAction\",\"target\":{\"@type\":\"EntryPoint\",\"urlTemplate\":\"http:\/\/www.nordwich.com\/?s={search_term_string}\"},\"query-input\":{\"@type\":\"PropertyValueSpecification\",\"valueRequired\":true,\"valueName\":\"search_term_string\"}}],\"inLanguage\":\"de-DE\"},{\"@type\":\"Organization\",\"@id\":\"http:\/\/www.nordwich.com\/#organization\",\"name\":\"Nordwich\",\"url\":\"http:\/\/www.nordwich.com\/\",\"logo\":{\"@type\":\"ImageObject\",\"inLanguage\":\"de-DE\",\"@id\":\"http:\/\/www.nordwich.com\/#\/schema\/logo\/image\/\",\"url\":\"http:\/\/www.nordwich.com\/wp-content\/uploads\/2026\/01\/nordwich_partners01.jpg\",\"contentUrl\":\"http:\/\/www.nordwich.com\/wp-content\/uploads\/2026\/01\/nordwich_partners01.jpg\",\"width\":1110,\"height\":329,\"caption\":\"Nordwich\"},\"image\":{\"@id\":\"http:\/\/www.nordwich.com\/#\/schema\/logo\/image\/\"}}]}<\/script>\n<!-- \/ Yoast SEO plugin. -->","yoast_head_json":{"title":"Ich suche Mitarbeiter\/innen - Nordwich","robots":{"index":"index","follow":"follow","max-snippet":"max-snippet:-1","max-image-preview":"max-image-preview:large","max-video-preview":"max-video-preview:-1"},"canonical":"http:\/\/www.nordwich.com\/bs\/agentura\/hladam-pracovnikov\/","og_locale":"de_DE","og_type":"article","og_title":"Ich suche Mitarbeiter\/innen - Nordwich","og_url":"http:\/\/www.nordwich.com\/bs\/agentura\/hladam-pracovnikov\/","og_site_name":"Nordwich","article_modified_time":"2023-09-16T14:25:12+00:00","twitter_card":"summary_large_image","twitter_misc":{"Est. reading time":"2 minutes"},"schema":{"@context":"https:\/\/schema.org","@graph":[{"@type":"WebPage","@id":"http:\/\/www.nordwich.com\/bs\/agentura\/hladam-pracovnikov\/","url":"http:\/\/www.nordwich.com\/bs\/agentura\/hladam-pracovnikov\/","name":"Ich suche Mitarbeiter\/innen - Nordwich","isPartOf":{"@id":"http:\/\/www.nordwich.com\/#website"},"datePublished":"2023-03-18T20:45:23+00:00","dateModified":"2023-09-16T14:25:12+00:00","description":"NORDWICH sp\u00e1ja viacero segmentov HR pr\u00e1ce, Na\u0161a sestersk\u00e1 firma NORDWIC JOB je pracovn\u00e1 agent\u00fara (ADZ).","breadcrumb":{"@id":"http:\/\/www.nordwich.com\/bs\/agentura\/hladam-pracovnikov\/#breadcrumb"},"inLanguage":"de-DE","potentialAction":[{"@type":"ReadAction","target":["http:\/\/www.nordwich.com\/bs\/agentura\/hladam-pracovnikov\/"]}]},{"@type":"BreadcrumbList","@id":"http:\/\/www.nordwich.com\/bs\/agentura\/hladam-pracovnikov\/#breadcrumb","itemListElement":[{"@type":"ListItem","position":1,"name":"Domovsk\u00e1 str\u00e1nka","item":"http:\/\/www.nordwich.com\/"},{"@type":"ListItem","position":2,"name":"Agent\u00fara","item":"https:\/\/www.nordwich.com\/agentura\/"},{"@type":"ListItem","position":3,"name":"Tra\u017eim radnike"}]},{"@type":"WebSite","@id":"http:\/\/www.nordwich.com\/#website","url":"http:\/\/www.nordwich.com\/","name":"Nordwich","description":"HR-Agentur","publisher":{"@id":"http:\/\/www.nordwich.com\/#organization"},"potentialAction":[{"@type":"SearchAction","target":{"@type":"EntryPoint","urlTemplate":"http:\/\/www.nordwich.com\/?s={search_term_string}"},"query-input":{"@type":"PropertyValueSpecification","valueRequired":true,"valueName":"search_term_string"}}],"inLanguage":"de-DE"},{"@type":"Organization","@id":"http:\/\/www.nordwich.com\/#organization","name":"Nordwich","url":"http:\/\/www.nordwich.com\/","logo":{"@type":"ImageObject","inLanguage":"de-DE","@id":"http:\/\/www.nordwich.com\/#\/schema\/logo\/image\/","url":"http:\/\/www.nordwich.com\/wp-content\/uploads\/2026\/01\/nordwich_partners01.jpg","contentUrl":"http:\/\/www.nordwich.com\/wp-content\/uploads\/2026\/01\/nordwich_partners01.jpg","width":1110,"height":329,"caption":"Nordwich"},"image":{"@id":"http:\/\/www.nordwich.com\/#\/schema\/logo\/image\/"}}]}},"_links":{"self":[{"href":"http:\/\/www.nordwich.com\/de\/wp-json\/wp\/v2\/pages\/124","targetHints":{"allow":["GET"]}}],"collection":[{"href":"http:\/\/www.nordwich.com\/de\/wp-json\/wp\/v2\/pages"}],"about":[{"href":"http:\/\/www.nordwich.com\/de\/wp-json\/wp\/v2\/types\/page"}],"author":[{"embeddable":true,"href":"http:\/\/www.nordwich.com\/de\/wp-json\/wp\/v2\/users\/1"}],"replies":[{"embeddable":true,"href":"http:\/\/www.nordwich.com\/de\/wp-json\/wp\/v2\/comments?post=124"}],"version-history":[{"count":6,"href":"http:\/\/www.nordwich.com\/de\/wp-json\/wp\/v2\/pages\/124\/revisions"}],"predecessor-version":[{"id":1036,"href":"http:\/\/www.nordwich.com\/de\/wp-json\/wp\/v2\/pages\/124\/revisions\/1036"}],"up":[{"embeddable":true,"href":"http:\/\/www.nordwich.com\/de\/wp-json\/wp\/v2\/pages\/20"}],"wp:attachment":[{"href":"http:\/\/www.nordwich.com\/de\/wp-json\/wp\/v2\/media?parent=124"}],"curies":[{"name":"wp","href":"https:\/\/api.w.org\/{rel}","templated":true}]}}