{"id":126,"date":"2023-03-18T20:53:39","date_gmt":"2023-03-18T20:53:39","guid":{"rendered":"http:\/\/www.nordwich.com\/?page_id=126"},"modified":"2023-09-11T06:49:07","modified_gmt":"2023-09-11T06:49:07","slug":"hladam-pracu","status":"publish","type":"page","link":"http:\/\/www.nordwich.com\/de\/agentura\/hladam-pracu\/","title":{"rendered":"Ich suche nach einer Arbeit"},"content":{"rendered":"\n<p>Auf der Suche nach einem Job oder Arbeitstruppe? Wir haben viele Angebote f\u00fcr Sie! Bei vielen Angeboten bieten wir auch die M\u00f6glichkeit einer Unterkunft zu g\u00fcnstigen Preisen oder kostenlos an.<\/p>\n\n\n\n<h3 class=\"wp-block-heading\"><strong>So funktioniert die Jobvermittlung \u00fcber NORDWICH!<\/strong><\/h3>\n\n\n\n<p>Die Personalvermittlung spielt heutzutage eine sehr gro\u00dfe Rolle auf dem Arbeitsmarkt. Wussten Sie, dass viele Unternehmen oft Angebote nur intern ausschreiben und Sie von einigen Angeboten des Unternehmens m\u00f6glicherweise nur erfahren, weil dies von der Agentur gesucht wird?<\/p>\n\n\n\n<p>Die Personalagentur bedient zwei Kundengruppen \u2013 auf der einen Seite Kandidat\/innen, die auf der Suche nach einem Job sind, und auf der anderen Seite Unternehmen, die auf der Suche nach geeigneten Arbeitskr\u00e4ften f\u00fcr ihr Unternehmen sind. In jedem Fall m\u00f6chte die Personalagentur, dass beide Seiten zufrieden sind. Die Agentur erh\u00e4lt ihre finanziellen Mittel vom Unternehmen, f\u00fcr welche sie neue Arbeitskr\u00e4fte vermittelt. Das bedeutet, dass die Kandidat\/innen die Dienste der Agentur kostenlos in Anspruch nehmen k\u00f6nnen.<\/p>\n\n\n\n<p><strong>So funktioniert der Auswahlprozess:<\/strong><\/p>\n\n\n\n<p>Entsprechend den spezifischen Anforderungen eines Unternehmens, das auf der Suche nach neuen Arbeitskr\u00e4ften ist, ver\u00f6ffentlicht NORDWICH ein Stellenangebot nicht nur auf seiner Website, sondern auch auf mehreren spezialisierten Jobportalen. Interessent\/innen antworten auf ein Angebot, indem sie einen professionellen Lebenslauf senden. Um Arbeitskr\u00e4fte auf dem Arbeitsmarkt zu finden, nutzen wir viele Quellen \u2013 seien es Online-Medien und soziale Netzwerke oder die Direktsuche.<\/p>\n\n\n\n<p>Entspricht der\/die Kandidat\/in dem Wunschprofil des Arbeitgebers\/der Arbeitgeberin, findet die sogenannte Vorauswahl statt. Dabei wird ein Telefongespr\u00e4ch gef\u00fchrt, bei welchem die potenziellen Kandidat\/innen kontaktiert und in einem kurzen Gespr\u00e4ch deren Kommunikations- oder Sprachkenntnisse abfragt werden. Ausgew\u00e4hlte Kandidat\/innen werden anschlie\u00dfend zu einem pers\u00f6nlichen Vorstellungsgespr\u00e4ch in die Agentur eingeladen.<\/p>\n\n\n\n<p>Manchmal wird von den Kandidat\/innen verlangt, dass sie ihre F\u00e4higkeiten unter Beweis stellen (z. B. Sprachtests, psychometrische Online-Tests, Kurzpr\u00e4sentationen oder \u00dcbungen in Schulungszentren).<\/p>\n\n\n\n<p>Wenn der\/die Kandidat\/in die erforderlichen F\u00e4higkeiten aufweist, wird er\/sie zu einem Vorstellungsgespr\u00e4ch bei dem\/r Auftraggeber\/in geschickt.<\/p>\n\n\n\n<p>Vor dem Vorstellungsgespr\u00e4ch weist der\/die Koordinator\/in die Kandidat\/innen darauf hin, worauf er\/sie achten muss und empfiehlt ihnen, sich vor dem Gespr\u00e4ch mit den grundlegenden Informationen vertraut zu machen. Danach folgt ein echtes Vorstellungsgespr\u00e4ch mit dem suchenden Unternehmen.<\/p>\n\n\n\n<p>Nachdem alle Etappen erfolgreich abgeschlossen wurden, kommt es zur Interesse an einem Vertragsabschluss.<\/p>\n\n\n\n<p>W\u00e4hrend des Auswahlprozesses stehen die Kandidat\/innen in Kontakt mit den Koordinator\/innen unseres Unternehmens, sodass sie stets \u00fcber den Prozess aktiv informiert sind. F\u00fcr den Fall, dass er\/sie die Auswahl nicht bestanden hat, werden die Informationen klar vermittelt und die von der Person gemachten Fehler erl\u00e4utert. Diese sollen dann in Zukunft vermieden werden.<\/p>\n\n\n\n<p>Bei neuen Stellenangeboten sollten Bewerber\/innen ihre Lebensl\u00e4ufe erneut senden oder sich an ihre Koordinator\/innen wenden.<\/p>\n\n\n\n<p>Wenn Sie auf der Suche nach einem Job sind, schauen Sie sich unsere Angebote bei dauerhaften Auftraggeber\/innen von uns an. Wenn Sie sich nicht sicher sind, ob es sinnvoll ist, einen Job \u00fcber eine Personalagentur zu suchen, dann <strong>lesen Sie den Artikel 10 Gr\u00fcnde <\/strong>, warum Sie einen Job \u00fcber eine Personalagentur suchen sollten.<\/p>\n\n\n\n<p><strong>Warum mit uns zusammenarbeiten?<\/strong><\/p>\n\n\n\n<ol class=\"wp-block-list\">\n<li>Fairer und korrekter Ansatz, keine versteckten Geb\u00fchren, keine unerf\u00fcllten Versprechen<\/li>\n\n\n\n<li>Sie arbeiten zu 100 % legal. Wir \u00fcbernehmen s\u00e4mtliche Beitr\u00e4ge und Versicherungen<\/li>\n\n\n\n<li>Wir haben einen menschlichen Ansatz. Wir bieten hochwertige Unterk\u00fcnfte<\/li>\n\n\n\n<li>Wir sichern und sorgen f\u00fcr den Transport<\/li>\n\n\n\n<li>Wir respektieren und wertsch\u00e4tzen die Arbeitnehmer\/innen und kommunizieren auf diese Weise mit ihnen<\/li>\n\n\n\n<li>Wir bezahlen unseren Mitarbeiter\/innen w\u00f6chentlich<\/li>\n\n\n\n<li>F\u00fcr Selbstst\u00e4ndige f\u00fchren wir die Buchhaltung und managen ihre Unterlagen<\/li>\n\n\n\n<li>Wir versuchen immer, in Ihrer Sprache zu kommunizieren<\/li>\n\n\n\n<li>Wir zahlen Ihnen Weihnachtsgelder aus, wenn Sie l\u00e4nger als 8 Monate arbeiten<\/li>\n\n\n\n<li>Wir helfen bei der Karriereentwicklung und der Suche nach g\u00fcnstigeren Arbeitspl\u00e4tzen oder neuen Arbeitgeber\/innen<\/li>\n<\/ol>\n","protected":false},"excerpt":{"rendered":"<p>Auf der Suche nach einem Job oder Arbeitstruppe? Wir haben viele Angebote f\u00fcr Sie! Bei vielen Angeboten bieten wir auch die M\u00f6glichkeit einer Unterkunft zu&hellip;<\/p>\n","protected":false},"author":1,"featured_media":0,"parent":20,"menu_order":8,"comment_status":"closed","ping_status":"closed","template":"","meta":{"footnotes":""},"class_list":["post-126","page","type-page","status-publish","hentry"],"translation":{"provider":"WPGlobus","version":"3.0.0","language":"de","enabled_languages":["sk","bs","de"],"languages":{"sk":{"title":true,"content":true,"excerpt":false},"bs":{"title":true,"content":true,"excerpt":false},"de":{"title":true,"content":true,"excerpt":false}}},"yoast_head":"<!-- This site is optimized with the Yoast SEO plugin v26.1.1 - https:\/\/yoast.com\/wordpress\/plugins\/seo\/ -->\n<title>Ich suche nach einer Arbeit - Nordwich<\/title>\n<meta name=\"robots\" content=\"index, follow, max-snippet:-1, max-image-preview:large, max-video-preview:-1\" \/>\n<link rel=\"canonical\" href=\"http:\/\/www.nordwich.com\/bs\/agentura\/hladam-pracu\/\" \/>\n<meta property=\"og:locale\" content=\"de_DE\" \/>\n<meta property=\"og:type\" content=\"article\" \/>\n<meta property=\"og:title\" content=\"Ich suche nach einer Arbeit - Nordwich\" \/>\n<meta property=\"og:url\" content=\"http:\/\/www.nordwich.com\/bs\/agentura\/hladam-pracu\/\" \/>\n<meta property=\"og:site_name\" content=\"Nordwich\" \/>\n<meta property=\"article:modified_time\" content=\"2023-09-11T06:49:07+00:00\" \/>\n<meta name=\"twitter:card\" content=\"summary_large_image\" \/>\n<meta name=\"twitter:label1\" content=\"Est. reading time\" \/>\n\t<meta name=\"twitter:data1\" content=\"4 minutes\" \/>\n<script type=\"application\/ld+json\" class=\"yoast-schema-graph\">{\"@context\":\"https:\/\/schema.org\",\"@graph\":[{\"@type\":\"WebPage\",\"@id\":\"http:\/\/www.nordwich.com\/bs\/agentura\/hladam-pracu\/\",\"url\":\"http:\/\/www.nordwich.com\/bs\/agentura\/hladam-pracu\/\",\"name\":\"Ich suche nach einer Arbeit - Nordwich\",\"isPartOf\":{\"@id\":\"http:\/\/www.nordwich.com\/#website\"},\"datePublished\":\"2023-03-18T20:53:39+00:00\",\"dateModified\":\"2023-09-11T06:49:07+00:00\",\"breadcrumb\":{\"@id\":\"http:\/\/www.nordwich.com\/bs\/agentura\/hladam-pracu\/#breadcrumb\"},\"inLanguage\":\"de-DE\",\"potentialAction\":[{\"@type\":\"ReadAction\",\"target\":[\"http:\/\/www.nordwich.com\/bs\/agentura\/hladam-pracu\/\"]}]},{\"@type\":\"BreadcrumbList\",\"@id\":\"http:\/\/www.nordwich.com\/bs\/agentura\/hladam-pracu\/#breadcrumb\",\"itemListElement\":[{\"@type\":\"ListItem\",\"position\":1,\"name\":\"Domovsk\u00e1 str\u00e1nka\",\"item\":\"http:\/\/www.nordwich.com\/\"},{\"@type\":\"ListItem\",\"position\":2,\"name\":\"Agent\u00fara\",\"item\":\"https:\/\/www.nordwich.com\/agentura\/\"},{\"@type\":\"ListItem\",\"position\":3,\"name\":\"Tra\u017eim posao\"}]},{\"@type\":\"WebSite\",\"@id\":\"http:\/\/www.nordwich.com\/#website\",\"url\":\"http:\/\/www.nordwich.com\/\",\"name\":\"Nordwich\",\"description\":\"HR-Agentur\",\"publisher\":{\"@id\":\"http:\/\/www.nordwich.com\/#organization\"},\"potentialAction\":[{\"@type\":\"SearchAction\",\"target\":{\"@type\":\"EntryPoint\",\"urlTemplate\":\"http:\/\/www.nordwich.com\/?s={search_term_string}\"},\"query-input\":{\"@type\":\"PropertyValueSpecification\",\"valueRequired\":true,\"valueName\":\"search_term_string\"}}],\"inLanguage\":\"de-DE\"},{\"@type\":\"Organization\",\"@id\":\"http:\/\/www.nordwich.com\/#organization\",\"name\":\"Nordwich\",\"url\":\"http:\/\/www.nordwich.com\/\",\"logo\":{\"@type\":\"ImageObject\",\"inLanguage\":\"de-DE\",\"@id\":\"http:\/\/www.nordwich.com\/#\/schema\/logo\/image\/\",\"url\":\"http:\/\/www.nordwich.com\/wp-content\/uploads\/2026\/01\/nordwich_partners01.jpg\",\"contentUrl\":\"http:\/\/www.nordwich.com\/wp-content\/uploads\/2026\/01\/nordwich_partners01.jpg\",\"width\":1110,\"height\":329,\"caption\":\"Nordwich\"},\"image\":{\"@id\":\"http:\/\/www.nordwich.com\/#\/schema\/logo\/image\/\"}}]}<\/script>\n<!-- \/ Yoast SEO plugin. -->","yoast_head_json":{"title":"Ich suche nach einer Arbeit - Nordwich","robots":{"index":"index","follow":"follow","max-snippet":"max-snippet:-1","max-image-preview":"max-image-preview:large","max-video-preview":"max-video-preview:-1"},"canonical":"http:\/\/www.nordwich.com\/bs\/agentura\/hladam-pracu\/","og_locale":"de_DE","og_type":"article","og_title":"Ich suche nach einer Arbeit - Nordwich","og_url":"http:\/\/www.nordwich.com\/bs\/agentura\/hladam-pracu\/","og_site_name":"Nordwich","article_modified_time":"2023-09-11T06:49:07+00:00","twitter_card":"summary_large_image","twitter_misc":{"Est. reading time":"4 minutes"},"schema":{"@context":"https:\/\/schema.org","@graph":[{"@type":"WebPage","@id":"http:\/\/www.nordwich.com\/bs\/agentura\/hladam-pracu\/","url":"http:\/\/www.nordwich.com\/bs\/agentura\/hladam-pracu\/","name":"Ich suche nach einer Arbeit - Nordwich","isPartOf":{"@id":"http:\/\/www.nordwich.com\/#website"},"datePublished":"2023-03-18T20:53:39+00:00","dateModified":"2023-09-11T06:49:07+00:00","breadcrumb":{"@id":"http:\/\/www.nordwich.com\/bs\/agentura\/hladam-pracu\/#breadcrumb"},"inLanguage":"de-DE","potentialAction":[{"@type":"ReadAction","target":["http:\/\/www.nordwich.com\/bs\/agentura\/hladam-pracu\/"]}]},{"@type":"BreadcrumbList","@id":"http:\/\/www.nordwich.com\/bs\/agentura\/hladam-pracu\/#breadcrumb","itemListElement":[{"@type":"ListItem","position":1,"name":"Domovsk\u00e1 str\u00e1nka","item":"http:\/\/www.nordwich.com\/"},{"@type":"ListItem","position":2,"name":"Agent\u00fara","item":"https:\/\/www.nordwich.com\/agentura\/"},{"@type":"ListItem","position":3,"name":"Tra\u017eim posao"}]},{"@type":"WebSite","@id":"http:\/\/www.nordwich.com\/#website","url":"http:\/\/www.nordwich.com\/","name":"Nordwich","description":"HR-Agentur","publisher":{"@id":"http:\/\/www.nordwich.com\/#organization"},"potentialAction":[{"@type":"SearchAction","target":{"@type":"EntryPoint","urlTemplate":"http:\/\/www.nordwich.com\/?s={search_term_string}"},"query-input":{"@type":"PropertyValueSpecification","valueRequired":true,"valueName":"search_term_string"}}],"inLanguage":"de-DE"},{"@type":"Organization","@id":"http:\/\/www.nordwich.com\/#organization","name":"Nordwich","url":"http:\/\/www.nordwich.com\/","logo":{"@type":"ImageObject","inLanguage":"de-DE","@id":"http:\/\/www.nordwich.com\/#\/schema\/logo\/image\/","url":"http:\/\/www.nordwich.com\/wp-content\/uploads\/2026\/01\/nordwich_partners01.jpg","contentUrl":"http:\/\/www.nordwich.com\/wp-content\/uploads\/2026\/01\/nordwich_partners01.jpg","width":1110,"height":329,"caption":"Nordwich"},"image":{"@id":"http:\/\/www.nordwich.com\/#\/schema\/logo\/image\/"}}]}},"_links":{"self":[{"href":"http:\/\/www.nordwich.com\/de\/wp-json\/wp\/v2\/pages\/126","targetHints":{"allow":["GET"]}}],"collection":[{"href":"http:\/\/www.nordwich.com\/de\/wp-json\/wp\/v2\/pages"}],"about":[{"href":"http:\/\/www.nordwich.com\/de\/wp-json\/wp\/v2\/types\/page"}],"author":[{"embeddable":true,"href":"http:\/\/www.nordwich.com\/de\/wp-json\/wp\/v2\/users\/1"}],"replies":[{"embeddable":true,"href":"http:\/\/www.nordwich.com\/de\/wp-json\/wp\/v2\/comments?post=126"}],"version-history":[{"count":10,"href":"http:\/\/www.nordwich.com\/de\/wp-json\/wp\/v2\/pages\/126\/revisions"}],"predecessor-version":[{"id":1015,"href":"http:\/\/www.nordwich.com\/de\/wp-json\/wp\/v2\/pages\/126\/revisions\/1015"}],"up":[{"embeddable":true,"href":"http:\/\/www.nordwich.com\/de\/wp-json\/wp\/v2\/pages\/20"}],"wp:attachment":[{"href":"http:\/\/www.nordwich.com\/de\/wp-json\/wp\/v2\/media?parent=126"}],"curies":[{"name":"wp","href":"https:\/\/api.w.org\/{rel}","templated":true}]}}