{"id":136,"date":"2023-03-20T06:48:43","date_gmt":"2023-03-20T06:48:43","guid":{"rendered":"http:\/\/www.nordwich.com\/?page_id=136"},"modified":"2023-03-20T07:08:03","modified_gmt":"2023-03-20T07:08:03","slug":"ochrana-osobnych-udajov","status":"publish","type":"page","link":"http:\/\/www.nordwich.com\/de\/ochrana-osobnych-udajov\/","title":{"rendered":"Ochrana osobn\u00fdch \u00fadajov"},"content":{"rendered":"\n<h2 class=\"wp-block-heading\">Z\u00e1kladn\u00e9 inform\u00e1cie<\/h2>\n\n\n\n<p>K ochrane va\u0161ich osobn\u00fdch \u00fadajov pristupujeme zodpovedne a v plnom rozsahu garantujeme Va\u0161e pr\u00e1vo na inform\u00e1cie. Pri spracovan\u00ed osobn\u00fdch \u00fadajov sa riadime Nariaden\u00edm Eur\u00f3pskeho parlamentu a Rady E\u00da 2016\/679 a z\u00e1konom 18\/2018 Z.z. o ochrane osobn\u00fdch \u00fadajov a o zmene a doplnen\u00ed niektor\u00fdch predpisov. Pri spracovan\u00ed osobn\u00fdch \u00fadajov sa riadime princ\u00edpmi z\u00e1konnosti a transparentnosti, obmedzenia \u00fa\u010delu spracovania , minimaliz\u00e1cie rozsahu a uchov\u00e1vania. Aplikujeme z\u00e1sady riadenia informa\u010dnej bezpe\u010dnosti zameranej na zabezpe\u010denie d\u00f4vernosti, dostupnosti a integrity osobn\u00fdch \u00fadajov<\/p>\n\n\n\n<h2 class=\"wp-block-heading\">Informa\u010dn\u00e1 povinnos\u0165 prev\u00e1dzkovate\u013ea<\/h2>\n\n\n\n<h4 class=\"wp-block-heading\">KATEG\u00d3RIA ADRES\u00c1TOV ZAMESTNANCI<\/h4>\n\n\n\n<p>V\u00e1\u017een\u00fd zamestnanec, tento dokument sl\u00fa\u017ei na poskytnutie V\u00e1m z\u00e1kladn\u00fdch inform\u00e1ci\u00ed o tom pre\u010do zbierame Va\u0161e osobn\u00e9 \u00fadaje, jedine za ak\u00fdm \u00fa\u010delom ich m\u00f4\u017eeme pou\u017ei\u0165, komu ich poskytneme ako i \u010fal\u0161ie potrebn\u00e9 inform\u00e1cie vypl\u00fdvaj\u00face z pr\u00e1vnych predpisov v oblasti ochrany osobn\u00fdch \u00fadajov. V pr\u00edpade nejasnost\u00ed n\u00e1s nev\u00e1hajte kontaktova\u0165 na ni\u017e\u0161ie uveden\u00fdch kontaktoch.\u200b<\/p>\n\n\n\n<ul class=\"wp-block-list\">\n<li>\u00da\u010delom sprac\u00favania osobn\u00fdch \u00fadajov je d\u00f4vod, pre ktor\u00fd prev\u00e1dzkovate\u013e sprac\u00fava osobn\u00e9 \u00fadaje dotknut\u00fdch os\u00f4b v informa\u010dn\u00fdch syst\u00e9moch na konkr\u00e9tne ur\u010den\u00fdch pr\u00e1vnych z\u00e1kladoch. Ka\u017ed\u00e9 sprac\u00favanie osobn\u00fdch \u00fadajov je zalo\u017een\u00e9 na konkr\u00e9tnom pr\u00e1vnom z\u00e1klade a za konkr\u00e9tne ur\u010den\u00fdm, opr\u00e1vnen\u00fdm a v\u00fdslovne uveden\u00fdm \u00fa\u010delom.<\/li>\n\n\n\n<li>Za \u00fa\u010delom maxim\u00e1lnej ochrany Va\u0161ich osobn\u00fdch \u00fadajov sme ako Prev\u00e1dzkovate\u013e prijali primeran\u00e9 person\u00e1lne, organiza\u010dn\u00e9 i technick\u00e9 opatrenia. Na\u0161im cie\u013eom je v \u010do najv\u00e4\u010d\u0161ej miere zabr\u00e1ni\u0165, resp. zn\u00ed\u017ei\u0165 riziko \u00faniku, zneu\u017eitia, zverejnenia alebo in\u00e9ho pou\u017eitia Va\u0161ich osobn\u00fdch \u00fadajov. V pr\u00edpade, ak by nastala skuto\u010dnos\u0165, ktor\u00e1 pravdepodobne povedie k vysok\u00e9mu riziku pre pr\u00e1va a slobody fyzick\u00fdch os\u00f4b, ako dotknut\u00e1 osoba budete bezodkladne kontaktovan\u00e1 (\u010dl. 34 Nariadenia).<\/li>\n\n\n\n<li>V z\u00e1ujme zachovania z\u00e1sad sprac\u00favania osobn\u00fdch \u00fadajov, ktor\u00e9 ustanovuje Nariadenie, ako aj z\u00e1kon, najm\u00e4 z\u00e1sady minimaliz\u00e1cie osobn\u00fdch \u00fadajov, po\u017eadujeme od V\u00e1s ako od dotknutej osoby iba tie osobn\u00e9 \u00fadaje, ktor\u00e9 nevyhnutnou z\u00e1konnou alebo zmluvnou po\u017eiadavkou pre naplnenie \u00fa\u010delu ich sprac\u00favania. Upozor\u0148ujeme V\u00e1s, \u017ee neposkytnutie t\u00fdchto povinn\u00fdch \u00fadajov nevyhnutn\u00fdch na uzatvorenie zmluvy m\u00f4\u017ee ma\u0165 za n\u00e1sledok neuzavretie zmluvn\u00e9ho vz\u0165ahu.<\/li>\n<\/ul>\n\n\n\n<p>\u200b<\/p>\n\n\n\n<p><strong>PREV\u00c1DZKOVATE\u013d:<\/strong><\/p>\n\n\n\n<p><strong>Obchodn\u00e9 meno: <\/strong>NORDWICH sro<br><strong>S\u00eddlo: <\/strong>Slovensko, 917 01 Trnava, Priemyseln\u00e1 1<br><strong>I\u010cO:<\/strong> 5148964<br><strong>Zap\u00edsan\u00fd<\/strong> v ORSR OS Trnava, oddiel: Sro, Vlo\u017eka \u010d\u00edslo: 41850\/T<\/p>\n\n\n\n<p><strong>Kontaktn\u00e9 \u00fadaje Prev\u00e1dzkovate\u013ea:<\/strong><br><strong>Kontaktn\u00e1 osoba:<\/strong> Janka Malovcov\u00e1<br><strong>Tel.:<\/strong> 0908 205752<br><strong>E-mail:<\/strong> nordwich@centrum.sk<br>Priemyseln\u00e1 1, 917 01 Trnava<\/p>\n\n\n\n<h3 class=\"wp-block-heading\">\u200bPr\u00e1va dotknut\u00fdch os\u00f4b:<\/h3>\n\n\n\n<ul class=\"wp-block-list\">\n<li>Pr\u00e1vo na pr\u00edstup k O\u00da<\/li>\n\n\n\n<li>Pr\u00e1vo na opravu<\/li>\n\n\n\n<li>Pr\u00e1vo na v\u00fdmaz<\/li>\n\n\n\n<li>Pr\u00e1vo na obmedzenie sprac\u00favania<\/li>\n\n\n\n<li>Pr\u00e1vo na prenosnos\u0165<\/li>\n\n\n\n<li>Pr\u00e1vo namieta\u0165<\/li>\n\n\n\n<li>Pr\u00e1vo poda\u0165 n\u00e1vrh<\/li>\n<\/ul>\n\n\n\n<p>\u200b<strong>Dotknutou osobou<\/strong> je fyzick\u00e1 osoba, ktorej osobn\u00e9 \u00fadaje sprac\u00favame, najm\u00e4, nie v\u0161ak v\u00fdlu\u010dne s\u00fa to zamestnanci a klienti. Tak\u00e9to dotknut\u00e9 osoby, o ktor\u00fdch s\u00fa sprac\u00favan\u00e9 osobn\u00e9 \u00fadaje v na\u0161ich informa\u010dn\u00fdch syst\u00e9moch pre konkr\u00e9tne vymedzen\u00e9 \u00fa\u010dely disponuj\u00fa pr\u00e1vami, ktor\u00e9 si m\u00f4\u017eu uplatni\u0165 p\u00edsomne alebo elektronicky u kontaktnej osoby prev\u00e1dzkovate\u013ea. Dotknut\u00e1 osoba ste VY.<\/p>\n\n\n\n<p>\u200b<strong>Pr\u00e1vo na pr\u00edstup k osobn\u00fdm \u00fadajom<\/strong><\/p>\n\n\n\n<p>t.j. pr\u00e1vo z\u00edska\u0165 od kompetentnej osoby potvrdenie o tom, \u010di doch\u00e1dza k sprac\u00favaniu osobn\u00fdch \u00fadajov dotknutej osoby, ktor\u00e1 svoje pr\u00e1vo uplatnila, ako aj pr\u00e1vo z\u00edska\u0165 pr\u00edstup k t\u00fdmto \u00fadajom. Ako dotknut\u00e1 osoba m\u00e1te n\u00e1rok na pr\u00edstup k inform\u00e1ci\u00e1m o: \u00fa\u010deloch sprac\u00favania, kateg\u00f3rii dotknut\u00fdch osobn\u00fdch \u00fadajov, okruhu pr\u00edjemcov, o dobe sprac\u00favania a uchov\u00e1vania, o postupe v ka\u017edom automatickom sprac\u00favan\u00ed, pr\u00edpadne o n\u00e1sledkoch tak\u00e9hoto sprac\u00favania a i. (\u010dl. 15 Nariadenia). Ako prev\u00e1dzkovate\u013e m\u00e1me pr\u00e1vo pou\u017ei\u0165 v\u0161etky primeran\u00e9 opatrenia na overenie toto\u017enosti dotknutej osoby, ktor\u00e1 \u017eiada o pr\u00edstup k \u00fadajom, najm\u00e4 v s\u00favislosti s online slu\u017ebami a identifik\u00e1tormi. Na z\u00e1klade \u017eiadosti dotknutej osoby vystav\u00ed prev\u00e1dzkovate\u013e potvrdenie o tom, \u010di sa sprac\u00favaj\u00fa osobn\u00e9 \u00fadaje dotknutej osoby, ktor\u00e9 sa jej t\u00fdkaj\u00fa. Pokia\u013e prev\u00e1dzkovate\u013e tieto \u00fadaje sprac\u00fava, vystav\u00ed na z\u00e1klade \u017eiadosti k\u00f3piu t\u00fdchto osobn\u00fdch \u00fadajov dotknutej osoby. Vystavenie prvej k\u00f3pie je bezplatn\u00e9. Za ak\u00e9ko\u013evek \u010fal\u0161ie k\u00f3pie, o ktor\u00e9 osoba po\u017eiada, bude prev\u00e1dzkovate\u013e \u00fa\u010dtova\u0165 poplatok zodpovedaj\u00faci administrat\u00edvnym n\u00e1kladom, ktor\u00e9 mu s vystaven\u00edm k\u00f3pie vznikn\u00fa. Pokia\u013e osoba po\u017eiada o inform\u00e1cie formou elektronick\u00fdch prostriedkov, bud\u00fa jej poskytnut\u00e9 v be\u017ene pou\u017e\u00edvanej elektronickej podobe, a to formou e-mailu, pokia\u013e nepo\u017eiada o in\u00fd sp\u00f4sob.<\/p>\n\n\n\n<p>\u200b<strong>Pr\u00e1vo na obmedzenie sprac\u00favania<\/strong><\/p>\n\n\n\n<p>je mo\u017en\u00e9 uplatni\u0165, ak ako dotknut\u00e1 osoba napadnete spr\u00e1vnos\u0165 osobn\u00fdch \u00fadajov a ostatn\u00fdch n\u00e1le\u017eitost\u00ed v zmysle \u010dl\u00e1nku 18, recit\u00e1lu 67 Nariadenia, a to formou do\u010dasn\u00e9ho presunutia vybran\u00fdch osobn\u00fdch \u00fadajov do in\u00e9ho syst\u00e9mu sprac\u00favania, zamedzenia pr\u00edstupu pou\u017e\u00edvate\u013eov k vybran\u00fdch osobn\u00fdm \u00fadajov alebo do\u010dasn\u00e9 odstr\u00e1nenie sprac\u00favania.<\/p>\n\n\n\n<p><strong>Pr\u00e1vo na opravu<\/strong><\/p>\n\n\n\n<p>pokia\u013e o nej prev\u00e1dzkovate\u013e eviduje nespr\u00e1vne osobn\u00e9 \u00fadaje. Z\u00e1rove\u0148 m\u00e1 dotknut\u00e1 osoba pr\u00e1vo na doplnenie ne\u00fapln\u00fdch osobn\u00fdch \u00fadajov. Prev\u00e1dzkovate\u013e vykon\u00e1 opravu, pr\u00edpadne doplnenie osobn\u00fdch \u00fadajov bez zbyto\u010dn\u00e9ho odkladu po tom, \u010do ho dotknut\u00e1 osoba po\u017eiada.<\/p>\n\n\n\n<p><strong>Pr\u00e1vo na v\u00fdmaz<\/strong><\/p>\n\n\n\n<p>\u201ezabudnutie\u201c t\u00fdch osobn\u00fdch \u00fadajov, ktor\u00e9 sa jej \/dotknutej osoby\/ t\u00fdkaj\u00fa. Toto pr\u00e1vo dotknutej osoby je v\u0161ak vzh\u013eadom na svoju povahu a z\u00e1va\u017enos\u0165 obmedzen\u00e9 stanoven\u00edm \u010fal\u0161\u00edch predpokladov, t.j. prev\u00e1dzkovate\u013e bez zbyto\u010dn\u00e9ho odkladu po uplatnen\u00ed tohto pr\u00e1va dotknutou osobou vyma\u017ee osobn\u00e9 \u00fadaje, ak je splnen\u00fd niektor\u00fd z nasleduj\u00facich predpokladov: a) osobn\u00e9 \u00fadaje u\u017e nie s\u00fa potrebn\u00e9 na \u00fa\u010dely, na ktor\u00e9 sa z\u00edskavali alebo inak sprac\u00favali; b) dotknut\u00e1 osoba odvol\u00e1 s\u00fahlas, na z\u00e1klade ktor\u00e9ho sa sprac\u00favanie vykon\u00e1va; c) dotknut\u00e1 osoba namieta vo\u010di sprac\u00favaniu osobn\u00fdch \u00fadajov; d)osobn\u00e9 \u00fadaje sa sprac\u00favali nez\u00e1konne; e) je d\u00f4vodom pre v\u00fdmaz splnenie povinnosti z\u00e1kona, osobitn\u00e9ho predpisu alebo medzin\u00e1rodnej zmluvy, ktorou je Slovensk\u00e1 republika viazan\u00e1, alebo f) osobn\u00e9 \u00fadaje sa z\u00edskavali v s\u00favislosti s ponukou slu\u017eieb informa\u010dnej spolo\u010dnosti osobe mlad\u0161ej ako 16 rokov.<\/p>\n\n\n\n<p>Dotknut\u00e1 osoba nebude ma\u0165 pr\u00e1vo na v\u00fdmaz osobn\u00fdch \u00fadajov za predpokladu, \u017ee je ich sprac\u00favanie potrebn\u00e9: a) na uplatnenie pr\u00e1va na slobodu prejavu a na inform\u00e1cie; b) na splnenie povinnosti pod\u013ea z\u00e1kona, osobitn\u00e9ho predpisu alebo medzin\u00e1rodnej zmluvy, ktorou je Slovensk\u00e1 republika viazan\u00e1, alebo na splnenie \u00falohy realizovanej vo verejnom z\u00e1ujme alebo pri v\u00fdkone verejnej moci zverenej prev\u00e1dzkovate\u013eovi; c) z d\u00f4vodov verejn\u00e9ho z\u00e1ujmu v oblasti verejn\u00e9ho zdravia; d) na \u00fa\u010dely archiv\u00e1cie vo verejnom z\u00e1ujme, na \u00fa\u010dely vedeck\u00e9ho alebo historick\u00e9ho v\u00fdskumu \u010di na \u0161tatistick\u00e9 \u00fa\u010dely, pokia\u013e je pravdepodobn\u00e9, \u017ee pr\u00e1vo na v\u00fdmaz znemo\u017en\u00ed alebo z\u00e1va\u017en\u00fdm sp\u00f4sobom s\u0165a\u017e\u00ed dosiahnutie cie\u013eov tak\u00e9hoto sprac\u00favania, alebo e) na preukazovanie, uplat\u0148ovanie alebo obhajovanie pr\u00e1vnych n\u00e1rokov.<\/p>\n\n\n\n<p>Prev\u00e1dzkovate\u013e vykon\u00e1 v\u00fdmaz osobn\u00fdch \u00fadajov dotknut\u00fdch os\u00f4b na z\u00e1klade \u017eiadosti, a to bez zbyto\u010dn\u00e9ho odkladu po tom, \u010do vyhodnot\u00ed, \u017ee \u017eiados\u0165 dotknutej osoby je d\u00f4vodn\u00e1.<\/p>\n\n\n\n<p><strong>Pr\u00e1vo poda\u0165 n\u00e1vrh na za\u010datie konania<\/strong><\/p>\n\n\n\n<p>Dotknut\u00e1 osoba m\u00e1 pr\u00e1vo poda\u0165 n\u00e1vrh na za\u010datie konania \u00daradu na ochranu osobn\u00fdch \u00fadajov Slovenskej republiky, pokia\u013e sa domnieva, \u017ee boli poru\u0161en\u00e9 jej pr\u00e1va v oblasti ochrany osobn\u00fdch \u00fadajov.<\/p>\n\n\n\n<p><strong>\u200bPr\u00e1vo namieta\u0165<\/strong><\/p>\n\n\n\n<p>Dotknut\u00e1 osoba m\u00e1 pr\u00e1vo kedyko\u013evek namieta\u0165 vo\u010di sprac\u00favaniu jej osobn\u00fdch \u00fadajov z d\u00f4vodov t\u00fdkaj\u00facich sa jej konkr\u00e9tnej situ\u00e1cie. M\u00f4\u017ee namieta\u0165 sprac\u00favanie jej osobn\u00fdch \u00fadajov na z\u00e1klade a)pr\u00e1vneho titulu plnenia \u00faloh realizovan\u00fdch vo verejnom z\u00e1ujme alebo pri v\u00fdkone verejnej moci, alebo z pr\u00e1vneho titulu opr\u00e1vnen\u00e9ho z\u00e1ujmu prev\u00e1dzkovate\u013ea; b)sprac\u00favania osobn\u00fdch \u00fadajov na \u00fa\u010dely priameho marketingu; c)spracovania na \u00fa\u010dely vedeck\u00e9ho \u010di historick\u00e9ho v\u00fdskumu alebo na \u0161tatistick\u00e9 \u00fa\u010dely. Doru\u010den\u00fa n\u00e1mietku v primeranom \u010dase pos\u00fadime. V tomto pr\u00edpade nesmieme \u010falej sprac\u00fava\u0165 osobn\u00e9 \u00fadaje, ak nepreuk\u00e1\u017eeme nevyhnutn\u00e9 opr\u00e1vnen\u00e9 z\u00e1ujmy na sprac\u00favanie osobn\u00fdch \u00fadajov, ktor\u00e9 preva\u017euj\u00fa nad pr\u00e1vami alebo z\u00e1ujmami dotknutej osoby, alebo d\u00f4vody na uplatnenie pr\u00e1vneho n\u00e1roku.<\/p>\n\n\n\n<p><strong>Pr\u00e1vo na prenosnos\u0165 osobn\u00fdch \u00fadajov<\/strong><\/p>\n\n\n\n<p>ako dotknut\u00e1 osoba m\u00e1te pr\u00e1vo, aby osobn\u00e9 \u00fadaje, ktor\u00e9 ste poskytla prev\u00e1dzkovate\u013eovi, preniesol \u010fal\u0161iemu prev\u00e1dzkovate\u013eovi v be\u017ene pou\u017e\u00edvate\u013enom a strojovo \u010ditate\u013enom form\u00e1te za predpokladu, \u017ee osobn\u00e9 \u00fadaje boli z\u00edskan\u00e9 na z\u00e1klade s\u00fahlasu dotknutej osoby alebo na z\u00e1klade zmluvy a ich spracovanie prebieha formou automatizovan\u00fdch prostriedkov.<\/p>\n","protected":false},"excerpt":{"rendered":"<p>Z\u00e1kladn\u00e9 inform\u00e1cie K ochrane va\u0161ich osobn\u00fdch \u00fadajov pristupujeme zodpovedne a v plnom rozsahu garantujeme Va\u0161e pr\u00e1vo na inform\u00e1cie. Pri spracovan\u00ed osobn\u00fdch \u00fadajov sa riadime Nariaden\u00edm&hellip;<\/p>\n","protected":false},"author":1,"featured_media":0,"parent":0,"menu_order":0,"comment_status":"closed","ping_status":"closed","template":"","meta":{"footnotes":""},"class_list":["post-136","page","type-page","status-publish","hentry"],"translation":{"provider":"WPGlobus","version":"3.0.0","language":"de","enabled_languages":["sk","bs","de"],"languages":{"sk":{"title":true,"content":true,"excerpt":false},"bs":{"title":false,"content":false,"excerpt":false},"de":{"title":false,"content":false,"excerpt":false}}},"yoast_head":"<!-- This site is optimized with the Yoast SEO plugin v26.1.1 - https:\/\/yoast.com\/wordpress\/plugins\/seo\/ -->\n<title>Ochrana osobn\u00fdch \u00fadajov - Nordwich<\/title>\n<meta name=\"robots\" content=\"index, follow, max-snippet:-1, max-image-preview:large, max-video-preview:-1\" \/>\n<link rel=\"canonical\" href=\"http:\/\/www.nordwich.com\/bs\/ochrana-osobnych-udajov\/\" \/>\n<meta property=\"og:locale\" content=\"de_DE\" \/>\n<meta property=\"og:type\" content=\"article\" \/>\n<meta property=\"og:title\" content=\"Ochrana osobn\u00fdch \u00fadajov - Nordwich\" \/>\n<meta property=\"og:url\" content=\"http:\/\/www.nordwich.com\/bs\/ochrana-osobnych-udajov\/\" \/>\n<meta property=\"og:site_name\" content=\"Nordwich\" \/>\n<meta property=\"article:modified_time\" content=\"2023-03-20T07:08:03+00:00\" \/>\n<meta name=\"twitter:card\" content=\"summary_large_image\" \/>\n<meta name=\"twitter:label1\" content=\"Est. reading time\" \/>\n\t<meta name=\"twitter:data1\" content=\"8 minutes\" \/>\n<script type=\"application\/ld+json\" class=\"yoast-schema-graph\">{\"@context\":\"https:\/\/schema.org\",\"@graph\":[{\"@type\":\"WebPage\",\"@id\":\"http:\/\/www.nordwich.com\/bs\/ochrana-osobnych-udajov\/\",\"url\":\"http:\/\/www.nordwich.com\/bs\/ochrana-osobnych-udajov\/\",\"name\":\"Ochrana osobn\u00fdch \u00fadajov - Nordwich\",\"isPartOf\":{\"@id\":\"https:\/\/www.nordwich.com\/#website\"},\"datePublished\":\"2023-03-20T06:48:43+00:00\",\"dateModified\":\"2023-03-20T07:08:03+00:00\",\"breadcrumb\":{\"@id\":\"http:\/\/www.nordwich.com\/bs\/ochrana-osobnych-udajov\/#breadcrumb\"},\"inLanguage\":\"de-DE\",\"potentialAction\":[{\"@type\":\"ReadAction\",\"target\":[\"http:\/\/www.nordwich.com\/bs\/ochrana-osobnych-udajov\/\"]}]},{\"@type\":\"BreadcrumbList\",\"@id\":\"http:\/\/www.nordwich.com\/bs\/ochrana-osobnych-udajov\/#breadcrumb\",\"itemListElement\":[{\"@type\":\"ListItem\",\"position\":1,\"name\":\"Domovsk\u00e1 str\u00e1nka\",\"item\":\"https:\/\/www.nordwich.com\/\"},{\"@type\":\"ListItem\",\"position\":2,\"name\":\"Ochrana osobn\u00fdch \u00fadajov\"}]},{\"@type\":\"WebSite\",\"@id\":\"https:\/\/www.nordwich.com\/#website\",\"url\":\"https:\/\/www.nordwich.com\/\",\"name\":\"Nordwich\",\"description\":\"HR-Agentur\",\"publisher\":{\"@id\":\"https:\/\/www.nordwich.com\/#organization\"},\"potentialAction\":[{\"@type\":\"SearchAction\",\"target\":{\"@type\":\"EntryPoint\",\"urlTemplate\":\"https:\/\/www.nordwich.com\/?s={search_term_string}\"},\"query-input\":{\"@type\":\"PropertyValueSpecification\",\"valueRequired\":true,\"valueName\":\"search_term_string\"}}],\"inLanguage\":\"de-DE\"},{\"@type\":\"Organization\",\"@id\":\"https:\/\/www.nordwich.com\/#organization\",\"name\":\"Nordwich\",\"url\":\"https:\/\/www.nordwich.com\/\",\"logo\":{\"@type\":\"ImageObject\",\"inLanguage\":\"de-DE\",\"@id\":\"https:\/\/www.nordwich.com\/#\/schema\/logo\/image\/\",\"url\":\"http:\/\/www.nordwich.com\/wp-content\/uploads\/2026\/01\/nordwich_partners01.jpg\",\"contentUrl\":\"http:\/\/www.nordwich.com\/wp-content\/uploads\/2026\/01\/nordwich_partners01.jpg\",\"width\":1110,\"height\":329,\"caption\":\"Nordwich\"},\"image\":{\"@id\":\"https:\/\/www.nordwich.com\/#\/schema\/logo\/image\/\"}}]}<\/script>\n<!-- \/ Yoast SEO plugin. -->","yoast_head_json":{"title":"Ochrana osobn\u00fdch \u00fadajov - Nordwich","robots":{"index":"index","follow":"follow","max-snippet":"max-snippet:-1","max-image-preview":"max-image-preview:large","max-video-preview":"max-video-preview:-1"},"canonical":"http:\/\/www.nordwich.com\/bs\/ochrana-osobnych-udajov\/","og_locale":"de_DE","og_type":"article","og_title":"Ochrana osobn\u00fdch \u00fadajov - Nordwich","og_url":"http:\/\/www.nordwich.com\/bs\/ochrana-osobnych-udajov\/","og_site_name":"Nordwich","article_modified_time":"2023-03-20T07:08:03+00:00","twitter_card":"summary_large_image","twitter_misc":{"Est. reading time":"8 minutes"},"schema":{"@context":"https:\/\/schema.org","@graph":[{"@type":"WebPage","@id":"http:\/\/www.nordwich.com\/bs\/ochrana-osobnych-udajov\/","url":"http:\/\/www.nordwich.com\/bs\/ochrana-osobnych-udajov\/","name":"Ochrana osobn\u00fdch \u00fadajov - Nordwich","isPartOf":{"@id":"https:\/\/www.nordwich.com\/#website"},"datePublished":"2023-03-20T06:48:43+00:00","dateModified":"2023-03-20T07:08:03+00:00","breadcrumb":{"@id":"http:\/\/www.nordwich.com\/bs\/ochrana-osobnych-udajov\/#breadcrumb"},"inLanguage":"de-DE","potentialAction":[{"@type":"ReadAction","target":["http:\/\/www.nordwich.com\/bs\/ochrana-osobnych-udajov\/"]}]},{"@type":"BreadcrumbList","@id":"http:\/\/www.nordwich.com\/bs\/ochrana-osobnych-udajov\/#breadcrumb","itemListElement":[{"@type":"ListItem","position":1,"name":"Domovsk\u00e1 str\u00e1nka","item":"https:\/\/www.nordwich.com\/"},{"@type":"ListItem","position":2,"name":"Ochrana osobn\u00fdch \u00fadajov"}]},{"@type":"WebSite","@id":"https:\/\/www.nordwich.com\/#website","url":"https:\/\/www.nordwich.com\/","name":"Nordwich","description":"HR-Agentur","publisher":{"@id":"https:\/\/www.nordwich.com\/#organization"},"potentialAction":[{"@type":"SearchAction","target":{"@type":"EntryPoint","urlTemplate":"https:\/\/www.nordwich.com\/?s={search_term_string}"},"query-input":{"@type":"PropertyValueSpecification","valueRequired":true,"valueName":"search_term_string"}}],"inLanguage":"de-DE"},{"@type":"Organization","@id":"https:\/\/www.nordwich.com\/#organization","name":"Nordwich","url":"https:\/\/www.nordwich.com\/","logo":{"@type":"ImageObject","inLanguage":"de-DE","@id":"https:\/\/www.nordwich.com\/#\/schema\/logo\/image\/","url":"http:\/\/www.nordwich.com\/wp-content\/uploads\/2026\/01\/nordwich_partners01.jpg","contentUrl":"http:\/\/www.nordwich.com\/wp-content\/uploads\/2026\/01\/nordwich_partners01.jpg","width":1110,"height":329,"caption":"Nordwich"},"image":{"@id":"https:\/\/www.nordwich.com\/#\/schema\/logo\/image\/"}}]}},"_links":{"self":[{"href":"http:\/\/www.nordwich.com\/de\/wp-json\/wp\/v2\/pages\/136","targetHints":{"allow":["GET"]}}],"collection":[{"href":"http:\/\/www.nordwich.com\/de\/wp-json\/wp\/v2\/pages"}],"about":[{"href":"http:\/\/www.nordwich.com\/de\/wp-json\/wp\/v2\/types\/page"}],"author":[{"embeddable":true,"href":"http:\/\/www.nordwich.com\/de\/wp-json\/wp\/v2\/users\/1"}],"replies":[{"embeddable":true,"href":"http:\/\/www.nordwich.com\/de\/wp-json\/wp\/v2\/comments?post=136"}],"version-history":[{"count":4,"href":"http:\/\/www.nordwich.com\/de\/wp-json\/wp\/v2\/pages\/136\/revisions"}],"predecessor-version":[{"id":143,"href":"http:\/\/www.nordwich.com\/de\/wp-json\/wp\/v2\/pages\/136\/revisions\/143"}],"wp:attachment":[{"href":"http:\/\/www.nordwich.com\/de\/wp-json\/wp\/v2\/media?parent=136"}],"curies":[{"name":"wp","href":"https:\/\/api.w.org\/{rel}","templated":true}]}}