{"id":18,"date":"2023-03-16T12:56:17","date_gmt":"2023-03-16T12:56:17","guid":{"rendered":"http:\/\/www.nordwich.com\/?page_id=18"},"modified":"2023-09-16T13:58:43","modified_gmt":"2023-09-16T13:58:43","slug":"o-nas","status":"publish","type":"page","link":"http:\/\/www.nordwich.com\/de\/o-nas\/","title":{"rendered":"\u00dcber uns"},"content":{"rendered":"\n<div class=\"wp-block-columns is-layout-flex wp-container-core-columns-is-layout-9d6595d7 wp-block-columns-is-layout-flex\">\n<div class=\"wp-block-column is-layout-flow wp-block-column-is-layout-flow\">\n<div class=\"wp-block-columns is-layout-flex wp-container-core-columns-is-layout-9d6595d7 wp-block-columns-is-layout-flex\">\n<div class=\"wp-block-column is-layout-flow wp-block-column-is-layout-flow\" style=\"flex-basis:100%\"><div class=\"wp-block-image\">\n<figure class=\"alignleft\"><img loading=\"lazy\" decoding=\"async\" width=\"1024\" height=\"605\" src=\"http:\/\/www.nordwich.com\/wp-content\/uploads\/2023\/03\/man-g732d83f03_1920-1024x605.jpg\" alt=\"Pracovn\u00e1 ponuka\" class=\"wp-image-52\" srcset=\"http:\/\/www.nordwich.com\/wp-content\/uploads\/2023\/03\/man-g732d83f03_1920-1024x605.jpg 1024w, http:\/\/www.nordwich.com\/wp-content\/uploads\/2023\/03\/man-g732d83f03_1920-300x177.jpg 300w, http:\/\/www.nordwich.com\/wp-content\/uploads\/2023\/03\/man-g732d83f03_1920-768x454.jpg 768w, http:\/\/www.nordwich.com\/wp-content\/uploads\/2023\/03\/man-g732d83f03_1920-1536x908.jpg 1536w, http:\/\/www.nordwich.com\/wp-content\/uploads\/2023\/03\/man-g732d83f03_1920.jpg 1920w\" sizes=\"auto, (max-width: 1024px) 100vw, 1024px\" \/><\/figure>\n<\/div><\/div>\n<\/div>\n<\/div>\n\n\n\n<div class=\"wp-block-column is-layout-flow wp-block-column-is-layout-flow\">\n<p>NORDWICH verbindet mehrere Segmente aus dem Bereich Human Resources in der Slowakei, \u00d6sterreich, Deutschland und anderen Arbeitsm\u00e4rkten im EU &#8211; Gebiet. NORDWICH verbindet auch h\u00f6here Formen der Zusammenarbeit mit Arbeitgeber\/innen auf dem<br>Arbeitsmarkt: pers\u00f6nlich Agenturen, Arbeitsvermittlung, klassisch _ _ doo Firmen, Aktiengesellschaften und Privatpersonen.<\/p>\n<\/div>\n<\/div>\n\n\n\n<h3 class=\"wp-block-heading\"><strong>Maurerei, Bauarbeiten und Rekonstruktion von Objekten<\/strong><\/h3>\n\n\n\n<p>Maurerei\/Bauarbeiten und die Rekonstruktion von Objekten stellen ebenfalls eine unabh\u00e4ngig Aktivit\u00e4t unseres Unternehmens dar. Wir engagieren uns dabei f\u00fcr die Umsetzung von Rohbauarbeiten (ROH- Bau), Installationsarbeiten und Sanierungen von alten Einrichtungen. Neben den Bauarbeiten, f\u00fchren wir auch Reinigungsarbeiten durch \u2013 f\u00fcr den Kunden k\u00f6nnen wir Geb\u00e4ude (Dachb\u00f6den, Keller, Garagen und Wohnr\u00e4ume) sowie R\u00e4ume nach dem Bau und \u00e4hnliche Arbeiten reinigen und f\u00fcr die Inspektion oder Legalisierung vorbereiten. Ein weiterer Bereich unserer T\u00e4tigkeit sind Abbrucharbeiten: Entfernung von Fliesen, B\u00f6den, Tapeten, T\u00fcren, Fenstern usw. Die Entsorgung von Abfallstoffen wird selbstverst\u00e4ndlich von uns \u00fcbernommen.<\/p>\n\n\n\n<p><strong>Bei der Einstellung der erforderlichen Arbeitskr\u00e4fte und der Suche nach Mitarbeiter\/innen nutzen wir die Tatsache, dass wir im Rahmen unserer Dienstleistungen in den Bereichen Arbeits-, Verwaltungs- und Buchhaltungsagenden mit mehr als 100 Privatpersonen aus verschiedenen Berufen im t\u00e4glichen Kontakt stehen, welche wir f\u00fcr Auftr\u00e4ge reaktivieren k\u00f6nnen<\/strong>.<\/p>\n\n\n\n<h3 class=\"wp-block-heading\"><strong>HR-Agentur<\/strong><\/h3>\n\n\n\n<p>Die Personalvermittlung besch\u00e4ftigt sich vorrangig mit der Vermittlung von Arbeitskr\u00e4ften. Auf Englisch \u201epermanent placement\u201c. Der Kunde beauftragt unsere Personalvermittler\/innen mit der Suche nach geeigneten Kandidat\/innen f\u00fcr konkrete Positionen gegen eine einmalige Provision.<\/p>\n\n\n\n<h3 class=\"wp-block-heading\"><strong>Agentur f\u00fcr Arbeit<\/strong><\/h3>\n\n\n\n<p>Personalagentur oder <strong>APZ (<\/strong>in der Slowakei <strong>ADZ)<\/strong>.<\/p>\n\n\n\n<p><strong>Die Abk\u00fcrzung ADZ <\/strong>wird in der Slowakei verwendet und bedeutet \u201eZeitarbeitsagentur\u201c. ADZ vermittelt Arbeitskr\u00e4fte anders als bei der Personalvermittlung. ADZ verf\u00fcgt \u00fcber eigene Arbeitskr\u00e4fte, die es seinen Kunden (Nutzer\/innen) \u201eleiht\u201c. Die Agentur f\u00fcr Arbeit hat eigene, genaue gesetzliche Regelungen, die es zu beachten gilt. In der Slowakei entscheidet die \u00daPSVaR (Arbeitsgruppe f\u00fcr Besch\u00e4ftigung, Soziales und Familienpflege) \u00fcber die Erteilung von Lizenzen f\u00fcr die Erbringung von Zeitarbeitsdienstleistungen.<\/p>\n\n\n\n<h3 class=\"wp-block-heading\"><strong>Dienstleistungen<\/strong><\/h3>\n\n\n\n<p>Neben den Angeboten der HR-Agenturen ( Rekrutierung , Besch\u00e4ftigung , Besch\u00e4ftigungsunterst\u00fctzung ) bietet NORDWICH Dienstleistungen mit verwaltungsrechtlichem Charakter an . Dazu geh\u00f6rt beispielsweise die Unterst\u00fctzung bei der Verwirklichung einer Arbeitsaufenthaltsberechtigung. F\u00fcr Leute , die einen Wohnsitz und eine Arbeitserlaubnis haben, k\u00fcmmern wir uns um jegliche Verpflichtungen, welche sie einmal verpflichtend oder regelm\u00e4\u00dfig zu erf\u00fcllen haben. Au\u00dferdem unterst\u00fctzen wir sie, wenn sie legal in der Slowakei oder innerhalb Schengenezone\/ EU arbeiten wollen. Es kann bei diesen Leuten zu gro\u00dfen Herausforderungen kommen, da sie sich meistens nicht gut im Bereich Recht und Buchhaltung in den jeweiligen L\u00e4ndern, wo sie die neue Arbeit aufsuchen, auskennen.<\/p>\n\n\n\n<p><strong>Neben der Bereitstellung von allen notwendigen Verwaltungs- , Rechts -, Finanz- und Buchhaltungsservices kommunizieren wir in vielen Sprachen mit unseren Kunden ( Serbisch , Mazedonisch , Ukrainisch , Deutsch &#8230; usw. )<\/strong><\/p>\n\n\n\n<h3 class=\"wp-block-heading\"><strong>Arbeiten in einem Lager<\/strong><\/h3>\n\n\n\n<p>Im Rahmen der Zusammenarbeit mit gro\u00dfen und renommierten Unternehmen (Tesco, Kaufland, Lidl, Billa, Vviss usw. ) k\u00f6nnen wir die erforderliche Anzahl von Lagerarbeiter\/innen \u2013 Kommissionierern bereitstellen . Unsere Arbeiter\/innen haben BOZP- Zertifikate ( Sicherheit und Gesundheitsschutz am Arbeitsplatz) und VZV- F\u00fchrerscheine ( Gabelstapler ) , sowie \u00e4rztliche Atteste .Wir sorgen daf\u00fcr , dass alle Arbeitnehmer\/innen legal auf dem Arbeitsmarkt arbeiten und Vertr\u00e4ge \u00fcber die Zusammenarbeit mit unserem Unternehmen haben. Wir k\u00fcmmern uns komplett um unsere Arbeitskr\u00e4fte: Lieferung und Abholung zur und von der Arbeit (falls erforderlich Unterk\u00fcnfte). Au\u00dferdem stellen wir Arbeitskleidung und Schuhe und dergleichen zur Verf\u00fcgung . Unsere Lagermitarbeiter\/innen sind f\u00e4hig Arbeiten im Lager auf verschiedenen technischen Niveaus in der Slowakei und in \u00d6sterreich zu verrichten .<\/p>\n","protected":false},"excerpt":{"rendered":"<p>NORDWICH verbindet mehrere Segmente aus dem Bereich Human Resources in der Slowakei, \u00d6sterreich, Deutschland und anderen Arbeitsm\u00e4rkten im EU &#8211; Gebiet. NORDWICH verbindet auch h\u00f6here&hellip;<\/p>\n","protected":false},"author":1,"featured_media":0,"parent":0,"menu_order":0,"comment_status":"closed","ping_status":"closed","template":"","meta":{"footnotes":""},"class_list":["post-18","page","type-page","status-publish","hentry"],"translation":{"provider":"WPGlobus","version":"3.0.0","language":"de","enabled_languages":["sk","bs","de"],"languages":{"sk":{"title":true,"content":true,"excerpt":false},"bs":{"title":true,"content":true,"excerpt":false},"de":{"title":true,"content":true,"excerpt":false}}},"yoast_head":"<!-- This site is optimized with the Yoast SEO plugin v26.1.1 - https:\/\/yoast.com\/wordpress\/plugins\/seo\/ -->\n<title>\u00dcber uns - Nordwich<\/title>\n<meta name=\"robots\" content=\"index, follow, max-snippet:-1, max-image-preview:large, max-video-preview:-1\" \/>\n<link rel=\"canonical\" href=\"https:\/\/www.nordwich.com\/o-nas\/\" \/>\n<meta property=\"og:locale\" content=\"de_DE\" \/>\n<meta property=\"og:type\" content=\"article\" \/>\n<meta property=\"og:title\" content=\"\u00dcber uns - Nordwich\" \/>\n<meta property=\"og:url\" content=\"https:\/\/www.nordwich.com\/o-nas\/\" \/>\n<meta property=\"og:site_name\" content=\"Nordwich\" \/>\n<meta property=\"article:modified_time\" content=\"2023-09-16T13:58:43+00:00\" \/>\n<meta property=\"og:image\" content=\"http:\/\/www.nordwich.com\/wp-content\/uploads\/2023\/03\/man-g732d83f03_1920-1024x605.jpg\" \/>\n<meta name=\"twitter:card\" content=\"summary_large_image\" \/>\n<meta name=\"twitter:label1\" content=\"Est. reading time\" \/>\n\t<meta name=\"twitter:data1\" content=\"3 minutes\" \/>\n<script type=\"application\/ld+json\" class=\"yoast-schema-graph\">{\"@context\":\"https:\/\/schema.org\",\"@graph\":[{\"@type\":\"WebPage\",\"@id\":\"https:\/\/www.nordwich.com\/o-nas\/\",\"url\":\"https:\/\/www.nordwich.com\/o-nas\/\",\"name\":\"\u00dcber uns - Nordwich\",\"isPartOf\":{\"@id\":\"https:\/\/www.nordwich.com\/#website\"},\"primaryImageOfPage\":{\"@id\":\"https:\/\/www.nordwich.com\/o-nas\/#primaryimage\"},\"image\":{\"@id\":\"https:\/\/www.nordwich.com\/o-nas\/#primaryimage\"},\"thumbnailUrl\":\"http:\/\/www.nordwich.com\/wp-content\/uploads\/2023\/03\/man-g732d83f03_1920-1024x605.jpg\",\"datePublished\":\"2023-03-16T12:56:17+00:00\",\"dateModified\":\"2023-09-16T13:58:43+00:00\",\"description\":\"V Nordwich sp\u00e1jame person\u00e1lnu a pracovn\u00fa agent\u00faru, slu\u017eby v stavebn\u00edctve, upratovan\u00ed a skladovan\u00ed, tie\u017e pr\u00e1vny a administra\u010dn\u00fd servis firm\u00e1m.\",\"breadcrumb\":{\"@id\":\"https:\/\/www.nordwich.com\/o-nas\/#breadcrumb\"},\"inLanguage\":\"de-DE\",\"potentialAction\":[{\"@type\":\"ReadAction\",\"target\":[\"https:\/\/www.nordwich.com\/o-nas\/\"]}]},{\"@type\":\"ImageObject\",\"inLanguage\":\"de-DE\",\"@id\":\"https:\/\/www.nordwich.com\/o-nas\/#primaryimage\",\"url\":\"http:\/\/www.nordwich.com\/wp-content\/uploads\/2023\/03\/man-g732d83f03_1920-1024x605.jpg\",\"contentUrl\":\"http:\/\/www.nordwich.com\/wp-content\/uploads\/2023\/03\/man-g732d83f03_1920-1024x605.jpg\"},{\"@type\":\"BreadcrumbList\",\"@id\":\"https:\/\/www.nordwich.com\/o-nas\/#breadcrumb\",\"itemListElement\":[{\"@type\":\"ListItem\",\"position\":1,\"name\":\"Domovsk\u00e1 str\u00e1nka\",\"item\":\"https:\/\/www.nordwich.com\/\"},{\"@type\":\"ListItem\",\"position\":2,\"name\":\"O n\u00e1s\"}]},{\"@type\":\"WebSite\",\"@id\":\"https:\/\/www.nordwich.com\/#website\",\"url\":\"https:\/\/www.nordwich.com\/\",\"name\":\"Nordwich\",\"description\":\"HR-Agentur\",\"publisher\":{\"@id\":\"https:\/\/www.nordwich.com\/#organization\"},\"potentialAction\":[{\"@type\":\"SearchAction\",\"target\":{\"@type\":\"EntryPoint\",\"urlTemplate\":\"https:\/\/www.nordwich.com\/?s={search_term_string}\"},\"query-input\":{\"@type\":\"PropertyValueSpecification\",\"valueRequired\":true,\"valueName\":\"search_term_string\"}}],\"inLanguage\":\"de-DE\"},{\"@type\":\"Organization\",\"@id\":\"https:\/\/www.nordwich.com\/#organization\",\"name\":\"Nordwich\",\"url\":\"https:\/\/www.nordwich.com\/\",\"logo\":{\"@type\":\"ImageObject\",\"inLanguage\":\"de-DE\",\"@id\":\"https:\/\/www.nordwich.com\/#\/schema\/logo\/image\/\",\"url\":\"http:\/\/www.nordwich.com\/wp-content\/uploads\/2026\/01\/nordwich_partners01.jpg\",\"contentUrl\":\"http:\/\/www.nordwich.com\/wp-content\/uploads\/2026\/01\/nordwich_partners01.jpg\",\"width\":1110,\"height\":329,\"caption\":\"Nordwich\"},\"image\":{\"@id\":\"https:\/\/www.nordwich.com\/#\/schema\/logo\/image\/\"}}]}<\/script>\n<!-- \/ Yoast SEO plugin. -->","yoast_head_json":{"title":"\u00dcber uns - Nordwich","robots":{"index":"index","follow":"follow","max-snippet":"max-snippet:-1","max-image-preview":"max-image-preview:large","max-video-preview":"max-video-preview:-1"},"canonical":"https:\/\/www.nordwich.com\/o-nas\/","og_locale":"de_DE","og_type":"article","og_title":"\u00dcber uns - Nordwich","og_url":"https:\/\/www.nordwich.com\/o-nas\/","og_site_name":"Nordwich","article_modified_time":"2023-09-16T13:58:43+00:00","og_image":[{"url":"http:\/\/www.nordwich.com\/wp-content\/uploads\/2023\/03\/man-g732d83f03_1920-1024x605.jpg","type":"","width":"","height":""}],"twitter_card":"summary_large_image","twitter_misc":{"Est. reading time":"3 minutes"},"schema":{"@context":"https:\/\/schema.org","@graph":[{"@type":"WebPage","@id":"https:\/\/www.nordwich.com\/o-nas\/","url":"https:\/\/www.nordwich.com\/o-nas\/","name":"\u00dcber uns - Nordwich","isPartOf":{"@id":"https:\/\/www.nordwich.com\/#website"},"primaryImageOfPage":{"@id":"https:\/\/www.nordwich.com\/o-nas\/#primaryimage"},"image":{"@id":"https:\/\/www.nordwich.com\/o-nas\/#primaryimage"},"thumbnailUrl":"http:\/\/www.nordwich.com\/wp-content\/uploads\/2023\/03\/man-g732d83f03_1920-1024x605.jpg","datePublished":"2023-03-16T12:56:17+00:00","dateModified":"2023-09-16T13:58:43+00:00","description":"V Nordwich sp\u00e1jame person\u00e1lnu a pracovn\u00fa agent\u00faru, slu\u017eby v stavebn\u00edctve, upratovan\u00ed a skladovan\u00ed, tie\u017e pr\u00e1vny a administra\u010dn\u00fd servis firm\u00e1m.","breadcrumb":{"@id":"https:\/\/www.nordwich.com\/o-nas\/#breadcrumb"},"inLanguage":"de-DE","potentialAction":[{"@type":"ReadAction","target":["https:\/\/www.nordwich.com\/o-nas\/"]}]},{"@type":"ImageObject","inLanguage":"de-DE","@id":"https:\/\/www.nordwich.com\/o-nas\/#primaryimage","url":"http:\/\/www.nordwich.com\/wp-content\/uploads\/2023\/03\/man-g732d83f03_1920-1024x605.jpg","contentUrl":"http:\/\/www.nordwich.com\/wp-content\/uploads\/2023\/03\/man-g732d83f03_1920-1024x605.jpg"},{"@type":"BreadcrumbList","@id":"https:\/\/www.nordwich.com\/o-nas\/#breadcrumb","itemListElement":[{"@type":"ListItem","position":1,"name":"Domovsk\u00e1 str\u00e1nka","item":"https:\/\/www.nordwich.com\/"},{"@type":"ListItem","position":2,"name":"O n\u00e1s"}]},{"@type":"WebSite","@id":"https:\/\/www.nordwich.com\/#website","url":"https:\/\/www.nordwich.com\/","name":"Nordwich","description":"HR-Agentur","publisher":{"@id":"https:\/\/www.nordwich.com\/#organization"},"potentialAction":[{"@type":"SearchAction","target":{"@type":"EntryPoint","urlTemplate":"https:\/\/www.nordwich.com\/?s={search_term_string}"},"query-input":{"@type":"PropertyValueSpecification","valueRequired":true,"valueName":"search_term_string"}}],"inLanguage":"de-DE"},{"@type":"Organization","@id":"https:\/\/www.nordwich.com\/#organization","name":"Nordwich","url":"https:\/\/www.nordwich.com\/","logo":{"@type":"ImageObject","inLanguage":"de-DE","@id":"https:\/\/www.nordwich.com\/#\/schema\/logo\/image\/","url":"http:\/\/www.nordwich.com\/wp-content\/uploads\/2026\/01\/nordwich_partners01.jpg","contentUrl":"http:\/\/www.nordwich.com\/wp-content\/uploads\/2026\/01\/nordwich_partners01.jpg","width":1110,"height":329,"caption":"Nordwich"},"image":{"@id":"https:\/\/www.nordwich.com\/#\/schema\/logo\/image\/"}}]}},"_links":{"self":[{"href":"http:\/\/www.nordwich.com\/de\/wp-json\/wp\/v2\/pages\/18","targetHints":{"allow":["GET"]}}],"collection":[{"href":"http:\/\/www.nordwich.com\/de\/wp-json\/wp\/v2\/pages"}],"about":[{"href":"http:\/\/www.nordwich.com\/de\/wp-json\/wp\/v2\/types\/page"}],"author":[{"embeddable":true,"href":"http:\/\/www.nordwich.com\/de\/wp-json\/wp\/v2\/users\/1"}],"replies":[{"embeddable":true,"href":"http:\/\/www.nordwich.com\/de\/wp-json\/wp\/v2\/comments?post=18"}],"version-history":[{"count":33,"href":"http:\/\/www.nordwich.com\/de\/wp-json\/wp\/v2\/pages\/18\/revisions"}],"predecessor-version":[{"id":1030,"href":"http:\/\/www.nordwich.com\/de\/wp-json\/wp\/v2\/pages\/18\/revisions\/1030"}],"wp:attachment":[{"href":"http:\/\/www.nordwich.com\/de\/wp-json\/wp\/v2\/media?parent=18"}],"curies":[{"name":"wp","href":"https:\/\/api.w.org\/{rel}","templated":true}]}}