{"id":235,"date":"2023-06-01T15:56:16","date_gmt":"2023-06-01T15:56:16","guid":{"rendered":"http:\/\/www.nordwich.com\/?page_id=235"},"modified":"2023-09-11T07:12:29","modified_gmt":"2023-09-11T07:12:29","slug":"sluzby","status":"publish","type":"page","link":"http:\/\/www.nordwich.com\/de\/sluzby\/","title":{"rendered":"DIENSTLEISTUNGEN"},"content":{"rendered":"\n<div class=\"wp-block-media-text alignwide is-stacked-on-mobile\"><figure class=\"wp-block-media-text__media\"><img loading=\"lazy\" decoding=\"async\" width=\"1024\" height=\"646\" src=\"http:\/\/www.nordwich.com\/wp-content\/uploads\/2023\/06\/sluzby_office02-1024x646.jpg\" alt=\"Slu\u017eby\" class=\"wp-image-275 size-full\" srcset=\"http:\/\/www.nordwich.com\/wp-content\/uploads\/2023\/06\/sluzby_office02-1024x646.jpg 1024w, http:\/\/www.nordwich.com\/wp-content\/uploads\/2023\/06\/sluzby_office02-300x189.jpg 300w, http:\/\/www.nordwich.com\/wp-content\/uploads\/2023\/06\/sluzby_office02-768x484.jpg 768w, http:\/\/www.nordwich.com\/wp-content\/uploads\/2023\/06\/sluzby_office02.jpg 1280w\" sizes=\"auto, (max-width: 1024px) 100vw, 1024px\" \/><\/figure><div class=\"wp-block-media-text__content\">\n<div style=\"height:33px\" aria-hidden=\"true\" class=\"wp-block-spacer\"><\/div>\n\n\n\n<p>Neben der Erbringung von Dienstleistungen im Zusammenhang mit der Personalarbeit \u00ad(Bewerbungsservice\/Ausschreibungen, Anstellungen, Unterst\u00fctzung von Arbeitnehmer\/innen) erbringt NORDWICH auch Dienstleistungen administrativer und rechtlicher Art.<\/p>\n<\/div><\/div>\n\n\n\n<div style=\"height:38px\" aria-hidden=\"true\" class=\"wp-block-spacer\"><\/div>\n\n\n\n<p><strong>Dazu geh\u00f6rt:<\/strong><\/p>\n\n\n\n<p><strong>GR\u00dcNDUNG VON UNTERNEHMEN <\/strong>(deren Erweiterung, Schlie\u00dfung, Umstrukturierung, \u00c4nderung von Unternehmen, Erweiterung und \u00c4nderung von Aktivit\u00e4ten, einschlie\u00dflich der Bereitstellung einer virtuellen Adresse)<\/p>\n\n\n\n<p><strong>STEUERRECHTLICHE, BUCHHALTORISCHE, ADMINISTRATIVE DIENSTLEISTUNGEN <\/strong>(Vertr\u00e4ge in SK- und DE-Sprache, A1, Rechnungsstellung, Steuernummer, Steuerberechnung, Erledigung administrativer Aufgaben in Institutionen f\u00fcr Sie, Krankenversicherung, Sozialversicherung, steuerlicher Wohnsitz, Steuerverwaltungsbescheinigung f\u00fcr die Polizei f\u00fcr Drittstaatsangeh\u00f6rige, usw.)<\/p>\n\n\n\n<p><strong>Visum und Aufenthaltserlaubnis zur Erwerbst\u00e4tigkeit f\u00fcr Klienten, die sich niedergelassen haben oder niederlassen m\u00f6chten <\/strong>(Selbstst\u00e4ndigkeit, z. B. Anstellungen, Familienzusammenf\u00fchrung)<\/p>\n\n\n\n<p><strong>VISA UND AUFENTHALTSERLAUBNIS F\u00dcR KUNDEN, DIE IN DER EU BESCH\u00c4FTIGT WERDEN M\u00d6CHTEN <\/strong>(EU- und Nicht-EU-Kunden)<\/p>\n\n\n\n<p><strong>VERTRETUNG VON KUNDEN IN DER KOMMUNIKATION MIT ANDEREN UNTERNEHMEN <\/strong>(in der Slowakei, Deutschland, \u00d6sterreich)<\/p>\n\n\n\n<p><strong>ANGEBOTE <\/strong>(Erstellung von Preislisten und Stellenangeboten f\u00fcr Bauunternehmen oder f\u00fcr Bauauftr\u00e4ge)<\/p>\n\n\n\n<p><strong>UNTERST\u00dcTZUNG UND VERTRETUNG IN SLOWAKISCHEN INSTITUTIONEN <\/strong>(Arbeitsamt, Ausl\u00e4nderpolizei, Arbeitsinspektion, Steuerverwaltung, Zoll usw.)<\/p>\n\n\n\n<p><strong>ANMELDUNG VON SELBST\u00c4NDIGEN IN DEUTSCHEN UND \u00d6STERREICHISCHEN EINRICHTUNGEN <\/strong>(Steuernummer,<strong> <\/strong>Freistellung \u2013 Steuerbefreiung, vor\u00fcbergehender Aufenthalt und dergleichen)<\/p>\n\n\n\n<p><strong>UNTERST\u00dcTZUNG BEI DER ER\u00d6FFNUNG UND F\u00dcHRUNG EINES BANKKONTOS <\/strong>(Kommunikation mit der Bank, Kontoausz\u00fcge, Bescheinigung \u00fcber die steuerliche Ans\u00e4ssigkeit usw.)<\/p>\n\n\n\n<p><strong>F\u00dcHRERSCHEIN <\/strong>(Hilfe bei der Anmeldung in einer Fahrschule oder \u00dcbersetzung eines ausl\u00e4ndischen F\u00fchrerscheins in einen slowakischen F\u00fchrerschein)<\/p>\n\n\n\n<p><strong>HILFE BEI DER KOMMUNIKATION MIT <\/strong>GERICHTSVOLLZIEHER\/INNEN<strong> <\/strong>(wir k\u00f6nnen Ihnen bei der Zwangseintreibung Ihrer Verbindlichkeiten behilflich sein)<\/p>\n\n\n\n<p><strong>VERSICHERUNG <\/strong>(Unterst\u00fctzung bei der Beantragung einer Versicherung, bei der von Ihren Gesch\u00e4ftspartnern geforderten Versicherung zur Behebung von Sch\u00e4den, die Sie verursachen k\u00f6nnten, Versicherung und Zulassung von Fahrzeugen und anderen Versicherungen)<\/p>\n","protected":false},"excerpt":{"rendered":"<p>Dazu geh\u00f6rt: GR\u00dcNDUNG VON UNTERNEHMEN (deren Erweiterung, Schlie\u00dfung, Umstrukturierung, \u00c4nderung von Unternehmen, Erweiterung und \u00c4nderung von Aktivit\u00e4ten, einschlie\u00dflich der Bereitstellung einer virtuellen Adresse) STEUERRECHTLICHE, BUCHHALTORISCHE,&hellip;<\/p>\n","protected":false},"author":1,"featured_media":0,"parent":0,"menu_order":0,"comment_status":"closed","ping_status":"closed","template":"","meta":{"footnotes":""},"class_list":["post-235","page","type-page","status-publish","hentry"],"translation":{"provider":"WPGlobus","version":"3.0.0","language":"de","enabled_languages":["sk","bs","de"],"languages":{"sk":{"title":true,"content":true,"excerpt":false},"bs":{"title":true,"content":true,"excerpt":false},"de":{"title":true,"content":true,"excerpt":false}}},"yoast_head":"<!-- This site is optimized with the Yoast SEO plugin v26.1.1 - https:\/\/yoast.com\/wordpress\/plugins\/seo\/ -->\n<title>DIENSTLEISTUNGEN - Nordwich<\/title>\n<meta name=\"robots\" content=\"index, follow, max-snippet:-1, max-image-preview:large, max-video-preview:-1\" \/>\n<link rel=\"canonical\" href=\"http:\/\/www.nordwich.com\/de\/sluzby\/\" \/>\n<meta property=\"og:locale\" content=\"de_DE\" \/>\n<meta property=\"og:type\" content=\"article\" \/>\n<meta property=\"og:title\" content=\"DIENSTLEISTUNGEN - Nordwich\" \/>\n<meta property=\"og:url\" content=\"http:\/\/www.nordwich.com\/de\/sluzby\/\" \/>\n<meta property=\"og:site_name\" content=\"Nordwich\" \/>\n<meta property=\"article:modified_time\" content=\"2023-09-11T07:12:29+00:00\" \/>\n<meta property=\"og:image\" content=\"http:\/\/www.nordwich.com\/wp-content\/uploads\/2023\/06\/sluzby_office02-1024x646.jpg\" \/>\n<meta name=\"twitter:card\" content=\"summary_large_image\" \/>\n<meta name=\"twitter:label1\" content=\"Est. reading time\" \/>\n\t<meta name=\"twitter:data1\" content=\"2 minutes\" \/>\n<script type=\"application\/ld+json\" class=\"yoast-schema-graph\">{\"@context\":\"https:\/\/schema.org\",\"@graph\":[{\"@type\":\"WebPage\",\"@id\":\"http:\/\/www.nordwich.com\/de\/sluzby\/\",\"url\":\"http:\/\/www.nordwich.com\/de\/sluzby\/\",\"name\":\"DIENSTLEISTUNGEN - Nordwich\",\"isPartOf\":{\"@id\":\"http:\/\/www.nordwich.com\/#website\"},\"primaryImageOfPage\":{\"@id\":\"http:\/\/www.nordwich.com\/de\/sluzby\/#primaryimage\"},\"image\":{\"@id\":\"http:\/\/www.nordwich.com\/de\/sluzby\/#primaryimage\"},\"thumbnailUrl\":\"http:\/\/www.nordwich.com\/wp-content\/uploads\/2023\/06\/sluzby_office02-1024x646.jpg\",\"datePublished\":\"2023-06-01T15:56:16+00:00\",\"dateModified\":\"2023-09-11T07:12:29+00:00\",\"description\":\"Aadministrat\u00edvno-pr\u00e1vne slu\u017eby: zakladanie a registr\u00e1cia firiem, da\u0148ov\u00fd a administrat\u00edvny servis, v\u00edza, poistenie, vodi\u010dsk\u00fd preukaz.\",\"breadcrumb\":{\"@id\":\"http:\/\/www.nordwich.com\/de\/sluzby\/#breadcrumb\"},\"inLanguage\":\"de-DE\",\"potentialAction\":[{\"@type\":\"ReadAction\",\"target\":[\"http:\/\/www.nordwich.com\/de\/sluzby\/\"]}]},{\"@type\":\"ImageObject\",\"inLanguage\":\"de-DE\",\"@id\":\"http:\/\/www.nordwich.com\/de\/sluzby\/#primaryimage\",\"url\":\"http:\/\/www.nordwich.com\/wp-content\/uploads\/2023\/06\/sluzby_office02-1024x646.jpg\",\"contentUrl\":\"http:\/\/www.nordwich.com\/wp-content\/uploads\/2023\/06\/sluzby_office02-1024x646.jpg\"},{\"@type\":\"BreadcrumbList\",\"@id\":\"http:\/\/www.nordwich.com\/de\/sluzby\/#breadcrumb\",\"itemListElement\":[{\"@type\":\"ListItem\",\"position\":1,\"name\":\"Domovsk\u00e1 str\u00e1nka\",\"item\":\"http:\/\/www.nordwich.com\/\"},{\"@type\":\"ListItem\",\"position\":2,\"name\":\"DIENSTLEISTUNGEN\"}]},{\"@type\":\"WebSite\",\"@id\":\"http:\/\/www.nordwich.com\/#website\",\"url\":\"http:\/\/www.nordwich.com\/\",\"name\":\"Nordwich\",\"description\":\"HR-Agentur\",\"publisher\":{\"@id\":\"http:\/\/www.nordwich.com\/#organization\"},\"potentialAction\":[{\"@type\":\"SearchAction\",\"target\":{\"@type\":\"EntryPoint\",\"urlTemplate\":\"http:\/\/www.nordwich.com\/?s={search_term_string}\"},\"query-input\":{\"@type\":\"PropertyValueSpecification\",\"valueRequired\":true,\"valueName\":\"search_term_string\"}}],\"inLanguage\":\"de-DE\"},{\"@type\":\"Organization\",\"@id\":\"http:\/\/www.nordwich.com\/#organization\",\"name\":\"Nordwich\",\"url\":\"http:\/\/www.nordwich.com\/\",\"logo\":{\"@type\":\"ImageObject\",\"inLanguage\":\"de-DE\",\"@id\":\"http:\/\/www.nordwich.com\/#\/schema\/logo\/image\/\",\"url\":\"http:\/\/www.nordwich.com\/wp-content\/uploads\/2026\/01\/nordwich_partners01.jpg\",\"contentUrl\":\"http:\/\/www.nordwich.com\/wp-content\/uploads\/2026\/01\/nordwich_partners01.jpg\",\"width\":1110,\"height\":329,\"caption\":\"Nordwich\"},\"image\":{\"@id\":\"http:\/\/www.nordwich.com\/#\/schema\/logo\/image\/\"}}]}<\/script>\n<!-- \/ Yoast SEO plugin. -->","yoast_head_json":{"title":"DIENSTLEISTUNGEN - Nordwich","robots":{"index":"index","follow":"follow","max-snippet":"max-snippet:-1","max-image-preview":"max-image-preview:large","max-video-preview":"max-video-preview:-1"},"canonical":"http:\/\/www.nordwich.com\/de\/sluzby\/","og_locale":"de_DE","og_type":"article","og_title":"DIENSTLEISTUNGEN - Nordwich","og_url":"http:\/\/www.nordwich.com\/de\/sluzby\/","og_site_name":"Nordwich","article_modified_time":"2023-09-11T07:12:29+00:00","og_image":[{"url":"http:\/\/www.nordwich.com\/wp-content\/uploads\/2023\/06\/sluzby_office02-1024x646.jpg","type":"","width":"","height":""}],"twitter_card":"summary_large_image","twitter_misc":{"Est. reading time":"2 minutes"},"schema":{"@context":"https:\/\/schema.org","@graph":[{"@type":"WebPage","@id":"http:\/\/www.nordwich.com\/de\/sluzby\/","url":"http:\/\/www.nordwich.com\/de\/sluzby\/","name":"DIENSTLEISTUNGEN - Nordwich","isPartOf":{"@id":"http:\/\/www.nordwich.com\/#website"},"primaryImageOfPage":{"@id":"http:\/\/www.nordwich.com\/de\/sluzby\/#primaryimage"},"image":{"@id":"http:\/\/www.nordwich.com\/de\/sluzby\/#primaryimage"},"thumbnailUrl":"http:\/\/www.nordwich.com\/wp-content\/uploads\/2023\/06\/sluzby_office02-1024x646.jpg","datePublished":"2023-06-01T15:56:16+00:00","dateModified":"2023-09-11T07:12:29+00:00","description":"Aadministrat\u00edvno-pr\u00e1vne slu\u017eby: zakladanie a registr\u00e1cia firiem, da\u0148ov\u00fd a administrat\u00edvny servis, v\u00edza, poistenie, vodi\u010dsk\u00fd preukaz.","breadcrumb":{"@id":"http:\/\/www.nordwich.com\/de\/sluzby\/#breadcrumb"},"inLanguage":"de-DE","potentialAction":[{"@type":"ReadAction","target":["http:\/\/www.nordwich.com\/de\/sluzby\/"]}]},{"@type":"ImageObject","inLanguage":"de-DE","@id":"http:\/\/www.nordwich.com\/de\/sluzby\/#primaryimage","url":"http:\/\/www.nordwich.com\/wp-content\/uploads\/2023\/06\/sluzby_office02-1024x646.jpg","contentUrl":"http:\/\/www.nordwich.com\/wp-content\/uploads\/2023\/06\/sluzby_office02-1024x646.jpg"},{"@type":"BreadcrumbList","@id":"http:\/\/www.nordwich.com\/de\/sluzby\/#breadcrumb","itemListElement":[{"@type":"ListItem","position":1,"name":"Domovsk\u00e1 str\u00e1nka","item":"http:\/\/www.nordwich.com\/"},{"@type":"ListItem","position":2,"name":"DIENSTLEISTUNGEN"}]},{"@type":"WebSite","@id":"http:\/\/www.nordwich.com\/#website","url":"http:\/\/www.nordwich.com\/","name":"Nordwich","description":"HR-Agentur","publisher":{"@id":"http:\/\/www.nordwich.com\/#organization"},"potentialAction":[{"@type":"SearchAction","target":{"@type":"EntryPoint","urlTemplate":"http:\/\/www.nordwich.com\/?s={search_term_string}"},"query-input":{"@type":"PropertyValueSpecification","valueRequired":true,"valueName":"search_term_string"}}],"inLanguage":"de-DE"},{"@type":"Organization","@id":"http:\/\/www.nordwich.com\/#organization","name":"Nordwich","url":"http:\/\/www.nordwich.com\/","logo":{"@type":"ImageObject","inLanguage":"de-DE","@id":"http:\/\/www.nordwich.com\/#\/schema\/logo\/image\/","url":"http:\/\/www.nordwich.com\/wp-content\/uploads\/2026\/01\/nordwich_partners01.jpg","contentUrl":"http:\/\/www.nordwich.com\/wp-content\/uploads\/2026\/01\/nordwich_partners01.jpg","width":1110,"height":329,"caption":"Nordwich"},"image":{"@id":"http:\/\/www.nordwich.com\/#\/schema\/logo\/image\/"}}]}},"_links":{"self":[{"href":"http:\/\/www.nordwich.com\/de\/wp-json\/wp\/v2\/pages\/235","targetHints":{"allow":["GET"]}}],"collection":[{"href":"http:\/\/www.nordwich.com\/de\/wp-json\/wp\/v2\/pages"}],"about":[{"href":"http:\/\/www.nordwich.com\/de\/wp-json\/wp\/v2\/types\/page"}],"author":[{"embeddable":true,"href":"http:\/\/www.nordwich.com\/de\/wp-json\/wp\/v2\/users\/1"}],"replies":[{"embeddable":true,"href":"http:\/\/www.nordwich.com\/de\/wp-json\/wp\/v2\/comments?post=235"}],"version-history":[{"count":26,"href":"http:\/\/www.nordwich.com\/de\/wp-json\/wp\/v2\/pages\/235\/revisions"}],"predecessor-version":[{"id":1017,"href":"http:\/\/www.nordwich.com\/de\/wp-json\/wp\/v2\/pages\/235\/revisions\/1017"}],"wp:attachment":[{"href":"http:\/\/www.nordwich.com\/de\/wp-json\/wp\/v2\/media?parent=235"}],"curies":[{"name":"wp","href":"https:\/\/api.w.org\/{rel}","templated":true}]}}