{"id":249,"date":"2023-06-03T18:47:30","date_gmt":"2023-06-03T18:47:30","guid":{"rendered":"http:\/\/www.nordwich.com\/?page_id=249"},"modified":"2023-09-11T07:24:54","modified_gmt":"2023-09-11T07:24:54","slug":"roh-bau","status":"publish","type":"page","link":"http:\/\/www.nordwich.com\/de\/nordwich-bau\/roh-bau\/","title":{"rendered":"ROH BAU"},"content":{"rendered":"\n<p>Im Bereich Bau bieten wir als Teil des NORDWICH-Teams Rohbauarbeiten (ROH Bau) an. Neben Roharbeiten bieten wir auch Bau- und Klempnerarbeiten sowie Realisierungen im Innen- und Au\u00dfenbereich an.<\/p>\n\n\n\n<p>Unsere T\u00e4tigkeitsfelder: Abriss, Vorbereitung und Reinigung vor und nach der Sanierung, Rekonstruktion von Wohnungen und H\u00e4usern, Trockenbau, Verlegen von Fu\u00dfb\u00f6den, Fliesen, Verputzen, Au\u00dfenrekonstruktionen \u2013 Fassaden, Gehwege, Z\u00e4une.<\/p>\n\n\n\n<p>Wir k\u00f6nnen auch verschiedene Installationsarbeiten an Ihrem Projekt selbstst\u00e4ndig durchf\u00fchren: Strom, Sanit\u00e4r, Heizung usw.<\/p>\n\n\n\n<p>Wenn Sie bereits ein neues Bauprojekt oder ein Umbauprojekt haben, erstellen wir nach der Definition der Arbeiten eine Rechnung und unsere Expert\/innen entwerfen im Anschluss ein Angebot f\u00fcr Sie mit Beginndatum und Dauer der Arbeiten.<\/p>\n\n\n\n<p>Wir wirken auch bei der Realisierung gr\u00f6\u00dferer Bauvorhaben mit, bei denen unser Team Arbeiten wie Elektroinstallationen, T\u00e4tigkeiten an Wassernetzen und Installationen von Heizungen durchf\u00fchrt.<\/p>\n\n\n\n<div class=\"wp-block-media-text alignwide is-stacked-on-mobile\"><figure class=\"wp-block-media-text__media\"><img loading=\"lazy\" decoding=\"async\" width=\"736\" height=\"420\" src=\"http:\/\/www.nordwich.com\/wp-content\/uploads\/2023\/06\/bau_04-1.jpg\" alt=\"Mur\u00e1rske, tes\u00e1rske, armovacie a zemn\u00e9 pr\u00e1ce\" class=\"wp-image-265 size-full\" srcset=\"http:\/\/www.nordwich.com\/wp-content\/uploads\/2023\/06\/bau_04-1.jpg 736w, http:\/\/www.nordwich.com\/wp-content\/uploads\/2023\/06\/bau_04-1-300x171.jpg 300w\" sizes=\"auto, (max-width: 736px) 100vw, 736px\" \/><\/figure><div class=\"wp-block-media-text__content\">\n<h2 class=\"wp-block-heading\"><strong>Maurerei, Zimmerei, Bewehrung, Erdarbeiten<\/strong><\/h2>\n<\/div><\/div>\n\n\n\n<div style=\"height:30px\" aria-hidden=\"true\" class=\"wp-block-spacer\"><\/div>\n\n\n\n<p><strong>Unsere t\u00e4gliche Arbeit besteht aus folgenden Bauleistungen:<\/strong><\/p>\n\n\n\n<ul class=\"wp-block-list\">\n<li>T\u00e4tigkeiten mit dem Material Eisen<\/li>\n\n\n\n<li>Stellenabbau \u2013 Arbeiten mit dem DOKA, PERI System<\/li>\n\n\n\n<li>Betonarbeiten<\/li>\n\n\n\n<li>Abriss und Sanierung<\/li>\n\n\n\n<li>Verst\u00e4rkung von Fundamenten und Fundamentplatten (baulicher Einbau von Stahl) und Betonierung<\/li>\n\n\n\n<li>Umschlie\u00dfende Kellerw\u00e4nde aus Beton mit gro\u00dfen Periformen, meist auch in wasserdichter Ausf\u00fchrung oder Tragkonstruktionen<\/li>\n\n\n\n<li>Mauern oder Trennw\u00e4nde im Keller, filigrane Decken schneiden und betonieren<\/li>\n\n\n\n<li>Mauerwerk von Au\u00dfenw\u00e4nden aus Lochstein-Porenbetonsteinen (Ytong)<\/li>\n\n\n\n<li>Mauerwerk von Innenw\u00e4nden (Ziegel, Ytong usw.) mit B\u00f6gen<\/li>\n\n\n\n<li>Wohnungstrennw\u00e4nde mit Kalkstein- oder Betonw\u00e4nden<\/li>\n\n\n\n<li>Treppen aus gegossenem Beton, vorgefertigte Elemente, Podest<\/li>\n\n\n\n<li>Bau von Balkonen, B\u00f6den, Fenstern<\/li>\n\n\n\n<li>Verlegen von Bodenplatten inklusive D\u00e4mmung, Betonierung<\/li>\n<\/ul>\n\n\n\n<div class=\"wp-block-media-text alignwide is-stacked-on-mobile\" style=\"grid-template-columns:30% auto\"><figure class=\"wp-block-media-text__media\"><img loading=\"lazy\" decoding=\"async\" width=\"480\" height=\"600\" src=\"http:\/\/www.nordwich.com\/wp-content\/uploads\/2023\/06\/bau_01.jpg\" alt=\"Mur\u00e1rske, tes\u00e1rske, armovacie a zemn\u00e9 pr\u00e1ce\" class=\"wp-image-266 size-full\" srcset=\"http:\/\/www.nordwich.com\/wp-content\/uploads\/2023\/06\/bau_01.jpg 480w, http:\/\/www.nordwich.com\/wp-content\/uploads\/2023\/06\/bau_01-240x300.jpg 240w\" sizes=\"auto, (max-width: 480px) 100vw, 480px\" \/><\/figure><div class=\"wp-block-media-text__content\">\n<div style=\"height:37px\" aria-hidden=\"true\" class=\"wp-block-spacer\"><\/div>\n\n\n\n<p><strong>Unser professionelles Arbeitsteam besteht aus folgenden Bauberufen:<\/strong><\/p>\n\n\n\n<ul class=\"wp-block-list\">\n<li>\u2022Bauleiter\/innen<\/li>\n\n\n\n<li>\u2022Maurer\/innen<\/li>\n\n\n\n<li>\u2022Tischler\/innen<\/li>\n\n\n\n<li>\u2022Kranfahrer\/innen<\/li>\n\n\n\n<li>\u2022Hilfsarbeiter\/innen<\/li>\n<\/ul>\n<\/div><\/div>\n","protected":false},"excerpt":{"rendered":"<p>Im Bereich Bau bieten wir als Teil des NORDWICH-Teams Rohbauarbeiten (ROH Bau) an. Neben Roharbeiten bieten wir auch Bau- und Klempnerarbeiten sowie Realisierungen im Innen-&hellip;<\/p>\n","protected":false},"author":1,"featured_media":0,"parent":244,"menu_order":0,"comment_status":"closed","ping_status":"closed","template":"","meta":{"footnotes":""},"class_list":["post-249","page","type-page","status-publish","hentry"],"translation":{"provider":"WPGlobus","version":"3.0.0","language":"de","enabled_languages":["sk","bs","de"],"languages":{"sk":{"title":true,"content":true,"excerpt":false},"bs":{"title":true,"content":true,"excerpt":false},"de":{"title":true,"content":true,"excerpt":false}}},"yoast_head":"<!-- This site is optimized with the Yoast SEO plugin v26.1.1 - https:\/\/yoast.com\/wordpress\/plugins\/seo\/ -->\n<title>ROH BAU - Nordwich<\/title>\n<meta name=\"robots\" content=\"index, follow, max-snippet:-1, max-image-preview:large, max-video-preview:-1\" \/>\n<link rel=\"canonical\" href=\"https:\/\/www.nordwich.com\/de\/nordwich-bau\/roh-bau\/\" \/>\n<meta property=\"og:locale\" content=\"de_DE\" \/>\n<meta property=\"og:type\" content=\"article\" \/>\n<meta property=\"og:title\" content=\"ROH BAU - Nordwich\" \/>\n<meta property=\"og:url\" content=\"https:\/\/www.nordwich.com\/de\/nordwich-bau\/roh-bau\/\" \/>\n<meta property=\"og:site_name\" content=\"Nordwich\" \/>\n<meta property=\"article:modified_time\" content=\"2023-09-11T07:24:54+00:00\" \/>\n<meta property=\"og:image\" content=\"http:\/\/www.nordwich.com\/wp-content\/uploads\/2023\/06\/bau_04-1.jpg\" \/>\n<meta name=\"twitter:card\" content=\"summary_large_image\" \/>\n<meta name=\"twitter:label1\" content=\"Est. reading time\" \/>\n\t<meta name=\"twitter:data1\" content=\"2 minutes\" \/>\n<script type=\"application\/ld+json\" class=\"yoast-schema-graph\">{\"@context\":\"https:\/\/schema.org\",\"@graph\":[{\"@type\":\"WebPage\",\"@id\":\"https:\/\/www.nordwich.com\/de\/nordwich-bau\/roh-bau\/\",\"url\":\"https:\/\/www.nordwich.com\/de\/nordwich-bau\/roh-bau\/\",\"name\":\"ROH BAU - Nordwich\",\"isPartOf\":{\"@id\":\"https:\/\/www.nordwich.com\/#website\"},\"primaryImageOfPage\":{\"@id\":\"https:\/\/www.nordwich.com\/de\/nordwich-bau\/roh-bau\/#primaryimage\"},\"image\":{\"@id\":\"https:\/\/www.nordwich.com\/de\/nordwich-bau\/roh-bau\/#primaryimage\"},\"thumbnailUrl\":\"http:\/\/www.nordwich.com\/wp-content\/uploads\/2023\/06\/bau_04-1.jpg\",\"datePublished\":\"2023-06-03T18:47:30+00:00\",\"dateModified\":\"2023-09-11T07:24:54+00:00\",\"breadcrumb\":{\"@id\":\"https:\/\/www.nordwich.com\/de\/nordwich-bau\/roh-bau\/#breadcrumb\"},\"inLanguage\":\"de-DE\",\"potentialAction\":[{\"@type\":\"ReadAction\",\"target\":[\"https:\/\/www.nordwich.com\/de\/nordwich-bau\/roh-bau\/\"]}]},{\"@type\":\"ImageObject\",\"inLanguage\":\"de-DE\",\"@id\":\"https:\/\/www.nordwich.com\/de\/nordwich-bau\/roh-bau\/#primaryimage\",\"url\":\"http:\/\/www.nordwich.com\/wp-content\/uploads\/2023\/06\/bau_04-1.jpg\",\"contentUrl\":\"http:\/\/www.nordwich.com\/wp-content\/uploads\/2023\/06\/bau_04-1.jpg\"},{\"@type\":\"BreadcrumbList\",\"@id\":\"https:\/\/www.nordwich.com\/de\/nordwich-bau\/roh-bau\/#breadcrumb\",\"itemListElement\":[{\"@type\":\"ListItem\",\"position\":1,\"name\":\"Domovsk\u00e1 str\u00e1nka\",\"item\":\"https:\/\/www.nordwich.com\/\"},{\"@type\":\"ListItem\",\"position\":2,\"name\":\"Nordwich BAU\",\"item\":\"http:\/\/www.nordwich.com\/de\/nordwich-bau\/\"},{\"@type\":\"ListItem\",\"position\":3,\"name\":\"ROH BAU\"}]},{\"@type\":\"WebSite\",\"@id\":\"https:\/\/www.nordwich.com\/#website\",\"url\":\"https:\/\/www.nordwich.com\/\",\"name\":\"Nordwich\",\"description\":\"HR-Agentur\",\"publisher\":{\"@id\":\"https:\/\/www.nordwich.com\/#organization\"},\"potentialAction\":[{\"@type\":\"SearchAction\",\"target\":{\"@type\":\"EntryPoint\",\"urlTemplate\":\"https:\/\/www.nordwich.com\/?s={search_term_string}\"},\"query-input\":{\"@type\":\"PropertyValueSpecification\",\"valueRequired\":true,\"valueName\":\"search_term_string\"}}],\"inLanguage\":\"de-DE\"},{\"@type\":\"Organization\",\"@id\":\"https:\/\/www.nordwich.com\/#organization\",\"name\":\"Nordwich\",\"url\":\"https:\/\/www.nordwich.com\/\",\"logo\":{\"@type\":\"ImageObject\",\"inLanguage\":\"de-DE\",\"@id\":\"https:\/\/www.nordwich.com\/#\/schema\/logo\/image\/\",\"url\":\"http:\/\/www.nordwich.com\/wp-content\/uploads\/2026\/01\/nordwich_partners01.jpg\",\"contentUrl\":\"http:\/\/www.nordwich.com\/wp-content\/uploads\/2026\/01\/nordwich_partners01.jpg\",\"width\":1110,\"height\":329,\"caption\":\"Nordwich\"},\"image\":{\"@id\":\"https:\/\/www.nordwich.com\/#\/schema\/logo\/image\/\"}}]}<\/script>\n<!-- \/ Yoast SEO plugin. -->","yoast_head_json":{"title":"ROH BAU - Nordwich","robots":{"index":"index","follow":"follow","max-snippet":"max-snippet:-1","max-image-preview":"max-image-preview:large","max-video-preview":"max-video-preview:-1"},"canonical":"https:\/\/www.nordwich.com\/de\/nordwich-bau\/roh-bau\/","og_locale":"de_DE","og_type":"article","og_title":"ROH BAU - Nordwich","og_url":"https:\/\/www.nordwich.com\/de\/nordwich-bau\/roh-bau\/","og_site_name":"Nordwich","article_modified_time":"2023-09-11T07:24:54+00:00","og_image":[{"url":"http:\/\/www.nordwich.com\/wp-content\/uploads\/2023\/06\/bau_04-1.jpg","type":"","width":"","height":""}],"twitter_card":"summary_large_image","twitter_misc":{"Est. reading time":"2 minutes"},"schema":{"@context":"https:\/\/schema.org","@graph":[{"@type":"WebPage","@id":"https:\/\/www.nordwich.com\/de\/nordwich-bau\/roh-bau\/","url":"https:\/\/www.nordwich.com\/de\/nordwich-bau\/roh-bau\/","name":"ROH BAU - Nordwich","isPartOf":{"@id":"https:\/\/www.nordwich.com\/#website"},"primaryImageOfPage":{"@id":"https:\/\/www.nordwich.com\/de\/nordwich-bau\/roh-bau\/#primaryimage"},"image":{"@id":"https:\/\/www.nordwich.com\/de\/nordwich-bau\/roh-bau\/#primaryimage"},"thumbnailUrl":"http:\/\/www.nordwich.com\/wp-content\/uploads\/2023\/06\/bau_04-1.jpg","datePublished":"2023-06-03T18:47:30+00:00","dateModified":"2023-09-11T07:24:54+00:00","breadcrumb":{"@id":"https:\/\/www.nordwich.com\/de\/nordwich-bau\/roh-bau\/#breadcrumb"},"inLanguage":"de-DE","potentialAction":[{"@type":"ReadAction","target":["https:\/\/www.nordwich.com\/de\/nordwich-bau\/roh-bau\/"]}]},{"@type":"ImageObject","inLanguage":"de-DE","@id":"https:\/\/www.nordwich.com\/de\/nordwich-bau\/roh-bau\/#primaryimage","url":"http:\/\/www.nordwich.com\/wp-content\/uploads\/2023\/06\/bau_04-1.jpg","contentUrl":"http:\/\/www.nordwich.com\/wp-content\/uploads\/2023\/06\/bau_04-1.jpg"},{"@type":"BreadcrumbList","@id":"https:\/\/www.nordwich.com\/de\/nordwich-bau\/roh-bau\/#breadcrumb","itemListElement":[{"@type":"ListItem","position":1,"name":"Domovsk\u00e1 str\u00e1nka","item":"https:\/\/www.nordwich.com\/"},{"@type":"ListItem","position":2,"name":"Nordwich BAU","item":"http:\/\/www.nordwich.com\/de\/nordwich-bau\/"},{"@type":"ListItem","position":3,"name":"ROH BAU"}]},{"@type":"WebSite","@id":"https:\/\/www.nordwich.com\/#website","url":"https:\/\/www.nordwich.com\/","name":"Nordwich","description":"HR-Agentur","publisher":{"@id":"https:\/\/www.nordwich.com\/#organization"},"potentialAction":[{"@type":"SearchAction","target":{"@type":"EntryPoint","urlTemplate":"https:\/\/www.nordwich.com\/?s={search_term_string}"},"query-input":{"@type":"PropertyValueSpecification","valueRequired":true,"valueName":"search_term_string"}}],"inLanguage":"de-DE"},{"@type":"Organization","@id":"https:\/\/www.nordwich.com\/#organization","name":"Nordwich","url":"https:\/\/www.nordwich.com\/","logo":{"@type":"ImageObject","inLanguage":"de-DE","@id":"https:\/\/www.nordwich.com\/#\/schema\/logo\/image\/","url":"http:\/\/www.nordwich.com\/wp-content\/uploads\/2026\/01\/nordwich_partners01.jpg","contentUrl":"http:\/\/www.nordwich.com\/wp-content\/uploads\/2026\/01\/nordwich_partners01.jpg","width":1110,"height":329,"caption":"Nordwich"},"image":{"@id":"https:\/\/www.nordwich.com\/#\/schema\/logo\/image\/"}}]}},"_links":{"self":[{"href":"http:\/\/www.nordwich.com\/de\/wp-json\/wp\/v2\/pages\/249","targetHints":{"allow":["GET"]}}],"collection":[{"href":"http:\/\/www.nordwich.com\/de\/wp-json\/wp\/v2\/pages"}],"about":[{"href":"http:\/\/www.nordwich.com\/de\/wp-json\/wp\/v2\/types\/page"}],"author":[{"embeddable":true,"href":"http:\/\/www.nordwich.com\/de\/wp-json\/wp\/v2\/users\/1"}],"replies":[{"embeddable":true,"href":"http:\/\/www.nordwich.com\/de\/wp-json\/wp\/v2\/comments?post=249"}],"version-history":[{"count":11,"href":"http:\/\/www.nordwich.com\/de\/wp-json\/wp\/v2\/pages\/249\/revisions"}],"predecessor-version":[{"id":1019,"href":"http:\/\/www.nordwich.com\/de\/wp-json\/wp\/v2\/pages\/249\/revisions\/1019"}],"up":[{"embeddable":true,"href":"http:\/\/www.nordwich.com\/de\/wp-json\/wp\/v2\/pages\/244"}],"wp:attachment":[{"href":"http:\/\/www.nordwich.com\/de\/wp-json\/wp\/v2\/media?parent=249"}],"curies":[{"name":"wp","href":"https:\/\/api.w.org\/{rel}","templated":true}]}}