{"id":251,"date":"2023-06-03T19:04:26","date_gmt":"2023-06-03T19:04:26","guid":{"rendered":"http:\/\/www.nordwich.com\/?page_id=251"},"modified":"2023-09-16T14:42:47","modified_gmt":"2023-09-16T14:42:47","slug":"rekonstrukcia-starych-bytov-a-budov","status":"publish","type":"page","link":"http:\/\/www.nordwich.com\/de\/nordwich-bau\/rekonstrukcia-starych-bytov-a-budov\/","title":{"rendered":"Sanierung alter Wohnungen und Geb\u00e4ude"},"content":{"rendered":"\n<h2 class=\"wp-block-heading\"><strong>Altbausanierung in der Slowakei und \u00d6sterreich (Wien)<\/strong><\/h2>\n\n\n\n<div class=\"wp-block-media-text alignwide has-media-on-the-right is-stacked-on-mobile\" style=\"grid-template-columns:auto 24%\"><div class=\"wp-block-media-text__content\">\n<div style=\"height:32px\" aria-hidden=\"true\" class=\"wp-block-spacer\"><\/div>\n\n\n\n<p><strong>Wir sanieren Ihren Altbau aus einer Hand \u2013 auch zum Pauschalpreis.<\/strong><\/p>\n<\/div><figure class=\"wp-block-media-text__media\"><img loading=\"lazy\" decoding=\"async\" width=\"405\" height=\"460\" src=\"http:\/\/www.nordwich.com\/wp-content\/uploads\/2023\/06\/rekonstrukcie_02.jpg\" alt=\"Rekon\u0161trukcie stavieb\" class=\"wp-image-262 size-full\" srcset=\"http:\/\/www.nordwich.com\/wp-content\/uploads\/2023\/06\/rekonstrukcie_02.jpg 405w, http:\/\/www.nordwich.com\/wp-content\/uploads\/2023\/06\/rekonstrukcie_02-264x300.jpg 264w\" sizes=\"auto, (max-width: 405px) 100vw, 405px\" \/><\/figure><\/div>\n\n\n\n<p><\/p>\n\n\n\n<h4 class=\"wp-block-heading\"><strong>Altbausanierung in Wien<\/strong><\/h4>\n\n\n\n<p>Die Komplettsanierung eines Altbaus ist ein komplexes Bauprojekt. Wenn Sie Ihr altes Geb\u00e4ude mit Hilfe der Nordwich sro \u2013 Slowakei oder der Nordwich GmbH \u2013 \u00d6sterreich sanieren, erhalten Sie bei uns alle Arbeiten aus einer Hand, ohne dass Sie sich um irgendetwas k\u00fcmmern m\u00fcssen. Es gibt keine einfachere und stressfreiere M\u00f6glichkeit, ein so komplexes Bauprojekt durchzuf\u00fchren. Ob Komplettsanierung oder Teilsanierung, NORDWICH in der Slowakei und Wien ist Ihr kompetenter Partner, wenn es um die Altbausanierung geht.<\/p>\n\n\n\n<h4 class=\"wp-block-heading\"><strong>Steigern Sie den Wert Ihres Altbaus durch eine umfassende Altbausanierung<\/strong><\/h4>\n\n\n\n<p>Die meisten alten Geb\u00e4ude m\u00fcssen renoviert werden. Obwohl die Sanierung alter Geb\u00e4ude zun\u00e4chst mit einer Investition verbunden ist, bringt sie auf lange Sicht Vorteile. Vor allem profitieren Sie langfristig und dauerhaft von einer energetischen Sanierung, denn durch eine umfassende energetische Sanierung eines Altbaus k\u00f6nnen bis zu 75 % der Heizkosten eingespart werden. Je h\u00f6her die Energiewerte Ihres Altbaus, desto h\u00f6her sind Ihre j\u00e4hrlichen Heizkosten und desto gr\u00f6\u00dfer ist der Bedarf an dringender Sanierung. Wenn Sie eine umfassende energetische Sanierung durchf\u00fchren, k\u00f6nnen Sie das Geb\u00e4ude auf das energetische Niveau eines modernen Wohnhauses bringen und so in Zukunft jede Menge Heizkosten einsparen. Doch nicht nur der energetische Umbau ist sinnvoll und rentabel. Auch alle anderen Sanierungs- und Modernisierungsarbeiten an Ihrem Altbau tragen dazu bei, den Werterhalt Ihrer Immobilie zu sichern. Bei besonders umfangreichen Sanierungsma\u00dfnahmen k\u00f6nnen Sie den Wert der Immobilie nicht nur erhalten, sondern sogar steigern und so Ihre Immobilie als Kapitalanlage wertvoller machen.<\/p>\n\n\n<div class=\"wp-block-image\">\n<figure class=\"aligncenter size-full\"><img loading=\"lazy\" decoding=\"async\" width=\"800\" height=\"249\" src=\"http:\/\/www.nordwich.com\/wp-content\/uploads\/2023\/06\/rekonstrukcie_03.jpg\" alt=\"Rekon\u0161trukcie stavieb\" class=\"wp-image-263\" srcset=\"http:\/\/www.nordwich.com\/wp-content\/uploads\/2023\/06\/rekonstrukcie_03.jpg 800w, http:\/\/www.nordwich.com\/wp-content\/uploads\/2023\/06\/rekonstrukcie_03-300x93.jpg 300w, http:\/\/www.nordwich.com\/wp-content\/uploads\/2023\/06\/rekonstrukcie_03-768x239.jpg 768w\" sizes=\"auto, (max-width: 800px) 100vw, 800px\" \/><\/figure>\n<\/div>\n\n\n<div style=\"height:30px\" aria-hidden=\"true\" class=\"wp-block-spacer\"><\/div>\n\n\n\n<p>Sie m\u00f6chten ein altes Geb\u00e4ude renovieren, wissen aber nicht, welche Arbeiten wichtig sind und wo Sie anfangen sollen? Gerne kommt Nordwich Slowakei zu Ihnen nach Hause und besichtigt Ihren Altbau vor Ort. Wir besprechen gemeinsam mit Ihnen, welche Sanierungsarbeiten am dringendsten bzw. sinnvollsten sind und erstellen mit Ihnen einen detaillierten Sanierungsplan. Besonderes Augenmerk legen wir auf energetische Sanierungsarbeiten, mit denen Sie einen Gro\u00dfteil der Heizkosten einsparen und weiters sind uns anstehende Wartungsarbeiten, wie z. B. den Austausch von Wasserleitungen oder anderen Leitungen wichtig. Wenn Sie diese Arbeiten zu sehr verz\u00f6gern, k\u00f6nnen hohe Kosten durch Wasserrohrbr\u00fcche oder Elektrobr\u00e4nde drohen.<\/p>\n\n\n\n<p>Zudem besteht das Risiko versp\u00e4teter Renovierungen, die den Wert Ihrer Immobilie mindern k\u00f6nnen.<\/p>\n\n\n\n<p>Zus\u00e4tzlich zum Sanierungsplan bieten wir auch Umbau- und Modernisierungsarbeiten an, um Ihr Geb\u00e4ude attraktiver zu machen. Sie entscheiden, welche Aufgaben wir \u00fcbernehmen sollen und welche nicht.<\/p>\n\n\n\n<p>Bei einer Altbausanierung modernisieren wir Ihre Immobilie zum Festpreis.<\/p>\n\n\n\n<p>Auf Basis des Sanierungsplans erstellen wir eine Preiskalkulation, in der neben den Material- und Arbeitskosten bereits die Mehrwertsteuer enthalten ist. Dadurch k\u00f6nnen Sie die Kosten zu Beginn gut kalkulieren und bei der Finanzierung mit richtgen Zahlen arbeiten. Selbstverst\u00e4ndlich zeigen wir Ihnen verschiedene Finanzierungsm\u00f6glichkeiten auf und helfen Ihnen bei der Legalisierung.<\/p>\n\n\n\n<p><strong>Bei uns erhalten Sie alle Leistungen aus einer Hand<\/strong><\/p>\n\n\n\n<p>Ein gro\u00dfer Vorteil bei der Altbausanierung mit NORDWICH ist die Tatsache, dass Sie eines der gr\u00f6\u00dften Unternehmen im Bereich Sanierung und Modernisierung beauftragen \u2013 die Bossmann GmbH. Dadurch k\u00f6nnen wir Ihnen alle Leistungen aus einer Hand anbieten und sorgen so f\u00fcr einen schnellen und reibungslosen Arbeitsablauf.<\/p>\n\n\n\n<p>Vom ersten bis zum letzten Tag k\u00fcmmert sich ein erfahrener Bauleiter um alle organisatorischen Belangen Ihres Bauvorhabens. Dieser k\u00fcmmert sich um die Bestellung der ben\u00f6tigten Materialien, das Eintreffen auf der Baustelle bei Bedarf und koordiniert die Arbeit von Auftragnehmer\/innen, Facharbeiter\/innenn usw., sodass jeder immer reibungslos arbeitet. Das spart Zeit und Geld und Sie profitieren doppelt: unsere g\u00fcnstigen Festpreisangebote und eine kurze Bauzeit.<\/p>\n\n\n\n<p>Diese Sanierungsarbeiten \u00fcbernehmen wir f\u00fcr Sie in der Slowakei, Wien und Umgebung:<\/p>\n\n\n\n<ul class=\"wp-block-list\">\n<li>S\u00e4mtliche Arbeiten zur W\u00e4rmed\u00e4mmung, egal ob Fassaden, D\u00e4cher oder Decken<\/li>\n\n\n\n<li>Renovierung der Fassade<\/li>\n\n\n\n<li>S\u00e4mtliche Malerarbeiten<\/li>\n\n\n\n<li>Maurerarbeiten<\/li>\n\n\n\n<li>Zimmerei<\/li>\n\n\n\n<li>Installationen<\/li>\n\n\n\n<li>Sanit\u00e4rinstallationen<\/li>\n\n\n\n<li>Sanit\u00e4ranlagen<\/li>\n\n\n\n<li>Heizungsanlagen<\/li>\n\n\n\n<li>Fliesen<\/li>\n\n\n\n<li>Verlegen von Parkett- und Laminatb\u00f6den<\/li>\n\n\n\n<li>Reparatur, Renovierung, Bau von Treppen<\/li>\n\n\n\n<li>Arbeiten mit Gips<\/li>\n\n\n\n<li>Heimausstattung<\/li>\n\n\n\n<li>Komplettsanierung des Badezimmers<\/li>\n\n\n\n<li>Ma\u00dfgeschneiderte K\u00fcchen- und Badm\u00f6bel sowie Schiebet\u00fcren und Einbauschr\u00e4nke<\/li>\n\n\n\n<li>Einbau moderner Fenster und T\u00fcren<\/li>\n\n\n\n<li>Schimmelbek\u00e4mpfung<\/li>\n<\/ul>\n\n\n\n<p>Egal wie komplex die Sanierung Ihres Altbaus ist, bei NORDWICH Slowakei und dem Firmenpartner Bossman GmbH in Wien sind Sie immer in sicheren H\u00e4nden. Mit viel Erfahrung, Fachwissen und gut ausgebildeten Fachkr\u00e4ften verwandeln wir Ihren Altbau in Ihre Traumimmobilie.<\/p>\n\n\n\n<p><strong>Nutzen Sie die vielen Vorteile der Altbausanierung mit NORDWICH<\/strong><\/p>\n\n\n\n<p>Auch wenn man in die Sanierung eines Altbaus Geld investieren muss, hat man am Ende nur Vorteile. Sie verbessern die energetischen Werte Ihrer Immobilie und sparen so langfristig Heizkosten und schonen gleichzeitig die Umwelt. Durch das Wohnen in einem modernen, zeitgem\u00e4\u00dfen Wohnraum mit der behaglichen Note eines Altbaus verbessern Sie Ihr eigenes Lebensgef\u00fchl.<\/p>\n\n\n\n<p>F\u00fcr die Sanierung eines Altbaus k\u00f6nnen Sie zahlreiche staatliche F\u00f6rdermittel in Anspruch nehmen. Sie erhalten oder steigern den Wert Ihrer Immobilie und verhindern durch die Sanierung die Anh\u00e4ufung von Sanierungs- oder Reparaturkosten, die sich stark auf den Wert Ihrer Immobilie auswirken. Regelm\u00e4\u00dfige Sanierungsarbeiten vermeiden das Risiko unerwarteter Reparaturkosten, einschlie\u00dflich Folgekosten und Unannehmlichkeiten, die beispielsweise durch geplatzte Wasserleitungen verursacht werden k\u00f6nnen.<\/p>\n\n\n\n<p>Wenn Sie bei NORDWICH einen Altbau sanieren wollen, erhalten Sie alle Leistungen aus einer Hand und m\u00fcssen sich um nichts mehr k\u00fcmmern. Dar\u00fcber hinaus profitieren Sie von unseren g\u00fcnstigen Festpreisangeboten und unserer langj\u00e4hrigen Erfahrung und dieser unserer Partner\/innen im Bereich Altbausanierung.<\/p>\n\n\n\n<p>Bevor wir Ihren Altbau sanieren und umbauen, werden Sie von uns sorgf\u00e4ltig und umfassend zu Ihrer geplanten Altbausanierung beraten.<\/p>\n\n\n\n<p>F\u00fcr detailliertere Informationen k\u00f6nnen Sie uns kontaktieren. <strong><a href=\"info@nordwich.com\">Sie k\u00f6nnen uns eine Nachricht schreiben (info@nordwich.com)<\/a><\/strong>. Nutzen Sie das Kontaktformular oder rufen Sie uns unter +421 948 420 838 oder +436 8 120 385 479 an<\/p>\n","protected":false},"excerpt":{"rendered":"<p>Altbausanierung in der Slowakei und \u00d6sterreich (Wien) Altbausanierung in Wien Die Komplettsanierung eines Altbaus ist ein komplexes Bauprojekt. Wenn Sie Ihr altes Geb\u00e4ude mit Hilfe&hellip;<\/p>\n","protected":false},"author":1,"featured_media":0,"parent":244,"menu_order":5,"comment_status":"closed","ping_status":"closed","template":"","meta":{"footnotes":""},"class_list":["post-251","page","type-page","status-publish","hentry"],"translation":{"provider":"WPGlobus","version":"3.0.0","language":"de","enabled_languages":["sk","bs","de"],"languages":{"sk":{"title":true,"content":true,"excerpt":false},"bs":{"title":true,"content":true,"excerpt":false},"de":{"title":true,"content":true,"excerpt":false}}},"yoast_head":"<!-- This site is optimized with the Yoast SEO plugin v26.1.1 - https:\/\/yoast.com\/wordpress\/plugins\/seo\/ -->\n<title>Sanierung alter Wohnungen und Geb\u00e4ude - Nordwich<\/title>\n<meta name=\"robots\" content=\"index, follow, max-snippet:-1, max-image-preview:large, max-video-preview:-1\" \/>\n<link rel=\"canonical\" href=\"http:\/\/www.nordwich.com\/bs\/nordwich-bau\/rekonstrukcia-starych-bytov-a-budov\/\" \/>\n<meta property=\"og:locale\" content=\"de_DE\" \/>\n<meta property=\"og:type\" content=\"article\" \/>\n<meta property=\"og:title\" content=\"Sanierung alter Wohnungen und Geb\u00e4ude - Nordwich\" \/>\n<meta property=\"og:url\" content=\"http:\/\/www.nordwich.com\/bs\/nordwich-bau\/rekonstrukcia-starych-bytov-a-budov\/\" \/>\n<meta property=\"og:site_name\" content=\"Nordwich\" \/>\n<meta property=\"article:modified_time\" content=\"2023-09-16T14:42:47+00:00\" \/>\n<meta property=\"og:image\" content=\"http:\/\/www.nordwich.com\/wp-content\/uploads\/2023\/06\/rekonstrukcie_02.jpg\" \/>\n<meta name=\"twitter:card\" content=\"summary_large_image\" \/>\n<meta name=\"twitter:label1\" content=\"Est. reading time\" \/>\n\t<meta name=\"twitter:data1\" content=\"6 minutes\" \/>\n<script type=\"application\/ld+json\" class=\"yoast-schema-graph\">{\"@context\":\"https:\/\/schema.org\",\"@graph\":[{\"@type\":\"WebPage\",\"@id\":\"http:\/\/www.nordwich.com\/bs\/nordwich-bau\/rekonstrukcia-starych-bytov-a-budov\/\",\"url\":\"http:\/\/www.nordwich.com\/bs\/nordwich-bau\/rekonstrukcia-starych-bytov-a-budov\/\",\"name\":\"Sanierung alter Wohnungen und Geb\u00e4ude - Nordwich\",\"isPartOf\":{\"@id\":\"https:\/\/www.nordwich.com\/#website\"},\"primaryImageOfPage\":{\"@id\":\"http:\/\/www.nordwich.com\/bs\/nordwich-bau\/rekonstrukcia-starych-bytov-a-budov\/#primaryimage\"},\"image\":{\"@id\":\"http:\/\/www.nordwich.com\/bs\/nordwich-bau\/rekonstrukcia-starych-bytov-a-budov\/#primaryimage\"},\"thumbnailUrl\":\"http:\/\/www.nordwich.com\/wp-content\/uploads\/2023\/06\/rekonstrukcie_02.jpg\",\"datePublished\":\"2023-06-03T19:04:26+00:00\",\"dateModified\":\"2023-09-16T14:42:47+00:00\",\"breadcrumb\":{\"@id\":\"http:\/\/www.nordwich.com\/bs\/nordwich-bau\/rekonstrukcia-starych-bytov-a-budov\/#breadcrumb\"},\"inLanguage\":\"de-DE\",\"potentialAction\":[{\"@type\":\"ReadAction\",\"target\":[\"http:\/\/www.nordwich.com\/bs\/nordwich-bau\/rekonstrukcia-starych-bytov-a-budov\/\"]}]},{\"@type\":\"ImageObject\",\"inLanguage\":\"de-DE\",\"@id\":\"http:\/\/www.nordwich.com\/bs\/nordwich-bau\/rekonstrukcia-starych-bytov-a-budov\/#primaryimage\",\"url\":\"http:\/\/www.nordwich.com\/wp-content\/uploads\/2023\/06\/rekonstrukcie_02.jpg\",\"contentUrl\":\"http:\/\/www.nordwich.com\/wp-content\/uploads\/2023\/06\/rekonstrukcie_02.jpg\"},{\"@type\":\"BreadcrumbList\",\"@id\":\"http:\/\/www.nordwich.com\/bs\/nordwich-bau\/rekonstrukcia-starych-bytov-a-budov\/#breadcrumb\",\"itemListElement\":[{\"@type\":\"ListItem\",\"position\":1,\"name\":\"Domovsk\u00e1 str\u00e1nka\",\"item\":\"https:\/\/www.nordwich.com\/\"},{\"@type\":\"ListItem\",\"position\":2,\"name\":\"Nordwich BAU\",\"item\":\"http:\/\/www.nordwich.com\/de\/nordwich-bau\/\"},{\"@type\":\"ListItem\",\"position\":3,\"name\":\"Rekonstrukcija starih stanova i zgrada\"}]},{\"@type\":\"WebSite\",\"@id\":\"https:\/\/www.nordwich.com\/#website\",\"url\":\"https:\/\/www.nordwich.com\/\",\"name\":\"Nordwich\",\"description\":\"HR-Agentur\",\"publisher\":{\"@id\":\"https:\/\/www.nordwich.com\/#organization\"},\"potentialAction\":[{\"@type\":\"SearchAction\",\"target\":{\"@type\":\"EntryPoint\",\"urlTemplate\":\"https:\/\/www.nordwich.com\/?s={search_term_string}\"},\"query-input\":{\"@type\":\"PropertyValueSpecification\",\"valueRequired\":true,\"valueName\":\"search_term_string\"}}],\"inLanguage\":\"de-DE\"},{\"@type\":\"Organization\",\"@id\":\"https:\/\/www.nordwich.com\/#organization\",\"name\":\"Nordwich\",\"url\":\"https:\/\/www.nordwich.com\/\",\"logo\":{\"@type\":\"ImageObject\",\"inLanguage\":\"de-DE\",\"@id\":\"https:\/\/www.nordwich.com\/#\/schema\/logo\/image\/\",\"url\":\"http:\/\/www.nordwich.com\/wp-content\/uploads\/2026\/01\/nordwich_partners01.jpg\",\"contentUrl\":\"http:\/\/www.nordwich.com\/wp-content\/uploads\/2026\/01\/nordwich_partners01.jpg\",\"width\":1110,\"height\":329,\"caption\":\"Nordwich\"},\"image\":{\"@id\":\"https:\/\/www.nordwich.com\/#\/schema\/logo\/image\/\"}}]}<\/script>\n<!-- \/ Yoast SEO plugin. -->","yoast_head_json":{"title":"Sanierung alter Wohnungen und Geb\u00e4ude - Nordwich","robots":{"index":"index","follow":"follow","max-snippet":"max-snippet:-1","max-image-preview":"max-image-preview:large","max-video-preview":"max-video-preview:-1"},"canonical":"http:\/\/www.nordwich.com\/bs\/nordwich-bau\/rekonstrukcia-starych-bytov-a-budov\/","og_locale":"de_DE","og_type":"article","og_title":"Sanierung alter Wohnungen und Geb\u00e4ude - Nordwich","og_url":"http:\/\/www.nordwich.com\/bs\/nordwich-bau\/rekonstrukcia-starych-bytov-a-budov\/","og_site_name":"Nordwich","article_modified_time":"2023-09-16T14:42:47+00:00","og_image":[{"url":"http:\/\/www.nordwich.com\/wp-content\/uploads\/2023\/06\/rekonstrukcie_02.jpg","type":"","width":"","height":""}],"twitter_card":"summary_large_image","twitter_misc":{"Est. reading time":"6 minutes"},"schema":{"@context":"https:\/\/schema.org","@graph":[{"@type":"WebPage","@id":"http:\/\/www.nordwich.com\/bs\/nordwich-bau\/rekonstrukcia-starych-bytov-a-budov\/","url":"http:\/\/www.nordwich.com\/bs\/nordwich-bau\/rekonstrukcia-starych-bytov-a-budov\/","name":"Sanierung alter Wohnungen und Geb\u00e4ude - Nordwich","isPartOf":{"@id":"https:\/\/www.nordwich.com\/#website"},"primaryImageOfPage":{"@id":"http:\/\/www.nordwich.com\/bs\/nordwich-bau\/rekonstrukcia-starych-bytov-a-budov\/#primaryimage"},"image":{"@id":"http:\/\/www.nordwich.com\/bs\/nordwich-bau\/rekonstrukcia-starych-bytov-a-budov\/#primaryimage"},"thumbnailUrl":"http:\/\/www.nordwich.com\/wp-content\/uploads\/2023\/06\/rekonstrukcie_02.jpg","datePublished":"2023-06-03T19:04:26+00:00","dateModified":"2023-09-16T14:42:47+00:00","breadcrumb":{"@id":"http:\/\/www.nordwich.com\/bs\/nordwich-bau\/rekonstrukcia-starych-bytov-a-budov\/#breadcrumb"},"inLanguage":"de-DE","potentialAction":[{"@type":"ReadAction","target":["http:\/\/www.nordwich.com\/bs\/nordwich-bau\/rekonstrukcia-starych-bytov-a-budov\/"]}]},{"@type":"ImageObject","inLanguage":"de-DE","@id":"http:\/\/www.nordwich.com\/bs\/nordwich-bau\/rekonstrukcia-starych-bytov-a-budov\/#primaryimage","url":"http:\/\/www.nordwich.com\/wp-content\/uploads\/2023\/06\/rekonstrukcie_02.jpg","contentUrl":"http:\/\/www.nordwich.com\/wp-content\/uploads\/2023\/06\/rekonstrukcie_02.jpg"},{"@type":"BreadcrumbList","@id":"http:\/\/www.nordwich.com\/bs\/nordwich-bau\/rekonstrukcia-starych-bytov-a-budov\/#breadcrumb","itemListElement":[{"@type":"ListItem","position":1,"name":"Domovsk\u00e1 str\u00e1nka","item":"https:\/\/www.nordwich.com\/"},{"@type":"ListItem","position":2,"name":"Nordwich BAU","item":"http:\/\/www.nordwich.com\/de\/nordwich-bau\/"},{"@type":"ListItem","position":3,"name":"Rekonstrukcija starih stanova i zgrada"}]},{"@type":"WebSite","@id":"https:\/\/www.nordwich.com\/#website","url":"https:\/\/www.nordwich.com\/","name":"Nordwich","description":"HR-Agentur","publisher":{"@id":"https:\/\/www.nordwich.com\/#organization"},"potentialAction":[{"@type":"SearchAction","target":{"@type":"EntryPoint","urlTemplate":"https:\/\/www.nordwich.com\/?s={search_term_string}"},"query-input":{"@type":"PropertyValueSpecification","valueRequired":true,"valueName":"search_term_string"}}],"inLanguage":"de-DE"},{"@type":"Organization","@id":"https:\/\/www.nordwich.com\/#organization","name":"Nordwich","url":"https:\/\/www.nordwich.com\/","logo":{"@type":"ImageObject","inLanguage":"de-DE","@id":"https:\/\/www.nordwich.com\/#\/schema\/logo\/image\/","url":"http:\/\/www.nordwich.com\/wp-content\/uploads\/2026\/01\/nordwich_partners01.jpg","contentUrl":"http:\/\/www.nordwich.com\/wp-content\/uploads\/2026\/01\/nordwich_partners01.jpg","width":1110,"height":329,"caption":"Nordwich"},"image":{"@id":"https:\/\/www.nordwich.com\/#\/schema\/logo\/image\/"}}]}},"_links":{"self":[{"href":"http:\/\/www.nordwich.com\/de\/wp-json\/wp\/v2\/pages\/251","targetHints":{"allow":["GET"]}}],"collection":[{"href":"http:\/\/www.nordwich.com\/de\/wp-json\/wp\/v2\/pages"}],"about":[{"href":"http:\/\/www.nordwich.com\/de\/wp-json\/wp\/v2\/types\/page"}],"author":[{"embeddable":true,"href":"http:\/\/www.nordwich.com\/de\/wp-json\/wp\/v2\/users\/1"}],"replies":[{"embeddable":true,"href":"http:\/\/www.nordwich.com\/de\/wp-json\/wp\/v2\/comments?post=251"}],"version-history":[{"count":17,"href":"http:\/\/www.nordwich.com\/de\/wp-json\/wp\/v2\/pages\/251\/revisions"}],"predecessor-version":[{"id":1038,"href":"http:\/\/www.nordwich.com\/de\/wp-json\/wp\/v2\/pages\/251\/revisions\/1038"}],"up":[{"embeddable":true,"href":"http:\/\/www.nordwich.com\/de\/wp-json\/wp\/v2\/pages\/244"}],"wp:attachment":[{"href":"http:\/\/www.nordwich.com\/de\/wp-json\/wp\/v2\/media?parent=251"}],"curies":[{"name":"wp","href":"https:\/\/api.w.org\/{rel}","templated":true}]}}