{"id":283,"date":"2023-06-05T15:44:47","date_gmt":"2023-06-05T15:44:47","guid":{"rendered":"http:\/\/www.nordwich.com\/?page_id=283"},"modified":"2023-09-11T07:55:51","modified_gmt":"2023-09-11T07:55:51","slug":"upratovanie-stavieb","status":"publish","type":"page","link":"http:\/\/www.nordwich.com\/de\/upratovanie\/upratovanie-stavieb\/","title":{"rendered":"Reinigung"},"content":{"rendered":"\n<div class=\"wp-block-media-text alignwide is-stacked-on-mobile\"><figure class=\"wp-block-media-text__media\"><img loading=\"lazy\" decoding=\"async\" width=\"735\" height=\"419\" src=\"http:\/\/www.nordwich.com\/wp-content\/uploads\/2023\/06\/upratovanie_02.jpg\" alt=\"Upratovanie\" class=\"wp-image-286 size-full\" srcset=\"http:\/\/www.nordwich.com\/wp-content\/uploads\/2023\/06\/upratovanie_02.jpg 735w, http:\/\/www.nordwich.com\/wp-content\/uploads\/2023\/06\/upratovanie_02-300x171.jpg 300w\" sizes=\"auto, (max-width: 735px) 100vw, 735px\" \/><\/figure><div class=\"wp-block-media-text__content\">\n<p>Wir reinigen:<\/p>\n\n\n\n<ul class=\"wp-block-list\">\n<li>Baustellen<\/li>\n\n\n\n<li>Wohnungen<\/li>\n\n\n\n<li>Garagen und Keller<\/li>\n\n\n\n<li>Dachb\u00f6den<\/li>\n<\/ul>\n<\/div><\/div>\n\n\n\n<div style=\"height:30px\" aria-hidden=\"true\" class=\"wp-block-spacer\"><\/div>\n\n\n\n<p>Wir bieten Reinigungsdienste an \u2013 Reinigung und R\u00e4umung nach Umbau- oder Malerarbeiten. Wir reinigen Au\u00dfen- und Innenbereiche, B\u00fcros, Flure und die gesamten Fl\u00e4chen.<\/p>\n\n\n\n<h4 class=\"wp-block-heading\"><strong>Geb\u00e4udereinigung in Bratislava und Wien<\/strong><\/h4>\n\n\n\n<p>Sie m\u00fcssen den Baubereich f\u00fcr die Legalisierung vorbereiten oder m\u00f6chten einfach nur, dass das Geb\u00e4ude sauber ist?<\/p>\n\n\n\n<p>Wir bieten Komplettreinigungen nach groben Bauarbeiten an. Wir reinigen alle Ihre Geb\u00e4ude &#8211; von kleinen Einfamilienh\u00e4usern bis zu Apartmentkomplexen. Unsere Angebote k\u00f6nnen einmalig in Anspruch genommen werden oder wir kommen regelm\u00e4\u00dfig zu vereinbarten Terminen zur Reinigung, damit Ihre Geb\u00e4ude wieder in Topform sind.<\/p>\n\n\n\n<h4 class=\"wp-block-heading\"><strong>Reinigung von im Bau befindlichen Geb\u00e4uden<\/strong><\/h4>\n\n\n\n<ul class=\"wp-block-list\">\n<li>Wir reinigen die R\u00e4umlichkeiten nach Absprache komplett<\/li>\n\n\n\n<li>Waschen, staubsaugen, wischen &#8211; Sie k\u00f6nnen uns alles \u00fcberlassen<\/li>\n\n\n\n<li>Sie k\u00f6nnen sich anderen Projekten widmen<\/li>\n\n\n\n<li>Sie sparen durch uns Zeit und Geld<\/li>\n<\/ul>\n\n\n\n<h4 class=\"wp-block-heading\"><strong>Reinigung nach handwerklichen Arbeiten<\/strong><\/h4>\n\n\n\n<p>Wir wissen, dass durch handwerkliche Arbeiten sehr viel Schmutz entsteht. Deshalb reinigen wir alles, was durch diese verschmutzt wurde. Wir reinigen das Geb\u00e4ude f\u00fcr etwaige Inspektionen, Legalisierungsantr\u00e4ge oder bereiten R\u00e4umlichkeiten f\u00fcr die n\u00e4chsten Schritte\/Arbeiten vor.<\/p>\n\n\n\n<p><strong>Dazu geh\u00f6rt:<\/strong><\/p>\n\n\n\n<ul class=\"wp-block-list\">\n<li>Reinigung der Fenster nach dem Lackieren<\/li>\n\n\n\n<li>Reinigung neuer B\u00f6den nach dem Verfugen der Fliesen<\/li>\n\n\n\n<li>Staubreinigung nach Bohr- und Schneidt\u00e4tigkeiten<\/li>\n\n\n\n<li>Wir r\u00e4umen s\u00e4mtliche Unordnung auf, damit die R\u00e4umlichkeiten sauber bleiben<\/li>\n<\/ul>\n\n\n\n<h4 class=\"wp-block-heading\"><br><strong>Reinigung nach Umbauarbeiten (Reinigung nach Fertigstellung von Geb\u00e4uden)<\/strong><\/h4>\n\n\n\n<p>Wir \u00fcbernehmen die vollst\u00e4ndige Reinigung von R\u00e4umlichkeiten, in denen Umbaut\u00e4tigkeiten oder andere Arbeiten durchgef\u00fchrt wurden.<\/p>\n\n\n\n<div class=\"wp-block-media-text alignwide is-stacked-on-mobile\"><figure class=\"wp-block-media-text__media\"><img loading=\"lazy\" decoding=\"async\" width=\"995\" height=\"557\" src=\"http:\/\/www.nordwich.com\/wp-content\/uploads\/2023\/06\/upratovanie_03.jpg\" alt=\"Upratovanie\" class=\"wp-image-285 size-full\" srcset=\"http:\/\/www.nordwich.com\/wp-content\/uploads\/2023\/06\/upratovanie_03.jpg 995w, http:\/\/www.nordwich.com\/wp-content\/uploads\/2023\/06\/upratovanie_03-300x168.jpg 300w, http:\/\/www.nordwich.com\/wp-content\/uploads\/2023\/06\/upratovanie_03-768x430.jpg 768w\" sizes=\"auto, (max-width: 995px) 100vw, 995px\" \/><\/figure><div class=\"wp-block-media-text__content\">\n<div style=\"height:31px\" aria-hidden=\"true\" class=\"wp-block-spacer\"><\/div>\n\n\n\n<h4 class=\"wp-block-heading\"><strong>REINIGUNG VON WOHNUNGEN, GARAGEN, KELLERN, DACHB\u00d6DEN<\/strong><\/h4>\n\n\n\n<p>Wir bieten Reinigungs- und R\u00e4umungsservices f\u00fcr Wohnungen, Garagen, Keller und Dachb\u00f6den an. Au\u00dferdem f\u00fchren wir die komplette R\u00e4umung von R\u00e4umen aller Art vor und nach dem Verkauf durch. Wir k\u00fcmmern uns ebenfalls um die Entsorgung der Materialien vor und nach Rekonstruktionsarbeiten. R\u00e4umungen von Einfamilienh\u00e4usern, die Reinigung von B\u00fcros und Lagerhallen sind 7 Tage in der Woche m\u00f6glich.<\/p>\n<\/div><\/div>\n\n\n\n<div style=\"height:28px\" aria-hidden=\"true\" class=\"wp-block-spacer\"><\/div>\n\n\n\n<h4 class=\"wp-block-heading\"><strong><strong>ABRISS UND DEMONTAGE<\/strong><\/strong><\/h4>\n\n\n\n<p>Unser Unternehmen besch\u00e4ftigt sich auch mit der Durchf\u00fchrung von Abbrucharbeiten in kleinerem und gr\u00f6\u00dferem Umfang. Auf Baustellen oder in H\u00e4usern, Wohnungen und anderen R\u00e4umlichkeiten, in denen eine Reparatur des gesamten Geb\u00e4udes oder eines Teils davon erforderlich ist, f\u00fchren wir manuelle Abbrucharbeiten durch, wenn die Bedingungen f\u00fcr den Einsatz von Technologien nicht gegeben sind. Dies beinhaltet haupts\u00e4chlich das Schneiden\/Bohren oder den Abbruch von Trennw\u00e4nden\/Wohnkernen. Dar\u00fcber hinaus k\u00fcmmern wir uns um die Demontage von Installationen wie auch von Fenstern und T\u00fcren&#8230;Wir bieten ebenfalls die Sortierung, Beseitigung und Entsorgung von Bauschutt aus Sanit\u00e4rgeb\u00e4uden an.<\/p>\n\n\n\n<blockquote class=\"wp-block-quote is-layout-flow wp-block-quote-is-layout-flow\">\n<p>\u00dcberlassen Sie Ihre Sorgen uns!<\/p>\n<\/blockquote>\n","protected":false},"excerpt":{"rendered":"<p>Wir bieten Reinigungsdienste an \u2013 Reinigung und R\u00e4umung nach Umbau- oder Malerarbeiten. Wir reinigen Au\u00dfen- und Innenbereiche, B\u00fcros, Flure und die gesamten Fl\u00e4chen. Geb\u00e4udereinigung in&hellip;<\/p>\n","protected":false},"author":1,"featured_media":0,"parent":951,"menu_order":30,"comment_status":"closed","ping_status":"closed","template":"","meta":{"footnotes":""},"class_list":["post-283","page","type-page","status-publish","hentry"],"translation":{"provider":"WPGlobus","version":"3.0.0","language":"de","enabled_languages":["sk","bs","de"],"languages":{"sk":{"title":true,"content":true,"excerpt":false},"bs":{"title":true,"content":true,"excerpt":false},"de":{"title":true,"content":true,"excerpt":false}}},"yoast_head":"<!-- This site is optimized with the Yoast SEO plugin v26.1.1 - https:\/\/yoast.com\/wordpress\/plugins\/seo\/ -->\n<title>Reinigung - Nordwich<\/title>\n<meta name=\"robots\" content=\"index, follow, max-snippet:-1, max-image-preview:large, max-video-preview:-1\" \/>\n<link rel=\"canonical\" href=\"https:\/\/www.nordwich.com\/de\/upratovanie\/upratovanie-stavieb\/\" \/>\n<meta property=\"og:locale\" content=\"de_DE\" \/>\n<meta property=\"og:type\" content=\"article\" \/>\n<meta property=\"og:title\" content=\"Reinigung - Nordwich\" \/>\n<meta property=\"og:url\" content=\"https:\/\/www.nordwich.com\/de\/upratovanie\/upratovanie-stavieb\/\" \/>\n<meta property=\"og:site_name\" content=\"Nordwich\" \/>\n<meta property=\"article:modified_time\" content=\"2023-09-11T07:55:51+00:00\" \/>\n<meta property=\"og:image\" content=\"http:\/\/www.nordwich.com\/wp-content\/uploads\/2023\/06\/upratovanie_02.jpg\" \/>\n<meta name=\"twitter:card\" content=\"summary_large_image\" \/>\n<meta name=\"twitter:label1\" content=\"Est. reading time\" \/>\n\t<meta name=\"twitter:data1\" content=\"3 minutes\" \/>\n<script type=\"application\/ld+json\" class=\"yoast-schema-graph\">{\"@context\":\"https:\/\/schema.org\",\"@graph\":[{\"@type\":\"WebPage\",\"@id\":\"https:\/\/www.nordwich.com\/de\/upratovanie\/upratovanie-stavieb\/\",\"url\":\"https:\/\/www.nordwich.com\/de\/upratovanie\/upratovanie-stavieb\/\",\"name\":\"Reinigung - Nordwich\",\"isPartOf\":{\"@id\":\"http:\/\/www.nordwich.com\/#website\"},\"primaryImageOfPage\":{\"@id\":\"https:\/\/www.nordwich.com\/de\/upratovanie\/upratovanie-stavieb\/#primaryimage\"},\"image\":{\"@id\":\"https:\/\/www.nordwich.com\/de\/upratovanie\/upratovanie-stavieb\/#primaryimage\"},\"thumbnailUrl\":\"http:\/\/www.nordwich.com\/wp-content\/uploads\/2023\/06\/upratovanie_02.jpg\",\"datePublished\":\"2023-06-05T15:44:47+00:00\",\"dateModified\":\"2023-09-11T07:55:51+00:00\",\"breadcrumb\":{\"@id\":\"https:\/\/www.nordwich.com\/de\/upratovanie\/upratovanie-stavieb\/#breadcrumb\"},\"inLanguage\":\"de-DE\",\"potentialAction\":[{\"@type\":\"ReadAction\",\"target\":[\"https:\/\/www.nordwich.com\/de\/upratovanie\/upratovanie-stavieb\/\"]}]},{\"@type\":\"ImageObject\",\"inLanguage\":\"de-DE\",\"@id\":\"https:\/\/www.nordwich.com\/de\/upratovanie\/upratovanie-stavieb\/#primaryimage\",\"url\":\"http:\/\/www.nordwich.com\/wp-content\/uploads\/2023\/06\/upratovanie_02.jpg\",\"contentUrl\":\"http:\/\/www.nordwich.com\/wp-content\/uploads\/2023\/06\/upratovanie_02.jpg\"},{\"@type\":\"BreadcrumbList\",\"@id\":\"https:\/\/www.nordwich.com\/de\/upratovanie\/upratovanie-stavieb\/#breadcrumb\",\"itemListElement\":[{\"@type\":\"ListItem\",\"position\":1,\"name\":\"Domovsk\u00e1 str\u00e1nka\",\"item\":\"http:\/\/www.nordwich.com\/\"},{\"@type\":\"ListItem\",\"position\":2,\"name\":\"Reinigung\",\"item\":\"https:\/\/www.nordwich.com\/de\/upratovanie\/\"},{\"@type\":\"ListItem\",\"position\":3,\"name\":\"Reinigung\"}]},{\"@type\":\"WebSite\",\"@id\":\"http:\/\/www.nordwich.com\/#website\",\"url\":\"http:\/\/www.nordwich.com\/\",\"name\":\"Nordwich\",\"description\":\"HR-Agentur\",\"publisher\":{\"@id\":\"http:\/\/www.nordwich.com\/#organization\"},\"potentialAction\":[{\"@type\":\"SearchAction\",\"target\":{\"@type\":\"EntryPoint\",\"urlTemplate\":\"http:\/\/www.nordwich.com\/?s={search_term_string}\"},\"query-input\":{\"@type\":\"PropertyValueSpecification\",\"valueRequired\":true,\"valueName\":\"search_term_string\"}}],\"inLanguage\":\"de-DE\"},{\"@type\":\"Organization\",\"@id\":\"http:\/\/www.nordwich.com\/#organization\",\"name\":\"Nordwich\",\"url\":\"http:\/\/www.nordwich.com\/\",\"logo\":{\"@type\":\"ImageObject\",\"inLanguage\":\"de-DE\",\"@id\":\"http:\/\/www.nordwich.com\/#\/schema\/logo\/image\/\",\"url\":\"http:\/\/www.nordwich.com\/wp-content\/uploads\/2026\/01\/nordwich_partners01.jpg\",\"contentUrl\":\"http:\/\/www.nordwich.com\/wp-content\/uploads\/2026\/01\/nordwich_partners01.jpg\",\"width\":1110,\"height\":329,\"caption\":\"Nordwich\"},\"image\":{\"@id\":\"http:\/\/www.nordwich.com\/#\/schema\/logo\/image\/\"}}]}<\/script>\n<!-- \/ Yoast SEO plugin. -->","yoast_head_json":{"title":"Reinigung - Nordwich","robots":{"index":"index","follow":"follow","max-snippet":"max-snippet:-1","max-image-preview":"max-image-preview:large","max-video-preview":"max-video-preview:-1"},"canonical":"https:\/\/www.nordwich.com\/de\/upratovanie\/upratovanie-stavieb\/","og_locale":"de_DE","og_type":"article","og_title":"Reinigung - Nordwich","og_url":"https:\/\/www.nordwich.com\/de\/upratovanie\/upratovanie-stavieb\/","og_site_name":"Nordwich","article_modified_time":"2023-09-11T07:55:51+00:00","og_image":[{"url":"http:\/\/www.nordwich.com\/wp-content\/uploads\/2023\/06\/upratovanie_02.jpg","type":"","width":"","height":""}],"twitter_card":"summary_large_image","twitter_misc":{"Est. reading time":"3 minutes"},"schema":{"@context":"https:\/\/schema.org","@graph":[{"@type":"WebPage","@id":"https:\/\/www.nordwich.com\/de\/upratovanie\/upratovanie-stavieb\/","url":"https:\/\/www.nordwich.com\/de\/upratovanie\/upratovanie-stavieb\/","name":"Reinigung - Nordwich","isPartOf":{"@id":"http:\/\/www.nordwich.com\/#website"},"primaryImageOfPage":{"@id":"https:\/\/www.nordwich.com\/de\/upratovanie\/upratovanie-stavieb\/#primaryimage"},"image":{"@id":"https:\/\/www.nordwich.com\/de\/upratovanie\/upratovanie-stavieb\/#primaryimage"},"thumbnailUrl":"http:\/\/www.nordwich.com\/wp-content\/uploads\/2023\/06\/upratovanie_02.jpg","datePublished":"2023-06-05T15:44:47+00:00","dateModified":"2023-09-11T07:55:51+00:00","breadcrumb":{"@id":"https:\/\/www.nordwich.com\/de\/upratovanie\/upratovanie-stavieb\/#breadcrumb"},"inLanguage":"de-DE","potentialAction":[{"@type":"ReadAction","target":["https:\/\/www.nordwich.com\/de\/upratovanie\/upratovanie-stavieb\/"]}]},{"@type":"ImageObject","inLanguage":"de-DE","@id":"https:\/\/www.nordwich.com\/de\/upratovanie\/upratovanie-stavieb\/#primaryimage","url":"http:\/\/www.nordwich.com\/wp-content\/uploads\/2023\/06\/upratovanie_02.jpg","contentUrl":"http:\/\/www.nordwich.com\/wp-content\/uploads\/2023\/06\/upratovanie_02.jpg"},{"@type":"BreadcrumbList","@id":"https:\/\/www.nordwich.com\/de\/upratovanie\/upratovanie-stavieb\/#breadcrumb","itemListElement":[{"@type":"ListItem","position":1,"name":"Domovsk\u00e1 str\u00e1nka","item":"http:\/\/www.nordwich.com\/"},{"@type":"ListItem","position":2,"name":"Reinigung","item":"https:\/\/www.nordwich.com\/de\/upratovanie\/"},{"@type":"ListItem","position":3,"name":"Reinigung"}]},{"@type":"WebSite","@id":"http:\/\/www.nordwich.com\/#website","url":"http:\/\/www.nordwich.com\/","name":"Nordwich","description":"HR-Agentur","publisher":{"@id":"http:\/\/www.nordwich.com\/#organization"},"potentialAction":[{"@type":"SearchAction","target":{"@type":"EntryPoint","urlTemplate":"http:\/\/www.nordwich.com\/?s={search_term_string}"},"query-input":{"@type":"PropertyValueSpecification","valueRequired":true,"valueName":"search_term_string"}}],"inLanguage":"de-DE"},{"@type":"Organization","@id":"http:\/\/www.nordwich.com\/#organization","name":"Nordwich","url":"http:\/\/www.nordwich.com\/","logo":{"@type":"ImageObject","inLanguage":"de-DE","@id":"http:\/\/www.nordwich.com\/#\/schema\/logo\/image\/","url":"http:\/\/www.nordwich.com\/wp-content\/uploads\/2026\/01\/nordwich_partners01.jpg","contentUrl":"http:\/\/www.nordwich.com\/wp-content\/uploads\/2026\/01\/nordwich_partners01.jpg","width":1110,"height":329,"caption":"Nordwich"},"image":{"@id":"http:\/\/www.nordwich.com\/#\/schema\/logo\/image\/"}}]}},"_links":{"self":[{"href":"http:\/\/www.nordwich.com\/de\/wp-json\/wp\/v2\/pages\/283","targetHints":{"allow":["GET"]}}],"collection":[{"href":"http:\/\/www.nordwich.com\/de\/wp-json\/wp\/v2\/pages"}],"about":[{"href":"http:\/\/www.nordwich.com\/de\/wp-json\/wp\/v2\/types\/page"}],"author":[{"embeddable":true,"href":"http:\/\/www.nordwich.com\/de\/wp-json\/wp\/v2\/users\/1"}],"replies":[{"embeddable":true,"href":"http:\/\/www.nordwich.com\/de\/wp-json\/wp\/v2\/comments?post=283"}],"version-history":[{"count":14,"href":"http:\/\/www.nordwich.com\/de\/wp-json\/wp\/v2\/pages\/283\/revisions"}],"predecessor-version":[{"id":1025,"href":"http:\/\/www.nordwich.com\/de\/wp-json\/wp\/v2\/pages\/283\/revisions\/1025"}],"up":[{"embeddable":true,"href":"http:\/\/www.nordwich.com\/de\/wp-json\/wp\/v2\/pages\/951"}],"wp:attachment":[{"href":"http:\/\/www.nordwich.com\/de\/wp-json\/wp\/v2\/media?parent=283"}],"curies":[{"name":"wp","href":"https:\/\/api.w.org\/{rel}","templated":true}]}}