{"id":36,"date":"2023-03-16T15:59:26","date_gmt":"2023-03-16T15:59:26","guid":{"rendered":"http:\/\/www.nordwich.com\/?page_id=36"},"modified":"2023-09-16T14:04:02","modified_gmt":"2023-09-16T14:04:02","slug":"personalna-agentura","status":"publish","type":"page","link":"http:\/\/www.nordwich.com\/de\/agentura\/personalna-agentura\/","title":{"rendered":"HR-Agentur"},"content":{"rendered":"\n<p>Bei unserem Unternehmen NORDWICH handelt es sich um eine Personalvermittlung, die vor allem die Vermittlung von Arbeitskr\u00e4ften zum Ziel hat. Auf Englisch \u201epermanent placement\u201c. Ein Unternehmen \u2013 Kunde eines Personalvermittlers \u2013 beauftragt uns als Personalvermittler mit der Suche nach geeigneten Arbeitskr\u00e4ften f\u00fcr bestimmte Positionen. Dabei wird f\u00fcr die Vermittlung einer solchen Arbeitskraft eine einmalige Provision verlangt. In diesem Fall ist der\/die Arbeitnehmer\/in kein\/e Angestellte\/r der Agentur, sondern wird direkt beim Kunden angestellt.<\/p>\n\n\n\n<h3 class=\"wp-block-heading\">Preisliste der HR-Agentur<\/h3>\n\n\n\n<p>Personalagenturen verlangen f\u00fcr die Vermittlung in der Regel Provisionen in H\u00f6he von 1,5 bis 3 Bruttomonatsl\u00f6hnen. Diese Provision wird in der Regel in 2 bis 3 Monatsraten (maximal 3 Monate) aufgeteilt. Einige Agenturen haben Vertr\u00e4ge, die vorsehen, dass im Falle des Ausscheidens der Arbeitskraft w\u00e4hrend der Probezeit die Provision um einen vorher festgelegten Teil gek\u00fcrzt wird . Beispielsweise hat die Personalvermittlungsagentur \u201eNordwich Personnel Agency\u201c Standards f\u00fcr die Zusammenarbeit eingef\u00fchrt: Im Falle des Ausscheidens einer Arbeitskraft w\u00e4hrend der Probezeit, sind wir verpflichtet, im Austausch kostenlos eine\/n neue\/n Mitarbeiter\/in f\u00fcr den Kunden zu finden.<\/p>\n\n\n\n<h3 class=\"wp-block-heading\">Vorteile der Zusammenarbeit mit Personalagenturen<\/h3>\n\n\n\n<p>Personalagenturen verf\u00fcgen \u00fcber eine gro\u00dfe Datenbank f\u00fcr verschiedene Berufe. Oft wenden sich einige Expert\/innen mehr als einmal an diese. Personalagenturen sparen Zeit und Geld bei der Organisation von Stellenanzeigen und Vorstellungsgespr\u00e4chen. Meist gelingt es diesen Agenturen, Expert\/innen f\u00fcr Positionen zu finden, f\u00fcr die es schwierig ist, jemanden zu finden und von denen sich niemand von selbst an das Unternehmen wenden w\u00fcrde. Die Agenturen sollten Kandidat\/innen filtern und Unternehmen nicht mit ungeeigneten Kandidat\/innen belasten.<\/p>\n","protected":false},"excerpt":{"rendered":"<p>Bei unserem Unternehmen NORDWICH handelt es sich um eine Personalvermittlung, die vor allem die Vermittlung von Arbeitskr\u00e4ften zum Ziel hat. Auf Englisch \u201epermanent placement\u201c. Ein&hellip;<\/p>\n","protected":false},"author":1,"featured_media":0,"parent":20,"menu_order":0,"comment_status":"closed","ping_status":"closed","template":"","meta":{"footnotes":""},"class_list":["post-36","page","type-page","status-publish","hentry"],"translation":{"provider":"WPGlobus","version":"3.0.0","language":"de","enabled_languages":["sk","bs","de"],"languages":{"sk":{"title":true,"content":true,"excerpt":false},"bs":{"title":true,"content":true,"excerpt":false},"de":{"title":true,"content":true,"excerpt":false}}},"yoast_head":"<!-- This site is optimized with the Yoast SEO plugin v26.1.1 - https:\/\/yoast.com\/wordpress\/plugins\/seo\/ -->\n<title>HR-Agentur - Nordwich<\/title>\n<meta name=\"robots\" content=\"index, follow, max-snippet:-1, max-image-preview:large, max-video-preview:-1\" \/>\n<link rel=\"canonical\" href=\"http:\/\/www.nordwich.com\/bs\/agentura\/personalna-agentura\/\" \/>\n<meta property=\"og:locale\" content=\"de_DE\" \/>\n<meta property=\"og:type\" content=\"article\" \/>\n<meta property=\"og:title\" content=\"HR-Agentur - Nordwich\" \/>\n<meta property=\"og:url\" content=\"http:\/\/www.nordwich.com\/bs\/agentura\/personalna-agentura\/\" \/>\n<meta property=\"og:site_name\" content=\"Nordwich\" \/>\n<meta property=\"article:modified_time\" content=\"2023-09-16T14:04:02+00:00\" \/>\n<meta name=\"twitter:card\" content=\"summary_large_image\" \/>\n<meta name=\"twitter:label1\" content=\"Est. reading time\" \/>\n\t<meta name=\"twitter:data1\" content=\"2 minutes\" \/>\n<script type=\"application\/ld+json\" class=\"yoast-schema-graph\">{\"@context\":\"https:\/\/schema.org\",\"@graph\":[{\"@type\":\"WebPage\",\"@id\":\"http:\/\/www.nordwich.com\/bs\/agentura\/personalna-agentura\/\",\"url\":\"http:\/\/www.nordwich.com\/bs\/agentura\/personalna-agentura\/\",\"name\":\"HR-Agentur - Nordwich\",\"isPartOf\":{\"@id\":\"http:\/\/www.nordwich.com\/#website\"},\"datePublished\":\"2023-03-16T15:59:26+00:00\",\"dateModified\":\"2023-09-16T14:04:02+00:00\",\"description\":\"Sme person\u00e1lna a pracovn\u00e1 agent\u00fara, ktor\u00e1 pon\u00faka pr\u00e1cu z\u00e1ujemcom vo vybran\u00fdch profesi\u00e1ch a vyh\u013ead\u00e1va pracovn\u00edkov pre firmy.\",\"breadcrumb\":{\"@id\":\"http:\/\/www.nordwich.com\/bs\/agentura\/personalna-agentura\/#breadcrumb\"},\"inLanguage\":\"de-DE\",\"potentialAction\":[{\"@type\":\"ReadAction\",\"target\":[\"http:\/\/www.nordwich.com\/bs\/agentura\/personalna-agentura\/\"]}]},{\"@type\":\"BreadcrumbList\",\"@id\":\"http:\/\/www.nordwich.com\/bs\/agentura\/personalna-agentura\/#breadcrumb\",\"itemListElement\":[{\"@type\":\"ListItem\",\"position\":1,\"name\":\"Domovsk\u00e1 str\u00e1nka\",\"item\":\"http:\/\/www.nordwich.com\/\"},{\"@type\":\"ListItem\",\"position\":2,\"name\":\"Agent\u00fara\",\"item\":\"https:\/\/www.nordwich.com\/agentura\/\"},{\"@type\":\"ListItem\",\"position\":3,\"name\":\"Personalna agencija\"}]},{\"@type\":\"WebSite\",\"@id\":\"http:\/\/www.nordwich.com\/#website\",\"url\":\"http:\/\/www.nordwich.com\/\",\"name\":\"Nordwich\",\"description\":\"HR-Agentur\",\"publisher\":{\"@id\":\"http:\/\/www.nordwich.com\/#organization\"},\"potentialAction\":[{\"@type\":\"SearchAction\",\"target\":{\"@type\":\"EntryPoint\",\"urlTemplate\":\"http:\/\/www.nordwich.com\/?s={search_term_string}\"},\"query-input\":{\"@type\":\"PropertyValueSpecification\",\"valueRequired\":true,\"valueName\":\"search_term_string\"}}],\"inLanguage\":\"de-DE\"},{\"@type\":\"Organization\",\"@id\":\"http:\/\/www.nordwich.com\/#organization\",\"name\":\"Nordwich\",\"url\":\"http:\/\/www.nordwich.com\/\",\"logo\":{\"@type\":\"ImageObject\",\"inLanguage\":\"de-DE\",\"@id\":\"http:\/\/www.nordwich.com\/#\/schema\/logo\/image\/\",\"url\":\"http:\/\/www.nordwich.com\/wp-content\/uploads\/2026\/01\/nordwich_partners01.jpg\",\"contentUrl\":\"http:\/\/www.nordwich.com\/wp-content\/uploads\/2026\/01\/nordwich_partners01.jpg\",\"width\":1110,\"height\":329,\"caption\":\"Nordwich\"},\"image\":{\"@id\":\"http:\/\/www.nordwich.com\/#\/schema\/logo\/image\/\"}}]}<\/script>\n<!-- \/ Yoast SEO plugin. -->","yoast_head_json":{"title":"HR-Agentur - Nordwich","robots":{"index":"index","follow":"follow","max-snippet":"max-snippet:-1","max-image-preview":"max-image-preview:large","max-video-preview":"max-video-preview:-1"},"canonical":"http:\/\/www.nordwich.com\/bs\/agentura\/personalna-agentura\/","og_locale":"de_DE","og_type":"article","og_title":"HR-Agentur - Nordwich","og_url":"http:\/\/www.nordwich.com\/bs\/agentura\/personalna-agentura\/","og_site_name":"Nordwich","article_modified_time":"2023-09-16T14:04:02+00:00","twitter_card":"summary_large_image","twitter_misc":{"Est. reading time":"2 minutes"},"schema":{"@context":"https:\/\/schema.org","@graph":[{"@type":"WebPage","@id":"http:\/\/www.nordwich.com\/bs\/agentura\/personalna-agentura\/","url":"http:\/\/www.nordwich.com\/bs\/agentura\/personalna-agentura\/","name":"HR-Agentur - Nordwich","isPartOf":{"@id":"http:\/\/www.nordwich.com\/#website"},"datePublished":"2023-03-16T15:59:26+00:00","dateModified":"2023-09-16T14:04:02+00:00","description":"Sme person\u00e1lna a pracovn\u00e1 agent\u00fara, ktor\u00e1 pon\u00faka pr\u00e1cu z\u00e1ujemcom vo vybran\u00fdch profesi\u00e1ch a vyh\u013ead\u00e1va pracovn\u00edkov pre firmy.","breadcrumb":{"@id":"http:\/\/www.nordwich.com\/bs\/agentura\/personalna-agentura\/#breadcrumb"},"inLanguage":"de-DE","potentialAction":[{"@type":"ReadAction","target":["http:\/\/www.nordwich.com\/bs\/agentura\/personalna-agentura\/"]}]},{"@type":"BreadcrumbList","@id":"http:\/\/www.nordwich.com\/bs\/agentura\/personalna-agentura\/#breadcrumb","itemListElement":[{"@type":"ListItem","position":1,"name":"Domovsk\u00e1 str\u00e1nka","item":"http:\/\/www.nordwich.com\/"},{"@type":"ListItem","position":2,"name":"Agent\u00fara","item":"https:\/\/www.nordwich.com\/agentura\/"},{"@type":"ListItem","position":3,"name":"Personalna agencija"}]},{"@type":"WebSite","@id":"http:\/\/www.nordwich.com\/#website","url":"http:\/\/www.nordwich.com\/","name":"Nordwich","description":"HR-Agentur","publisher":{"@id":"http:\/\/www.nordwich.com\/#organization"},"potentialAction":[{"@type":"SearchAction","target":{"@type":"EntryPoint","urlTemplate":"http:\/\/www.nordwich.com\/?s={search_term_string}"},"query-input":{"@type":"PropertyValueSpecification","valueRequired":true,"valueName":"search_term_string"}}],"inLanguage":"de-DE"},{"@type":"Organization","@id":"http:\/\/www.nordwich.com\/#organization","name":"Nordwich","url":"http:\/\/www.nordwich.com\/","logo":{"@type":"ImageObject","inLanguage":"de-DE","@id":"http:\/\/www.nordwich.com\/#\/schema\/logo\/image\/","url":"http:\/\/www.nordwich.com\/wp-content\/uploads\/2026\/01\/nordwich_partners01.jpg","contentUrl":"http:\/\/www.nordwich.com\/wp-content\/uploads\/2026\/01\/nordwich_partners01.jpg","width":1110,"height":329,"caption":"Nordwich"},"image":{"@id":"http:\/\/www.nordwich.com\/#\/schema\/logo\/image\/"}}]}},"_links":{"self":[{"href":"http:\/\/www.nordwich.com\/de\/wp-json\/wp\/v2\/pages\/36","targetHints":{"allow":["GET"]}}],"collection":[{"href":"http:\/\/www.nordwich.com\/de\/wp-json\/wp\/v2\/pages"}],"about":[{"href":"http:\/\/www.nordwich.com\/de\/wp-json\/wp\/v2\/types\/page"}],"author":[{"embeddable":true,"href":"http:\/\/www.nordwich.com\/de\/wp-json\/wp\/v2\/users\/1"}],"replies":[{"embeddable":true,"href":"http:\/\/www.nordwich.com\/de\/wp-json\/wp\/v2\/comments?post=36"}],"version-history":[{"count":7,"href":"http:\/\/www.nordwich.com\/de\/wp-json\/wp\/v2\/pages\/36\/revisions"}],"predecessor-version":[{"id":1032,"href":"http:\/\/www.nordwich.com\/de\/wp-json\/wp\/v2\/pages\/36\/revisions\/1032"}],"up":[{"embeddable":true,"href":"http:\/\/www.nordwich.com\/de\/wp-json\/wp\/v2\/pages\/20"}],"wp:attachment":[{"href":"http:\/\/www.nordwich.com\/de\/wp-json\/wp\/v2\/media?parent=36"}],"curies":[{"name":"wp","href":"https:\/\/api.w.org\/{rel}","templated":true}]}}