{"id":38,"date":"2023-03-16T16:01:12","date_gmt":"2023-03-16T16:01:12","guid":{"rendered":"http:\/\/www.nordwich.com\/?page_id=38"},"modified":"2023-09-16T14:13:55","modified_gmt":"2023-09-16T14:13:55","slug":"pracovna-agentura","status":"publish","type":"page","link":"http:\/\/www.nordwich.com\/de\/agentura\/pracovna-agentura\/","title":{"rendered":"Agentur f\u00fcr Arbeit"},"content":{"rendered":"\n<p>Diese Art der Zusammenarbeit wird durch unser Schwesterunternehmen NORDWICH JOB erledigt.<\/p>\n\n\n\n<p>Personalagentur oder <strong>APZ (<\/strong>in der Slowakei <strong>ADZ). Die Abk\u00fcrzung ADZ <\/strong>wird in der Slowakei verwendet und bedeutet \u201eZeitarbeitsagentur\u201c. ADZ vermittelt keine Arbeit f\u00fcr Kandidat\/innen wie bei der Personalvermittlung, sondern die ADZ verf\u00fcgt \u00fcber eigene Arbeitskr\u00e4fte, die es seinen Kunden (Nutzer\/innen) \u201eleiht\u201c. Die Agentur f\u00fcr Arbeit hat eigene, genaue gesetzliche Regelungen, die es zu beachten gilt. In der Slowakei entscheidet die \u00daPSVaR (Arbeitsgruppe f\u00fcr Besch\u00e4ftigung, Soziales und Familienpflege) \u00fcber die Erteilung von Lizenzen f\u00fcr die Erbringung von Zeitarbeitsdienstleistungen.<\/p>\n\n\n\n<h4 class=\"wp-block-heading\">Vergleichbare Bedingungen<\/h4>\n\n\n\n<p>Zu den Besonderheiten von Arbeitsvermittlern geh\u00f6rt, dass sie sich an sogenannte \u201evergleichbare Bedingungen\u201c halten m\u00fcssen. Dies bedeutet, dass der Kunde der Agentur \u2013 das Unternehmen, in dem die Mitarbeiter\/innen der Agentur arbeiten, zu Beginn der Zusammenarbeit Informationen \u00fcber das Gehalt und die Arbeitsbedingungen seiner Mitarbeiter\/innen an die ADZ \u00fcbermitteln muss. Diese Bedingungen muss die Arbeitsagentur ihren Leiharbeiter\/innen bieten, die sie an Unternehmen \u00fcberl\u00e4sst. Dies wird von der Regierungsbeh\u00f6rde streng kontrolliert. Wird dies nicht beachtet, ist die ADZ daf\u00fcr verantwortlich, dass bei dem\/r Arbeitnehmer\/in schlechte Beedingungen herrschen oder das Unternehmen die Informationen nicht an die Agentur \u00fcbermittelt hat. Vergleichbare Konditionen werden in der Regel vom Kunden m\u00fcndlich an die Agentur \u00fcbermittelt, sodass hier\u00fcber eine Protokollierung erfolgt.<\/p>\n\n\n\n<h3 class=\"wp-block-heading\">Vor- und Nachteile der Zusammenarbeit mit Arbeitsagenturen<\/h3>\n\n\n\n<p><i class=\"fa fa-plus-circle\" aria-hidden=\"true\" style=\"color: green; font-size: 1.5em;\"><\/i> \nUnternehmen m\u00fcssen sich nicht mehr um die Personalplanung ihrer Mitarbeiter\/innen k\u00fcmmern. L\u00f6hne, Registrierung, Abmeldung von Arbeitnehmer\/innen, Bescheide und Sanktionen -um all das k\u00fcmmert sich die Agentur f\u00fcr Arbeit.<\/p>\n\n<p><i class=\"fa fa-plus-circle\" aria-hidden=\"true\" style=\"color: green; font-size: 1.5em;\"><\/i> \nArbeiter\/innen auf Abruf. Unternehmen m\u00fcssen sich nicht mit Stellenanzeigen befassen. Eine gute Agentur filtert Arbeitskr\u00e4fte, bevor sie dem Unternehmen vorgestellt werden.<\/p>\n\n<p><i class=\"fa fa-plus-circle\" aria-hidden=\"true\" style=\"color: green; font-size: 1.5em;\"><\/i> \nDie meisten Agenturen k\u00fcmmern sich um die Arbeitnehmer\/innen. Sie stellen ihnen eine Unterkunft zur Verf\u00fcgung, organisieren den Transport zur Arbeit, zahlen Vorsch\u00fcsse und l\u00f6sen verschiedene Situationen. Es scheint nicht so, aber diese Betreuung ist ziemlich teuer und zeitaufw\u00e4ndig.<\/p>\n\n<p><i class=\"fa fa-plus-circle\" aria-hidden=\"true\" style=\"color: green; font-size: 1.5em;\"><\/i> \nDie meisten ADZ verf\u00fcgen \u00fcber einen gut geplanten Prozess zur Arbeitskr\u00e4ftesuche. Agenturen sind in der Lage, schnell und effizient Arbeitskr\u00e4fte f\u00fcr den Kunden zu finden.<\/p>\n\n<p><i class=\"fa fa-minus-circle\" aria-hidden=\"true\" style=\"color: red; font-size: 1.5em;\"><\/i> \nAgenturen verlangen nat\u00fcrlich eine Verg\u00fctung f\u00fcr ihre Arbeit.<\/p>\n\n\n\n<h3 class=\"wp-block-heading\">Preise f\u00fcr Dienstleistungen von Arbeitsagenturen<\/h3>\n\n\n\n<p>Die Preise f\u00fcr die Dienstleistungen legaler Arbeitsvermittlungen werden in der Regel nicht als Festpreis pro Arbeitsstunde der Arbeitskraft definiert, sondern in Form des sogenannten Bruttoverdienstkoeffizienten angegeben. Wie funktioniert das?<br>Die ausgew\u00e4hlten Arbeitskr\u00e4fte arbeiten f\u00fcr den Kunden unter den gleichen Bedingungen wie die direkt besch\u00e4ftigten Arbeitskr\u00e4fte des Kunden, in den gleichen Positionen. Das Unternehmen erfasst ihre Anwesenheit und sendet diese dann zum Beginn des Monats an die Agentur. Die Agentur berechnet den Verdienst der Arbeitnehmer\/innen und multipliziert ihre Nettoverdienste mit dem vereinbarten Koeffizienten. Die Vereinbarung \u00fcber die H\u00f6he des Koeffizienten wird mit dem\/r Auftraggeber\/in getroffen. Die Agentur stellt den Betrag in Rechnung, der mit dem Nettoverdienst und dem Koeffizienten multipliziert wurde. Normalerweise betr\u00e4gt die H\u00f6he dieses Koeffizienten in der Slowakei etwa 1,75. Dieser Koeffizient ber\u00fccksichtigt bereits alle Lohnkosten der Arbeitnehmer\/innen, die in der Slowakei bei etwa 1,35 liegen (Bruttolohn + Arbeitgeberbeitr\u00e4ge).<\/p>\n\n\n\n<h3 class=\"wp-block-heading\">Illegale Agenturen f\u00fcr Zeitarbeit<\/h3>\n\n\n\n<p>In der Slowakei gibt es eine gro\u00dfe Anzahl von Unternehmen, die sich als ADZ ausgeben, aber nicht \u00fcber die erforderlichen Genehmigungen verf\u00fcgen und sich nicht an die Gesetze halten. Solche \u201eAgenturen\u201c fragen Kunden in der Regel nicht nach vergleichbaren Konditionen und bieten meist einen Festpreis an. Sie stellen Arbeitnehmer\/innen als Selbstst\u00e4ndige ein und bieten den Kundenunternehmen statt eines Rahmenvertrags f\u00fcr die vor\u00fcbergehende \u00dcberlassung von Arbeitnehmern einen Werkvertrag an.<br>Die Zusammenarbeit mit einer solchen Agentur ist sehr riskant. Unternehmen, die Arbeitskr\u00e4fte aus solchen \u201eAgenturen\u201c \u00fcbernehmen, riskieren hohe Geldstrafen, Inhaber\/innen gef\u00e4lschter Agenturen landen oft im Gef\u00e4ngnis.<\/p>\n","protected":false},"excerpt":{"rendered":"<p>Diese Art der Zusammenarbeit wird durch unser Schwesterunternehmen NORDWICH JOB erledigt. Personalagentur oder APZ (in der Slowakei ADZ). Die Abk\u00fcrzung ADZ wird in der Slowakei&hellip;<\/p>\n","protected":false},"author":1,"featured_media":0,"parent":20,"menu_order":2,"comment_status":"closed","ping_status":"closed","template":"","meta":{"footnotes":""},"class_list":["post-38","page","type-page","status-publish","hentry"],"translation":{"provider":"WPGlobus","version":"3.0.0","language":"de","enabled_languages":["sk","bs","de"],"languages":{"sk":{"title":true,"content":true,"excerpt":false},"bs":{"title":true,"content":true,"excerpt":false},"de":{"title":true,"content":true,"excerpt":false}}},"yoast_head":"<!-- This site is optimized with the Yoast SEO plugin v26.1.1 - https:\/\/yoast.com\/wordpress\/plugins\/seo\/ -->\n<title>Agentur f\u00fcr Arbeit - Nordwich<\/title>\n<meta name=\"robots\" content=\"index, follow, max-snippet:-1, max-image-preview:large, max-video-preview:-1\" \/>\n<link rel=\"canonical\" href=\"https:\/\/www.nordwich.com\/de\/agentura\/pracovna-agentura\/\" \/>\n<meta property=\"og:locale\" content=\"de_DE\" \/>\n<meta property=\"og:type\" content=\"article\" \/>\n<meta property=\"og:title\" content=\"Agentur f\u00fcr Arbeit - Nordwich\" \/>\n<meta property=\"og:url\" content=\"https:\/\/www.nordwich.com\/de\/agentura\/pracovna-agentura\/\" \/>\n<meta property=\"og:site_name\" content=\"Nordwich\" \/>\n<meta property=\"article:modified_time\" content=\"2023-09-16T14:13:55+00:00\" \/>\n<meta name=\"twitter:card\" content=\"summary_large_image\" \/>\n<meta name=\"twitter:label1\" content=\"Est. reading time\" \/>\n\t<meta name=\"twitter:data1\" content=\"3 minutes\" \/>\n<script type=\"application\/ld+json\" class=\"yoast-schema-graph\">{\"@context\":\"https:\/\/schema.org\",\"@graph\":[{\"@type\":\"WebPage\",\"@id\":\"https:\/\/www.nordwich.com\/de\/agentura\/pracovna-agentura\/\",\"url\":\"https:\/\/www.nordwich.com\/de\/agentura\/pracovna-agentura\/\",\"name\":\"Agentur f\u00fcr Arbeit - Nordwich\",\"isPartOf\":{\"@id\":\"http:\/\/www.nordwich.com\/#website\"},\"datePublished\":\"2023-03-16T16:01:12+00:00\",\"dateModified\":\"2023-09-16T14:13:55+00:00\",\"description\":\"Sme person\u00e1lna a pracovn\u00e1 agent\u00fara, ktor\u00e1 pon\u00faka pr\u00e1cu z\u00e1ujemcom vo vybran\u00fdch profesi\u00e1ch a vyh\u013ead\u00e1va pracovn\u00edkov pre firmy.\",\"breadcrumb\":{\"@id\":\"https:\/\/www.nordwich.com\/de\/agentura\/pracovna-agentura\/#breadcrumb\"},\"inLanguage\":\"de-DE\",\"potentialAction\":[{\"@type\":\"ReadAction\",\"target\":[\"https:\/\/www.nordwich.com\/de\/agentura\/pracovna-agentura\/\"]}]},{\"@type\":\"BreadcrumbList\",\"@id\":\"https:\/\/www.nordwich.com\/de\/agentura\/pracovna-agentura\/#breadcrumb\",\"itemListElement\":[{\"@type\":\"ListItem\",\"position\":1,\"name\":\"Domovsk\u00e1 str\u00e1nka\",\"item\":\"http:\/\/www.nordwich.com\/\"},{\"@type\":\"ListItem\",\"position\":2,\"name\":\"Agent\u00fara\",\"item\":\"https:\/\/www.nordwich.com\/agentura\/\"},{\"@type\":\"ListItem\",\"position\":3,\"name\":\"Agentur f\u00fcr Arbeit\"}]},{\"@type\":\"WebSite\",\"@id\":\"http:\/\/www.nordwich.com\/#website\",\"url\":\"http:\/\/www.nordwich.com\/\",\"name\":\"Nordwich\",\"description\":\"HR-Agentur\",\"publisher\":{\"@id\":\"http:\/\/www.nordwich.com\/#organization\"},\"potentialAction\":[{\"@type\":\"SearchAction\",\"target\":{\"@type\":\"EntryPoint\",\"urlTemplate\":\"http:\/\/www.nordwich.com\/?s={search_term_string}\"},\"query-input\":{\"@type\":\"PropertyValueSpecification\",\"valueRequired\":true,\"valueName\":\"search_term_string\"}}],\"inLanguage\":\"de-DE\"},{\"@type\":\"Organization\",\"@id\":\"http:\/\/www.nordwich.com\/#organization\",\"name\":\"Nordwich\",\"url\":\"http:\/\/www.nordwich.com\/\",\"logo\":{\"@type\":\"ImageObject\",\"inLanguage\":\"de-DE\",\"@id\":\"http:\/\/www.nordwich.com\/#\/schema\/logo\/image\/\",\"url\":\"http:\/\/www.nordwich.com\/wp-content\/uploads\/2026\/01\/nordwich_partners01.jpg\",\"contentUrl\":\"http:\/\/www.nordwich.com\/wp-content\/uploads\/2026\/01\/nordwich_partners01.jpg\",\"width\":1110,\"height\":329,\"caption\":\"Nordwich\"},\"image\":{\"@id\":\"http:\/\/www.nordwich.com\/#\/schema\/logo\/image\/\"}}]}<\/script>\n<!-- \/ Yoast SEO plugin. -->","yoast_head_json":{"title":"Agentur f\u00fcr Arbeit - Nordwich","robots":{"index":"index","follow":"follow","max-snippet":"max-snippet:-1","max-image-preview":"max-image-preview:large","max-video-preview":"max-video-preview:-1"},"canonical":"https:\/\/www.nordwich.com\/de\/agentura\/pracovna-agentura\/","og_locale":"de_DE","og_type":"article","og_title":"Agentur f\u00fcr Arbeit - Nordwich","og_url":"https:\/\/www.nordwich.com\/de\/agentura\/pracovna-agentura\/","og_site_name":"Nordwich","article_modified_time":"2023-09-16T14:13:55+00:00","twitter_card":"summary_large_image","twitter_misc":{"Est. reading time":"3 minutes"},"schema":{"@context":"https:\/\/schema.org","@graph":[{"@type":"WebPage","@id":"https:\/\/www.nordwich.com\/de\/agentura\/pracovna-agentura\/","url":"https:\/\/www.nordwich.com\/de\/agentura\/pracovna-agentura\/","name":"Agentur f\u00fcr Arbeit - Nordwich","isPartOf":{"@id":"http:\/\/www.nordwich.com\/#website"},"datePublished":"2023-03-16T16:01:12+00:00","dateModified":"2023-09-16T14:13:55+00:00","description":"Sme person\u00e1lna a pracovn\u00e1 agent\u00fara, ktor\u00e1 pon\u00faka pr\u00e1cu z\u00e1ujemcom vo vybran\u00fdch profesi\u00e1ch a vyh\u013ead\u00e1va pracovn\u00edkov pre firmy.","breadcrumb":{"@id":"https:\/\/www.nordwich.com\/de\/agentura\/pracovna-agentura\/#breadcrumb"},"inLanguage":"de-DE","potentialAction":[{"@type":"ReadAction","target":["https:\/\/www.nordwich.com\/de\/agentura\/pracovna-agentura\/"]}]},{"@type":"BreadcrumbList","@id":"https:\/\/www.nordwich.com\/de\/agentura\/pracovna-agentura\/#breadcrumb","itemListElement":[{"@type":"ListItem","position":1,"name":"Domovsk\u00e1 str\u00e1nka","item":"http:\/\/www.nordwich.com\/"},{"@type":"ListItem","position":2,"name":"Agent\u00fara","item":"https:\/\/www.nordwich.com\/agentura\/"},{"@type":"ListItem","position":3,"name":"Agentur f\u00fcr Arbeit"}]},{"@type":"WebSite","@id":"http:\/\/www.nordwich.com\/#website","url":"http:\/\/www.nordwich.com\/","name":"Nordwich","description":"HR-Agentur","publisher":{"@id":"http:\/\/www.nordwich.com\/#organization"},"potentialAction":[{"@type":"SearchAction","target":{"@type":"EntryPoint","urlTemplate":"http:\/\/www.nordwich.com\/?s={search_term_string}"},"query-input":{"@type":"PropertyValueSpecification","valueRequired":true,"valueName":"search_term_string"}}],"inLanguage":"de-DE"},{"@type":"Organization","@id":"http:\/\/www.nordwich.com\/#organization","name":"Nordwich","url":"http:\/\/www.nordwich.com\/","logo":{"@type":"ImageObject","inLanguage":"de-DE","@id":"http:\/\/www.nordwich.com\/#\/schema\/logo\/image\/","url":"http:\/\/www.nordwich.com\/wp-content\/uploads\/2026\/01\/nordwich_partners01.jpg","contentUrl":"http:\/\/www.nordwich.com\/wp-content\/uploads\/2026\/01\/nordwich_partners01.jpg","width":1110,"height":329,"caption":"Nordwich"},"image":{"@id":"http:\/\/www.nordwich.com\/#\/schema\/logo\/image\/"}}]}},"_links":{"self":[{"href":"http:\/\/www.nordwich.com\/de\/wp-json\/wp\/v2\/pages\/38","targetHints":{"allow":["GET"]}}],"collection":[{"href":"http:\/\/www.nordwich.com\/de\/wp-json\/wp\/v2\/pages"}],"about":[{"href":"http:\/\/www.nordwich.com\/de\/wp-json\/wp\/v2\/types\/page"}],"author":[{"embeddable":true,"href":"http:\/\/www.nordwich.com\/de\/wp-json\/wp\/v2\/users\/1"}],"replies":[{"embeddable":true,"href":"http:\/\/www.nordwich.com\/de\/wp-json\/wp\/v2\/comments?post=38"}],"version-history":[{"count":26,"href":"http:\/\/www.nordwich.com\/de\/wp-json\/wp\/v2\/pages\/38\/revisions"}],"predecessor-version":[{"id":1034,"href":"http:\/\/www.nordwich.com\/de\/wp-json\/wp\/v2\/pages\/38\/revisions\/1034"}],"up":[{"embeddable":true,"href":"http:\/\/www.nordwich.com\/de\/wp-json\/wp\/v2\/pages\/20"}],"wp:attachment":[{"href":"http:\/\/www.nordwich.com\/de\/wp-json\/wp\/v2\/media?parent=38"}],"curies":[{"name":"wp","href":"https:\/\/api.w.org\/{rel}","templated":true}]}}