{"id":812,"date":"2023-07-28T06:03:12","date_gmt":"2023-07-28T06:03:12","guid":{"rendered":"http:\/\/www.nordwich.com\/?page_id=812"},"modified":"2023-07-28T12:47:19","modified_gmt":"2023-07-28T12:47:19","slug":"sluzby-on-line-formular","status":"publish","type":"page","link":"http:\/\/www.nordwich.com\/de\/sluzby-on-line-formular\/","title":{"rendered":"Slu\u017eby: On-line formul\u00e1r"},"content":{"rendered":"\n<div class=\"wp-block-contact-form-7-contact-form-selector\">\n<div class=\"wpcf7 no-js\" id=\"wpcf7-f804-o1\" lang=\"sk-SK\" dir=\"ltr\" data-wpcf7-id=\"804\">\n<div class=\"screen-reader-response\"><p role=\"status\" aria-live=\"polite\" aria-atomic=\"true\"><\/p> <ul><\/ul><\/div>\n<form action=\"\/de\/wp-json\/wp\/v2\/pages\/812#wpcf7-f804-o1\" method=\"post\" class=\"wpcf7-form init\" aria-label=\"Contact form\" novalidate=\"novalidate\" data-status=\"init\">\n<fieldset class=\"hidden-fields-container\"><input type=\"hidden\" name=\"_wpcf7\" value=\"804\" \/><input type=\"hidden\" name=\"_wpcf7_version\" value=\"6.1.5\" \/><input type=\"hidden\" name=\"_wpcf7_locale\" value=\"sk_SK\" \/><input type=\"hidden\" name=\"_wpcf7_unit_tag\" value=\"wpcf7-f804-o1\" \/><input type=\"hidden\" name=\"_wpcf7_container_post\" value=\"0\" \/><input type=\"hidden\" name=\"_wpcf7_posted_data_hash\" value=\"\" \/>\n<\/fieldset>\n<p><label> Va\u0161e meno a priezvisko*<br \/>\n<span class=\"wpcf7-form-control-wrap\" data-name=\"your-name\"><input size=\"40\" maxlength=\"400\" class=\"wpcf7-form-control wpcf7-text wpcf7-validates-as-required\" autocomplete=\"name\" aria-required=\"true\" aria-invalid=\"false\" value=\"\" type=\"text\" name=\"your-name\" \/><\/span> <\/label>\n<\/p>\n<p><label> Ob\u010dianstvo*<br \/>\n<span class=\"wpcf7-form-control-wrap\" data-name=\"your-nationality\"><input size=\"40\" maxlength=\"400\" class=\"wpcf7-form-control wpcf7-text wpcf7-validates-as-required\" autocomplete=\"nationality\" aria-required=\"true\" aria-invalid=\"false\" value=\"\" type=\"text\" name=\"your-nationality\" \/><\/span> <\/label>\n<\/p>\n<p><label> Adresa*<br \/>\n<span class=\"wpcf7-form-control-wrap\" data-name=\"your-address\"><input size=\"40\" maxlength=\"400\" class=\"wpcf7-form-control wpcf7-text wpcf7-validates-as-required\" autocomplete=\"address\" aria-required=\"true\" aria-invalid=\"false\" value=\"\" type=\"text\" name=\"your-address\" \/><\/span> <\/label>\n<\/p>\n<p><label> Kontaktn\u00fd telef\u00f3n*<br \/>\n<span class=\"wpcf7-form-control-wrap\" data-name=\"your-tel\"><input size=\"40\" maxlength=\"400\" class=\"wpcf7-form-control wpcf7-tel wpcf7-validates-as-required wpcf7-text wpcf7-validates-as-tel\" aria-required=\"true\" aria-invalid=\"false\" value=\"\" type=\"tel\" name=\"your-tel\" \/><\/span> <\/label>\n<\/p>\n<p><label> \u010eal\u0161ie sp\u00f4soby komunik\u00e1cie (volite\u013en\u00e9) <\/label><br \/>\n<span class=\"wpcf7-form-control-wrap\" data-name=\"checkbox-624\"><span class=\"wpcf7-form-control wpcf7-checkbox\"><span class=\"wpcf7-list-item first\"><label><input type=\"checkbox\" name=\"checkbox-624[]\" value=\"WhatsApp\" \/><span class=\"wpcf7-list-item-label\">WhatsApp<\/span><\/label><\/span><span class=\"wpcf7-list-item\"><label><input type=\"checkbox\" name=\"checkbox-624[]\" value=\"Viber\" \/><span class=\"wpcf7-list-item-label\">Viber<\/span><\/label><\/span><span class=\"wpcf7-list-item\"><label><input type=\"checkbox\" name=\"checkbox-624[]\" value=\"Facebook\" \/><span class=\"wpcf7-list-item-label\">Facebook<\/span><\/label><\/span><span class=\"wpcf7-list-item last\"><label><input type=\"checkbox\" name=\"checkbox-624[]\" value=\"SMS\" \/><span class=\"wpcf7-list-item-label\">SMS<\/span><\/label><\/span><\/span><\/span>\n<\/p>\n<p><label> V\u00e1\u0161 email*<br \/>\n<span class=\"wpcf7-form-control-wrap\" data-name=\"your-email\"><input size=\"40\" maxlength=\"400\" class=\"wpcf7-form-control wpcf7-email wpcf7-validates-as-required wpcf7-text wpcf7-validates-as-email\" autocomplete=\"email\" aria-required=\"true\" aria-invalid=\"false\" value=\"\" type=\"email\" name=\"your-email\" \/><\/span> <\/label>\n<\/p>\n<p><label> Dni a \u010das, kedy V\u00e1s m\u00f4\u017eeme kontaktova\u0165 (volite\u013en\u00e9)<br \/>\n<span class=\"wpcf7-form-control-wrap\" data-name=\"your-contact-time\"><input size=\"40\" maxlength=\"400\" class=\"wpcf7-form-control wpcf7-text\" aria-invalid=\"false\" value=\"\" type=\"text\" name=\"your-contact-time\" \/><\/span> <\/label>\n<\/p>\n<p><label> Druh po\u017eadovanej slu\u017eby*<br \/>\n<span class=\"wpcf7-form-control-wrap\" data-name=\"menu-001\"><select class=\"wpcf7-form-control wpcf7-select wpcf7-validates-as-required\" aria-required=\"true\" aria-invalid=\"false\" name=\"menu-001\"><option value=\"\">-- Vyberte zo zoznamu --<\/option><option value=\"Zakladanie \u017eivnost\u00ed a firiem\">Zakladanie \u017eivnost\u00ed a firiem<\/option><option value=\"Da\u0148ov\u00fd, \u00fa\u010dtovn\u00fd a administrat\u00edvny servis\">Da\u0148ov\u00fd, \u00fa\u010dtovn\u00fd a administrat\u00edvny servis<\/option><option value=\"V\u00edza a pobyt pre klientov, ktor\u00ed si chc\u00fa zalo\u017eit firmu\">V\u00edza a pobyt pre klientov, ktor\u00ed si chc\u00fa zalo\u017eit firmu<\/option><option value=\"V\u00edza a pobyt pre klientov, ktor\u00ed sa chc\u00fa zamestna\u0165\">V\u00edza a pobyt pre klientov, ktor\u00ed sa chc\u00fa zamestna\u0165<\/option><option value=\"Zastupovanie firiem \u2013 klienta pri komunik\u00e1cii s druh\u00fdmi firmami\">Zastupovanie firiem \u2013 klienta pri komunik\u00e1cii s druh\u00fdmi firmami<\/option><option value=\"Vypracovanie cenov\u00fdch a pracovn\u00fdch pon\u00fak pre stavebn\u00e9 firmy alebo pre pr\u00e1ce na stavb\u00e1ch\">Vypracovanie cenov\u00fdch a pracovn\u00fdch pon\u00fak pre stavebn\u00e9 firmy alebo pre pr\u00e1ce na stavb\u00e1ch<\/option><option value=\"Pomoc a zastupovanie na slovensk\u00fdch \u00faradoch\">Pomoc a zastupovanie na slovensk\u00fdch \u00faradoch<\/option><option value=\"Registr\u00e1cia \u017eivnostn\u00edka na nemeck\u00fdch a rak\u00faskych \u00faradoch\">Registr\u00e1cia \u017eivnostn\u00edka na nemeck\u00fdch a rak\u00faskych \u00faradoch<\/option><option value=\"Pomoc pri zakladan\u00ed a servisovan\u00ed \u00fa\u010dtu v banke\">Pomoc pri zakladan\u00ed a servisovan\u00ed \u00fa\u010dtu v banke<\/option><option value=\"Vodi\u010dsk\u00fd preukaz\">Vodi\u010dsk\u00fd preukaz<\/option><option value=\"Pomoc pri komunik\u00e1cii s exek\u00fatorsk\u00fdmi \u00faradmi\">Pomoc pri komunik\u00e1cii s exek\u00fatorsk\u00fdmi \u00faradmi<\/option><option value=\"Poistenie\">Poistenie<\/option><\/select><\/span> <\/label>\n<\/p>\n<p><label> Dopl\u0148uj\u00face inform\u00e1cie k \u017eiadosti (volite\u013en\u00e9)<br \/>\n<span class=\"wpcf7-form-control-wrap\" data-name=\"your-message\"><textarea cols=\"40\" rows=\"10\" maxlength=\"2000\" class=\"wpcf7-form-control wpcf7-textarea\" aria-invalid=\"false\" name=\"your-message\"><\/textarea><\/span> <\/label>\n<\/p>\n<p><label> S\u00fahlas so spracovan\u00edm osobn\u00fdch \u00fadajov*<br \/>\n<span class=\"wpcf7-form-control-wrap\" data-name=\"gdpr_confirm\"><span class=\"wpcf7-form-control wpcf7-checkbox wpcf7-validates-as-required\"><span class=\"wpcf7-list-item first last\"><label><input type=\"checkbox\" name=\"gdpr_confirm[]\" value=\"S\u00fahlas\u00edm so spracovan\u00edm tu uveden\u00fdch osobn\u00fdch \u00fadajov spolo\u010dnos\u0165ou Nordwich s.r.o za \u00fa\u010delom zasielania pon\u00fak, zml\u00fav, organiza\u010dnej komunik\u00e1cie p\u00edsomne, telefonicky alebo elektronicky (najm\u00e4 e-mailom). S\u00fahlas je udelen\u00fd dobrovo\u013ene a m\u00f4\u017eem ho kedyko\u013evek odvola\u0165 s \u00fa\u010dinnos\u0165ou do bud\u00facnosti (napr. telefonicky, e-mailom alebo listom).\" \/><span class=\"wpcf7-list-item-label\">S\u00fahlas\u00edm so spracovan\u00edm tu uveden\u00fdch osobn\u00fdch \u00fadajov spolo\u010dnos\u0165ou Nordwich s.r.o za \u00fa\u010delom zasielania pon\u00fak, zml\u00fav, organiza\u010dnej komunik\u00e1cie p\u00edsomne, telefonicky alebo elektronicky (najm\u00e4 e-mailom). S\u00fahlas je udelen\u00fd dobrovo\u013ene a m\u00f4\u017eem ho kedyko\u013evek odvola\u0165 s \u00fa\u010dinnos\u0165ou do bud\u00facnosti (napr. telefonicky, e-mailom alebo listom).<\/span><\/label><\/span><\/span><\/span><br \/>\n<\/label>\n<\/p>\n<p><input class=\"wpcf7-form-control wpcf7-submit has-spinner\" type=\"submit\" value=\"Odosla\u0165\" \/>\n<\/p><p style=\"display: none !important;\" class=\"akismet-fields-container\" data-prefix=\"_wpcf7_ak_\"><label>&#916;<textarea name=\"_wpcf7_ak_hp_textarea\" cols=\"45\" rows=\"8\" maxlength=\"100\"><\/textarea><\/label><input type=\"hidden\" id=\"ak_js_1\" name=\"_wpcf7_ak_js\" value=\"187\"\/><script>document.getElementById( \"ak_js_1\" ).setAttribute( \"value\", ( new Date() ).getTime() );<\/script><\/p><div class=\"wpcf7-response-output\" aria-hidden=\"true\"><\/div>\n<\/form>\n<\/div>\n<\/div>\n","protected":false},"excerpt":{"rendered":"","protected":false},"author":1,"featured_media":0,"parent":0,"menu_order":0,"comment_status":"closed","ping_status":"closed","template":"","meta":{"footnotes":""},"class_list":["post-812","page","type-page","status-publish","hentry"],"translation":{"provider":"WPGlobus","version":"3.0.0","language":"de","enabled_languages":["sk","bs","de"],"languages":{"sk":{"title":true,"content":true,"excerpt":false},"bs":{"title":true,"content":true,"excerpt":false},"de":{"title":false,"content":false,"excerpt":false}}},"yoast_head":"<!-- This site is optimized with the Yoast SEO plugin v26.1.1 - https:\/\/yoast.com\/wordpress\/plugins\/seo\/ -->\n<title>- Nordwich<\/title>\n<meta name=\"robots\" content=\"index, follow, max-snippet:-1, max-image-preview:large, max-video-preview:-1\" \/>\n<link rel=\"canonical\" href=\"https:\/\/www.nordwich.com\/de\/sluzby-on-line-formular\/\" \/>\n<meta property=\"og:locale\" content=\"de_DE\" \/>\n<meta property=\"og:type\" content=\"article\" \/>\n<meta property=\"og:title\" content=\"- Nordwich\" \/>\n<meta property=\"og:url\" content=\"https:\/\/www.nordwich.com\/de\/sluzby-on-line-formular\/\" \/>\n<meta property=\"og:site_name\" content=\"Nordwich\" \/>\n<meta property=\"article:modified_time\" content=\"2023-07-28T12:47:19+00:00\" \/>\n<meta name=\"twitter:card\" content=\"summary_large_image\" \/>\n<meta name=\"twitter:label1\" content=\"Est. reading time\" \/>\n\t<meta name=\"twitter:data1\" content=\"1 minute\" \/>\n<script type=\"application\/ld+json\" class=\"yoast-schema-graph\">{\"@context\":\"https:\/\/schema.org\",\"@graph\":[{\"@type\":\"WebPage\",\"@id\":\"https:\/\/www.nordwich.com\/de\/sluzby-on-line-formular\/\",\"url\":\"https:\/\/www.nordwich.com\/de\/sluzby-on-line-formular\/\",\"name\":\"- Nordwich\",\"isPartOf\":{\"@id\":\"http:\/\/www.nordwich.com\/#website\"},\"datePublished\":\"2023-07-28T06:03:12+00:00\",\"dateModified\":\"2023-07-28T12:47:19+00:00\",\"breadcrumb\":{\"@id\":\"https:\/\/www.nordwich.com\/de\/sluzby-on-line-formular\/#breadcrumb\"},\"inLanguage\":\"de-DE\",\"potentialAction\":[{\"@type\":\"ReadAction\",\"target\":[\"https:\/\/www.nordwich.com\/de\/sluzby-on-line-formular\/\"]}]},{\"@type\":\"BreadcrumbList\",\"@id\":\"https:\/\/www.nordwich.com\/de\/sluzby-on-line-formular\/#breadcrumb\",\"itemListElement\":[{\"@type\":\"ListItem\",\"position\":1,\"name\":\"Domovsk\u00e1 str\u00e1nka\",\"item\":\"http:\/\/www.nordwich.com\/\"},{\"@type\":\"ListItem\",\"position\":2,\"name\":\"Slu\u017eby: On-line formul\u00e1r\"}]},{\"@type\":\"WebSite\",\"@id\":\"http:\/\/www.nordwich.com\/#website\",\"url\":\"http:\/\/www.nordwich.com\/\",\"name\":\"Nordwich\",\"description\":\"HR-Agentur\",\"publisher\":{\"@id\":\"http:\/\/www.nordwich.com\/#organization\"},\"potentialAction\":[{\"@type\":\"SearchAction\",\"target\":{\"@type\":\"EntryPoint\",\"urlTemplate\":\"http:\/\/www.nordwich.com\/?s={search_term_string}\"},\"query-input\":{\"@type\":\"PropertyValueSpecification\",\"valueRequired\":true,\"valueName\":\"search_term_string\"}}],\"inLanguage\":\"de-DE\"},{\"@type\":\"Organization\",\"@id\":\"http:\/\/www.nordwich.com\/#organization\",\"name\":\"Nordwich\",\"url\":\"http:\/\/www.nordwich.com\/\",\"logo\":{\"@type\":\"ImageObject\",\"inLanguage\":\"de-DE\",\"@id\":\"http:\/\/www.nordwich.com\/#\/schema\/logo\/image\/\",\"url\":\"http:\/\/www.nordwich.com\/wp-content\/uploads\/2026\/01\/nordwich_partners01.jpg\",\"contentUrl\":\"http:\/\/www.nordwich.com\/wp-content\/uploads\/2026\/01\/nordwich_partners01.jpg\",\"width\":1110,\"height\":329,\"caption\":\"Nordwich\"},\"image\":{\"@id\":\"http:\/\/www.nordwich.com\/#\/schema\/logo\/image\/\"}}]}<\/script>\n<!-- \/ Yoast SEO plugin. -->","yoast_head_json":{"title":"- Nordwich","robots":{"index":"index","follow":"follow","max-snippet":"max-snippet:-1","max-image-preview":"max-image-preview:large","max-video-preview":"max-video-preview:-1"},"canonical":"https:\/\/www.nordwich.com\/de\/sluzby-on-line-formular\/","og_locale":"de_DE","og_type":"article","og_title":"- Nordwich","og_url":"https:\/\/www.nordwich.com\/de\/sluzby-on-line-formular\/","og_site_name":"Nordwich","article_modified_time":"2023-07-28T12:47:19+00:00","twitter_card":"summary_large_image","twitter_misc":{"Est. reading time":"1 minute"},"schema":{"@context":"https:\/\/schema.org","@graph":[{"@type":"WebPage","@id":"https:\/\/www.nordwich.com\/de\/sluzby-on-line-formular\/","url":"https:\/\/www.nordwich.com\/de\/sluzby-on-line-formular\/","name":"- Nordwich","isPartOf":{"@id":"http:\/\/www.nordwich.com\/#website"},"datePublished":"2023-07-28T06:03:12+00:00","dateModified":"2023-07-28T12:47:19+00:00","breadcrumb":{"@id":"https:\/\/www.nordwich.com\/de\/sluzby-on-line-formular\/#breadcrumb"},"inLanguage":"de-DE","potentialAction":[{"@type":"ReadAction","target":["https:\/\/www.nordwich.com\/de\/sluzby-on-line-formular\/"]}]},{"@type":"BreadcrumbList","@id":"https:\/\/www.nordwich.com\/de\/sluzby-on-line-formular\/#breadcrumb","itemListElement":[{"@type":"ListItem","position":1,"name":"Domovsk\u00e1 str\u00e1nka","item":"http:\/\/www.nordwich.com\/"},{"@type":"ListItem","position":2,"name":"Slu\u017eby: On-line formul\u00e1r"}]},{"@type":"WebSite","@id":"http:\/\/www.nordwich.com\/#website","url":"http:\/\/www.nordwich.com\/","name":"Nordwich","description":"HR-Agentur","publisher":{"@id":"http:\/\/www.nordwich.com\/#organization"},"potentialAction":[{"@type":"SearchAction","target":{"@type":"EntryPoint","urlTemplate":"http:\/\/www.nordwich.com\/?s={search_term_string}"},"query-input":{"@type":"PropertyValueSpecification","valueRequired":true,"valueName":"search_term_string"}}],"inLanguage":"de-DE"},{"@type":"Organization","@id":"http:\/\/www.nordwich.com\/#organization","name":"Nordwich","url":"http:\/\/www.nordwich.com\/","logo":{"@type":"ImageObject","inLanguage":"de-DE","@id":"http:\/\/www.nordwich.com\/#\/schema\/logo\/image\/","url":"http:\/\/www.nordwich.com\/wp-content\/uploads\/2026\/01\/nordwich_partners01.jpg","contentUrl":"http:\/\/www.nordwich.com\/wp-content\/uploads\/2026\/01\/nordwich_partners01.jpg","width":1110,"height":329,"caption":"Nordwich"},"image":{"@id":"http:\/\/www.nordwich.com\/#\/schema\/logo\/image\/"}}]}},"_links":{"self":[{"href":"http:\/\/www.nordwich.com\/de\/wp-json\/wp\/v2\/pages\/812","targetHints":{"allow":["GET"]}}],"collection":[{"href":"http:\/\/www.nordwich.com\/de\/wp-json\/wp\/v2\/pages"}],"about":[{"href":"http:\/\/www.nordwich.com\/de\/wp-json\/wp\/v2\/types\/page"}],"author":[{"embeddable":true,"href":"http:\/\/www.nordwich.com\/de\/wp-json\/wp\/v2\/users\/1"}],"replies":[{"embeddable":true,"href":"http:\/\/www.nordwich.com\/de\/wp-json\/wp\/v2\/comments?post=812"}],"version-history":[{"count":3,"href":"http:\/\/www.nordwich.com\/de\/wp-json\/wp\/v2\/pages\/812\/revisions"}],"predecessor-version":[{"id":863,"href":"http:\/\/www.nordwich.com\/de\/wp-json\/wp\/v2\/pages\/812\/revisions\/863"}],"wp:attachment":[{"href":"http:\/\/www.nordwich.com\/de\/wp-json\/wp\/v2\/media?parent=812"}],"curies":[{"name":"wp","href":"https:\/\/api.w.org\/{rel}","templated":true}]}}