{"id":829,"date":"2023-07-28T07:48:57","date_gmt":"2023-07-28T07:48:57","guid":{"rendered":"http:\/\/www.nordwich.com\/?page_id=829"},"modified":"2026-01-09T12:51:22","modified_gmt":"2026-01-09T12:51:22","slug":"nas-tim","status":"publish","type":"page","link":"http:\/\/www.nordwich.com\/de\/o-nas\/nas-tim\/","title":{"rendered":"Unser Team"},"content":{"rendered":"\n<div class=\"oblast-team-wprapper\">\n    <div class=\"oblast-team-foto\">\n         <img decoding=\"async\" src=\"\/\/www.nordwich.com\/wp-content\/uploads\/2023\/06\/damir_01.jpg\" alt=\"Damir\"> \n    <\/div>\n    <div class=\"oblast-team-text\">\n        <h4 slyle=\"text-color: green;\">Damir<\/h4> \n        <p class=\"team-text pozicia\">Gesch\u00e4ftsf\u00fchrer \u2013 NW, NW-W, offizieller Vertreter \u2013 NW-J, BPC<\/p>\n        <div class=\"team-text kontakty\">\n            <div class=\"kontakt\"><i class='fa fa-phone'><\/i>&nbsp; +421\u00a0948 420 838 (WhAp, Viber, SMS, Anruf) &nbsp; &nbsp;<\/div>\n            <div class=\"kontakt\"><i class='fa fa-envelope'><\/i>&nbsp; damir@centrum.sk &nbsp; &nbsp;<\/div>\n            <div class=\"kontakt\"><i class='fa fa-envelope'><\/i>&nbsp; damir@nordwich.com<\/div>\n        <\/div>\n\n        <p class=\"team-text komunikacia\">Kommunikation: SK, CZ, SRB, HRV<\/p>\n\n    <\/div>\n<\/div>\n\n\n\n<div class=\"wp-block-media-text alignwide has-media-on-the-right is-stacked-on-mobile\" style=\"grid-template-columns:auto 26%\"><div class=\"wp-block-media-text__content\">\n<div style=\"height:30px\" aria-hidden=\"true\" class=\"wp-block-spacer\"><\/div>\n\n\n\n<h4 class=\"wp-block-heading\"><strong>Die Teammitglieder\/innen bei NORDWICH<\/strong><\/h4>\n\n\n\n<p>F\u00fcr uns steht der Mensch immer an erster Stelle. Ob es sich um unsere internen, externen Mitglieder\/innen oder Mitarbeiter\/innen unserer Kunden handelt. Die Arbeit aller ist gleich wichtig und Teil des Ganzen.<\/p>\n<\/div><figure class=\"wp-block-media-text__media\"><img loading=\"lazy\" decoding=\"async\" width=\"300\" height=\"300\" src=\"http:\/\/www.nordwich.com\/wp-content\/uploads\/2023\/06\/puzzle.jpg\" alt=\"\" class=\"wp-image-542 size-full\" srcset=\"http:\/\/www.nordwich.com\/wp-content\/uploads\/2023\/06\/puzzle.jpg 300w, http:\/\/www.nordwich.com\/wp-content\/uploads\/2023\/06\/puzzle-150x150.jpg 150w\" sizes=\"auto, (max-width: 300px) 100vw, 300px\" \/><\/figure><\/div>\n\n\n\n<div style=\"height:28px\" aria-hidden=\"true\" class=\"wp-block-spacer\"><\/div>\n\n\n\n<blockquote class=\"wp-block-quote is-layout-flow wp-block-quote-is-layout-flow\">\n<p>Wir sind f\u00fcr dich da<\/p>\n<\/blockquote>\n\n\n\n<div class=\"oblast-team-wprapper\">\n    <div class=\"oblast-team-foto\">\n         <img decoding=\"async\" src=\"\/\/www.nordwich.com\/wp-content\/uploads\/2023\/06\/avatar_02.jpg\" alt=\"Jana\"> \n    <\/div>\n    <div class=\"oblast-team-text\">\n        <h4 slyle=\"text-color: green;\">Jana<\/h4> \n        <p class=\"team-text pozicia\">Leitung\/Manager<\/p>\n        <p class=\"team-text zrucnovsti\"><\/p>\n\n        <div class=\"team-text kontakty\">\n            <div class=\"kontakt\"><i class='fa fa-envelope'><\/i>&nbsp; nordwich@centrum.sk &nbsp; &nbsp;<\/div>\n            <div class=\"kontakt\"><i class='fa fa-envelope'><\/i>&nbsp; nordwich@nordwich.com<\/div>\n        <\/div>\n\n        <p class=\"team-text komunikacia\">Kommunikation: svk, cze<\/p>\n\n    <\/div>\n<\/div>\n\n\n\n<div class=\"oblast-team-wprapper\">\n    <div class=\"oblast-team-foto\">\n         <img decoding=\"async\" src=\"\/\/www.nordwich.com\/wp-content\/uploads\/2023\/06\/avatar_03.jpg\" alt=\"Martin\"> \n    <\/div>\n    <div class=\"oblast-team-text\">\n        <h4 slyle=\"text-color: green;\">Martin<\/h4> \n        <p class=\"team-text pozicia\">Rechtsanwalt<\/p>\n        <p class=\"team-text zrucnovsti\"><\/p>\n\n        <div class=\"team-text kontakty\">\n            <div class=\"kontakt\"><i class='fa fa-envelope'><\/i>&nbsp; info@nordwich.com<\/div>\n        <\/div>\n\n        <p class=\"team-text komunikacia\">Kommunikation: svk<\/p>\n\n    <\/div>\n<\/div>\n\n\n\n<div class=\"oblast-team-wprapper\">\n    <div class=\"oblast-team-foto\">\n         <img decoding=\"async\" src=\"\/\/www.nordwich.com\/wp-content\/uploads\/2023\/06\/avatar_02.jpg\" alt=\"Andrea\"> \n    <\/div>\n    <div class=\"oblast-team-text\">\n        <h4 slyle=\"text-color: green;\">Andrea<\/h4> \n        <p class=\"team-text pozicia\">Buchhalterin<\/p>\n        <p class=\"team-text zrucnovsti\"><\/p>\n\n        <div class=\"team-text kontakty\">\n            <div class=\"kontakt\"><i class='fa fa-envelope'><\/i>&nbsp; info@nordwich.com<\/div>\n        <\/div>\n\n        <p class=\"team-text komunikacia\">Kommunikation: svk<\/p>\n\n    <\/div>\n<\/div>\n\n\n\n<div class=\"oblast-team-wprapper\">\n    <div class=\"oblast-team-foto\">\n         <img decoding=\"async\" src=\"\/\/www.nordwich.com\/wp-content\/uploads\/2023\/06\/avatar_02.jpg\" alt=\"extern\u00fd\"> \n    <\/div>\n    <div class=\"oblast-team-text\">\n        <h4 slyle=\"text-color: green;\">&#8230;<\/h4> \n        <p class=\"team-text pozicia\">(externer Mitarbeiter) Nordwich GmbH Wien<\/p>\n        <p class=\"team-text zrucnovsti\"><\/p>\n\n        <div class=\"team-text kontakty\">\n            <div class=\"kontakt\"><i class='fa fa-phone'><\/i>&nbsp; +43\u00a0681 2038 5479 &nbsp; &nbsp;<\/div>\n            <div class=\"kontakt\"><i class='fa fa-envelope'><\/i>&nbsp; infow@nordwich.com <\/div>\n        <\/div>\n\n        <p class=\"team-text komunikacia\">Kommunikation: Deutsch, Serbisch, Kroatisch<\/p>\n\n    <\/div>\n<\/div>\n\n\n\n<div class=\"oblast-team-wprapper\">\n    <div class=\"oblast-team-foto\">\n         <img decoding=\"async\" src=\"\/\/www.nordwich.com\/wp-content\/uploads\/2023\/06\/avatar_02.jpg\" alt=\"Patricia\"> \n    <\/div>\n    <div class=\"oblast-team-text\">\n        <h4 slyle=\"text-color: green;\">Patricia<\/h4> \n        <p class=\"team-text pozicia\">Administrationsmitarbeiterin<\/p>\n        <p class=\"team-text zrucnovsti\"><\/p>\n\n        <div class=\"team-text kontakty\">\n            <div class=\"kontakt\"><i class='fa fa-phone'><\/i>&nbsp; +421\u00a0915 522 220 &nbsp; &nbsp;<\/div>\n            <div class=\"kontakt\"><i class='fa fa-envelope'><\/i>&nbsp; biro@nordwich.com <\/div>\n        <\/div>\n\n        <p class=\"team-text komunikacia\">Kommunikation: de, svk<\/p>\n\n    <\/div>\n<\/div>\n\n\n\n<div class=\"oblast-team-wprapper\">\n    <div class=\"oblast-team-foto\">\n         <img decoding=\"async\" src=\"\/\/www.nordwich.com\/wp-content\/uploads\/2023\/06\/avatar_02.jpg\" alt=\"Daniela\"> \n    <\/div>\n    <div class=\"oblast-team-text\">\n        <h4 slyle=\"text-color: green;\">Daniela<\/h4> \n        <p class=\"team-text pozicia\">Papierf\u00fchrungsagenden f\u00fcr Privatpersonen und Selbstst\u00e4ndige<\/p>\n        <p class=\"team-text zrucnovsti\"><\/p>\n\n        <div class=\"team-text kontakty\">\n            <div class=\"kontakt\"><i class='fa fa-phone'><\/i>&nbsp; +421\u00a0940 603 520 (Viber, WhatsApp, SMS, Anruf) &nbsp; &nbsp;<\/div>\n            <div class=\"kontakt\"><i class='fa fa-envelope'><\/i>&nbsp; jananw@nordwich.com<\/div>\n            <div class=\"kontakt\"><i class='fa fa-envelope'><\/i>&nbsp; jananw@centrum.sk<\/div>\n        <\/div>\n\n        <p class=\"team-text komunikacia\">Kommunikation: SVK, Serbisch, Kroatisch<\/p>\n\n    <\/div>\n<\/div>\n\n\n\n<div class=\"oblast-team-wprapper\">\n    <div class=\"oblast-team-foto\">\n         <img decoding=\"async\" src=\"\/\/www.nordwich.com\/wp-content\/uploads\/2023\/06\/avatar_02.jpg\" alt=\"Vanja\"> \n    <\/div>\n    <div class=\"oblast-team-text\">\n        <h4 slyle=\"text-color: green;\">Vanja<\/h4> \n        <p class=\"team-text pozicia\">Assistentin im Personalwesen<\/p>\n        <p class=\"team-text zrucnovsti\"><\/p>\n\n        <div class=\"team-text kontakty\">\n            <div class=\"kontakt\"><i class='fa fa-phone'><\/i>&nbsp; +421\u00a0915 522 264 (Viber, WhatsApp, SMS, Anruf) &nbsp; &nbsp;<\/div>\n            <div class=\"kontakt\"><i class='fa fa-envelope'><\/i>&nbsp; info@nordwich.com<\/div>\n        <\/div>\n\n        <p class=\"team-text komunikacia\">Kommunikation: svk, serbisch, hrv, engl<\/p>\n\n    <\/div>\n<\/div>\n\n\n\n<div class=\"oblast-team-wprapper\">\n    <div class=\"oblast-team-foto\">\n         <img decoding=\"async\" src=\"\/\/www.nordwich.com\/wp-content\/uploads\/2023\/06\/avatar_03.jpg\" alt=\"Filip\"> \n    <\/div>\n    <div class=\"oblast-team-text\">\n        <h4 slyle=\"text-color: green;\">Philipp<\/h4> \n        <p class=\"team-text pozicia\">Assistent<\/p>\n        <p class=\"team-text zrucnovsti\"><\/p>\n\n        <div class=\"team-text kontakty\">\n            <div class=\"kontakt\"><i class='fa fa-phone'><\/i>&nbsp; +421\u00a0947 969 606 (Viber, WhatsApp, SMS, Anruf) &nbsp; &nbsp;<\/div>\n            <div class=\"kontakt\"><i class='fa fa-envelope'><\/i>&nbsp; filip@nordwich.com<\/div>\n        <\/div>\n\n        <p class=\"team-text komunikacia\">Kommunikation: SVK, Serbisch, Kroatisch<\/p>\n\n    <\/div>\n<\/div>\n\n\n\n<div class=\"oblast-team-wprapper\">\n    <div class=\"oblast-team-foto\">\n         <img decoding=\"async\" src=\"\/\/www.nordwich.com\/wp-content\/uploads\/2023\/06\/avatar_03.jpg\" alt=\"Miljenko\"> \n    <\/div>\n    <div class=\"oblast-team-text\">\n        <h4 slyle=\"text-color: green;\">Miljenko<\/h4> \n        <p class=\"team-text pozicia\">BAU-Agenden<\/p>\n        <p class=\"team-text zrucnovsti\"><\/p>\n\n        <div class=\"team-text kontakty\">\n            <div class=\"kontakt\"><i class='fa fa-envelope'><\/i>&nbsp; bau@nordwich.com<\/div>\n        <\/div>\n\n        <p class=\"team-text komunikacia\">Kommunikation: Deutsch, Serbisch, Kroatisch<\/p>\n\n    <\/div>\n<\/div>\n","protected":false},"excerpt":{"rendered":"<p>Damir Gesch\u00e4ftsf\u00fchrer \u2013 NW, NW-W, offizieller Vertreter \u2013 NW-J, BPC &nbsp; +421\u00a0948 420 838 (WhAp, Viber, SMS, Anruf) &nbsp; &nbsp; &nbsp; damir@centrum.sk &nbsp; &nbsp; &nbsp;&hellip;<\/p>\n","protected":false},"author":1,"featured_media":0,"parent":18,"menu_order":0,"comment_status":"closed","ping_status":"closed","template":"","meta":{"footnotes":""},"class_list":["post-829","page","type-page","status-publish","hentry"],"translation":{"provider":"WPGlobus","version":"3.0.0","language":"de","enabled_languages":["sk","bs","de"],"languages":{"sk":{"title":true,"content":true,"excerpt":false},"bs":{"title":true,"content":true,"excerpt":false},"de":{"title":true,"content":true,"excerpt":false}}},"yoast_head":"<!-- This site is optimized with the Yoast SEO plugin v26.1.1 - https:\/\/yoast.com\/wordpress\/plugins\/seo\/ -->\n<title>Unser Team - Nordwich<\/title>\n<meta name=\"robots\" content=\"index, follow, max-snippet:-1, max-image-preview:large, max-video-preview:-1\" \/>\n<link rel=\"canonical\" href=\"http:\/\/www.nordwich.com\/de\/o-nas\/nas-tim\/\" \/>\n<meta property=\"og:locale\" content=\"de_DE\" \/>\n<meta property=\"og:type\" content=\"article\" \/>\n<meta property=\"og:title\" content=\"Unser Team - Nordwich\" \/>\n<meta property=\"og:url\" content=\"http:\/\/www.nordwich.com\/de\/o-nas\/nas-tim\/\" \/>\n<meta property=\"og:site_name\" content=\"Nordwich\" \/>\n<meta property=\"article:modified_time\" content=\"2026-01-09T12:51:22+00:00\" \/>\n<meta property=\"og:image\" content=\"http:\/\/www.nordwich.com\/wp-content\/uploads\/2023\/06\/puzzle.jpg\" \/>\n<meta name=\"twitter:card\" content=\"summary_large_image\" \/>\n<meta name=\"twitter:label1\" content=\"Est. reading time\" \/>\n\t<meta name=\"twitter:data1\" content=\"4 minutes\" \/>\n<script type=\"application\/ld+json\" class=\"yoast-schema-graph\">{\"@context\":\"https:\/\/schema.org\",\"@graph\":[{\"@type\":\"WebPage\",\"@id\":\"http:\/\/www.nordwich.com\/de\/o-nas\/nas-tim\/\",\"url\":\"http:\/\/www.nordwich.com\/de\/o-nas\/nas-tim\/\",\"name\":\"Unser Team - Nordwich\",\"isPartOf\":{\"@id\":\"http:\/\/www.nordwich.com\/#website\"},\"primaryImageOfPage\":{\"@id\":\"http:\/\/www.nordwich.com\/de\/o-nas\/nas-tim\/#primaryimage\"},\"image\":{\"@id\":\"http:\/\/www.nordwich.com\/de\/o-nas\/nas-tim\/#primaryimage\"},\"thumbnailUrl\":\"http:\/\/www.nordwich.com\/wp-content\/uploads\/2023\/06\/puzzle.jpg\",\"datePublished\":\"2023-07-28T07:48:57+00:00\",\"dateModified\":\"2026-01-09T12:51:22+00:00\",\"breadcrumb\":{\"@id\":\"http:\/\/www.nordwich.com\/de\/o-nas\/nas-tim\/#breadcrumb\"},\"inLanguage\":\"de-DE\",\"potentialAction\":[{\"@type\":\"ReadAction\",\"target\":[\"http:\/\/www.nordwich.com\/de\/o-nas\/nas-tim\/\"]}]},{\"@type\":\"ImageObject\",\"inLanguage\":\"de-DE\",\"@id\":\"http:\/\/www.nordwich.com\/de\/o-nas\/nas-tim\/#primaryimage\",\"url\":\"http:\/\/www.nordwich.com\/wp-content\/uploads\/2023\/06\/puzzle.jpg\",\"contentUrl\":\"http:\/\/www.nordwich.com\/wp-content\/uploads\/2023\/06\/puzzle.jpg\"},{\"@type\":\"BreadcrumbList\",\"@id\":\"http:\/\/www.nordwich.com\/de\/o-nas\/nas-tim\/#breadcrumb\",\"itemListElement\":[{\"@type\":\"ListItem\",\"position\":1,\"name\":\"Domovsk\u00e1 str\u00e1nka\",\"item\":\"http:\/\/www.nordwich.com\/\"},{\"@type\":\"ListItem\",\"position\":2,\"name\":\"\u00dcber uns\",\"item\":\"http:\/\/www.nordwich.com\/de\/o-nas\/\"},{\"@type\":\"ListItem\",\"position\":3,\"name\":\"Unser Team\"}]},{\"@type\":\"WebSite\",\"@id\":\"http:\/\/www.nordwich.com\/#website\",\"url\":\"http:\/\/www.nordwich.com\/\",\"name\":\"Nordwich\",\"description\":\"HR-Agentur\",\"publisher\":{\"@id\":\"http:\/\/www.nordwich.com\/#organization\"},\"potentialAction\":[{\"@type\":\"SearchAction\",\"target\":{\"@type\":\"EntryPoint\",\"urlTemplate\":\"http:\/\/www.nordwich.com\/?s={search_term_string}\"},\"query-input\":{\"@type\":\"PropertyValueSpecification\",\"valueRequired\":true,\"valueName\":\"search_term_string\"}}],\"inLanguage\":\"de-DE\"},{\"@type\":\"Organization\",\"@id\":\"http:\/\/www.nordwich.com\/#organization\",\"name\":\"Nordwich\",\"url\":\"http:\/\/www.nordwich.com\/\",\"logo\":{\"@type\":\"ImageObject\",\"inLanguage\":\"de-DE\",\"@id\":\"http:\/\/www.nordwich.com\/#\/schema\/logo\/image\/\",\"url\":\"http:\/\/www.nordwich.com\/wp-content\/uploads\/2026\/01\/nordwich_partners01.jpg\",\"contentUrl\":\"http:\/\/www.nordwich.com\/wp-content\/uploads\/2026\/01\/nordwich_partners01.jpg\",\"width\":1110,\"height\":329,\"caption\":\"Nordwich\"},\"image\":{\"@id\":\"http:\/\/www.nordwich.com\/#\/schema\/logo\/image\/\"}}]}<\/script>\n<!-- \/ Yoast SEO plugin. -->","yoast_head_json":{"title":"Unser Team - Nordwich","robots":{"index":"index","follow":"follow","max-snippet":"max-snippet:-1","max-image-preview":"max-image-preview:large","max-video-preview":"max-video-preview:-1"},"canonical":"http:\/\/www.nordwich.com\/de\/o-nas\/nas-tim\/","og_locale":"de_DE","og_type":"article","og_title":"Unser Team - Nordwich","og_url":"http:\/\/www.nordwich.com\/de\/o-nas\/nas-tim\/","og_site_name":"Nordwich","article_modified_time":"2026-01-09T12:51:22+00:00","og_image":[{"url":"http:\/\/www.nordwich.com\/wp-content\/uploads\/2023\/06\/puzzle.jpg","type":"","width":"","height":""}],"twitter_card":"summary_large_image","twitter_misc":{"Est. reading time":"4 minutes"},"schema":{"@context":"https:\/\/schema.org","@graph":[{"@type":"WebPage","@id":"http:\/\/www.nordwich.com\/de\/o-nas\/nas-tim\/","url":"http:\/\/www.nordwich.com\/de\/o-nas\/nas-tim\/","name":"Unser Team - Nordwich","isPartOf":{"@id":"http:\/\/www.nordwich.com\/#website"},"primaryImageOfPage":{"@id":"http:\/\/www.nordwich.com\/de\/o-nas\/nas-tim\/#primaryimage"},"image":{"@id":"http:\/\/www.nordwich.com\/de\/o-nas\/nas-tim\/#primaryimage"},"thumbnailUrl":"http:\/\/www.nordwich.com\/wp-content\/uploads\/2023\/06\/puzzle.jpg","datePublished":"2023-07-28T07:48:57+00:00","dateModified":"2026-01-09T12:51:22+00:00","breadcrumb":{"@id":"http:\/\/www.nordwich.com\/de\/o-nas\/nas-tim\/#breadcrumb"},"inLanguage":"de-DE","potentialAction":[{"@type":"ReadAction","target":["http:\/\/www.nordwich.com\/de\/o-nas\/nas-tim\/"]}]},{"@type":"ImageObject","inLanguage":"de-DE","@id":"http:\/\/www.nordwich.com\/de\/o-nas\/nas-tim\/#primaryimage","url":"http:\/\/www.nordwich.com\/wp-content\/uploads\/2023\/06\/puzzle.jpg","contentUrl":"http:\/\/www.nordwich.com\/wp-content\/uploads\/2023\/06\/puzzle.jpg"},{"@type":"BreadcrumbList","@id":"http:\/\/www.nordwich.com\/de\/o-nas\/nas-tim\/#breadcrumb","itemListElement":[{"@type":"ListItem","position":1,"name":"Domovsk\u00e1 str\u00e1nka","item":"http:\/\/www.nordwich.com\/"},{"@type":"ListItem","position":2,"name":"\u00dcber uns","item":"http:\/\/www.nordwich.com\/de\/o-nas\/"},{"@type":"ListItem","position":3,"name":"Unser Team"}]},{"@type":"WebSite","@id":"http:\/\/www.nordwich.com\/#website","url":"http:\/\/www.nordwich.com\/","name":"Nordwich","description":"HR-Agentur","publisher":{"@id":"http:\/\/www.nordwich.com\/#organization"},"potentialAction":[{"@type":"SearchAction","target":{"@type":"EntryPoint","urlTemplate":"http:\/\/www.nordwich.com\/?s={search_term_string}"},"query-input":{"@type":"PropertyValueSpecification","valueRequired":true,"valueName":"search_term_string"}}],"inLanguage":"de-DE"},{"@type":"Organization","@id":"http:\/\/www.nordwich.com\/#organization","name":"Nordwich","url":"http:\/\/www.nordwich.com\/","logo":{"@type":"ImageObject","inLanguage":"de-DE","@id":"http:\/\/www.nordwich.com\/#\/schema\/logo\/image\/","url":"http:\/\/www.nordwich.com\/wp-content\/uploads\/2026\/01\/nordwich_partners01.jpg","contentUrl":"http:\/\/www.nordwich.com\/wp-content\/uploads\/2026\/01\/nordwich_partners01.jpg","width":1110,"height":329,"caption":"Nordwich"},"image":{"@id":"http:\/\/www.nordwich.com\/#\/schema\/logo\/image\/"}}]}},"_links":{"self":[{"href":"http:\/\/www.nordwich.com\/de\/wp-json\/wp\/v2\/pages\/829","targetHints":{"allow":["GET"]}}],"collection":[{"href":"http:\/\/www.nordwich.com\/de\/wp-json\/wp\/v2\/pages"}],"about":[{"href":"http:\/\/www.nordwich.com\/de\/wp-json\/wp\/v2\/types\/page"}],"author":[{"embeddable":true,"href":"http:\/\/www.nordwich.com\/de\/wp-json\/wp\/v2\/users\/1"}],"replies":[{"embeddable":true,"href":"http:\/\/www.nordwich.com\/de\/wp-json\/wp\/v2\/comments?post=829"}],"version-history":[{"count":12,"href":"http:\/\/www.nordwich.com\/de\/wp-json\/wp\/v2\/pages\/829\/revisions"}],"predecessor-version":[{"id":1096,"href":"http:\/\/www.nordwich.com\/de\/wp-json\/wp\/v2\/pages\/829\/revisions\/1096"}],"up":[{"embeddable":true,"href":"http:\/\/www.nordwich.com\/de\/wp-json\/wp\/v2\/pages\/18"}],"wp:attachment":[{"href":"http:\/\/www.nordwich.com\/de\/wp-json\/wp\/v2\/media?parent=829"}],"curies":[{"name":"wp","href":"https:\/\/api.w.org\/{rel}","templated":true}]}}