{"id":866,"date":"2023-08-01T05:44:46","date_gmt":"2023-08-01T05:44:46","guid":{"rendered":"http:\/\/www.nordwich.com\/?page_id=866"},"modified":"2023-08-04T08:55:50","modified_gmt":"2023-08-04T08:55:50","slug":"nasa-ponuka","status":"publish","type":"page","link":"http:\/\/www.nordwich.com\/de\/upratovanie\/nasa-ponuka\/","title":{"rendered":"Reinigung"},"content":{"rendered":"\n<h2 class=\"wp-block-heading\"><strong>Wir behandeln Ihre H\u00e4user und Objekte wie als w\u00e4ren es unsere eigenen!<\/strong><\/h2>\n\n\n\n<div class=\"wp-block-buttons is-layout-flex wp-block-buttons-is-layout-flex\">\n<div class=\"wp-block-button\"><a class=\"wp-block-button__link wp-element-button\" href=\"\/\/www.nordwich.com\/de\/upratovanie\/ziadost-o-informacie\/\">Informationsanfrage<\/a><\/div>\n<\/div>\n\n\n\n<h3 class=\"wp-block-heading\">\u00dcber uns<\/h3>\n\n\n\n<p>Unser Ziel ist es, einen qualitativ hochwertigen Reinigungsservice <em>mit der Liebe zum Detail<\/em> zu gew\u00e4hrleisten. Wir verf\u00fcgen \u00fcber qualifizierte und engagierte Mitarbeiter\/innen, die auf Details achten, als w\u00e4ren sie in ihrem eigenen Zuhause, wo sie geeignete und nicht-sch\u00e4digende Reinigungsmittel verwenden w\u00fcrden. Wir k\u00f6nnen auch garantieren, dass wir aufgrund unserer Branchenerfahrung optimale Reinigungsmethoden anwenden k\u00f6nnen und sich unser Team stets an die spezifischen Anforderungen des Objektes anpassen wird. Dies f\u00fchrt f\u00fcr Sie zu einem sehr guten Reinigungsergebnis f\u00fcr einen fairen Preis. Selbstverst\u00e4ndlich erledigen wir alles zum vereinbarten Zeitpunkt und p\u00fcnktlich.<\/p>\n\n\n\n<h3 class=\"wp-block-heading\">Kontakt<\/h3>\n\n\n\n<p>Kontakt zu unseren Kunden und Ihr Feedback sind uns sehr wichtig. Sie haben keine Zeit, unsere Arbeit zu verfolgen? Auf Wunsch senden wir Ihnen ein \u201eVorher-Nachher\u201c-Foto. Bei Bedarf k\u00f6nnen wir diese an das zust\u00e4ndige Unternehmen, welches die Immobilie verwaltet, senden, damit es an die Bewohner\/innen des Geb\u00e4udes weitergeleitet werden kann. Wenn Sie weitere Informationen ben\u00f6tigen, k\u00f6nnen Sie diese \u00fcber das unten stehende Formular bei uns einholen. Sie k\u00f6nnen \u00fcber das Kontaktformular auch ein erstes Angebot anfordern.<\/p>\n\n\n\n<h3 class=\"wp-block-heading\"><a><\/a> Dienstleistungen<\/h3>\n\n\n\n<p>Strahlend saubere Flure, Zug\u00e4nge zum Geb\u00e4ude und zu den \u00f6ffentlichen Bereichen sind die beste Visitenkarte unserer Arbeit und unseres Bem\u00fchens, unsere Arbeiten gut und mit Stolz zu erledigen. Aus Respekt und einer gewissen Verantwortung Ihrem Eigentum und der Natur gegen\u00fcber verwenden wir in jedem Fall nicht-aggressive Reinigungsmittel. Wir sind keine Spezialisten f\u00fcr Wohnzimmer, sondern reinigen das gesamte Geb\u00e4ude vom Dachboden bis zum Keller und der Garage.<\/p>\n\n\n\n<p>Dazu z\u00e4hlt:<\/p>\n\n\n\n<ul class=\"wp-block-list\">\n<li>Hausreinigung<\/li>\n\n\n\n<li>Geb\u00e4udereinigung<\/li>\n\n\n\n<li>Wohnungsreinigung<\/li>\n\n\n\n<li>B\u00fcroreinigung<\/li>\n\n\n\n<li>Hotelreinigung<\/li>\n\n\n\n<li>Baustellenreinigung w\u00e4hrend der Bauphase und die Sonderreinigung<\/li>\n\n\n\n<li>Au\u00dfenanlagenpflege und Gartenarbeiten<\/li>\n<\/ul>\n\n\n\n<p><strong>Wie ich eingangs schon erw\u00e4hnt hatte&#8230;egal was wir reinigen und um welche Art der Reinigung es sich handelt, wir behandeln Ihr Haus bzw. Geb\u00e4ude\/Grundst\u00fcck so, als ob es unser eigenes w\u00e4re. Nehmen Sie uns beim Wort und lassen Sie uns ein auf Ihre Bed\u00fcrfnisse zugeschnittenes Angebot erstellen!<\/strong><\/p>\n\n\n\n<div class=\"wp-block-buttons is-layout-flex wp-block-buttons-is-layout-flex\">\n<div class=\"wp-block-button\"><a class=\"wp-block-button__link wp-element-button\" href=\"\/\/www.nordwich.com\/de\/upratovanie\/ziadost-o-informacie\/\">Informationsanfrage<\/a><\/div>\n<\/div>\n","protected":false},"excerpt":{"rendered":"<p>Wir behandeln Ihre H\u00e4user und Objekte wie als w\u00e4ren es unsere eigenen! \u00dcber uns Unser Ziel ist es, einen qualitativ hochwertigen Reinigungsservice mit der Liebe&hellip;<\/p>\n","protected":false},"author":1,"featured_media":0,"parent":951,"menu_order":0,"comment_status":"closed","ping_status":"closed","template":"","meta":{"footnotes":""},"class_list":["post-866","page","type-page","status-publish","hentry"],"translation":{"provider":"WPGlobus","version":"3.0.0","language":"de","enabled_languages":["sk","bs","de"],"languages":{"sk":{"title":true,"content":true,"excerpt":false},"bs":{"title":true,"content":true,"excerpt":false},"de":{"title":true,"content":true,"excerpt":false}}},"yoast_head":"<!-- This site is optimized with the Yoast SEO plugin v26.1.1 - https:\/\/yoast.com\/wordpress\/plugins\/seo\/ -->\n<title>Reinigung - Nordwich<\/title>\n<meta name=\"robots\" content=\"index, follow, max-snippet:-1, max-image-preview:large, max-video-preview:-1\" \/>\n<link rel=\"canonical\" href=\"http:\/\/www.nordwich.com\/upratovanie\/nasa-ponuka\/\" \/>\n<meta property=\"og:locale\" content=\"de_DE\" \/>\n<meta property=\"og:type\" content=\"article\" \/>\n<meta property=\"og:title\" content=\"Reinigung - Nordwich\" \/>\n<meta property=\"og:url\" content=\"http:\/\/www.nordwich.com\/upratovanie\/nasa-ponuka\/\" \/>\n<meta property=\"og:site_name\" content=\"Nordwich\" \/>\n<meta property=\"article:modified_time\" content=\"2023-08-04T08:55:50+00:00\" \/>\n<meta name=\"twitter:card\" content=\"summary_large_image\" \/>\n<meta name=\"twitter:label1\" content=\"Est. reading time\" \/>\n\t<meta name=\"twitter:data1\" content=\"2 minutes\" \/>\n<script type=\"application\/ld+json\" class=\"yoast-schema-graph\">{\"@context\":\"https:\/\/schema.org\",\"@graph\":[{\"@type\":\"WebPage\",\"@id\":\"http:\/\/www.nordwich.com\/upratovanie\/nasa-ponuka\/\",\"url\":\"http:\/\/www.nordwich.com\/upratovanie\/nasa-ponuka\/\",\"name\":\"Reinigung - Nordwich\",\"isPartOf\":{\"@id\":\"https:\/\/www.nordwich.com\/#website\"},\"datePublished\":\"2023-08-01T05:44:46+00:00\",\"dateModified\":\"2023-08-04T08:55:50+00:00\",\"description\":\"Ponuka slu\u017eieb upratovania dom\u00e1cnost\u00ed a firiem (kancel\u00e1ri\u00ed, hotelov, budov...). ale tie\u017e staveniska po\u010das v\u00fdstavby...\",\"breadcrumb\":{\"@id\":\"http:\/\/www.nordwich.com\/upratovanie\/nasa-ponuka\/#breadcrumb\"},\"inLanguage\":\"de-DE\",\"potentialAction\":[{\"@type\":\"ReadAction\",\"target\":[\"http:\/\/www.nordwich.com\/upratovanie\/nasa-ponuka\/\"]}]},{\"@type\":\"BreadcrumbList\",\"@id\":\"http:\/\/www.nordwich.com\/upratovanie\/nasa-ponuka\/#breadcrumb\",\"itemListElement\":[{\"@type\":\"ListItem\",\"position\":1,\"name\":\"Domovsk\u00e1 str\u00e1nka\",\"item\":\"https:\/\/www.nordwich.com\/\"},{\"@type\":\"ListItem\",\"position\":2,\"name\":\"Upratovanie\",\"item\":\"http:\/\/www.nordwich.com\/upratovanie\/\"},{\"@type\":\"ListItem\",\"position\":3,\"name\":\"Na\u0161a ponuka\"}]},{\"@type\":\"WebSite\",\"@id\":\"https:\/\/www.nordwich.com\/#website\",\"url\":\"https:\/\/www.nordwich.com\/\",\"name\":\"Nordwich\",\"description\":\"HR-Agentur\",\"publisher\":{\"@id\":\"https:\/\/www.nordwich.com\/#organization\"},\"potentialAction\":[{\"@type\":\"SearchAction\",\"target\":{\"@type\":\"EntryPoint\",\"urlTemplate\":\"https:\/\/www.nordwich.com\/?s={search_term_string}\"},\"query-input\":{\"@type\":\"PropertyValueSpecification\",\"valueRequired\":true,\"valueName\":\"search_term_string\"}}],\"inLanguage\":\"de-DE\"},{\"@type\":\"Organization\",\"@id\":\"https:\/\/www.nordwich.com\/#organization\",\"name\":\"Nordwich\",\"url\":\"https:\/\/www.nordwich.com\/\",\"logo\":{\"@type\":\"ImageObject\",\"inLanguage\":\"de-DE\",\"@id\":\"https:\/\/www.nordwich.com\/#\/schema\/logo\/image\/\",\"url\":\"http:\/\/www.nordwich.com\/wp-content\/uploads\/2026\/01\/nordwich_partners01.jpg\",\"contentUrl\":\"http:\/\/www.nordwich.com\/wp-content\/uploads\/2026\/01\/nordwich_partners01.jpg\",\"width\":1110,\"height\":329,\"caption\":\"Nordwich\"},\"image\":{\"@id\":\"https:\/\/www.nordwich.com\/#\/schema\/logo\/image\/\"}}]}<\/script>\n<!-- \/ Yoast SEO plugin. -->","yoast_head_json":{"title":"Reinigung - Nordwich","robots":{"index":"index","follow":"follow","max-snippet":"max-snippet:-1","max-image-preview":"max-image-preview:large","max-video-preview":"max-video-preview:-1"},"canonical":"http:\/\/www.nordwich.com\/upratovanie\/nasa-ponuka\/","og_locale":"de_DE","og_type":"article","og_title":"Reinigung - Nordwich","og_url":"http:\/\/www.nordwich.com\/upratovanie\/nasa-ponuka\/","og_site_name":"Nordwich","article_modified_time":"2023-08-04T08:55:50+00:00","twitter_card":"summary_large_image","twitter_misc":{"Est. reading time":"2 minutes"},"schema":{"@context":"https:\/\/schema.org","@graph":[{"@type":"WebPage","@id":"http:\/\/www.nordwich.com\/upratovanie\/nasa-ponuka\/","url":"http:\/\/www.nordwich.com\/upratovanie\/nasa-ponuka\/","name":"Reinigung - Nordwich","isPartOf":{"@id":"https:\/\/www.nordwich.com\/#website"},"datePublished":"2023-08-01T05:44:46+00:00","dateModified":"2023-08-04T08:55:50+00:00","description":"Ponuka slu\u017eieb upratovania dom\u00e1cnost\u00ed a firiem (kancel\u00e1ri\u00ed, hotelov, budov...). ale tie\u017e staveniska po\u010das v\u00fdstavby...","breadcrumb":{"@id":"http:\/\/www.nordwich.com\/upratovanie\/nasa-ponuka\/#breadcrumb"},"inLanguage":"de-DE","potentialAction":[{"@type":"ReadAction","target":["http:\/\/www.nordwich.com\/upratovanie\/nasa-ponuka\/"]}]},{"@type":"BreadcrumbList","@id":"http:\/\/www.nordwich.com\/upratovanie\/nasa-ponuka\/#breadcrumb","itemListElement":[{"@type":"ListItem","position":1,"name":"Domovsk\u00e1 str\u00e1nka","item":"https:\/\/www.nordwich.com\/"},{"@type":"ListItem","position":2,"name":"Upratovanie","item":"http:\/\/www.nordwich.com\/upratovanie\/"},{"@type":"ListItem","position":3,"name":"Na\u0161a ponuka"}]},{"@type":"WebSite","@id":"https:\/\/www.nordwich.com\/#website","url":"https:\/\/www.nordwich.com\/","name":"Nordwich","description":"HR-Agentur","publisher":{"@id":"https:\/\/www.nordwich.com\/#organization"},"potentialAction":[{"@type":"SearchAction","target":{"@type":"EntryPoint","urlTemplate":"https:\/\/www.nordwich.com\/?s={search_term_string}"},"query-input":{"@type":"PropertyValueSpecification","valueRequired":true,"valueName":"search_term_string"}}],"inLanguage":"de-DE"},{"@type":"Organization","@id":"https:\/\/www.nordwich.com\/#organization","name":"Nordwich","url":"https:\/\/www.nordwich.com\/","logo":{"@type":"ImageObject","inLanguage":"de-DE","@id":"https:\/\/www.nordwich.com\/#\/schema\/logo\/image\/","url":"http:\/\/www.nordwich.com\/wp-content\/uploads\/2026\/01\/nordwich_partners01.jpg","contentUrl":"http:\/\/www.nordwich.com\/wp-content\/uploads\/2026\/01\/nordwich_partners01.jpg","width":1110,"height":329,"caption":"Nordwich"},"image":{"@id":"https:\/\/www.nordwich.com\/#\/schema\/logo\/image\/"}}]}},"_links":{"self":[{"href":"http:\/\/www.nordwich.com\/de\/wp-json\/wp\/v2\/pages\/866","targetHints":{"allow":["GET"]}}],"collection":[{"href":"http:\/\/www.nordwich.com\/de\/wp-json\/wp\/v2\/pages"}],"about":[{"href":"http:\/\/www.nordwich.com\/de\/wp-json\/wp\/v2\/types\/page"}],"author":[{"embeddable":true,"href":"http:\/\/www.nordwich.com\/de\/wp-json\/wp\/v2\/users\/1"}],"replies":[{"embeddable":true,"href":"http:\/\/www.nordwich.com\/de\/wp-json\/wp\/v2\/comments?post=866"}],"version-history":[{"count":16,"href":"http:\/\/www.nordwich.com\/de\/wp-json\/wp\/v2\/pages\/866\/revisions"}],"predecessor-version":[{"id":989,"href":"http:\/\/www.nordwich.com\/de\/wp-json\/wp\/v2\/pages\/866\/revisions\/989"}],"up":[{"embeddable":true,"href":"http:\/\/www.nordwich.com\/de\/wp-json\/wp\/v2\/pages\/951"}],"wp:attachment":[{"href":"http:\/\/www.nordwich.com\/de\/wp-json\/wp\/v2\/media?parent=866"}],"curies":[{"name":"wp","href":"https:\/\/api.w.org\/{rel}","templated":true}]}}