{"id":869,"date":"2023-08-01T05:47:22","date_gmt":"2023-08-01T05:47:22","guid":{"rendered":"http:\/\/www.nordwich.com\/?page_id=869"},"modified":"2023-08-07T12:11:36","modified_gmt":"2023-08-07T12:11:36","slug":"cenova-ponuka","status":"publish","type":"page","link":"http:\/\/www.nordwich.com\/de\/upratovanie\/cenova-ponuka\/","title":{"rendered":"Unverbindliches Angebot"},"content":{"rendered":"\n<h2 class=\"wp-block-heading\"><strong>GRATIS:\u00a0Angebot, Besichtigung und Vermessung<\/strong><\/h2>\n\n\n\n<p>Sie k\u00f6nnen w\u00e4hlen, zwischen folgendem Formular. Bitte f\u00fcllen Sie alle mit\u00a0*\u00a0markierten Felder aus\u00a0(Pflichtfelder)<\/p>\n\n\n\n<div class=\"wp-block-contact-form-7-contact-form-selector\">\n<div class=\"wpcf7 no-js\" id=\"wpcf7-f991-o1\" lang=\"sk-SK\" dir=\"ltr\" data-wpcf7-id=\"991\">\n<div class=\"screen-reader-response\"><p role=\"status\" aria-live=\"polite\" aria-atomic=\"true\"><\/p> <ul><\/ul><\/div>\n<form action=\"\/de\/wp-json\/wp\/v2\/pages\/869#wpcf7-f991-o1\" method=\"post\" class=\"wpcf7-form init\" aria-label=\"Contact form\" novalidate=\"novalidate\" data-status=\"init\">\n<fieldset class=\"hidden-fields-container\"><input type=\"hidden\" name=\"_wpcf7\" value=\"991\" \/><input type=\"hidden\" name=\"_wpcf7_version\" value=\"6.1.5\" \/><input type=\"hidden\" name=\"_wpcf7_locale\" value=\"sk_SK\" \/><input type=\"hidden\" name=\"_wpcf7_unit_tag\" value=\"wpcf7-f991-o1\" \/><input type=\"hidden\" name=\"_wpcf7_container_post\" value=\"0\" \/><input type=\"hidden\" name=\"_wpcf7_posted_data_hash\" value=\"\" \/>\n<\/fieldset>\n<p><label> Firma<br \/>\n<span class=\"wpcf7-form-control-wrap\" data-name=\"your-company\"><input size=\"40\" maxlength=\"400\" class=\"wpcf7-form-control wpcf7-text\" autocomplete=\"name\" aria-invalid=\"false\" value=\"\" type=\"text\" name=\"your-company\" \/><\/span> <\/label>\n<\/p>\n<p><label> Adresse*<br \/>\n<span class=\"wpcf7-form-control-wrap\" data-name=\"your-address\"><input size=\"40\" maxlength=\"400\" class=\"wpcf7-form-control wpcf7-text wpcf7-validates-as-required\" autocomplete=\"address\" aria-required=\"true\" aria-invalid=\"false\" value=\"\" type=\"text\" name=\"your-address\" \/><\/span> <\/label>\n<\/p>\n<p><label> PLZ*<br \/>\n<span class=\"wpcf7-form-control-wrap\" data-name=\"your-post-code\"><input class=\"wpcf7-form-control wpcf7-number wpcf7-validates-as-required wpcf7-validates-as-number\" autocomplete=\"address\" aria-required=\"true\" aria-invalid=\"false\" value=\"\" type=\"number\" name=\"your-post-code\" \/><\/span> <\/label>\n<\/p>\n<p><label> Ort*<br \/>\n<span class=\"wpcf7-form-control-wrap\" data-name=\"your-town\"><input size=\"40\" maxlength=\"400\" class=\"wpcf7-form-control wpcf7-text wpcf7-validates-as-required\" autocomplete=\"address\" aria-required=\"true\" aria-invalid=\"false\" value=\"\" type=\"text\" name=\"your-town\" \/><\/span> <\/label>\n<\/p>\n<p><label> Titel, Name*<br \/>\n<span class=\"wpcf7-form-control-wrap\" data-name=\"your-name\"><input size=\"40\" maxlength=\"400\" class=\"wpcf7-form-control wpcf7-text wpcf7-validates-as-required\" autocomplete=\"name\" aria-required=\"true\" aria-invalid=\"false\" value=\"\" type=\"text\" name=\"your-name\" \/><\/span> <\/label>\n<\/p>\n<p><label> Telefon*<br \/>\n<span class=\"wpcf7-form-control-wrap\" data-name=\"your-tel\"><input size=\"40\" maxlength=\"400\" class=\"wpcf7-form-control wpcf7-tel wpcf7-validates-as-required wpcf7-text wpcf7-validates-as-tel\" aria-required=\"true\" aria-invalid=\"false\" value=\"\" type=\"tel\" name=\"your-tel\" \/><\/span> <\/label>\n<\/p>\n<p><label> Emailadresse*<br \/>\n<span class=\"wpcf7-form-control-wrap\" data-name=\"your-email\"><input size=\"40\" maxlength=\"400\" class=\"wpcf7-form-control wpcf7-email wpcf7-validates-as-required wpcf7-text wpcf7-validates-as-email\" autocomplete=\"email\" aria-required=\"true\" aria-invalid=\"false\" value=\"\" type=\"email\" name=\"your-email\" \/><\/span> <\/label>\n<\/p>\n<p><label> Betreff*<br \/>\n<span class=\"wpcf7-form-control-wrap\" data-name=\"your-option\"><select class=\"wpcf7-form-control wpcf7-select wpcf7-validates-as-required\" aria-required=\"true\" aria-invalid=\"false\" name=\"your-option\"><option value=\"\">-- Bitte w\u00e4hlen --<\/option><option value=\"Hausbetreuung\">Hausbetreuung<\/option><option value=\"Zimmerservice\">Zimmerservice<\/option><option value=\"Fensterreinigung\">Fensterreinigung<\/option><option value=\"Facility Service\">Facility Service<\/option><option value=\"Privatreinigung\">Privatreinigung<\/option><option value=\"Sonstige Reinigung\">Sonstige Reinigung<\/option><\/select><\/span> <\/label>\n<\/p>\n<p><label> Gr\u00f6\u00dfe, m2 ca.*<br \/>\n<span class=\"wpcf7-form-control-wrap\" data-name=\"your-area\"><input class=\"wpcf7-form-control wpcf7-number wpcf7-validates-as-required wpcf7-validates-as-number\" aria-required=\"true\" aria-invalid=\"false\" value=\"\" type=\"number\" name=\"your-area\" \/><\/span><\/label>\n<\/p>\n<p><label> Ihre Anfrage<br \/>\n<span class=\"wpcf7-form-control-wrap\" data-name=\"your-message\"><textarea cols=\"40\" rows=\"10\" maxlength=\"2000\" class=\"wpcf7-form-control wpcf7-textarea\" aria-invalid=\"false\" name=\"your-message\"><\/textarea><\/span> <\/label>\n<\/p>\n<p><label> Zustimmung zur Datenverwendung:*<br \/>\n<span class=\"wpcf7-form-control-wrap\" data-name=\"gdpr_confirm\"><span class=\"wpcf7-form-control wpcf7-checkbox wpcf7-validates-as-required\"><span class=\"wpcf7-list-item first last\"><label><input type=\"checkbox\" name=\"gdpr_confirm[]\" value=\"Ich\/Wir sind mit der Verarbeitung meiner\/unserer hier genannten Daten durch die Firma Nordwich s.r.o zum Zweck der Zusendung von Angeboten, Vertr\u00e4gen und organisatorischer Kommunikation auf schriftlichem, telefonischem oder elektronischem Weg (insbesondere E-Mail) einverstanden. Die Zustimmung erfolgt freiwillig, ich\/wir kann\/k\u00f6nnen sie jederzeit mit Wirkung f\u00fcr die Zukunft widerrufen (z.B. telefonisch, per E-Mail oder Brief).\" \/><span class=\"wpcf7-list-item-label\">Ich\/Wir sind mit der Verarbeitung meiner\/unserer hier genannten Daten durch die Firma Nordwich s.r.o zum Zweck der Zusendung von Angeboten, Vertr\u00e4gen und organisatorischer Kommunikation auf schriftlichem, telefonischem oder elektronischem Weg (insbesondere E-Mail) einverstanden. Die Zustimmung erfolgt freiwillig, ich\/wir kann\/k\u00f6nnen sie jederzeit mit Wirkung f\u00fcr die Zukunft widerrufen (z.B. telefonisch, per E-Mail oder Brief).<\/span><\/label><\/span><\/span><\/span><br \/>\n<\/label>\n<\/p>\n<p><input class=\"wpcf7-form-control wpcf7-submit has-spinner\" type=\"submit\" value=\"Senden\" \/>\n<\/p><p style=\"display: none !important;\" class=\"akismet-fields-container\" data-prefix=\"_wpcf7_ak_\"><label>&#916;<textarea name=\"_wpcf7_ak_hp_textarea\" cols=\"45\" rows=\"8\" maxlength=\"100\"><\/textarea><\/label><input type=\"hidden\" id=\"ak_js_1\" name=\"_wpcf7_ak_js\" value=\"113\"\/><script>document.getElementById( \"ak_js_1\" ).setAttribute( \"value\", ( new Date() ).getTime() );<\/script><\/p><div class=\"wpcf7-response-output\" aria-hidden=\"true\"><\/div>\n<\/form>\n<\/div>\n<\/div>\n","protected":false},"excerpt":{"rendered":"<p>GRATIS:\u00a0Angebot, Besichtigung und Vermessung Sie k\u00f6nnen w\u00e4hlen, zwischen folgendem Formular. Bitte f\u00fcllen Sie alle mit\u00a0*\u00a0markierten Felder aus\u00a0(Pflichtfelder)<\/p>\n","protected":false},"author":1,"featured_media":0,"parent":951,"menu_order":50,"comment_status":"closed","ping_status":"closed","template":"","meta":{"footnotes":""},"class_list":["post-869","page","type-page","status-publish","hentry"],"translation":{"provider":"WPGlobus","version":"3.0.0","language":"de","enabled_languages":["sk","bs","de"],"languages":{"sk":{"title":true,"content":true,"excerpt":false},"bs":{"title":true,"content":true,"excerpt":false},"de":{"title":true,"content":true,"excerpt":false}}},"yoast_head":"<!-- This site is optimized with the Yoast SEO plugin v26.1.1 - https:\/\/yoast.com\/wordpress\/plugins\/seo\/ -->\n<title>Unverbindliches Angebot - Nordwich<\/title>\n<meta name=\"robots\" content=\"index, follow, max-snippet:-1, max-image-preview:large, max-video-preview:-1\" \/>\n<link rel=\"canonical\" href=\"http:\/\/www.nordwich.com\/bs\/upratovanie\/cenova-ponuka\/\" \/>\n<meta property=\"og:locale\" content=\"de_DE\" \/>\n<meta property=\"og:type\" content=\"article\" \/>\n<meta property=\"og:title\" content=\"Unverbindliches Angebot - Nordwich\" \/>\n<meta property=\"og:url\" content=\"http:\/\/www.nordwich.com\/bs\/upratovanie\/cenova-ponuka\/\" \/>\n<meta property=\"og:site_name\" content=\"Nordwich\" \/>\n<meta property=\"article:modified_time\" content=\"2023-08-07T12:11:36+00:00\" \/>\n<meta name=\"twitter:card\" content=\"summary_large_image\" \/>\n<meta name=\"twitter:label1\" content=\"Est. reading time\" \/>\n\t<meta name=\"twitter:data1\" content=\"1 minute\" \/>\n<script type=\"application\/ld+json\" class=\"yoast-schema-graph\">{\"@context\":\"https:\/\/schema.org\",\"@graph\":[{\"@type\":\"WebPage\",\"@id\":\"http:\/\/www.nordwich.com\/bs\/upratovanie\/cenova-ponuka\/\",\"url\":\"http:\/\/www.nordwich.com\/bs\/upratovanie\/cenova-ponuka\/\",\"name\":\"Unverbindliches Angebot - Nordwich\",\"isPartOf\":{\"@id\":\"http:\/\/www.nordwich.com\/#website\"},\"datePublished\":\"2023-08-01T05:47:22+00:00\",\"dateModified\":\"2023-08-07T12:11:36+00:00\",\"breadcrumb\":{\"@id\":\"http:\/\/www.nordwich.com\/bs\/upratovanie\/cenova-ponuka\/#breadcrumb\"},\"inLanguage\":\"de-DE\",\"potentialAction\":[{\"@type\":\"ReadAction\",\"target\":[\"http:\/\/www.nordwich.com\/bs\/upratovanie\/cenova-ponuka\/\"]}]},{\"@type\":\"BreadcrumbList\",\"@id\":\"http:\/\/www.nordwich.com\/bs\/upratovanie\/cenova-ponuka\/#breadcrumb\",\"itemListElement\":[{\"@type\":\"ListItem\",\"position\":1,\"name\":\"Domovsk\u00e1 str\u00e1nka\",\"item\":\"http:\/\/www.nordwich.com\/\"},{\"@type\":\"ListItem\",\"position\":2,\"name\":\"Reinigung\",\"item\":\"https:\/\/www.nordwich.com\/de\/upratovanie\/\"},{\"@type\":\"ListItem\",\"position\":3,\"name\":\"Neobvezuju\u0107a ponuda\"}]},{\"@type\":\"WebSite\",\"@id\":\"http:\/\/www.nordwich.com\/#website\",\"url\":\"http:\/\/www.nordwich.com\/\",\"name\":\"Nordwich\",\"description\":\"HR-Agentur\",\"publisher\":{\"@id\":\"http:\/\/www.nordwich.com\/#organization\"},\"potentialAction\":[{\"@type\":\"SearchAction\",\"target\":{\"@type\":\"EntryPoint\",\"urlTemplate\":\"http:\/\/www.nordwich.com\/?s={search_term_string}\"},\"query-input\":{\"@type\":\"PropertyValueSpecification\",\"valueRequired\":true,\"valueName\":\"search_term_string\"}}],\"inLanguage\":\"de-DE\"},{\"@type\":\"Organization\",\"@id\":\"http:\/\/www.nordwich.com\/#organization\",\"name\":\"Nordwich\",\"url\":\"http:\/\/www.nordwich.com\/\",\"logo\":{\"@type\":\"ImageObject\",\"inLanguage\":\"de-DE\",\"@id\":\"http:\/\/www.nordwich.com\/#\/schema\/logo\/image\/\",\"url\":\"http:\/\/www.nordwich.com\/wp-content\/uploads\/2026\/01\/nordwich_partners01.jpg\",\"contentUrl\":\"http:\/\/www.nordwich.com\/wp-content\/uploads\/2026\/01\/nordwich_partners01.jpg\",\"width\":1110,\"height\":329,\"caption\":\"Nordwich\"},\"image\":{\"@id\":\"http:\/\/www.nordwich.com\/#\/schema\/logo\/image\/\"}}]}<\/script>\n<!-- \/ Yoast SEO plugin. -->","yoast_head_json":{"title":"Unverbindliches Angebot - Nordwich","robots":{"index":"index","follow":"follow","max-snippet":"max-snippet:-1","max-image-preview":"max-image-preview:large","max-video-preview":"max-video-preview:-1"},"canonical":"http:\/\/www.nordwich.com\/bs\/upratovanie\/cenova-ponuka\/","og_locale":"de_DE","og_type":"article","og_title":"Unverbindliches Angebot - Nordwich","og_url":"http:\/\/www.nordwich.com\/bs\/upratovanie\/cenova-ponuka\/","og_site_name":"Nordwich","article_modified_time":"2023-08-07T12:11:36+00:00","twitter_card":"summary_large_image","twitter_misc":{"Est. reading time":"1 minute"},"schema":{"@context":"https:\/\/schema.org","@graph":[{"@type":"WebPage","@id":"http:\/\/www.nordwich.com\/bs\/upratovanie\/cenova-ponuka\/","url":"http:\/\/www.nordwich.com\/bs\/upratovanie\/cenova-ponuka\/","name":"Unverbindliches Angebot - Nordwich","isPartOf":{"@id":"http:\/\/www.nordwich.com\/#website"},"datePublished":"2023-08-01T05:47:22+00:00","dateModified":"2023-08-07T12:11:36+00:00","breadcrumb":{"@id":"http:\/\/www.nordwich.com\/bs\/upratovanie\/cenova-ponuka\/#breadcrumb"},"inLanguage":"de-DE","potentialAction":[{"@type":"ReadAction","target":["http:\/\/www.nordwich.com\/bs\/upratovanie\/cenova-ponuka\/"]}]},{"@type":"BreadcrumbList","@id":"http:\/\/www.nordwich.com\/bs\/upratovanie\/cenova-ponuka\/#breadcrumb","itemListElement":[{"@type":"ListItem","position":1,"name":"Domovsk\u00e1 str\u00e1nka","item":"http:\/\/www.nordwich.com\/"},{"@type":"ListItem","position":2,"name":"Reinigung","item":"https:\/\/www.nordwich.com\/de\/upratovanie\/"},{"@type":"ListItem","position":3,"name":"Neobvezuju\u0107a ponuda"}]},{"@type":"WebSite","@id":"http:\/\/www.nordwich.com\/#website","url":"http:\/\/www.nordwich.com\/","name":"Nordwich","description":"HR-Agentur","publisher":{"@id":"http:\/\/www.nordwich.com\/#organization"},"potentialAction":[{"@type":"SearchAction","target":{"@type":"EntryPoint","urlTemplate":"http:\/\/www.nordwich.com\/?s={search_term_string}"},"query-input":{"@type":"PropertyValueSpecification","valueRequired":true,"valueName":"search_term_string"}}],"inLanguage":"de-DE"},{"@type":"Organization","@id":"http:\/\/www.nordwich.com\/#organization","name":"Nordwich","url":"http:\/\/www.nordwich.com\/","logo":{"@type":"ImageObject","inLanguage":"de-DE","@id":"http:\/\/www.nordwich.com\/#\/schema\/logo\/image\/","url":"http:\/\/www.nordwich.com\/wp-content\/uploads\/2026\/01\/nordwich_partners01.jpg","contentUrl":"http:\/\/www.nordwich.com\/wp-content\/uploads\/2026\/01\/nordwich_partners01.jpg","width":1110,"height":329,"caption":"Nordwich"},"image":{"@id":"http:\/\/www.nordwich.com\/#\/schema\/logo\/image\/"}}]}},"_links":{"self":[{"href":"http:\/\/www.nordwich.com\/de\/wp-json\/wp\/v2\/pages\/869","targetHints":{"allow":["GET"]}}],"collection":[{"href":"http:\/\/www.nordwich.com\/de\/wp-json\/wp\/v2\/pages"}],"about":[{"href":"http:\/\/www.nordwich.com\/de\/wp-json\/wp\/v2\/types\/page"}],"author":[{"embeddable":true,"href":"http:\/\/www.nordwich.com\/de\/wp-json\/wp\/v2\/users\/1"}],"replies":[{"embeddable":true,"href":"http:\/\/www.nordwich.com\/de\/wp-json\/wp\/v2\/comments?post=869"}],"version-history":[{"count":16,"href":"http:\/\/www.nordwich.com\/de\/wp-json\/wp\/v2\/pages\/869\/revisions"}],"predecessor-version":[{"id":993,"href":"http:\/\/www.nordwich.com\/de\/wp-json\/wp\/v2\/pages\/869\/revisions\/993"}],"up":[{"embeddable":true,"href":"http:\/\/www.nordwich.com\/de\/wp-json\/wp\/v2\/pages\/951"}],"wp:attachment":[{"href":"http:\/\/www.nordwich.com\/de\/wp-json\/wp\/v2\/media?parent=869"}],"curies":[{"name":"wp","href":"https:\/\/api.w.org\/{rel}","templated":true}]}}