{"id":9,"date":"2023-03-16T11:05:04","date_gmt":"2023-03-16T11:05:04","guid":{"rendered":"http:\/\/www.nordwich.com\/?page_id=9"},"modified":"2023-09-16T13:46:42","modified_gmt":"2023-09-16T13:46:42","slug":"home","status":"publish","type":"page","link":"http:\/\/www.nordwich.com\/de\/","title":{"rendered":"Startseite"},"content":{"rendered":"\n<div class=\"wp-block-columns is-layout-flex wp-container-core-columns-is-layout-9d6595d7 wp-block-columns-is-layout-flex\">\n<div class=\"wp-block-column is-layout-flow wp-block-column-is-layout-flow\" style=\"flex-basis:66.66%\">\n<div class=\"wp-block-soliloquy-soliloquywp\"><div aria-live=\"polite\" id=\"soliloquy-container-169\" class=\"soliloquy-container soliloquy-transition-fade  soliloquy-theme-classic\" style=\"max-width:960px;max-height:400px;\"><ul id=\"soliloquy-169\" class=\"soliloquy-slider soliloquy-slides soliloquy-wrap soliloquy-clear\"><li aria-hidden=\"true\" class=\"soliloquy-item soliloquy-item-1 soliloquy-image-slide\" draggable=\"false\" style=\"list-style:none\"><img decoding=\"async\" id=\"soliloquy-image-170\" class=\"soliloquy-image soliloquy-image-1\" src=\"http:\/\/www.nordwich.com\/wp-content\/uploads\/2023\/03\/man-g7fbe6ac2c_1920-1-960x400_c.jpg\" alt=\"man-g7fbe6ac2c_1920\" \/><\/li><li aria-hidden=\"true\" class=\"soliloquy-item soliloquy-item-2 soliloquy-image-slide\" draggable=\"false\" style=\"list-style:none\"><img decoding=\"async\" id=\"soliloquy-image-171\" class=\"soliloquy-image soliloquy-image-2\" src=\"http:\/\/www.nordwich.com\/wp-content\/uploads\/2023\/03\/construction-g276ee5f97_1920-1-960x400_c.jpg\" alt=\"construction-g276ee5f97_1920\" \/><\/li><li aria-hidden=\"true\" class=\"soliloquy-item soliloquy-item-3 soliloquy-image-slide\" draggable=\"false\" style=\"list-style:none\"><img decoding=\"async\" id=\"soliloquy-image-173\" class=\"soliloquy-image soliloquy-image-3\" src=\"http:\/\/www.nordwich.com\/wp-content\/uploads\/2023\/03\/welding-g0e67406bc_1920-1-960x400_c.jpg\" alt=\"welding-g0e67406bc_1920\" \/><\/li><\/ul><\/div><noscript><style type=\"text\/css\">#soliloquy-container-169{opacity:1}<\/style><\/noscript><\/div>\n\n\n\n<p><\/p>\n\n\n\n<p><\/p>\n\n\n\n<p>Vor langer Zeit sagte mir, ein damaliger Wirtschaftsstudent &#8211; jetzt ein guter\/enger Freund von mir und mein gr\u00f6\u00dfter Kritiker: \u201eLege niemals alle Eier in einen Korb\u201c, ich gehorte diesem Ratschlag und entschied mich f\u00fcr diese Ver\u00e4nderung der Dienstleistungen unseres Unternehmens, unserer Agentur .. wie auch immer man diese bezeichnen m\u00f6chte &#8211; oder vielleicht einfach NORDWICH.<\/p>\n\n\n\n<p>Jetzt bin ich \u00e4lter , erfahrener und ich wei\u00df, dass man anderen zuh\u00f6ren und manchmal gehorchen sollte. Ich wei\u00df, dass man zuh\u00f6ren und sich seiner Umgebungu bewusst sein sollte, in welcher man arbeitet. Diese Umgebung stellt f\u00fcr uns der Arbeitsmarkt und die darin enthaltenen Arbeitskr\u00e4fte dar. F\u00fcr uns ist es notwendig jeden Tag vor neuen Herausforderungen gestellt zu werden. Wir m\u00fcssen st\u00e4ndig zu erweiterten Ansichten und Erkenntnissen \u00fcber unser \u201eGesch\u00e4ft\u201c kommen. Daf\u00fcr brauchen wir nat\u00fcrlich Menschen, Mitarbeiter\/innen, Expert\/innen, Partner\/innen und genau deshalb sind wir offen f\u00fcr Kooperationen mit anderen und hei\u00dfen Sie immer Willkommen zu einer \u201eTasse Gespr\u00e4che \u201c. Unsere Gespr\u00e4che f\u00fchren wir mit reinen Absichten und schauen, dass wir dabei zu unserer Mission beitragen&#8230; f\u00fcr unser NORDWICH.<\/p>\n<\/div>\n\n\n\n<div class=\"wp-block-column is-layout-flow wp-block-column-is-layout-flow\" style=\"flex-basis:33.33%\"><div class=\"n2-section-smartslider fitvidsignore  n2_clear\" data-ssid=\"5\" tabindex=\"0\" role=\"region\" aria-label=\"Slider\"><div id=\"n2-ss-5-align\" class=\"n2-ss-align\"><div class=\"n2-padding\"><div id=\"n2-ss-5\" data-creator=\"Smart Slider 3\" data-responsive=\"auto\" class=\"n2-ss-slider n2-ow n2-has-hover n2notransition  \">\n        <div class=\"n2-ss-slider-1 n2_ss__touch_element n2-ow\">\n            <div class=\"n2-ss-slider-2 n2-ow\">\n                                                <div class=\"n2-ss-slider-3 n2-ow\">\n\n                    <div class=\"n2-ss-slide-backgrounds n2-ow-all\"><div class=\"n2-ss-slide-background\" data-public-id=\"1\" data-mode=\"fill\"><div data-gradient=\"diagonal1\" data-color-start=\"RGBA(85,170,57,1)\" data-color-end=\"RGBA(255,255,255,0)\" style=\"background:linear-gradient(45deg, RGBA(85,170,57,1) 0%,RGBA(255,255,255,0) 100%);\" class=\"n2-ss-slide-background-color\"><\/div><\/div><div class=\"n2-ss-slide-background\" data-public-id=\"2\" data-mode=\"fill\"><div data-gradient=\"diagonal1\" data-color-start=\"RGBA(92,186,60,1)\" data-color-end=\"RGBA(255,255,255,0)\" style=\"background:linear-gradient(45deg, RGBA(92,186,60,1) 0%,RGBA(255,255,255,0) 100%);\" class=\"n2-ss-slide-background-color\"><\/div><\/div><div class=\"n2-ss-slide-background\" data-public-id=\"3\" data-mode=\"fill\"><div data-gradient=\"diagonal1\" data-color-start=\"RGBA(92,186,60,1)\" data-color-end=\"RGBA(255,255,255,0)\" style=\"background:linear-gradient(45deg, RGBA(92,186,60,1) 0%,RGBA(255,255,255,0) 100%);\" class=\"n2-ss-slide-background-color\"><\/div><\/div><\/div>                    <div class=\"n2-ss-slider-4 n2-ow\">\n                        <svg xmlns=\"http:\/\/www.w3.org\/2000\/svg\" viewBox=\"0 0 500 500\" data-related-device=\"desktopPortrait\" class=\"n2-ow n2-ss-preserve-size n2-ss-preserve-size--slider n2-ss-slide-limiter\"><\/svg><div data-first=\"1\" data-slide-duration=\"0\" data-id=\"15\" data-slide-public-id=\"1\" data-title=\"Slide 1\" class=\"n2-ss-slide n2-ow  n2-ss-slide-15\"><div role=\"note\" class=\"n2-ss-slide--focus\" tabindex=\"-1\">Slide 1<\/div><div class=\"n2-ss-layers-container n2-ss-slide-limiter n2-ow\"><div class=\"n2-ss-layer n2-ow n-uc-8WDjtYY35XSM\" data-sstype=\"slide\" data-pm=\"default\"><div class=\"n2-ss-layer n2-ow n-uc-rp3tG9JWtBn4\" data-pm=\"default\" data-sstype=\"content\" data-hasbackground=\"0\"><div class=\"n2-ss-section-main-content n2-ss-layer-with-background n2-ss-layer-content n2-ow n-uc-rp3tG9JWtBn4-inner\"><div class=\"n2-ss-layer n2-ow n2-ss-layer--block n2-ss-has-self-align n-uc-ykpKwgmV77Mf\" data-pm=\"normal\" data-sstype=\"row\"><div class=\"n2-ss-layer-row n2-ss-layer-with-background n-uc-ykpKwgmV77Mf-inner\"><div class=\"n2-ss-layer-row-inner \"><div class=\"n2-ss-layer n2-ow n-uc-98pPCEQ7TE8D\" data-pm=\"default\" data-sstype=\"col\"><div class=\"n2-ss-layer-col n2-ss-layer-with-background n2-ss-layer-content n-uc-98pPCEQ7TE8D-inner\"><div class=\"n2-ss-layer n2-ow n-uc-fm8z9mUCQvyR\" data-pm=\"normal\" data-sstype=\"layer\"><div class=\" n2-ss-item-image-content n2-ss-item-content n2-ow-all\"><img loading=\"lazy\" decoding=\"async\" id=\"n2-ss-5item1\" alt=\"nordwich_logo3\" class=\"skip-lazy\" style=\"width:40%;height:auto\" width=\"1113\" height=\"761\" data-skip-lazy=\"1\" src=\"\/\/www.nordwich.com\/wp-content\/uploads\/2023\/03\/nordwich_logo3.jpg\" \/><\/div><\/div><div class=\"n2-ss-layer n2-ow n-uc-0IPdJMZQy5Mi\" data-pm=\"normal\" data-sstype=\"layer\"><div id=\"n2-ss-5item2\" class=\"n2-font-24d4d52a6ffb12479dda6f737a1614c7-hover   n2-ss-item-content n2-ss-text n2-ow\" style=\"display:block;\">Wir suchen nach L\u00f6sungen<\/div><\/div><div class=\"n2-ss-layer n2-ow n-uc-c3oEDeTwPorP\" data-pm=\"normal\" data-sstype=\"layer\"><div class=\"n2-ss-item-content n2-ss-text n2-ow-all\"><div class=\"\"><p class=\"n2-font-d8c44cea5017ee1b07389013bb4dd6b2-paragraph   \">Jede Kundenanfrage ist ein Projekt und muss erfolgreich abgeschlossen werden.<\/p>\n<\/div><\/div><\/div><div class=\"n2-ss-layer n2-ow n-uc-HcoYEELiDtsb\" data-pm=\"normal\" data-sstype=\"layer\"><div class=\"n2-ss-item-content n2-ss-text n2-ow-all\"><div class=\"\"><p class=\"n2-font-a696dcf7b158ff1bf4c20df9c9afba80-paragraph   \">Es macht uns gl\u00fccklich, wenn wir helfen oder beraten k\u00f6nnen<\/p>\n<\/div><\/div><\/div><\/div><\/div><\/div><\/div><\/div><\/div><\/div><\/div><\/div><\/div><div data-slide-duration=\"0\" data-id=\"16\" data-slide-public-id=\"2\" data-title=\"Slide 1\" class=\"n2-ss-slide n2-ow  n2-ss-slide-16\"><div role=\"note\" class=\"n2-ss-slide--focus\" tabindex=\"-1\">Slide 1<\/div><div class=\"n2-ss-layers-container n2-ss-slide-limiter n2-ow\"><div class=\"n2-ss-layer n2-ow n-uc-GwpJHu4Ca9Jg\" data-sstype=\"slide\" data-pm=\"default\"><div class=\"n2-ss-layer n2-ow n-uc-5CWK9v8JGVsf\" data-pm=\"default\" data-sstype=\"content\" data-hasbackground=\"0\"><div class=\"n2-ss-section-main-content n2-ss-layer-with-background n2-ss-layer-content n2-ow n-uc-5CWK9v8JGVsf-inner\"><div class=\"n2-ss-layer n2-ow n2-ss-layer--block n2-ss-has-self-align n-uc-sSl6Wu3HtP7d\" data-pm=\"normal\" data-sstype=\"row\"><div class=\"n2-ss-layer-row n2-ss-layer-with-background n-uc-sSl6Wu3HtP7d-inner\"><div class=\"n2-ss-layer-row-inner \"><div class=\"n2-ss-layer n2-ow n-uc-nttHXJcgt0ui\" data-pm=\"default\" data-sstype=\"col\"><div class=\"n2-ss-layer-col n2-ss-layer-with-background n2-ss-layer-content n-uc-nttHXJcgt0ui-inner\"><div class=\"n2-ss-layer n2-ow n-uc-6gP2hZHzbuzl\" data-pm=\"normal\" data-sstype=\"layer\"><div class=\" n2-ss-item-image-content n2-ss-item-content n2-ow-all\"><img decoding=\"async\" id=\"n2-ss-5item5\" alt=\"nordwich_logo3\" class=\"skip-lazy\" style=\"width:40%;height:auto\" loading=\"lazy\" width=\"1113\" height=\"761\" data-skip-lazy=\"1\" src=\"\/\/www.nordwich.com\/wp-content\/uploads\/2023\/03\/nordwich_logo3.jpg\" \/><\/div><\/div><div class=\"n2-ss-layer n2-ow n-uc-Bjq2weh1RkUB\" data-pm=\"normal\" data-sstype=\"layer\"><div id=\"n2-ss-5item6\" class=\"n2-font-24d4d52a6ffb12479dda6f737a1614c7-hover   n2-ss-item-content n2-ss-text n2-ow\" style=\"display:block;\">Auf uns k\u00f6nnen Sie sich verlassen..<\/div><\/div><div class=\"n2-ss-layer n2-ow n-uc-J2Sd9Kusrtge\" data-pm=\"normal\" data-sstype=\"layer\"><div class=\"n2-ss-item-content n2-ss-text n2-ow-all\"><div class=\"\"><p class=\"n2-font-d8c44cea5017ee1b07389013bb4dd6b2-paragraph   \">Wir bilden uns st\u00e4ndig weiter.<\/p>\n<\/div><\/div><\/div><div class=\"n2-ss-layer n2-ow n-uc-4pUjkpk2vId8\" data-pm=\"normal\" data-sstype=\"layer\"><div class=\"n2-ss-item-content n2-ss-text n2-ow-all\"><div class=\"\"><p class=\"n2-font-a696dcf7b158ff1bf4c20df9c9afba80-paragraph   \">Wir l\u00f6sen Probleme offen.<\/p>\n<\/div><\/div><\/div><\/div><\/div><\/div><\/div><\/div><\/div><\/div><\/div><\/div><\/div><div data-slide-duration=\"0\" data-id=\"17\" data-slide-public-id=\"3\" data-title=\"Slide 1\" class=\"n2-ss-slide n2-ow  n2-ss-slide-17\"><div role=\"note\" class=\"n2-ss-slide--focus\" tabindex=\"-1\">Slide 1<\/div><div class=\"n2-ss-layers-container n2-ss-slide-limiter n2-ow\"><div class=\"n2-ss-layer n2-ow n-uc-nbCLKinz31mq\" data-sstype=\"slide\" data-pm=\"default\"><div class=\"n2-ss-layer n2-ow n-uc-41jNke56vzbd\" data-pm=\"default\" data-sstype=\"content\" data-hasbackground=\"0\"><div class=\"n2-ss-section-main-content n2-ss-layer-with-background n2-ss-layer-content n2-ow n-uc-41jNke56vzbd-inner\"><div class=\"n2-ss-layer n2-ow n2-ss-layer--block n2-ss-has-self-align n-uc-s3nci5PlsvG2\" data-pm=\"normal\" data-sstype=\"row\"><div class=\"n2-ss-layer-row n2-ss-layer-with-background n-uc-s3nci5PlsvG2-inner\"><div class=\"n2-ss-layer-row-inner \"><div class=\"n2-ss-layer n2-ow n-uc-qVP94J6lc8Cz\" data-pm=\"default\" data-sstype=\"col\"><div class=\"n2-ss-layer-col n2-ss-layer-with-background n2-ss-layer-content n-uc-qVP94J6lc8Cz-inner\"><div class=\"n2-ss-layer n2-ow n-uc-O5JdZxO2xcDD\" data-pm=\"normal\" data-sstype=\"layer\"><div class=\" n2-ss-item-image-content n2-ss-item-content n2-ow-all\"><img decoding=\"async\" id=\"n2-ss-5item9\" alt=\"nordwich_logo3\" class=\"skip-lazy\" style=\"width:40%;height:auto\" loading=\"lazy\" width=\"1113\" height=\"761\" data-skip-lazy=\"1\" src=\"\/\/www.nordwich.com\/wp-content\/uploads\/2023\/03\/nordwich_logo3.jpg\" \/><\/div><\/div><div class=\"n2-ss-layer n2-ow n-uc-v0Gly89rUTM8\" data-pm=\"normal\" data-sstype=\"layer\"><div id=\"n2-ss-5item10\" class=\"n2-font-24d4d52a6ffb12479dda6f737a1614c7-hover   n2-ss-item-content n2-ss-text n2-ow\" style=\"display:block;\">Wir verhandeln ehrlich und fair.<\/div><\/div><div class=\"n2-ss-layer n2-ow n-uc-ronQXMyp8vhr\" data-pm=\"normal\" data-sstype=\"layer\"><div class=\"n2-ss-item-content n2-ss-text n2-ow-all\"><div class=\"\"><p class=\"n2-font-d8c44cea5017ee1b07389013bb4dd6b2-paragraph   \">Wir entwickeln und wachsen in dem, was wir lieben und genie\u00dfen,<\/p>\n<\/div><\/div><\/div><div class=\"n2-ss-layer n2-ow n-uc-jFqKTsJoCwtg\" data-pm=\"normal\" data-sstype=\"layer\"><div id=\"n2-ss-5item12\" class=\"n2-font-6728942dbb077db2c2c33cbf28459a76-hover   n2-ss-item-content n2-ss-text n2-ow\" style=\"display:block;\">Wir kommunizieren regelm\u00e4\u00dfig..<\/div><\/div><\/div><\/div><\/div><\/div><\/div><\/div><\/div><\/div><\/div><\/div>                    <\/div>\n\n                                    <\/div>\n            <\/div>\n        <\/div>\n        <\/div><ss3-loader><\/ss3-loader><\/div><\/div><div class=\"n2_clear\"><\/div><\/div><\/div>\n<\/div>\n\n\n\n<p><\/p>\n","protected":false},"excerpt":{"rendered":"<p>Vor langer Zeit sagte mir, ein damaliger Wirtschaftsstudent &#8211; jetzt ein guter\/enger Freund von mir und mein gr\u00f6\u00dfter Kritiker: \u201eLege niemals alle Eier in einen&hellip;<\/p>\n","protected":false},"author":1,"featured_media":0,"parent":0,"menu_order":0,"comment_status":"closed","ping_status":"closed","template":"","meta":{"footnotes":""},"class_list":["post-9","page","type-page","status-publish","hentry"],"translation":{"provider":"WPGlobus","version":"3.0.0","language":"de","enabled_languages":["sk","bs","de"],"languages":{"sk":{"title":true,"content":true,"excerpt":false},"bs":{"title":true,"content":true,"excerpt":false},"de":{"title":true,"content":true,"excerpt":false}}},"yoast_head":"<!-- This site is optimized with the Yoast SEO plugin v26.1.1 - https:\/\/yoast.com\/wordpress\/plugins\/seo\/ -->\n<title>Startseite - Nordwich<\/title>\n<meta name=\"robots\" content=\"index, follow, max-snippet:-1, max-image-preview:large, max-video-preview:-1\" \/>\n<link rel=\"canonical\" href=\"https:\/\/www.nordwich.com\/\" \/>\n<meta property=\"og:locale\" content=\"de_DE\" \/>\n<meta property=\"og:type\" content=\"article\" \/>\n<meta property=\"og:title\" content=\"Startseite - Nordwich\" \/>\n<meta property=\"og:url\" content=\"https:\/\/www.nordwich.com\/\" \/>\n<meta property=\"og:site_name\" content=\"Nordwich\" \/>\n<meta property=\"article:modified_time\" content=\"2023-09-16T13:46:42+00:00\" \/>\n<meta name=\"twitter:card\" content=\"summary_large_image\" \/>\n<meta name=\"twitter:label1\" content=\"Est. reading time\" \/>\n\t<meta name=\"twitter:data1\" content=\"1 minute\" \/>\n<script type=\"application\/ld+json\" class=\"yoast-schema-graph\">{\"@context\":\"https:\/\/schema.org\",\"@graph\":[{\"@type\":\"WebPage\",\"@id\":\"https:\/\/www.nordwich.com\/\",\"url\":\"https:\/\/www.nordwich.com\/\",\"name\":\"Startseite - Nordwich\",\"isPartOf\":{\"@id\":\"https:\/\/www.nordwich.com\/#website\"},\"datePublished\":\"2023-03-16T11:05:04+00:00\",\"dateModified\":\"2023-09-16T13:46:42+00:00\",\"description\":\"Nordwich predstavuje \u0161irok\u00e9 spektrum \u010dinnost\u00ed. Je to person\u00e1lna a pracovn\u00e1 agent\u00fara, pon\u00faka tie\u017e slu\u017eby v oblasti stavebn\u00edctva a upratovania.\",\"breadcrumb\":{\"@id\":\"https:\/\/www.nordwich.com\/#breadcrumb\"},\"inLanguage\":\"de-DE\",\"potentialAction\":[{\"@type\":\"ReadAction\",\"target\":[\"https:\/\/www.nordwich.com\/\"]}]},{\"@type\":\"BreadcrumbList\",\"@id\":\"https:\/\/www.nordwich.com\/#breadcrumb\",\"itemListElement\":[{\"@type\":\"ListItem\",\"position\":1,\"name\":\"Domovsk\u00e1 str\u00e1nka\",\"item\":\"https:\/\/www.nordwich.com\/\"},{\"@type\":\"ListItem\",\"position\":2,\"name\":\"Home\"}]},{\"@type\":\"WebSite\",\"@id\":\"https:\/\/www.nordwich.com\/#website\",\"url\":\"https:\/\/www.nordwich.com\/\",\"name\":\"Nordwich\",\"description\":\"HR-Agentur\",\"publisher\":{\"@id\":\"https:\/\/www.nordwich.com\/#organization\"},\"potentialAction\":[{\"@type\":\"SearchAction\",\"target\":{\"@type\":\"EntryPoint\",\"urlTemplate\":\"https:\/\/www.nordwich.com\/?s={search_term_string}\"},\"query-input\":{\"@type\":\"PropertyValueSpecification\",\"valueRequired\":true,\"valueName\":\"search_term_string\"}}],\"inLanguage\":\"de-DE\"},{\"@type\":\"Organization\",\"@id\":\"https:\/\/www.nordwich.com\/#organization\",\"name\":\"Nordwich\",\"url\":\"https:\/\/www.nordwich.com\/\",\"logo\":{\"@type\":\"ImageObject\",\"inLanguage\":\"de-DE\",\"@id\":\"https:\/\/www.nordwich.com\/#\/schema\/logo\/image\/\",\"url\":\"http:\/\/www.nordwich.com\/wp-content\/uploads\/2026\/01\/nordwich_partners01.jpg\",\"contentUrl\":\"http:\/\/www.nordwich.com\/wp-content\/uploads\/2026\/01\/nordwich_partners01.jpg\",\"width\":1110,\"height\":329,\"caption\":\"Nordwich\"},\"image\":{\"@id\":\"https:\/\/www.nordwich.com\/#\/schema\/logo\/image\/\"}}]}<\/script>\n<!-- \/ Yoast SEO plugin. -->","yoast_head_json":{"title":"Startseite - Nordwich","robots":{"index":"index","follow":"follow","max-snippet":"max-snippet:-1","max-image-preview":"max-image-preview:large","max-video-preview":"max-video-preview:-1"},"canonical":"https:\/\/www.nordwich.com\/","og_locale":"de_DE","og_type":"article","og_title":"Startseite - Nordwich","og_url":"https:\/\/www.nordwich.com\/","og_site_name":"Nordwich","article_modified_time":"2023-09-16T13:46:42+00:00","twitter_card":"summary_large_image","twitter_misc":{"Est. reading time":"1 minute"},"schema":{"@context":"https:\/\/schema.org","@graph":[{"@type":"WebPage","@id":"https:\/\/www.nordwich.com\/","url":"https:\/\/www.nordwich.com\/","name":"Startseite - Nordwich","isPartOf":{"@id":"https:\/\/www.nordwich.com\/#website"},"datePublished":"2023-03-16T11:05:04+00:00","dateModified":"2023-09-16T13:46:42+00:00","description":"Nordwich predstavuje \u0161irok\u00e9 spektrum \u010dinnost\u00ed. Je to person\u00e1lna a pracovn\u00e1 agent\u00fara, pon\u00faka tie\u017e slu\u017eby v oblasti stavebn\u00edctva a upratovania.","breadcrumb":{"@id":"https:\/\/www.nordwich.com\/#breadcrumb"},"inLanguage":"de-DE","potentialAction":[{"@type":"ReadAction","target":["https:\/\/www.nordwich.com\/"]}]},{"@type":"BreadcrumbList","@id":"https:\/\/www.nordwich.com\/#breadcrumb","itemListElement":[{"@type":"ListItem","position":1,"name":"Domovsk\u00e1 str\u00e1nka","item":"https:\/\/www.nordwich.com\/"},{"@type":"ListItem","position":2,"name":"Home"}]},{"@type":"WebSite","@id":"https:\/\/www.nordwich.com\/#website","url":"https:\/\/www.nordwich.com\/","name":"Nordwich","description":"HR-Agentur","publisher":{"@id":"https:\/\/www.nordwich.com\/#organization"},"potentialAction":[{"@type":"SearchAction","target":{"@type":"EntryPoint","urlTemplate":"https:\/\/www.nordwich.com\/?s={search_term_string}"},"query-input":{"@type":"PropertyValueSpecification","valueRequired":true,"valueName":"search_term_string"}}],"inLanguage":"de-DE"},{"@type":"Organization","@id":"https:\/\/www.nordwich.com\/#organization","name":"Nordwich","url":"https:\/\/www.nordwich.com\/","logo":{"@type":"ImageObject","inLanguage":"de-DE","@id":"https:\/\/www.nordwich.com\/#\/schema\/logo\/image\/","url":"http:\/\/www.nordwich.com\/wp-content\/uploads\/2026\/01\/nordwich_partners01.jpg","contentUrl":"http:\/\/www.nordwich.com\/wp-content\/uploads\/2026\/01\/nordwich_partners01.jpg","width":1110,"height":329,"caption":"Nordwich"},"image":{"@id":"https:\/\/www.nordwich.com\/#\/schema\/logo\/image\/"}}]}},"_links":{"self":[{"href":"http:\/\/www.nordwich.com\/de\/wp-json\/wp\/v2\/pages\/9","targetHints":{"allow":["GET"]}}],"collection":[{"href":"http:\/\/www.nordwich.com\/de\/wp-json\/wp\/v2\/pages"}],"about":[{"href":"http:\/\/www.nordwich.com\/de\/wp-json\/wp\/v2\/types\/page"}],"author":[{"embeddable":true,"href":"http:\/\/www.nordwich.com\/de\/wp-json\/wp\/v2\/users\/1"}],"replies":[{"embeddable":true,"href":"http:\/\/www.nordwich.com\/de\/wp-json\/wp\/v2\/comments?post=9"}],"version-history":[{"count":25,"href":"http:\/\/www.nordwich.com\/de\/wp-json\/wp\/v2\/pages\/9\/revisions"}],"predecessor-version":[{"id":1027,"href":"http:\/\/www.nordwich.com\/de\/wp-json\/wp\/v2\/pages\/9\/revisions\/1027"}],"wp:attachment":[{"href":"http:\/\/www.nordwich.com\/de\/wp-json\/wp\/v2\/media?parent=9"}],"curies":[{"name":"wp","href":"https:\/\/api.w.org\/{rel}","templated":true}]}}