{"id":959,"date":"2023-08-04T07:12:43","date_gmt":"2023-08-04T07:12:43","guid":{"rendered":"http:\/\/www.nordwich.com\/?page_id=959"},"modified":"2023-08-04T07:17:47","modified_gmt":"2023-08-04T07:17:47","slug":"ziadost-o-informacie","status":"publish","type":"page","link":"http:\/\/www.nordwich.com\/de\/upratovanie\/ziadost-o-informacie\/","title":{"rendered":"Informationsanfrage"},"content":{"rendered":"\n<div class=\"wp-block-contact-form-7-contact-form-selector\">\n<div class=\"wpcf7 no-js\" id=\"wpcf7-f935-o1\" lang=\"sk-SK\" dir=\"ltr\" data-wpcf7-id=\"935\">\n<div class=\"screen-reader-response\"><p role=\"status\" aria-live=\"polite\" aria-atomic=\"true\"><\/p> <ul><\/ul><\/div>\n<form action=\"\/de\/wp-json\/wp\/v2\/pages\/959#wpcf7-f935-o1\" method=\"post\" class=\"wpcf7-form init\" aria-label=\"Contact form\" novalidate=\"novalidate\" data-status=\"init\">\n<fieldset class=\"hidden-fields-container\"><input type=\"hidden\" name=\"_wpcf7\" value=\"935\" \/><input type=\"hidden\" name=\"_wpcf7_version\" value=\"6.1.5\" \/><input type=\"hidden\" name=\"_wpcf7_locale\" value=\"sk_SK\" \/><input type=\"hidden\" name=\"_wpcf7_unit_tag\" value=\"wpcf7-f935-o1\" \/><input type=\"hidden\" name=\"_wpcf7_container_post\" value=\"0\" \/><input type=\"hidden\" name=\"_wpcf7_posted_data_hash\" value=\"\" \/>\n<\/fieldset>\n<p><label> Adresse des Objekts*<br \/>\n<span class=\"wpcf7-form-control-wrap\" data-name=\"your-address\"><input size=\"40\" maxlength=\"400\" class=\"wpcf7-form-control wpcf7-text wpcf7-validates-as-required\" autocomplete=\"address\" aria-required=\"true\" aria-invalid=\"false\" value=\"\" type=\"text\" name=\"your-address\" \/><\/span> <\/label>\n<\/p>\n<p><label> Kontaktperson\/Ansprechperson*<br \/>\n<span class=\"wpcf7-form-control-wrap\" data-name=\"your-name\"><input size=\"40\" maxlength=\"400\" class=\"wpcf7-form-control wpcf7-text wpcf7-validates-as-required\" autocomplete=\"name\" aria-required=\"true\" aria-invalid=\"false\" value=\"\" type=\"text\" name=\"your-name\" \/><\/span> <\/label>\n<\/p>\n<p><label> Telefon*<br \/>\n<span class=\"wpcf7-form-control-wrap\" data-name=\"your-tel\"><input size=\"40\" maxlength=\"400\" class=\"wpcf7-form-control wpcf7-tel wpcf7-validates-as-required wpcf7-text wpcf7-validates-as-tel\" aria-required=\"true\" aria-invalid=\"false\" value=\"\" type=\"tel\" name=\"your-tel\" \/><\/span> <\/label>\n<\/p>\n<p><label> E-mail*<br \/>\n<span class=\"wpcf7-form-control-wrap\" data-name=\"your-email\"><input size=\"40\" maxlength=\"400\" class=\"wpcf7-form-control wpcf7-email wpcf7-validates-as-required wpcf7-text wpcf7-validates-as-email\" autocomplete=\"email\" aria-required=\"true\" aria-invalid=\"false\" value=\"\" type=\"email\" name=\"your-email\" \/><\/span> <\/label>\n<\/p>\n<p><label> W\u00e4hlen Sie eines der Thematiken aus*<br \/>\n<span class=\"wpcf7-form-control-wrap\" data-name=\"your-option\"><select class=\"wpcf7-form-control wpcf7-select wpcf7-validates-as-required\" aria-required=\"true\" aria-invalid=\"false\" name=\"your-option\"><option value=\"\">-- W\u00e4hlen Sie eines der Thematiken aus --<\/option><option value=\"Weiterf\u00fchrende Informationen\">Weiterf\u00fchrende Informationen<\/option><option value=\"Unverbindliches Angebot\">Unverbindliches Angebot<\/option><option value=\"Anfrage eines Vorher-Nachher-Fotos\">Anfrage eines Vorher-Nachher-Fotos<\/option><option value=\"Lob \/Beschwerde (Feedback)\">Lob \/Beschwerde (Feedback)<\/option><option value=\"Sonstiges\">Sonstiges<\/option><\/select><\/span> <\/label>\n<\/p>\n<p><label> Details:<br \/>\n<span class=\"wpcf7-form-control-wrap\" data-name=\"your-message\"><textarea cols=\"40\" rows=\"10\" maxlength=\"2000\" class=\"wpcf7-form-control wpcf7-textarea\" aria-invalid=\"false\" name=\"your-message\"><\/textarea><\/span> <\/label>\n<\/p>\n<p><label> Zustimmung zur Datenverwendung:*<br \/>\n<span class=\"wpcf7-form-control-wrap\" data-name=\"gdpr_confirm\"><span class=\"wpcf7-form-control wpcf7-checkbox wpcf7-validates-as-required\"><span class=\"wpcf7-list-item first last\"><label><input type=\"checkbox\" name=\"gdpr_confirm[]\" value=\"Ich\/Wir sind mit der Verarbeitung meiner\/unserer hier genannten Daten durch die Firma Nordwich s.r.o zum Zweck der Zusendung von Angeboten, Vertr\u00e4gen und organisatorischer Kommunikation auf schriftlichem, telefonischem oder elektronischem Weg (insbesondere E-Mail) einverstanden. Die Zustimmung erfolgt freiwillig, ich\/wir kann\/k\u00f6nnen sie jederzeit mit Wirkung f\u00fcr die Zukunft widerrufen (z.B. telefonisch, per E-Mail oder Brief).\" \/><span class=\"wpcf7-list-item-label\">Ich\/Wir sind mit der Verarbeitung meiner\/unserer hier genannten Daten durch die Firma Nordwich s.r.o zum Zweck der Zusendung von Angeboten, Vertr\u00e4gen und organisatorischer Kommunikation auf schriftlichem, telefonischem oder elektronischem Weg (insbesondere E-Mail) einverstanden. Die Zustimmung erfolgt freiwillig, ich\/wir kann\/k\u00f6nnen sie jederzeit mit Wirkung f\u00fcr die Zukunft widerrufen (z.B. telefonisch, per E-Mail oder Brief).<\/span><\/label><\/span><\/span><\/span><br \/>\n<\/label>\n<\/p>\n<p><input class=\"wpcf7-form-control wpcf7-submit has-spinner\" type=\"submit\" value=\"Senden\" \/>\n<\/p><p style=\"display: none !important;\" class=\"akismet-fields-container\" data-prefix=\"_wpcf7_ak_\"><label>&#916;<textarea name=\"_wpcf7_ak_hp_textarea\" cols=\"45\" rows=\"8\" maxlength=\"100\"><\/textarea><\/label><input type=\"hidden\" id=\"ak_js_1\" name=\"_wpcf7_ak_js\" value=\"162\"\/><script>document.getElementById( \"ak_js_1\" ).setAttribute( \"value\", ( new Date() ).getTime() );<\/script><\/p><div class=\"wpcf7-response-output\" aria-hidden=\"true\"><\/div>\n<\/form>\n<\/div>\n<\/div>\n","protected":false},"excerpt":{"rendered":"","protected":false},"author":1,"featured_media":0,"parent":951,"menu_order":0,"comment_status":"closed","ping_status":"closed","template":"","meta":{"footnotes":""},"class_list":["post-959","page","type-page","status-publish","hentry"],"translation":{"provider":"WPGlobus","version":"3.0.0","language":"de","enabled_languages":["sk","bs","de"],"languages":{"sk":{"title":true,"content":true,"excerpt":false},"bs":{"title":true,"content":true,"excerpt":false},"de":{"title":true,"content":true,"excerpt":false}}},"yoast_head":"<!-- This site is optimized with the Yoast SEO plugin v26.1.1 - https:\/\/yoast.com\/wordpress\/plugins\/seo\/ -->\n<title>Informationsanfrage - Nordwich<\/title>\n<meta name=\"robots\" content=\"index, follow, max-snippet:-1, max-image-preview:large, max-video-preview:-1\" \/>\n<link rel=\"canonical\" href=\"https:\/\/www.nordwich.com\/upratovanie\/ziadost-o-informacie\/\" \/>\n<meta property=\"og:locale\" content=\"de_DE\" \/>\n<meta property=\"og:type\" content=\"article\" \/>\n<meta property=\"og:title\" content=\"Informationsanfrage - Nordwich\" \/>\n<meta property=\"og:url\" content=\"https:\/\/www.nordwich.com\/upratovanie\/ziadost-o-informacie\/\" \/>\n<meta property=\"og:site_name\" content=\"Nordwich\" \/>\n<meta property=\"article:modified_time\" content=\"2023-08-04T07:17:47+00:00\" \/>\n<meta name=\"twitter:card\" content=\"summary_large_image\" \/>\n<meta name=\"twitter:label1\" content=\"Est. reading time\" \/>\n\t<meta name=\"twitter:data1\" content=\"1 minute\" \/>\n<script type=\"application\/ld+json\" class=\"yoast-schema-graph\">{\"@context\":\"https:\/\/schema.org\",\"@graph\":[{\"@type\":\"WebPage\",\"@id\":\"https:\/\/www.nordwich.com\/upratovanie\/ziadost-o-informacie\/\",\"url\":\"https:\/\/www.nordwich.com\/upratovanie\/ziadost-o-informacie\/\",\"name\":\"Informationsanfrage - Nordwich\",\"isPartOf\":{\"@id\":\"https:\/\/www.nordwich.com\/#website\"},\"datePublished\":\"2023-08-04T07:12:43+00:00\",\"dateModified\":\"2023-08-04T07:17:47+00:00\",\"description\":\"Formul\u00e1r \u017eiadosti o \u010fal\u0161ie inform\u00e1cie z oblasti slu\u017eieb upratovania domov, bytov, firiem, hotelov a stavieb...\",\"breadcrumb\":{\"@id\":\"https:\/\/www.nordwich.com\/upratovanie\/ziadost-o-informacie\/#breadcrumb\"},\"inLanguage\":\"de-DE\",\"potentialAction\":[{\"@type\":\"ReadAction\",\"target\":[\"https:\/\/www.nordwich.com\/upratovanie\/ziadost-o-informacie\/\"]}]},{\"@type\":\"BreadcrumbList\",\"@id\":\"https:\/\/www.nordwich.com\/upratovanie\/ziadost-o-informacie\/#breadcrumb\",\"itemListElement\":[{\"@type\":\"ListItem\",\"position\":1,\"name\":\"Domovsk\u00e1 str\u00e1nka\",\"item\":\"https:\/\/www.nordwich.com\/\"},{\"@type\":\"ListItem\",\"position\":2,\"name\":\"Upratovanie\",\"item\":\"https:\/\/www.nordwich.com\/upratovanie\/\"},{\"@type\":\"ListItem\",\"position\":3,\"name\":\"\u017diados\u0165 o inform\u00e1cie\"}]},{\"@type\":\"WebSite\",\"@id\":\"https:\/\/www.nordwich.com\/#website\",\"url\":\"https:\/\/www.nordwich.com\/\",\"name\":\"Nordwich\",\"description\":\"HR-Agentur\",\"publisher\":{\"@id\":\"https:\/\/www.nordwich.com\/#organization\"},\"potentialAction\":[{\"@type\":\"SearchAction\",\"target\":{\"@type\":\"EntryPoint\",\"urlTemplate\":\"https:\/\/www.nordwich.com\/?s={search_term_string}\"},\"query-input\":{\"@type\":\"PropertyValueSpecification\",\"valueRequired\":true,\"valueName\":\"search_term_string\"}}],\"inLanguage\":\"de-DE\"},{\"@type\":\"Organization\",\"@id\":\"https:\/\/www.nordwich.com\/#organization\",\"name\":\"Nordwich\",\"url\":\"https:\/\/www.nordwich.com\/\",\"logo\":{\"@type\":\"ImageObject\",\"inLanguage\":\"de-DE\",\"@id\":\"https:\/\/www.nordwich.com\/#\/schema\/logo\/image\/\",\"url\":\"http:\/\/www.nordwich.com\/wp-content\/uploads\/2026\/01\/nordwich_partners01.jpg\",\"contentUrl\":\"http:\/\/www.nordwich.com\/wp-content\/uploads\/2026\/01\/nordwich_partners01.jpg\",\"width\":1110,\"height\":329,\"caption\":\"Nordwich\"},\"image\":{\"@id\":\"https:\/\/www.nordwich.com\/#\/schema\/logo\/image\/\"}}]}<\/script>\n<!-- \/ Yoast SEO plugin. -->","yoast_head_json":{"title":"Informationsanfrage - Nordwich","robots":{"index":"index","follow":"follow","max-snippet":"max-snippet:-1","max-image-preview":"max-image-preview:large","max-video-preview":"max-video-preview:-1"},"canonical":"https:\/\/www.nordwich.com\/upratovanie\/ziadost-o-informacie\/","og_locale":"de_DE","og_type":"article","og_title":"Informationsanfrage - Nordwich","og_url":"https:\/\/www.nordwich.com\/upratovanie\/ziadost-o-informacie\/","og_site_name":"Nordwich","article_modified_time":"2023-08-04T07:17:47+00:00","twitter_card":"summary_large_image","twitter_misc":{"Est. reading time":"1 minute"},"schema":{"@context":"https:\/\/schema.org","@graph":[{"@type":"WebPage","@id":"https:\/\/www.nordwich.com\/upratovanie\/ziadost-o-informacie\/","url":"https:\/\/www.nordwich.com\/upratovanie\/ziadost-o-informacie\/","name":"Informationsanfrage - Nordwich","isPartOf":{"@id":"https:\/\/www.nordwich.com\/#website"},"datePublished":"2023-08-04T07:12:43+00:00","dateModified":"2023-08-04T07:17:47+00:00","description":"Formul\u00e1r \u017eiadosti o \u010fal\u0161ie inform\u00e1cie z oblasti slu\u017eieb upratovania domov, bytov, firiem, hotelov a stavieb...","breadcrumb":{"@id":"https:\/\/www.nordwich.com\/upratovanie\/ziadost-o-informacie\/#breadcrumb"},"inLanguage":"de-DE","potentialAction":[{"@type":"ReadAction","target":["https:\/\/www.nordwich.com\/upratovanie\/ziadost-o-informacie\/"]}]},{"@type":"BreadcrumbList","@id":"https:\/\/www.nordwich.com\/upratovanie\/ziadost-o-informacie\/#breadcrumb","itemListElement":[{"@type":"ListItem","position":1,"name":"Domovsk\u00e1 str\u00e1nka","item":"https:\/\/www.nordwich.com\/"},{"@type":"ListItem","position":2,"name":"Upratovanie","item":"https:\/\/www.nordwich.com\/upratovanie\/"},{"@type":"ListItem","position":3,"name":"\u017diados\u0165 o inform\u00e1cie"}]},{"@type":"WebSite","@id":"https:\/\/www.nordwich.com\/#website","url":"https:\/\/www.nordwich.com\/","name":"Nordwich","description":"HR-Agentur","publisher":{"@id":"https:\/\/www.nordwich.com\/#organization"},"potentialAction":[{"@type":"SearchAction","target":{"@type":"EntryPoint","urlTemplate":"https:\/\/www.nordwich.com\/?s={search_term_string}"},"query-input":{"@type":"PropertyValueSpecification","valueRequired":true,"valueName":"search_term_string"}}],"inLanguage":"de-DE"},{"@type":"Organization","@id":"https:\/\/www.nordwich.com\/#organization","name":"Nordwich","url":"https:\/\/www.nordwich.com\/","logo":{"@type":"ImageObject","inLanguage":"de-DE","@id":"https:\/\/www.nordwich.com\/#\/schema\/logo\/image\/","url":"http:\/\/www.nordwich.com\/wp-content\/uploads\/2026\/01\/nordwich_partners01.jpg","contentUrl":"http:\/\/www.nordwich.com\/wp-content\/uploads\/2026\/01\/nordwich_partners01.jpg","width":1110,"height":329,"caption":"Nordwich"},"image":{"@id":"https:\/\/www.nordwich.com\/#\/schema\/logo\/image\/"}}]}},"_links":{"self":[{"href":"http:\/\/www.nordwich.com\/de\/wp-json\/wp\/v2\/pages\/959","targetHints":{"allow":["GET"]}}],"collection":[{"href":"http:\/\/www.nordwich.com\/de\/wp-json\/wp\/v2\/pages"}],"about":[{"href":"http:\/\/www.nordwich.com\/de\/wp-json\/wp\/v2\/types\/page"}],"author":[{"embeddable":true,"href":"http:\/\/www.nordwich.com\/de\/wp-json\/wp\/v2\/users\/1"}],"replies":[{"embeddable":true,"href":"http:\/\/www.nordwich.com\/de\/wp-json\/wp\/v2\/comments?post=959"}],"version-history":[{"count":3,"href":"http:\/\/www.nordwich.com\/de\/wp-json\/wp\/v2\/pages\/959\/revisions"}],"predecessor-version":[{"id":962,"href":"http:\/\/www.nordwich.com\/de\/wp-json\/wp\/v2\/pages\/959\/revisions\/962"}],"up":[{"embeddable":true,"href":"http:\/\/www.nordwich.com\/de\/wp-json\/wp\/v2\/pages\/951"}],"wp:attachment":[{"href":"http:\/\/www.nordwich.com\/de\/wp-json\/wp\/v2\/media?parent=959"}],"curies":[{"name":"wp","href":"https:\/\/api.w.org\/{rel}","templated":true}]}}